
{"id":12129,"date":"2019-12-18T11:51:07","date_gmt":"2019-12-18T10:51:07","guid":{"rendered":"http:\/\/www.comercialanma.es\/?post_type=product&#038;p=12129"},"modified":"2019-12-18T11:57:19","modified_gmt":"2019-12-18T10:57:19","slug":"vino-altos-ibericos-crianza-torres-75cl","status":"publish","type":"product","link":"https:\/\/www.comercialanma.es\/?product=vino-altos-ibericos-crianza-torres-75cl","title":{"rendered":"Vino Altos Ib\u00e9ricos Crianza Torres 75cl."},"content":{"rendered":"<h3>D.O.:<\/h3>\n<ul>\n<li>Rioja<\/li>\n<\/ul>\n<h3>Variedades de uva:<\/h3>\n<ul>\n<li><span class=\"tlid-translation translation\" lang=\"es\"><span title=\"\"><span class=\"tablaValorContenido\"> Tempranillo.<\/span><\/span><\/span><\/li>\n<\/ul>\n<h3>Graduaci\u00f3n:<\/h3>\n<ul>\n<li>Graduaci\u00f3n: 14,0% vol.<\/li>\n<\/ul>\n<h3>Nota de Cata:<\/h3>\n<ul>\n<li>Vista: rojo picota.<\/li>\n<li>Nariz: intenso, fruta negra madura, notas especiadas, nuez moscada, notas de crianza y maderas nobles.<\/li>\n<li>Boca: sedoso, taninos amables, largo y notas especiadas.<\/li>\n<\/ul>\n<p>&nbsp;<\/p>\n","protected":false},"excerpt":{"rendered":"<div class=\"text\">\n<p>Altos Ib\u00e9ricos toma su nombre del Alto Otero, bello paraje d\u00f3nde se encuentra nuestra bodega en el municipio de Labastida, norte de la Pen\u00ednsula Ib\u00e9rica.<\/p>\n<p>Este noble vino de la familia Torres, elaborado con la variedad tempranillo, se cr\u00eda 12 meses en barrica de roble y un largo tiempo en botella.<\/p>\n<\/div>\n","protected":false},"featured_media":12130,"template":"","meta":{"spay_email":""},"yoast_head":"<!-- This site is optimized with the Yoast SEO plugin v15.9 - https:\/\/yoast.com\/wordpress\/plugins\/seo\/ -->\n<title>Vino Altos Ib\u00e9ricos Crianza Torres 75cl. - Comercial de Hosteleria Anma<\/title>\n<meta name=\"robots\" content=\"index, follow, max-snippet:-1, max-image-preview:large, max-video-preview:-1\" \/>\n<link rel=\"canonical\" href=\"https:\/\/www.comercialanma.es\/?product=vino-altos-ibericos-crianza-torres-75cl\" \/>\n<meta property=\"og:locale\" content=\"es_ES\" \/>\n<meta property=\"og:type\" content=\"article\" \/>\n<meta property=\"og:title\" content=\"Vino Altos Ib\u00e9ricos Crianza Torres 75cl. - Comercial de Hosteleria Anma\" \/>\n<meta property=\"og:description\" content=\"Altos Ib\u00e9ricos toma su nombre del Alto Otero, bello paraje d\u00f3nde se encuentra nuestra bodega en el municipio de Labastida, norte de la Pen\u00ednsula Ib\u00e9rica.  Este noble vino de la familia Torres, elaborado con la variedad tempranillo, se cr\u00eda 12 meses en barrica de roble y un largo tiempo en botella.\" \/>\n<meta property=\"og:url\" content=\"https:\/\/www.comercialanma.es\/?product=vino-altos-ibericos-crianza-torres-75cl\" \/>\n<meta property=\"og:site_name\" content=\"Comercial de Hosteleria Anma\" \/>\n<meta property=\"article:publisher\" content=\"https:\/\/www.facebook.com\/AnmaHosteleria\" \/>\n<meta property=\"article:modified_time\" content=\"2019-12-18T10:57:19+00:00\" \/>\n<meta property=\"og:image\" content=\"https:\/\/i2.wp.com\/www.comercialanma.es\/wp-content\/uploads\/2019\/12\/Altos-Ibe\u0301ricos-Crianza.jpg?fit=1080%2C1080&#038;ssl=1\" \/>\n\t<meta property=\"og:image:width\" content=\"1080\" \/>\n\t<meta property=\"og:image:height\" content=\"1080\" \/>\n<meta name=\"twitter:card\" content=\"summary_large_image\" \/>\n<script type=\"application\/ld+json\" class=\"yoast-schema-graph\">{\"@context\":\"https:\/\/schema.org\",\"@graph\":[{\"@type\":\"Organization\",\"@id\":\"https:\/\/www.comercialanma.es\/#organization\",\"name\":\"Comercial Anma\",\"url\":\"https:\/\/www.comercialanma.es\/\",\"sameAs\":[\"https:\/\/www.facebook.com\/AnmaHosteleria\",\"https:\/\/www.instagram.com\/anmahosteleria\/?hl=es\",\"https:\/\/www.youtube.com\/channel\/UCT2nmn08Ntks0hmpZPnDgCA\"],\"logo\":{\"@type\":\"ImageObject\",\"@id\":\"https:\/\/www.comercialanma.es\/#logo\",\"inLanguage\":\"es\",\"url\":\"https:\/\/i2.wp.com\/www.comercialanma.es\/wp-content\/uploads\/2019\/06\/logo-anma-color.png?fit=247%2C101&ssl=1\",\"width\":247,\"height\":101,\"caption\":\"Comercial Anma\"},\"image\":{\"@id\":\"https:\/\/www.comercialanma.es\/#logo\"}},{\"@type\":\"WebSite\",\"@id\":\"https:\/\/www.comercialanma.es\/#website\",\"url\":\"https:\/\/www.comercialanma.es\/\",\"name\":\"Comercial de Hosteleria Anma\",\"description\":\"\",\"publisher\":{\"@id\":\"https:\/\/www.comercialanma.es\/#organization\"},\"potentialAction\":[{\"@type\":\"SearchAction\",\"target\":\"https:\/\/www.comercialanma.es\/?s={search_term_string}\",\"query-input\":\"required name=search_term_string\"}],\"inLanguage\":\"es\"},{\"@type\":\"ImageObject\",\"@id\":\"https:\/\/www.comercialanma.es\/?product=vino-altos-ibericos-crianza-torres-75cl#primaryimage\",\"inLanguage\":\"es\",\"url\":\"https:\/\/i2.wp.com\/www.comercialanma.es\/wp-content\/uploads\/2019\/12\/Altos-Ibe\\u0301ricos-Crianza.jpg?fit=1080%2C1080&ssl=1\",\"width\":1080,\"height\":1080},{\"@type\":\"WebPage\",\"@id\":\"https:\/\/www.comercialanma.es\/?product=vino-altos-ibericos-crianza-torres-75cl#webpage\",\"url\":\"https:\/\/www.comercialanma.es\/?product=vino-altos-ibericos-crianza-torres-75cl\",\"name\":\"Vino Altos Ib\\u00e9ricos Crianza Torres 75cl. - Comercial de Hosteleria Anma\",\"isPartOf\":{\"@id\":\"https:\/\/www.comercialanma.es\/#website\"},\"primaryImageOfPage\":{\"@id\":\"https:\/\/www.comercialanma.es\/?product=vino-altos-ibericos-crianza-torres-75cl#primaryimage\"},\"datePublished\":\"2019-12-18T10:51:07+00:00\",\"dateModified\":\"2019-12-18T10:57:19+00:00\",\"breadcrumb\":{\"@id\":\"https:\/\/www.comercialanma.es\/?product=vino-altos-ibericos-crianza-torres-75cl#breadcrumb\"},\"inLanguage\":\"es\",\"potentialAction\":[{\"@type\":\"ReadAction\",\"target\":[\"https:\/\/www.comercialanma.es\/?product=vino-altos-ibericos-crianza-torres-75cl\"]}]},{\"@type\":\"BreadcrumbList\",\"@id\":\"https:\/\/www.comercialanma.es\/?product=vino-altos-ibericos-crianza-torres-75cl#breadcrumb\",\"itemListElement\":[{\"@type\":\"ListItem\",\"position\":1,\"item\":{\"@type\":\"WebPage\",\"@id\":\"https:\/\/www.comercialanma.es\/\",\"url\":\"https:\/\/www.comercialanma.es\/\",\"name\":\"Portada\"}},{\"@type\":\"ListItem\",\"position\":2,\"item\":{\"@type\":\"WebPage\",\"@id\":\"https:\/\/www.comercialanma.es\/?page_id=3963\",\"url\":\"https:\/\/www.comercialanma.es\/?page_id=3963\",\"name\":\"Cat\\u00e1logo de Productos\"}},{\"@type\":\"ListItem\",\"position\":3,\"item\":{\"@type\":\"WebPage\",\"@id\":\"https:\/\/www.comercialanma.es\/?product=vino-altos-ibericos-crianza-torres-75cl\",\"url\":\"https:\/\/www.comercialanma.es\/?product=vino-altos-ibericos-crianza-torres-75cl\",\"name\":\"Vino Altos Ib\\u00e9ricos Crianza Torres 75cl.\"}}]}]}<\/script>\n<!-- \/ Yoast SEO plugin. -->","_links":{"self":[{"href":"https:\/\/www.comercialanma.es\/index.php?rest_route=\/wp\/v2\/product\/12129"}],"collection":[{"href":"https:\/\/www.comercialanma.es\/index.php?rest_route=\/wp\/v2\/product"}],"about":[{"href":"https:\/\/www.comercialanma.es\/index.php?rest_route=\/wp\/v2\/types\/product"}],"version-history":[{"count":1,"href":"https:\/\/www.comercialanma.es\/index.php?rest_route=\/wp\/v2\/product\/12129\/revisions"}],"predecessor-version":[{"id":12131,"href":"https:\/\/www.comercialanma.es\/index.php?rest_route=\/wp\/v2\/product\/12129\/revisions\/12131"}],"wp:featuredmedia":[{"embeddable":true,"href":"https:\/\/www.comercialanma.es\/index.php?rest_route=\/wp\/v2\/media\/12130"}],"wp:attachment":[{"href":"https:\/\/www.comercialanma.es\/index.php?rest_route=%2Fwp%2Fv2%2Fmedia&parent=12129"}],"curies":[{"name":"wp","href":"https:\/\/api.w.org\/{rel}","templated":true}]}}