
{"id":12192,"date":"2019-12-18T16:23:17","date_gmt":"2019-12-18T15:23:17","guid":{"rendered":"http:\/\/www.comercialanma.es\/?post_type=product&#038;p=12192"},"modified":"2019-12-18T16:33:08","modified_gmt":"2019-12-18T15:33:08","slug":"vino-moriles-cobos-75cl","status":"publish","type":"product","link":"https:\/\/www.comercialanma.es\/?product=vino-moriles-cobos-75cl","title":{"rendered":"Vino Moriles Cobos 75cl."},"content":{"rendered":"<h3>D.O.:<\/h3>\n<ul>\n<li>Jer\u00e9z &#8211; X\u00e9r\u00e9s &#8211; Sherry<\/li>\n<\/ul>\n<h3>Variedades de uva:<\/h3>\n<ul>\n<li><span class=\"tlid-translation translation\" lang=\"es\"><span title=\"\"><span class=\"tablaValorContenido\">Pedro Xim\u00e9nez.<br \/>\n<\/span><\/span><\/span><\/li>\n<\/ul>\n<h3>Graduaci\u00f3n:<\/h3>\n<ul>\n<li>Graduaci\u00f3n: 15,0% vol.<\/li>\n<\/ul>\n<h3>Nota de cata:<\/h3>\n<ul>\n<li>A la vista es brillante, con tonos amarillo p\u00e1lidos y reflejos verdosos.<\/li>\n<li>Al olfato destacan los aromas a levadura, debido principalmente a su larga crianza.<\/li>\n<li>Al paladar es seco, con un toque ligeramente amargo. Se recomienda tomarlo junto a embutidos, entremeses y mariscos, adem\u00e1s de primeros platos, como carnes blancas y sopas.<\/li>\n<\/ul>\n<p>&nbsp;<\/p>\n","protected":false},"excerpt":{"rendered":"<p>Fino Cobos es un fino generoso con Denominaci\u00f3n de Origen Montilla Moriles. Se elabora exclusivamente con uvas de la variedad Pedro Ximenez, cultivadas en las Sierras de Montilla, C\u00f3rdoba. Su maduraci\u00f3n tiene lugar en botas de roble americano durante un periodo medio de 3 a\u00f1os. Lo elabora Bodegas Cobos, que pertenece a Navisa Industrial Vin\u00edcola Espa\u00f1ola. Desde su ubicaci\u00f3n en Montilla se obtienen las mejores uvas para la elaboraci\u00f3n de vinos generosos.<\/p>\n","protected":false},"featured_media":12193,"template":"","meta":{"spay_email":""},"yoast_head":"<!-- This site is optimized with the Yoast SEO plugin v15.9 - https:\/\/yoast.com\/wordpress\/plugins\/seo\/ -->\n<title>Vino Moriles Cobos 75cl. - Comercial de Hosteleria Anma<\/title>\n<meta name=\"robots\" content=\"index, follow, max-snippet:-1, max-image-preview:large, max-video-preview:-1\" \/>\n<link rel=\"canonical\" href=\"https:\/\/www.comercialanma.es\/?product=vino-moriles-cobos-75cl\" \/>\n<meta property=\"og:locale\" content=\"es_ES\" \/>\n<meta property=\"og:type\" content=\"article\" \/>\n<meta property=\"og:title\" content=\"Vino Moriles Cobos 75cl. - Comercial de Hosteleria Anma\" \/>\n<meta property=\"og:description\" content=\"Fino Cobos es un fino generoso con Denominaci\u00f3n de Origen Montilla Moriles. Se elabora exclusivamente con uvas de la variedad Pedro Ximenez, cultivadas en las Sierras de Montilla, C\u00f3rdoba. Su maduraci\u00f3n tiene lugar en botas de roble americano durante un periodo medio de 3 a\u00f1os. Lo elabora Bodegas Cobos, que pertenece a Navisa Industrial Vin\u00edcola Espa\u00f1ola. Desde su ubicaci\u00f3n en Montilla se obtienen las mejores uvas para la elaboraci\u00f3n de vinos generosos.\" \/>\n<meta property=\"og:url\" content=\"https:\/\/www.comercialanma.es\/?product=vino-moriles-cobos-75cl\" \/>\n<meta property=\"og:site_name\" content=\"Comercial de Hosteleria Anma\" \/>\n<meta property=\"article:publisher\" content=\"https:\/\/www.facebook.com\/AnmaHosteleria\" \/>\n<meta property=\"article:modified_time\" content=\"2019-12-18T15:33:08+00:00\" \/>\n<meta property=\"og:image\" content=\"https:\/\/i2.wp.com\/www.comercialanma.es\/wp-content\/uploads\/2019\/12\/Cobos-Moriles.jpg?fit=1080%2C1080&#038;ssl=1\" \/>\n\t<meta property=\"og:image:width\" content=\"1080\" \/>\n\t<meta property=\"og:image:height\" content=\"1080\" \/>\n<meta name=\"twitter:card\" content=\"summary_large_image\" \/>\n<script type=\"application\/ld+json\" class=\"yoast-schema-graph\">{\"@context\":\"https:\/\/schema.org\",\"@graph\":[{\"@type\":\"Organization\",\"@id\":\"https:\/\/www.comercialanma.es\/#organization\",\"name\":\"Comercial Anma\",\"url\":\"https:\/\/www.comercialanma.es\/\",\"sameAs\":[\"https:\/\/www.facebook.com\/AnmaHosteleria\",\"https:\/\/www.instagram.com\/anmahosteleria\/?hl=es\",\"https:\/\/www.youtube.com\/channel\/UCT2nmn08Ntks0hmpZPnDgCA\"],\"logo\":{\"@type\":\"ImageObject\",\"@id\":\"https:\/\/www.comercialanma.es\/#logo\",\"inLanguage\":\"es\",\"url\":\"https:\/\/i2.wp.com\/www.comercialanma.es\/wp-content\/uploads\/2019\/06\/logo-anma-color.png?fit=247%2C101&ssl=1\",\"width\":247,\"height\":101,\"caption\":\"Comercial Anma\"},\"image\":{\"@id\":\"https:\/\/www.comercialanma.es\/#logo\"}},{\"@type\":\"WebSite\",\"@id\":\"https:\/\/www.comercialanma.es\/#website\",\"url\":\"https:\/\/www.comercialanma.es\/\",\"name\":\"Comercial de Hosteleria Anma\",\"description\":\"\",\"publisher\":{\"@id\":\"https:\/\/www.comercialanma.es\/#organization\"},\"potentialAction\":[{\"@type\":\"SearchAction\",\"target\":\"https:\/\/www.comercialanma.es\/?s={search_term_string}\",\"query-input\":\"required name=search_term_string\"}],\"inLanguage\":\"es\"},{\"@type\":\"ImageObject\",\"@id\":\"https:\/\/www.comercialanma.es\/?product=vino-moriles-cobos-75cl#primaryimage\",\"inLanguage\":\"es\",\"url\":\"https:\/\/i2.wp.com\/www.comercialanma.es\/wp-content\/uploads\/2019\/12\/Cobos-Moriles.jpg?fit=1080%2C1080&ssl=1\",\"width\":1080,\"height\":1080},{\"@type\":\"WebPage\",\"@id\":\"https:\/\/www.comercialanma.es\/?product=vino-moriles-cobos-75cl#webpage\",\"url\":\"https:\/\/www.comercialanma.es\/?product=vino-moriles-cobos-75cl\",\"name\":\"Vino Moriles Cobos 75cl. - Comercial de Hosteleria Anma\",\"isPartOf\":{\"@id\":\"https:\/\/www.comercialanma.es\/#website\"},\"primaryImageOfPage\":{\"@id\":\"https:\/\/www.comercialanma.es\/?product=vino-moriles-cobos-75cl#primaryimage\"},\"datePublished\":\"2019-12-18T15:23:17+00:00\",\"dateModified\":\"2019-12-18T15:33:08+00:00\",\"breadcrumb\":{\"@id\":\"https:\/\/www.comercialanma.es\/?product=vino-moriles-cobos-75cl#breadcrumb\"},\"inLanguage\":\"es\",\"potentialAction\":[{\"@type\":\"ReadAction\",\"target\":[\"https:\/\/www.comercialanma.es\/?product=vino-moriles-cobos-75cl\"]}]},{\"@type\":\"BreadcrumbList\",\"@id\":\"https:\/\/www.comercialanma.es\/?product=vino-moriles-cobos-75cl#breadcrumb\",\"itemListElement\":[{\"@type\":\"ListItem\",\"position\":1,\"item\":{\"@type\":\"WebPage\",\"@id\":\"https:\/\/www.comercialanma.es\/\",\"url\":\"https:\/\/www.comercialanma.es\/\",\"name\":\"Portada\"}},{\"@type\":\"ListItem\",\"position\":2,\"item\":{\"@type\":\"WebPage\",\"@id\":\"https:\/\/www.comercialanma.es\/?page_id=3963\",\"url\":\"https:\/\/www.comercialanma.es\/?page_id=3963\",\"name\":\"Cat\\u00e1logo de Productos\"}},{\"@type\":\"ListItem\",\"position\":3,\"item\":{\"@type\":\"WebPage\",\"@id\":\"https:\/\/www.comercialanma.es\/?product=vino-moriles-cobos-75cl\",\"url\":\"https:\/\/www.comercialanma.es\/?product=vino-moriles-cobos-75cl\",\"name\":\"Vino Moriles Cobos 75cl.\"}}]}]}<\/script>\n<!-- \/ Yoast SEO plugin. -->","_links":{"self":[{"href":"https:\/\/www.comercialanma.es\/index.php?rest_route=\/wp\/v2\/product\/12192"}],"collection":[{"href":"https:\/\/www.comercialanma.es\/index.php?rest_route=\/wp\/v2\/product"}],"about":[{"href":"https:\/\/www.comercialanma.es\/index.php?rest_route=\/wp\/v2\/types\/product"}],"version-history":[{"count":1,"href":"https:\/\/www.comercialanma.es\/index.php?rest_route=\/wp\/v2\/product\/12192\/revisions"}],"predecessor-version":[{"id":12194,"href":"https:\/\/www.comercialanma.es\/index.php?rest_route=\/wp\/v2\/product\/12192\/revisions\/12194"}],"wp:featuredmedia":[{"embeddable":true,"href":"https:\/\/www.comercialanma.es\/index.php?rest_route=\/wp\/v2\/media\/12193"}],"wp:attachment":[{"href":"https:\/\/www.comercialanma.es\/index.php?rest_route=%2Fwp%2Fv2%2Fmedia&parent=12192"}],"curies":[{"name":"wp","href":"https:\/\/api.w.org\/{rel}","templated":true}]}}