
{"id":12214,"date":"2019-12-18T17:43:19","date_gmt":"2019-12-18T16:43:19","guid":{"rendered":"http:\/\/www.comercialanma.es\/?post_type=product&#038;p=12214"},"modified":"2022-06-22T11:50:47","modified_gmt":"2022-06-22T09:50:47","slug":"vino-pedro-ximenez-el-candado-75cl","status":"publish","type":"product","link":"https:\/\/www.comercialanma.es\/?product=vino-pedro-ximenez-el-candado-75cl","title":{"rendered":"El Candado Pedro Xim\u00e9nez  75cl."},"content":{"rendered":"<h3>D.O.:<\/h3>\n<ul>\n<li>Jerez-X\u00e9r\u00e8s-Sherry.<\/li>\n<\/ul>\n<h3>Variedades de uva:<\/h3>\n<ul>\n<li><span class=\"tlid-translation translation\" lang=\"es\"><span title=\"\"><span class=\"tablaValorContenido\">Pedro Xim\u00e9nez.<br \/>\n<\/span><\/span><\/span><\/li>\n<\/ul>\n<h3>Graduaci\u00f3n:<\/h3>\n<ul>\n<li>Graduaci\u00f3n: 17,0% vol.<\/li>\n<\/ul>\n<h3>Nota de cata:<\/h3>\n<div class=\"field\">\n<ul>\n<li class=\"field-item odd \">Vista: Color \u00e9bano muy cubierto.<\/li>\n<li class=\"field-item odd \">Nariz: Aroma muy elegante a frutas pasas y especias (cardamomo, pimienta), chocolate y caf\u00e9.<\/li>\n<li class=\"field-item odd \">Boca: Paladar intenso, untuoso y afrutado.<\/li>\n<\/ul>\n<\/div>\n<p>&nbsp;<\/p>\n","protected":false},"excerpt":{"rendered":"<div id=\"short_description_content\">Vino dulce natural de uvas Pedro Xim\u00e9nez asoleadas hasta su pasificaci\u00f3n. Despu\u00e9s fue alcoholizado hasta los 18 grados y criado en el tradicional sistema jerezano de criaderas y soleras. La botella adem\u00e1s incluye un peque\u00f1o candado y juego de llaves, como homenaje a los mitos e historias de los venerados vinos de Pedro Xim\u00e9nez en propiedad de almacenistas. Fruta escarchada, pasas, higos y d\u00e1tiles, todo eso es este PX. Un espect\u00e1culo intenso, untuoso y afrutado.<\/div>\n","protected":false},"featured_media":21399,"template":"","meta":{"spay_email":""},"yoast_head":"<!-- This site is optimized with the Yoast SEO plugin v15.9 - https:\/\/yoast.com\/wordpress\/plugins\/seo\/ -->\n<title>El Candado Pedro Xim\u00e9nez 75cl. - Comercial de Hosteleria Anma<\/title>\n<meta name=\"robots\" content=\"index, follow, max-snippet:-1, max-image-preview:large, max-video-preview:-1\" \/>\n<link rel=\"canonical\" href=\"https:\/\/www.comercialanma.es\/?product=vino-pedro-ximenez-el-candado-75cl\" \/>\n<meta property=\"og:locale\" content=\"es_ES\" \/>\n<meta property=\"og:type\" content=\"article\" \/>\n<meta property=\"og:title\" content=\"El Candado Pedro Xim\u00e9nez 75cl. - Comercial de Hosteleria Anma\" \/>\n<meta property=\"og:description\" content=\"Vino dulce natural de uvas Pedro Xim\u00e9nez asoleadas hasta su pasificaci\u00f3n. Despu\u00e9s fue alcoholizado hasta los 18 grados y criado en el tradicional sistema jerezano de criaderas y soleras. La botella adem\u00e1s incluye un peque\u00f1o candado y juego de llaves, como homenaje a los mitos e historias de los venerados vinos de Pedro Xim\u00e9nez en propiedad de almacenistas. Fruta escarchada, pasas, higos y d\u00e1tiles, todo eso es este PX. Un espect\u00e1culo intenso, untuoso y afrutado.\" \/>\n<meta property=\"og:url\" content=\"https:\/\/www.comercialanma.es\/?product=vino-pedro-ximenez-el-candado-75cl\" \/>\n<meta property=\"og:site_name\" content=\"Comercial de Hosteleria Anma\" \/>\n<meta property=\"article:publisher\" content=\"https:\/\/www.facebook.com\/AnmaHosteleria\" \/>\n<meta property=\"article:modified_time\" content=\"2022-06-22T09:50:47+00:00\" \/>\n<meta property=\"og:image\" content=\"https:\/\/i1.wp.com\/www.comercialanma.es\/wp-content\/uploads\/2019\/12\/El-Candado-Valdespino.jpg?fit=1080%2C1080&#038;ssl=1\" \/>\n\t<meta property=\"og:image:width\" content=\"1080\" \/>\n\t<meta property=\"og:image:height\" content=\"1080\" \/>\n<meta name=\"twitter:card\" content=\"summary_large_image\" \/>\n<script type=\"application\/ld+json\" class=\"yoast-schema-graph\">{\"@context\":\"https:\/\/schema.org\",\"@graph\":[{\"@type\":\"Organization\",\"@id\":\"https:\/\/www.comercialanma.es\/#organization\",\"name\":\"Comercial Anma\",\"url\":\"https:\/\/www.comercialanma.es\/\",\"sameAs\":[\"https:\/\/www.facebook.com\/AnmaHosteleria\",\"https:\/\/www.instagram.com\/anmahosteleria\/?hl=es\",\"https:\/\/www.youtube.com\/channel\/UCT2nmn08Ntks0hmpZPnDgCA\"],\"logo\":{\"@type\":\"ImageObject\",\"@id\":\"https:\/\/www.comercialanma.es\/#logo\",\"inLanguage\":\"es\",\"url\":\"https:\/\/i2.wp.com\/www.comercialanma.es\/wp-content\/uploads\/2019\/06\/logo-anma-color.png?fit=247%2C101&ssl=1\",\"width\":247,\"height\":101,\"caption\":\"Comercial Anma\"},\"image\":{\"@id\":\"https:\/\/www.comercialanma.es\/#logo\"}},{\"@type\":\"WebSite\",\"@id\":\"https:\/\/www.comercialanma.es\/#website\",\"url\":\"https:\/\/www.comercialanma.es\/\",\"name\":\"Comercial de Hosteleria Anma\",\"description\":\"\",\"publisher\":{\"@id\":\"https:\/\/www.comercialanma.es\/#organization\"},\"potentialAction\":[{\"@type\":\"SearchAction\",\"target\":\"https:\/\/www.comercialanma.es\/?s={search_term_string}\",\"query-input\":\"required name=search_term_string\"}],\"inLanguage\":\"es\"},{\"@type\":\"ImageObject\",\"@id\":\"https:\/\/www.comercialanma.es\/?product=vino-pedro-ximenez-el-candado-75cl#primaryimage\",\"inLanguage\":\"es\",\"url\":\"https:\/\/i1.wp.com\/www.comercialanma.es\/wp-content\/uploads\/2019\/12\/El-Candado-Valdespino.jpg?fit=1080%2C1080&ssl=1\",\"width\":1080,\"height\":1080},{\"@type\":\"WebPage\",\"@id\":\"https:\/\/www.comercialanma.es\/?product=vino-pedro-ximenez-el-candado-75cl#webpage\",\"url\":\"https:\/\/www.comercialanma.es\/?product=vino-pedro-ximenez-el-candado-75cl\",\"name\":\"El Candado Pedro Xim\\u00e9nez 75cl. - Comercial de Hosteleria Anma\",\"isPartOf\":{\"@id\":\"https:\/\/www.comercialanma.es\/#website\"},\"primaryImageOfPage\":{\"@id\":\"https:\/\/www.comercialanma.es\/?product=vino-pedro-ximenez-el-candado-75cl#primaryimage\"},\"datePublished\":\"2019-12-18T16:43:19+00:00\",\"dateModified\":\"2022-06-22T09:50:47+00:00\",\"breadcrumb\":{\"@id\":\"https:\/\/www.comercialanma.es\/?product=vino-pedro-ximenez-el-candado-75cl#breadcrumb\"},\"inLanguage\":\"es\",\"potentialAction\":[{\"@type\":\"ReadAction\",\"target\":[\"https:\/\/www.comercialanma.es\/?product=vino-pedro-ximenez-el-candado-75cl\"]}]},{\"@type\":\"BreadcrumbList\",\"@id\":\"https:\/\/www.comercialanma.es\/?product=vino-pedro-ximenez-el-candado-75cl#breadcrumb\",\"itemListElement\":[{\"@type\":\"ListItem\",\"position\":1,\"item\":{\"@type\":\"WebPage\",\"@id\":\"https:\/\/www.comercialanma.es\/\",\"url\":\"https:\/\/www.comercialanma.es\/\",\"name\":\"Portada\"}},{\"@type\":\"ListItem\",\"position\":2,\"item\":{\"@type\":\"WebPage\",\"@id\":\"https:\/\/www.comercialanma.es\/?page_id=3963\",\"url\":\"https:\/\/www.comercialanma.es\/?page_id=3963\",\"name\":\"Cat\\u00e1logo de Productos\"}},{\"@type\":\"ListItem\",\"position\":3,\"item\":{\"@type\":\"WebPage\",\"@id\":\"https:\/\/www.comercialanma.es\/?product=vino-pedro-ximenez-el-candado-75cl\",\"url\":\"https:\/\/www.comercialanma.es\/?product=vino-pedro-ximenez-el-candado-75cl\",\"name\":\"El Candado Pedro Xim\\u00e9nez 75cl.\"}}]}]}<\/script>\n<!-- \/ Yoast SEO plugin. -->","_links":{"self":[{"href":"https:\/\/www.comercialanma.es\/index.php?rest_route=\/wp\/v2\/product\/12214"}],"collection":[{"href":"https:\/\/www.comercialanma.es\/index.php?rest_route=\/wp\/v2\/product"}],"about":[{"href":"https:\/\/www.comercialanma.es\/index.php?rest_route=\/wp\/v2\/types\/product"}],"version-history":[{"count":3,"href":"https:\/\/www.comercialanma.es\/index.php?rest_route=\/wp\/v2\/product\/12214\/revisions"}],"predecessor-version":[{"id":21400,"href":"https:\/\/www.comercialanma.es\/index.php?rest_route=\/wp\/v2\/product\/12214\/revisions\/21400"}],"wp:featuredmedia":[{"embeddable":true,"href":"https:\/\/www.comercialanma.es\/index.php?rest_route=\/wp\/v2\/media\/21399"}],"wp:attachment":[{"href":"https:\/\/www.comercialanma.es\/index.php?rest_route=%2Fwp%2Fv2%2Fmedia&parent=12214"}],"curies":[{"name":"wp","href":"https:\/\/api.w.org\/{rel}","templated":true}]}}