
{"id":12270,"date":"2019-12-23T09:58:13","date_gmt":"2019-12-23T08:58:13","guid":{"rendered":"http:\/\/www.comercialanma.es\/?post_type=product&#038;p=12270"},"modified":"2019-12-24T08:51:39","modified_gmt":"2019-12-24T07:51:39","slug":"cava-juve-camps-nectar-blanc-reserva-75cl","status":"publish","type":"product","link":"https:\/\/www.comercialanma.es\/?product=cava-juve-camps-nectar-blanc-reserva-75cl","title":{"rendered":"Cava Juv\u00e9 &#038; Camps N\u00e9ctar Blanc Reserva 75cl."},"content":{"rendered":"<h3>D.O.:<\/h3>\n<ul>\n<li>Cava<\/li>\n<\/ul>\n<h3>Variedad:<\/h3>\n<ul>\n<li>Macabeo, Parellada, Xarel\u00b7lo<\/li>\n<\/ul>\n<h3>Graduaci\u00f3n:<\/h3>\n<ul>\n<li>Graduaci\u00f3n: 12,0% vol.<\/li>\n<\/ul>\n<h3>Nota de Cata:<\/h3>\n<div class=\"field\">\n<ul>\n<li class=\"field-item odd \">Vista: Color amarillo dorado.<\/li>\n<li class=\"field-item odd \">Nariz: Intenso, profundo y lleno de matices. Notas de frutas de hueso y flores blancas. Poco a poco, aparecen aromas de miel, de pasteler\u00eda fina y un fondo ligeramente almibarado.<\/li>\n<li class=\"field-item odd \">Boca: Cremoso y equilibrada acidez. Efervescencia suave. Paladar goloso y refrescante.<\/li>\n<\/ul>\n<\/div>\n","protected":false},"excerpt":{"rendered":"<section id=\"descriptionTab\">Juv\u00e9 &amp; Camps Nectar Blanc Reserva es un cava dulce elaborado a partir de la uni\u00f3n de las variedades Macabeo, Xarel.lo y Parellada. Con una maduraci\u00f3n algo menor para este \u201ccoupage\u201d de corte tradicional, es la propuesta de la casa para los grandes momentos dulces. Posee un alto contenido en az\u00facar, una gran cremosidad y equilibrada acidez. Ideal compa\u00f1ero para quesos, foie y reposter\u00eda.<\/section>\n","protected":false},"featured_media":12271,"template":"","meta":{"spay_email":""},"yoast_head":"<!-- This site is optimized with the Yoast SEO plugin v15.9 - https:\/\/yoast.com\/wordpress\/plugins\/seo\/ -->\n<title>Cava Juv\u00e9 &amp; Camps N\u00e9ctar Blanc Reserva 75cl. - Comercial de Hosteleria Anma<\/title>\n<meta name=\"robots\" content=\"index, follow, max-snippet:-1, max-image-preview:large, max-video-preview:-1\" \/>\n<link rel=\"canonical\" href=\"https:\/\/www.comercialanma.es\/?product=cava-juve-camps-nectar-blanc-reserva-75cl\" \/>\n<meta property=\"og:locale\" content=\"es_ES\" \/>\n<meta property=\"og:type\" content=\"article\" \/>\n<meta property=\"og:title\" content=\"Cava Juv\u00e9 &amp; Camps N\u00e9ctar Blanc Reserva 75cl. - Comercial de Hosteleria Anma\" \/>\n<meta property=\"og:description\" content=\"Juv\u00e9 &amp; Camps Nectar Blanc Reserva es un cava dulce elaborado a partir de la uni\u00f3n de las variedades Macabeo, Xarel.lo y Parellada. Con una maduraci\u00f3n algo menor para este \u201ccoupage\u201d de corte tradicional, es la propuesta de la casa para los grandes momentos dulces. Posee un alto contenido en az\u00facar, una gran cremosidad y equilibrada acidez. Ideal compa\u00f1ero para quesos, foie y reposter\u00eda.\" \/>\n<meta property=\"og:url\" content=\"https:\/\/www.comercialanma.es\/?product=cava-juve-camps-nectar-blanc-reserva-75cl\" \/>\n<meta property=\"og:site_name\" content=\"Comercial de Hosteleria Anma\" \/>\n<meta property=\"article:publisher\" content=\"https:\/\/www.facebook.com\/AnmaHosteleria\" \/>\n<meta property=\"article:modified_time\" content=\"2019-12-24T07:51:39+00:00\" \/>\n<meta property=\"og:image\" content=\"https:\/\/i2.wp.com\/www.comercialanma.es\/wp-content\/uploads\/2019\/12\/Nectar-Blanc-Dulce-Juve.jpg?fit=1080%2C1080&#038;ssl=1\" \/>\n\t<meta property=\"og:image:width\" content=\"1080\" \/>\n\t<meta property=\"og:image:height\" content=\"1080\" \/>\n<meta name=\"twitter:card\" content=\"summary_large_image\" \/>\n<script type=\"application\/ld+json\" class=\"yoast-schema-graph\">{\"@context\":\"https:\/\/schema.org\",\"@graph\":[{\"@type\":\"Organization\",\"@id\":\"https:\/\/www.comercialanma.es\/#organization\",\"name\":\"Comercial Anma\",\"url\":\"https:\/\/www.comercialanma.es\/\",\"sameAs\":[\"https:\/\/www.facebook.com\/AnmaHosteleria\",\"https:\/\/www.instagram.com\/anmahosteleria\/?hl=es\",\"https:\/\/www.youtube.com\/channel\/UCT2nmn08Ntks0hmpZPnDgCA\"],\"logo\":{\"@type\":\"ImageObject\",\"@id\":\"https:\/\/www.comercialanma.es\/#logo\",\"inLanguage\":\"es\",\"url\":\"https:\/\/i2.wp.com\/www.comercialanma.es\/wp-content\/uploads\/2019\/06\/logo-anma-color.png?fit=247%2C101&ssl=1\",\"width\":247,\"height\":101,\"caption\":\"Comercial Anma\"},\"image\":{\"@id\":\"https:\/\/www.comercialanma.es\/#logo\"}},{\"@type\":\"WebSite\",\"@id\":\"https:\/\/www.comercialanma.es\/#website\",\"url\":\"https:\/\/www.comercialanma.es\/\",\"name\":\"Comercial de Hosteleria Anma\",\"description\":\"\",\"publisher\":{\"@id\":\"https:\/\/www.comercialanma.es\/#organization\"},\"potentialAction\":[{\"@type\":\"SearchAction\",\"target\":\"https:\/\/www.comercialanma.es\/?s={search_term_string}\",\"query-input\":\"required name=search_term_string\"}],\"inLanguage\":\"es\"},{\"@type\":\"ImageObject\",\"@id\":\"https:\/\/www.comercialanma.es\/?product=cava-juve-camps-nectar-blanc-reserva-75cl#primaryimage\",\"inLanguage\":\"es\",\"url\":\"https:\/\/i2.wp.com\/www.comercialanma.es\/wp-content\/uploads\/2019\/12\/Nectar-Blanc-Dulce-Juve.jpg?fit=1080%2C1080&ssl=1\",\"width\":1080,\"height\":1080},{\"@type\":\"WebPage\",\"@id\":\"https:\/\/www.comercialanma.es\/?product=cava-juve-camps-nectar-blanc-reserva-75cl#webpage\",\"url\":\"https:\/\/www.comercialanma.es\/?product=cava-juve-camps-nectar-blanc-reserva-75cl\",\"name\":\"Cava Juv\\u00e9 & Camps N\\u00e9ctar Blanc Reserva 75cl. - Comercial de Hosteleria Anma\",\"isPartOf\":{\"@id\":\"https:\/\/www.comercialanma.es\/#website\"},\"primaryImageOfPage\":{\"@id\":\"https:\/\/www.comercialanma.es\/?product=cava-juve-camps-nectar-blanc-reserva-75cl#primaryimage\"},\"datePublished\":\"2019-12-23T08:58:13+00:00\",\"dateModified\":\"2019-12-24T07:51:39+00:00\",\"breadcrumb\":{\"@id\":\"https:\/\/www.comercialanma.es\/?product=cava-juve-camps-nectar-blanc-reserva-75cl#breadcrumb\"},\"inLanguage\":\"es\",\"potentialAction\":[{\"@type\":\"ReadAction\",\"target\":[\"https:\/\/www.comercialanma.es\/?product=cava-juve-camps-nectar-blanc-reserva-75cl\"]}]},{\"@type\":\"BreadcrumbList\",\"@id\":\"https:\/\/www.comercialanma.es\/?product=cava-juve-camps-nectar-blanc-reserva-75cl#breadcrumb\",\"itemListElement\":[{\"@type\":\"ListItem\",\"position\":1,\"item\":{\"@type\":\"WebPage\",\"@id\":\"https:\/\/www.comercialanma.es\/\",\"url\":\"https:\/\/www.comercialanma.es\/\",\"name\":\"Portada\"}},{\"@type\":\"ListItem\",\"position\":2,\"item\":{\"@type\":\"WebPage\",\"@id\":\"https:\/\/www.comercialanma.es\/?page_id=3963\",\"url\":\"https:\/\/www.comercialanma.es\/?page_id=3963\",\"name\":\"Cat\\u00e1logo de Productos\"}},{\"@type\":\"ListItem\",\"position\":3,\"item\":{\"@type\":\"WebPage\",\"@id\":\"https:\/\/www.comercialanma.es\/?product=cava-juve-camps-nectar-blanc-reserva-75cl\",\"url\":\"https:\/\/www.comercialanma.es\/?product=cava-juve-camps-nectar-blanc-reserva-75cl\",\"name\":\"Cava Juv\\u00e9 &#038; Camps N\\u00e9ctar Blanc Reserva 75cl.\"}}]}]}<\/script>\n<!-- \/ Yoast SEO plugin. -->","_links":{"self":[{"href":"https:\/\/www.comercialanma.es\/index.php?rest_route=\/wp\/v2\/product\/12270"}],"collection":[{"href":"https:\/\/www.comercialanma.es\/index.php?rest_route=\/wp\/v2\/product"}],"about":[{"href":"https:\/\/www.comercialanma.es\/index.php?rest_route=\/wp\/v2\/types\/product"}],"version-history":[{"count":3,"href":"https:\/\/www.comercialanma.es\/index.php?rest_route=\/wp\/v2\/product\/12270\/revisions"}],"predecessor-version":[{"id":12279,"href":"https:\/\/www.comercialanma.es\/index.php?rest_route=\/wp\/v2\/product\/12270\/revisions\/12279"}],"wp:featuredmedia":[{"embeddable":true,"href":"https:\/\/www.comercialanma.es\/index.php?rest_route=\/wp\/v2\/media\/12271"}],"wp:attachment":[{"href":"https:\/\/www.comercialanma.es\/index.php?rest_route=%2Fwp%2Fv2%2Fmedia&parent=12270"}],"curies":[{"name":"wp","href":"https:\/\/api.w.org\/{rel}","templated":true}]}}