
{"id":12305,"date":"2019-12-27T09:58:32","date_gmt":"2019-12-27T08:58:32","guid":{"rendered":"http:\/\/www.comercialanma.es\/?post_type=product&#038;p=12305"},"modified":"2021-09-22T08:27:05","modified_gmt":"2021-09-22T06:27:05","slug":"estandon-brise-marine","status":"publish","type":"product","link":"https:\/\/www.comercialanma.es\/?product=estandon-brise-marine","title":{"rendered":"Estandon Brise Marine 75cl."},"content":{"rendered":"<h3>D.O.:<\/h3>\n<ul>\n<li>Francia (Vine de Pays M\u00e9diterran\u00e9e) .<\/li>\n<\/ul>\n<h3>Variedad:<\/h3>\n<ul>\n<li><span class=\"tlid-translation translation\" lang=\"es\"><span title=\"\"><span class=\"tablaValorContenido\">Cinsault, Garnacha, Syrah.<\/span><\/span><\/span><\/li>\n<\/ul>\n<h3>Graduaci\u00f3n:<\/h3>\n<ul>\n<li>12,5% Vol.<\/li>\n<\/ul>\n<h3>Nota de cata:<\/h3>\n<ul>\n<li><span class=\"tlid-translation translation\" lang=\"es\"><span class=\"\" title=\"\">Un vino rosado ligeramente sostenido con una nariz c\u00edtrica y floral.<\/span> <\/span><\/li>\n<li><span class=\"tlid-translation translation\" lang=\"es\"><span class=\"\" title=\"\">Una boca redonda y fresca que desarrolla aromas de peque\u00f1os frutos rojos.<\/span><\/span><\/li>\n<\/ul>\n<p>&nbsp;<\/p>\n","protected":false},"excerpt":{"rendered":"<div id=\"short_description_content\"><span lang=\"es\">Estandon Brise Marine | 75cl. | D.O Francia (Vine de Pays M\u00e9diterran\u00e9e) | <\/span><\/div>\n<div><span lang=\"es\">Vino rosado con una nariz c\u00edtrica y floral. Boca redonda y fresca.<\/span><\/div>\n","protected":false},"featured_media":19049,"template":"","meta":{"spay_email":""},"yoast_head":"<!-- This site is optimized with the Yoast SEO plugin v15.9 - https:\/\/yoast.com\/wordpress\/plugins\/seo\/ -->\n<title>Estandon Brise Marine 75cl. - Comercial de Hosteleria Anma<\/title>\n<meta name=\"description\" content=\"Estandon Brise Marine | 75cl. | D.O Francia (Vine de Pays M\u00e9diterran\u00e9e) | Vino rosado con una nariz c\u00edtrica y floral. Boca redonda y fresca.\" \/>\n<meta name=\"robots\" content=\"index, follow, max-snippet:-1, max-image-preview:large, max-video-preview:-1\" \/>\n<link rel=\"canonical\" href=\"https:\/\/www.comercialanma.es\/?product=estandon-brise-marine\" \/>\n<meta property=\"og:locale\" content=\"es_ES\" \/>\n<meta property=\"og:type\" content=\"article\" \/>\n<meta property=\"og:title\" content=\"Estandon Brise Marine 75cl. - Comercial de Hosteleria Anma\" \/>\n<meta property=\"og:description\" content=\"Estandon Brise Marine | 75cl. | D.O Francia (Vine de Pays M\u00e9diterran\u00e9e) | Vino rosado con una nariz c\u00edtrica y floral. Boca redonda y fresca.\" \/>\n<meta property=\"og:url\" content=\"https:\/\/www.comercialanma.es\/?product=estandon-brise-marine\" \/>\n<meta property=\"og:site_name\" content=\"Comercial de Hosteleria Anma\" \/>\n<meta property=\"article:publisher\" content=\"https:\/\/www.facebook.com\/AnmaHosteleria\" \/>\n<meta property=\"article:modified_time\" content=\"2021-09-22T06:27:05+00:00\" \/>\n<meta property=\"og:image\" content=\"https:\/\/i0.wp.com\/www.comercialanma.es\/wp-content\/uploads\/2019\/12\/estandon-brise-marine-rosado-21.jpg?fit=1080%2C1080&#038;ssl=1\" \/>\n\t<meta property=\"og:image:width\" content=\"1080\" \/>\n\t<meta property=\"og:image:height\" content=\"1080\" \/>\n<meta name=\"twitter:card\" content=\"summary_large_image\" \/>\n<script type=\"application\/ld+json\" class=\"yoast-schema-graph\">{\"@context\":\"https:\/\/schema.org\",\"@graph\":[{\"@type\":\"Organization\",\"@id\":\"https:\/\/www.comercialanma.es\/#organization\",\"name\":\"Comercial Anma\",\"url\":\"https:\/\/www.comercialanma.es\/\",\"sameAs\":[\"https:\/\/www.facebook.com\/AnmaHosteleria\",\"https:\/\/www.instagram.com\/anmahosteleria\/?hl=es\",\"https:\/\/www.youtube.com\/channel\/UCT2nmn08Ntks0hmpZPnDgCA\"],\"logo\":{\"@type\":\"ImageObject\",\"@id\":\"https:\/\/www.comercialanma.es\/#logo\",\"inLanguage\":\"es\",\"url\":\"https:\/\/i2.wp.com\/www.comercialanma.es\/wp-content\/uploads\/2019\/06\/logo-anma-color.png?fit=247%2C101&ssl=1\",\"width\":247,\"height\":101,\"caption\":\"Comercial Anma\"},\"image\":{\"@id\":\"https:\/\/www.comercialanma.es\/#logo\"}},{\"@type\":\"WebSite\",\"@id\":\"https:\/\/www.comercialanma.es\/#website\",\"url\":\"https:\/\/www.comercialanma.es\/\",\"name\":\"Comercial de Hosteleria Anma\",\"description\":\"\",\"publisher\":{\"@id\":\"https:\/\/www.comercialanma.es\/#organization\"},\"potentialAction\":[{\"@type\":\"SearchAction\",\"target\":\"https:\/\/www.comercialanma.es\/?s={search_term_string}\",\"query-input\":\"required name=search_term_string\"}],\"inLanguage\":\"es\"},{\"@type\":\"ImageObject\",\"@id\":\"https:\/\/www.comercialanma.es\/?product=estandon-brise-marine#primaryimage\",\"inLanguage\":\"es\",\"url\":\"https:\/\/i0.wp.com\/www.comercialanma.es\/wp-content\/uploads\/2019\/12\/estandon-brise-marine-rosado-21.jpg?fit=1080%2C1080&ssl=1\",\"width\":1080,\"height\":1080},{\"@type\":\"WebPage\",\"@id\":\"https:\/\/www.comercialanma.es\/?product=estandon-brise-marine#webpage\",\"url\":\"https:\/\/www.comercialanma.es\/?product=estandon-brise-marine\",\"name\":\"Estandon Brise Marine 75cl. - Comercial de Hosteleria Anma\",\"isPartOf\":{\"@id\":\"https:\/\/www.comercialanma.es\/#website\"},\"primaryImageOfPage\":{\"@id\":\"https:\/\/www.comercialanma.es\/?product=estandon-brise-marine#primaryimage\"},\"datePublished\":\"2019-12-27T08:58:32+00:00\",\"dateModified\":\"2021-09-22T06:27:05+00:00\",\"description\":\"Estandon Brise Marine | 75cl. | D.O Francia (Vine de Pays M\\u00e9diterran\\u00e9e) | Vino rosado con una nariz c\\u00edtrica y floral. Boca redonda y fresca.\",\"breadcrumb\":{\"@id\":\"https:\/\/www.comercialanma.es\/?product=estandon-brise-marine#breadcrumb\"},\"inLanguage\":\"es\",\"potentialAction\":[{\"@type\":\"ReadAction\",\"target\":[\"https:\/\/www.comercialanma.es\/?product=estandon-brise-marine\"]}]},{\"@type\":\"BreadcrumbList\",\"@id\":\"https:\/\/www.comercialanma.es\/?product=estandon-brise-marine#breadcrumb\",\"itemListElement\":[{\"@type\":\"ListItem\",\"position\":1,\"item\":{\"@type\":\"WebPage\",\"@id\":\"https:\/\/www.comercialanma.es\/\",\"url\":\"https:\/\/www.comercialanma.es\/\",\"name\":\"Portada\"}},{\"@type\":\"ListItem\",\"position\":2,\"item\":{\"@type\":\"WebPage\",\"@id\":\"https:\/\/www.comercialanma.es\/?page_id=3963\",\"url\":\"https:\/\/www.comercialanma.es\/?page_id=3963\",\"name\":\"Cat\\u00e1logo de Productos\"}},{\"@type\":\"ListItem\",\"position\":3,\"item\":{\"@type\":\"WebPage\",\"@id\":\"https:\/\/www.comercialanma.es\/?product=estandon-brise-marine\",\"url\":\"https:\/\/www.comercialanma.es\/?product=estandon-brise-marine\",\"name\":\"Estandon Brise Marine 75cl.\"}}]}]}<\/script>\n<!-- \/ Yoast SEO plugin. -->","_links":{"self":[{"href":"https:\/\/www.comercialanma.es\/index.php?rest_route=\/wp\/v2\/product\/12305"}],"collection":[{"href":"https:\/\/www.comercialanma.es\/index.php?rest_route=\/wp\/v2\/product"}],"about":[{"href":"https:\/\/www.comercialanma.es\/index.php?rest_route=\/wp\/v2\/types\/product"}],"version-history":[{"count":5,"href":"https:\/\/www.comercialanma.es\/index.php?rest_route=\/wp\/v2\/product\/12305\/revisions"}],"predecessor-version":[{"id":19050,"href":"https:\/\/www.comercialanma.es\/index.php?rest_route=\/wp\/v2\/product\/12305\/revisions\/19050"}],"wp:featuredmedia":[{"embeddable":true,"href":"https:\/\/www.comercialanma.es\/index.php?rest_route=\/wp\/v2\/media\/19049"}],"wp:attachment":[{"href":"https:\/\/www.comercialanma.es\/index.php?rest_route=%2Fwp%2Fv2%2Fmedia&parent=12305"}],"curies":[{"name":"wp","href":"https:\/\/api.w.org\/{rel}","templated":true}]}}