
{"id":12334,"date":"2019-12-27T15:50:48","date_gmt":"2019-12-27T14:50:48","guid":{"rendered":"http:\/\/www.comercialanma.es\/?post_type=product&#038;p=12334"},"modified":"2019-12-27T15:54:42","modified_gmt":"2019-12-27T14:54:42","slug":"champagne-pommery-royal-brut-rose-75cl","status":"publish","type":"product","link":"https:\/\/www.comercialanma.es\/?product=champagne-pommery-royal-brut-rose-75cl","title":{"rendered":"Champagne Pommery Royal Brut Ros\u00e9 75cl."},"content":{"rendered":"<h3>D.O.:<\/h3>\n<ul>\n<li>Champagne<\/li>\n<\/ul>\n<h3>Variedad:<\/h3>\n<ul>\n<li><span class=\"title-detalle\">Chardonnay, Pinot Noir, Pinot Meunier.<\/span><\/li>\n<\/ul>\n<h3>Graduaci\u00f3n:<\/h3>\n<ul>\n<li>12,5% Vol.<\/li>\n<\/ul>\n<h3>Nota de cata:<\/h3>\n<ul>\n<li>Pommery Brut Rose es de color rosa viejo con velados matices en salm\u00f3n.<\/li>\n<li>Las burbujas son finas y persistentes. Aroma de bayas para una sensaci\u00f3n redonda en nariz.<\/li>\n<li>En boca presenta un car\u00e1cter ros\u00e9 muy sutil: flexible y ligeramente robusto, con un atractivo frescor y vivacidad.<\/li>\n<\/ul>\n","protected":false},"excerpt":{"rendered":"<p><span lang=\"es\" xml:lang=\"es\"><span title=\"\">Pommery Brut Rose es un vino espumoso de la A.O.C. Champange. Para crear Brut Ros\u00e9, Pommery realiza una selecci\u00f3n de entre sus treinta crus. En esta delicada composici\u00f3n, las uvas Chardonnay son predominantes, lo que representa m\u00e1s de un tercio de la mezcla. Un pu\u00f1ado de uvas Pinot Noir se elabor\u00f3 en tinto antes de ser mezclado con las variedades Chardonnay y Pinot Meunier. El Brut Rose es seguido de una maduraci\u00f3n en las bodegas Pommery durante un promedio de tres a\u00f1os.<\/span><\/span><\/p>\n","protected":false},"featured_media":12335,"template":"","meta":{"spay_email":""},"yoast_head":"<!-- This site is optimized with the Yoast SEO plugin v15.9 - https:\/\/yoast.com\/wordpress\/plugins\/seo\/ -->\n<title>Champagne Pommery Royal Brut Ros\u00e9 75cl. - Comercial de Hosteleria Anma<\/title>\n<meta name=\"robots\" content=\"index, follow, max-snippet:-1, max-image-preview:large, max-video-preview:-1\" \/>\n<link rel=\"canonical\" href=\"https:\/\/www.comercialanma.es\/?product=champagne-pommery-royal-brut-rose-75cl\" \/>\n<meta property=\"og:locale\" content=\"es_ES\" \/>\n<meta property=\"og:type\" content=\"article\" \/>\n<meta property=\"og:title\" content=\"Champagne Pommery Royal Brut Ros\u00e9 75cl. - Comercial de Hosteleria Anma\" \/>\n<meta property=\"og:description\" content=\"Pommery Brut Rose es un vino espumoso de la A.O.C. Champange. Para crear Brut Ros\u00e9, Pommery realiza una selecci\u00f3n de entre sus treinta crus. En esta delicada composici\u00f3n, las uvas Chardonnay son predominantes, lo que representa m\u00e1s de un tercio de la mezcla. Un pu\u00f1ado de uvas Pinot Noir se elabor\u00f3 en tinto antes de ser mezclado con las variedades Chardonnay y Pinot Meunier. El Brut Rose es seguido de una maduraci\u00f3n en las bodegas Pommery durante un promedio de tres a\u00f1os.\" \/>\n<meta property=\"og:url\" content=\"https:\/\/www.comercialanma.es\/?product=champagne-pommery-royal-brut-rose-75cl\" \/>\n<meta property=\"og:site_name\" content=\"Comercial de Hosteleria Anma\" \/>\n<meta property=\"article:publisher\" content=\"https:\/\/www.facebook.com\/AnmaHosteleria\" \/>\n<meta property=\"article:modified_time\" content=\"2019-12-27T14:54:42+00:00\" \/>\n<meta property=\"og:image\" content=\"https:\/\/i2.wp.com\/www.comercialanma.es\/wp-content\/uploads\/2019\/12\/Pommery-Brut-Royal-Rose.jpg?fit=1080%2C1080&#038;ssl=1\" \/>\n\t<meta property=\"og:image:width\" content=\"1080\" \/>\n\t<meta property=\"og:image:height\" content=\"1080\" \/>\n<meta name=\"twitter:card\" content=\"summary_large_image\" \/>\n<script type=\"application\/ld+json\" class=\"yoast-schema-graph\">{\"@context\":\"https:\/\/schema.org\",\"@graph\":[{\"@type\":\"Organization\",\"@id\":\"https:\/\/www.comercialanma.es\/#organization\",\"name\":\"Comercial Anma\",\"url\":\"https:\/\/www.comercialanma.es\/\",\"sameAs\":[\"https:\/\/www.facebook.com\/AnmaHosteleria\",\"https:\/\/www.instagram.com\/anmahosteleria\/?hl=es\",\"https:\/\/www.youtube.com\/channel\/UCT2nmn08Ntks0hmpZPnDgCA\"],\"logo\":{\"@type\":\"ImageObject\",\"@id\":\"https:\/\/www.comercialanma.es\/#logo\",\"inLanguage\":\"es\",\"url\":\"https:\/\/i2.wp.com\/www.comercialanma.es\/wp-content\/uploads\/2019\/06\/logo-anma-color.png?fit=247%2C101&ssl=1\",\"width\":247,\"height\":101,\"caption\":\"Comercial Anma\"},\"image\":{\"@id\":\"https:\/\/www.comercialanma.es\/#logo\"}},{\"@type\":\"WebSite\",\"@id\":\"https:\/\/www.comercialanma.es\/#website\",\"url\":\"https:\/\/www.comercialanma.es\/\",\"name\":\"Comercial de Hosteleria Anma\",\"description\":\"\",\"publisher\":{\"@id\":\"https:\/\/www.comercialanma.es\/#organization\"},\"potentialAction\":[{\"@type\":\"SearchAction\",\"target\":\"https:\/\/www.comercialanma.es\/?s={search_term_string}\",\"query-input\":\"required name=search_term_string\"}],\"inLanguage\":\"es\"},{\"@type\":\"ImageObject\",\"@id\":\"https:\/\/www.comercialanma.es\/?product=champagne-pommery-royal-brut-rose-75cl#primaryimage\",\"inLanguage\":\"es\",\"url\":\"https:\/\/i2.wp.com\/www.comercialanma.es\/wp-content\/uploads\/2019\/12\/Pommery-Brut-Royal-Rose.jpg?fit=1080%2C1080&ssl=1\",\"width\":1080,\"height\":1080},{\"@type\":\"WebPage\",\"@id\":\"https:\/\/www.comercialanma.es\/?product=champagne-pommery-royal-brut-rose-75cl#webpage\",\"url\":\"https:\/\/www.comercialanma.es\/?product=champagne-pommery-royal-brut-rose-75cl\",\"name\":\"Champagne Pommery Royal Brut Ros\\u00e9 75cl. - Comercial de Hosteleria Anma\",\"isPartOf\":{\"@id\":\"https:\/\/www.comercialanma.es\/#website\"},\"primaryImageOfPage\":{\"@id\":\"https:\/\/www.comercialanma.es\/?product=champagne-pommery-royal-brut-rose-75cl#primaryimage\"},\"datePublished\":\"2019-12-27T14:50:48+00:00\",\"dateModified\":\"2019-12-27T14:54:42+00:00\",\"breadcrumb\":{\"@id\":\"https:\/\/www.comercialanma.es\/?product=champagne-pommery-royal-brut-rose-75cl#breadcrumb\"},\"inLanguage\":\"es\",\"potentialAction\":[{\"@type\":\"ReadAction\",\"target\":[\"https:\/\/www.comercialanma.es\/?product=champagne-pommery-royal-brut-rose-75cl\"]}]},{\"@type\":\"BreadcrumbList\",\"@id\":\"https:\/\/www.comercialanma.es\/?product=champagne-pommery-royal-brut-rose-75cl#breadcrumb\",\"itemListElement\":[{\"@type\":\"ListItem\",\"position\":1,\"item\":{\"@type\":\"WebPage\",\"@id\":\"https:\/\/www.comercialanma.es\/\",\"url\":\"https:\/\/www.comercialanma.es\/\",\"name\":\"Portada\"}},{\"@type\":\"ListItem\",\"position\":2,\"item\":{\"@type\":\"WebPage\",\"@id\":\"https:\/\/www.comercialanma.es\/?page_id=3963\",\"url\":\"https:\/\/www.comercialanma.es\/?page_id=3963\",\"name\":\"Cat\\u00e1logo de Productos\"}},{\"@type\":\"ListItem\",\"position\":3,\"item\":{\"@type\":\"WebPage\",\"@id\":\"https:\/\/www.comercialanma.es\/?product=champagne-pommery-royal-brut-rose-75cl\",\"url\":\"https:\/\/www.comercialanma.es\/?product=champagne-pommery-royal-brut-rose-75cl\",\"name\":\"Champagne Pommery Royal Brut Ros\\u00e9 75cl.\"}}]}]}<\/script>\n<!-- \/ Yoast SEO plugin. -->","_links":{"self":[{"href":"https:\/\/www.comercialanma.es\/index.php?rest_route=\/wp\/v2\/product\/12334"}],"collection":[{"href":"https:\/\/www.comercialanma.es\/index.php?rest_route=\/wp\/v2\/product"}],"about":[{"href":"https:\/\/www.comercialanma.es\/index.php?rest_route=\/wp\/v2\/types\/product"}],"version-history":[{"count":1,"href":"https:\/\/www.comercialanma.es\/index.php?rest_route=\/wp\/v2\/product\/12334\/revisions"}],"predecessor-version":[{"id":12336,"href":"https:\/\/www.comercialanma.es\/index.php?rest_route=\/wp\/v2\/product\/12334\/revisions\/12336"}],"wp:featuredmedia":[{"embeddable":true,"href":"https:\/\/www.comercialanma.es\/index.php?rest_route=\/wp\/v2\/media\/12335"}],"wp:attachment":[{"href":"https:\/\/www.comercialanma.es\/index.php?rest_route=%2Fwp%2Fv2%2Fmedia&parent=12334"}],"curies":[{"name":"wp","href":"https:\/\/api.w.org\/{rel}","templated":true}]}}