
{"id":12346,"date":"2019-12-30T08:33:28","date_gmt":"2019-12-30T07:33:28","guid":{"rendered":"http:\/\/www.comercialanma.es\/?post_type=product&#038;p=12346"},"modified":"2022-11-16T10:47:05","modified_gmt":"2022-11-16T09:47:05","slug":"sangria-lolea-no-3-75cl","status":"publish","type":"product","link":"https:\/\/www.comercialanma.es\/?product=sangria-lolea-no-3-75cl","title":{"rendered":"Sangr\u00eda Lolea N\u00ba 3 75cl."},"content":{"rendered":"<h3>D.O.:<\/h3>\n<ul>\n<li>Sin D.O<\/li>\n<\/ul>\n<h3>Graduaci\u00f3n:<\/h3>\n<ul>\n<li>Graduaci\u00f3n: 8,0% vol.<\/li>\n<\/ul>\n<h3>Variedad:<\/h3>\n<ul>\n<li>Vino blanco frizzante se fusiona con la flor de sa\u00faco y las manzanas silvestres<\/li>\n<\/ul>\n<h3>Nota de Cata:<\/h3>\n<ul>\n<li>Lolea N\u00ba3 es de limpio y brillante color dorado con matices verdosos de fondo que habla de su juventud y nos introduce en un mundo de aromas herbales y frutales, que combianados con los del propio vino, macabeo y chardonnay, recuerda al trabajo en cavas con solera.<\/li>\n<li>Una sangr\u00eda equilibrada y suave para paladares risue\u00f1os cuyo sabor es el de la reduccion del vino, con manzana verde, canela y flor de sa\u00faco, que dan profundida y madurez sin dejar de tener su puto &#8220;l\u00fadico&#8221;.<\/li>\n<li>Todo ello culmina en un sabor \u00e1cido y fresco, ligeramente dulce al principio con una burbuja fina y persistente, un paso en boca agradable y lleno de matices bien conjugados que torna a mas seco dej\u00e1ndonos un recuerdo que te lleva a la frescura y el deleite en aromas bien conjugados.<\/li>\n<\/ul>\n","protected":false},"excerpt":{"rendered":"<section id=\"descriptionTab\">Lolea N.3 es un nuevo concepto de cocktail donde el vino blanco frizzante se fusiona con la flor de sa\u00faco y las manzanas silvestres para conseguir notas frutales y matices secos. Sangr\u00eda de receta artesana realizada con vino blanco de calidad Macabeo y Chardonnay, zumo natural de naranja y lim\u00f3n y un toque de vainilla.<\/section>\n","protected":false},"featured_media":21942,"template":"","meta":{"spay_email":""},"yoast_head":"<!-- This site is optimized with the Yoast SEO plugin v15.9 - https:\/\/yoast.com\/wordpress\/plugins\/seo\/ -->\n<title>Sangr\u00eda Lolea N\u00ba 3 75cl. - Comercial de Hosteleria Anma<\/title>\n<meta name=\"robots\" content=\"index, follow, max-snippet:-1, max-image-preview:large, max-video-preview:-1\" \/>\n<link rel=\"canonical\" href=\"https:\/\/www.comercialanma.es\/?product=sangria-lolea-no-3-75cl\" \/>\n<meta property=\"og:locale\" content=\"es_ES\" \/>\n<meta property=\"og:type\" content=\"article\" \/>\n<meta property=\"og:title\" content=\"Sangr\u00eda Lolea N\u00ba 3 75cl. - Comercial de Hosteleria Anma\" \/>\n<meta property=\"og:description\" content=\"Lolea N.3 es un nuevo concepto de cocktail donde el vino blanco frizzante se fusiona con la flor de sa\u00faco y las manzanas silvestres para conseguir notas frutales y matices secos. Sangr\u00eda de receta artesana realizada con vino blanco de calidad Macabeo y Chardonnay, zumo natural de naranja y lim\u00f3n y un toque de vainilla.\" \/>\n<meta property=\"og:url\" content=\"https:\/\/www.comercialanma.es\/?product=sangria-lolea-no-3-75cl\" \/>\n<meta property=\"og:site_name\" content=\"Comercial de Hosteleria Anma\" \/>\n<meta property=\"article:publisher\" content=\"https:\/\/www.facebook.com\/AnmaHosteleria\" \/>\n<meta property=\"article:modified_time\" content=\"2022-11-16T09:47:05+00:00\" \/>\n<meta property=\"og:image\" content=\"https:\/\/i1.wp.com\/www.comercialanma.es\/wp-content\/uploads\/2019\/12\/LOLEA-N3-2022.jpg?fit=1080%2C1080&#038;ssl=1\" \/>\n\t<meta property=\"og:image:width\" content=\"1080\" \/>\n\t<meta property=\"og:image:height\" content=\"1080\" \/>\n<meta name=\"twitter:card\" content=\"summary_large_image\" \/>\n<meta name=\"twitter:label1\" content=\"Tiempo de lectura\">\n\t<meta name=\"twitter:data1\" content=\"1 minuto\">\n<script type=\"application\/ld+json\" class=\"yoast-schema-graph\">{\"@context\":\"https:\/\/schema.org\",\"@graph\":[{\"@type\":\"Organization\",\"@id\":\"https:\/\/www.comercialanma.es\/#organization\",\"name\":\"Comercial Anma\",\"url\":\"https:\/\/www.comercialanma.es\/\",\"sameAs\":[\"https:\/\/www.facebook.com\/AnmaHosteleria\",\"https:\/\/www.instagram.com\/anmahosteleria\/?hl=es\",\"https:\/\/www.youtube.com\/channel\/UCT2nmn08Ntks0hmpZPnDgCA\"],\"logo\":{\"@type\":\"ImageObject\",\"@id\":\"https:\/\/www.comercialanma.es\/#logo\",\"inLanguage\":\"es\",\"url\":\"https:\/\/i2.wp.com\/www.comercialanma.es\/wp-content\/uploads\/2019\/06\/logo-anma-color.png?fit=247%2C101&ssl=1\",\"width\":247,\"height\":101,\"caption\":\"Comercial Anma\"},\"image\":{\"@id\":\"https:\/\/www.comercialanma.es\/#logo\"}},{\"@type\":\"WebSite\",\"@id\":\"https:\/\/www.comercialanma.es\/#website\",\"url\":\"https:\/\/www.comercialanma.es\/\",\"name\":\"Comercial de Hosteleria Anma\",\"description\":\"\",\"publisher\":{\"@id\":\"https:\/\/www.comercialanma.es\/#organization\"},\"potentialAction\":[{\"@type\":\"SearchAction\",\"target\":\"https:\/\/www.comercialanma.es\/?s={search_term_string}\",\"query-input\":\"required name=search_term_string\"}],\"inLanguage\":\"es\"},{\"@type\":\"ImageObject\",\"@id\":\"https:\/\/www.comercialanma.es\/?product=sangria-lolea-no-3-75cl#primaryimage\",\"inLanguage\":\"es\",\"url\":\"https:\/\/i1.wp.com\/www.comercialanma.es\/wp-content\/uploads\/2019\/12\/LOLEA-N3-2022.jpg?fit=1080%2C1080&ssl=1\",\"width\":1080,\"height\":1080},{\"@type\":\"WebPage\",\"@id\":\"https:\/\/www.comercialanma.es\/?product=sangria-lolea-no-3-75cl#webpage\",\"url\":\"https:\/\/www.comercialanma.es\/?product=sangria-lolea-no-3-75cl\",\"name\":\"Sangr\\u00eda Lolea N\\u00ba 3 75cl. - Comercial de Hosteleria Anma\",\"isPartOf\":{\"@id\":\"https:\/\/www.comercialanma.es\/#website\"},\"primaryImageOfPage\":{\"@id\":\"https:\/\/www.comercialanma.es\/?product=sangria-lolea-no-3-75cl#primaryimage\"},\"datePublished\":\"2019-12-30T07:33:28+00:00\",\"dateModified\":\"2022-11-16T09:47:05+00:00\",\"breadcrumb\":{\"@id\":\"https:\/\/www.comercialanma.es\/?product=sangria-lolea-no-3-75cl#breadcrumb\"},\"inLanguage\":\"es\",\"potentialAction\":[{\"@type\":\"ReadAction\",\"target\":[\"https:\/\/www.comercialanma.es\/?product=sangria-lolea-no-3-75cl\"]}]},{\"@type\":\"BreadcrumbList\",\"@id\":\"https:\/\/www.comercialanma.es\/?product=sangria-lolea-no-3-75cl#breadcrumb\",\"itemListElement\":[{\"@type\":\"ListItem\",\"position\":1,\"item\":{\"@type\":\"WebPage\",\"@id\":\"https:\/\/www.comercialanma.es\/\",\"url\":\"https:\/\/www.comercialanma.es\/\",\"name\":\"Portada\"}},{\"@type\":\"ListItem\",\"position\":2,\"item\":{\"@type\":\"WebPage\",\"@id\":\"https:\/\/www.comercialanma.es\/?page_id=3963\",\"url\":\"https:\/\/www.comercialanma.es\/?page_id=3963\",\"name\":\"Cat\\u00e1logo de Productos\"}},{\"@type\":\"ListItem\",\"position\":3,\"item\":{\"@type\":\"WebPage\",\"@id\":\"https:\/\/www.comercialanma.es\/?product=sangria-lolea-no-3-75cl\",\"url\":\"https:\/\/www.comercialanma.es\/?product=sangria-lolea-no-3-75cl\",\"name\":\"Sangr\\u00eda Lolea N\\u00ba 3 75cl.\"}}]}]}<\/script>\n<!-- \/ Yoast SEO plugin. -->","_links":{"self":[{"href":"https:\/\/www.comercialanma.es\/index.php?rest_route=\/wp\/v2\/product\/12346"}],"collection":[{"href":"https:\/\/www.comercialanma.es\/index.php?rest_route=\/wp\/v2\/product"}],"about":[{"href":"https:\/\/www.comercialanma.es\/index.php?rest_route=\/wp\/v2\/types\/product"}],"version-history":[{"count":3,"href":"https:\/\/www.comercialanma.es\/index.php?rest_route=\/wp\/v2\/product\/12346\/revisions"}],"predecessor-version":[{"id":21944,"href":"https:\/\/www.comercialanma.es\/index.php?rest_route=\/wp\/v2\/product\/12346\/revisions\/21944"}],"wp:featuredmedia":[{"embeddable":true,"href":"https:\/\/www.comercialanma.es\/index.php?rest_route=\/wp\/v2\/media\/21942"}],"wp:attachment":[{"href":"https:\/\/www.comercialanma.es\/index.php?rest_route=%2Fwp%2Fv2%2Fmedia&parent=12346"}],"curies":[{"name":"wp","href":"https:\/\/api.w.org\/{rel}","templated":true}]}}