
{"id":12349,"date":"2019-12-30T08:41:44","date_gmt":"2019-12-30T07:41:44","guid":{"rendered":"http:\/\/www.comercialanma.es\/?post_type=product&#038;p=12349"},"modified":"2019-12-30T08:45:15","modified_gmt":"2019-12-30T07:45:15","slug":"sangria-lolea-no-4-75cl","status":"publish","type":"product","link":"https:\/\/www.comercialanma.es\/?product=sangria-lolea-no-4-75cl","title":{"rendered":"Sangr\u00eda Lolea N\u00ba 4 75cl."},"content":{"rendered":"<h3>D.O.:<\/h3>\n<ul>\n<li>Sin D.O<\/li>\n<\/ul>\n<h3>Graduaci\u00f3n:<\/h3>\n<ul>\n<li>Graduaci\u00f3n: 8,0% vol.<\/li>\n<\/ul>\n<h3>Variedad:<\/h3>\n<ul>\n<li>100% garnacha ecol\u00f3gica.<\/li>\n<\/ul>\n<h3>Nota de Cata:<\/h3>\n<ul>\n<li>Lolea N\u00ba4 con su acidez amable y la ligera estructura t\u00e1nica del vino se complementa con los matices amargos y dulces a la vez del calamond\u00edn (uno de los c\u00edtricos m\u00e1s especiales y perfumados) y con el arrollador aroma del cardamomo utilizado con acertada mesura.<\/li>\n<li>Un carb\u00f3nico sedoso e integrado nos transporta a un final muy largo donde aparece la fruta madura de la uva garnacha org\u00e1nica en plenitud con recuerdos t\u00edpicos de ciruela negra y mora con pinceladas de regaliz.<\/li>\n<\/ul>\n","protected":false},"excerpt":{"rendered":"<section id=\"descriptionTab\">Lolea N\u00ba4 Organic\u00a0es una sangr\u00eda con una 100% garnacha, ecol\u00f3gica, picante y frutal que recuerda a frutos rojos, en combinaci\u00f3n con zumo natural de lim\u00f3n y un toque de cardamomo, sin perder\u00a0el toque frizzante. Para paladares exigentes y perfecta para cocteler\u00eda.<\/section>\n","protected":false},"featured_media":12350,"template":"","meta":{"spay_email":""},"yoast_head":"<!-- This site is optimized with the Yoast SEO plugin v15.9 - https:\/\/yoast.com\/wordpress\/plugins\/seo\/ -->\n<title>Sangr\u00eda Lolea N\u00ba 4 75cl. - Comercial de Hosteleria Anma<\/title>\n<meta name=\"robots\" content=\"index, follow, max-snippet:-1, max-image-preview:large, max-video-preview:-1\" \/>\n<link rel=\"canonical\" href=\"https:\/\/www.comercialanma.es\/?product=sangria-lolea-no-4-75cl\" \/>\n<meta property=\"og:locale\" content=\"es_ES\" \/>\n<meta property=\"og:type\" content=\"article\" \/>\n<meta property=\"og:title\" content=\"Sangr\u00eda Lolea N\u00ba 4 75cl. - Comercial de Hosteleria Anma\" \/>\n<meta property=\"og:description\" content=\"Lolea N\u00ba4 Organic\u00a0es una sangr\u00eda con una 100% garnacha, ecol\u00f3gica, picante y frutal que recuerda a frutos rojos, en combinaci\u00f3n con zumo natural de lim\u00f3n y un toque de cardamomo, sin perder\u00a0el toque frizzante. Para paladares exigentes y perfecta para cocteler\u00eda.\" \/>\n<meta property=\"og:url\" content=\"https:\/\/www.comercialanma.es\/?product=sangria-lolea-no-4-75cl\" \/>\n<meta property=\"og:site_name\" content=\"Comercial de Hosteleria Anma\" \/>\n<meta property=\"article:publisher\" content=\"https:\/\/www.facebook.com\/AnmaHosteleria\" \/>\n<meta property=\"article:modified_time\" content=\"2019-12-30T07:45:15+00:00\" \/>\n<meta property=\"og:image\" content=\"https:\/\/i0.wp.com\/www.comercialanma.es\/wp-content\/uploads\/2019\/12\/Lolea-N4.jpg?fit=1080%2C1080&#038;ssl=1\" \/>\n\t<meta property=\"og:image:width\" content=\"1080\" \/>\n\t<meta property=\"og:image:height\" content=\"1080\" \/>\n<meta name=\"twitter:card\" content=\"summary_large_image\" \/>\n<meta name=\"twitter:label1\" content=\"Tiempo de lectura\">\n\t<meta name=\"twitter:data1\" content=\"1 minuto\">\n<script type=\"application\/ld+json\" class=\"yoast-schema-graph\">{\"@context\":\"https:\/\/schema.org\",\"@graph\":[{\"@type\":\"Organization\",\"@id\":\"https:\/\/www.comercialanma.es\/#organization\",\"name\":\"Comercial Anma\",\"url\":\"https:\/\/www.comercialanma.es\/\",\"sameAs\":[\"https:\/\/www.facebook.com\/AnmaHosteleria\",\"https:\/\/www.instagram.com\/anmahosteleria\/?hl=es\",\"https:\/\/www.youtube.com\/channel\/UCT2nmn08Ntks0hmpZPnDgCA\"],\"logo\":{\"@type\":\"ImageObject\",\"@id\":\"https:\/\/www.comercialanma.es\/#logo\",\"inLanguage\":\"es\",\"url\":\"https:\/\/i2.wp.com\/www.comercialanma.es\/wp-content\/uploads\/2019\/06\/logo-anma-color.png?fit=247%2C101&ssl=1\",\"width\":247,\"height\":101,\"caption\":\"Comercial Anma\"},\"image\":{\"@id\":\"https:\/\/www.comercialanma.es\/#logo\"}},{\"@type\":\"WebSite\",\"@id\":\"https:\/\/www.comercialanma.es\/#website\",\"url\":\"https:\/\/www.comercialanma.es\/\",\"name\":\"Comercial de Hosteleria Anma\",\"description\":\"\",\"publisher\":{\"@id\":\"https:\/\/www.comercialanma.es\/#organization\"},\"potentialAction\":[{\"@type\":\"SearchAction\",\"target\":\"https:\/\/www.comercialanma.es\/?s={search_term_string}\",\"query-input\":\"required name=search_term_string\"}],\"inLanguage\":\"es\"},{\"@type\":\"ImageObject\",\"@id\":\"https:\/\/www.comercialanma.es\/?product=sangria-lolea-no-4-75cl#primaryimage\",\"inLanguage\":\"es\",\"url\":\"https:\/\/i0.wp.com\/www.comercialanma.es\/wp-content\/uploads\/2019\/12\/Lolea-N4.jpg?fit=1080%2C1080&ssl=1\",\"width\":1080,\"height\":1080},{\"@type\":\"WebPage\",\"@id\":\"https:\/\/www.comercialanma.es\/?product=sangria-lolea-no-4-75cl#webpage\",\"url\":\"https:\/\/www.comercialanma.es\/?product=sangria-lolea-no-4-75cl\",\"name\":\"Sangr\\u00eda Lolea N\\u00ba 4 75cl. - Comercial de Hosteleria Anma\",\"isPartOf\":{\"@id\":\"https:\/\/www.comercialanma.es\/#website\"},\"primaryImageOfPage\":{\"@id\":\"https:\/\/www.comercialanma.es\/?product=sangria-lolea-no-4-75cl#primaryimage\"},\"datePublished\":\"2019-12-30T07:41:44+00:00\",\"dateModified\":\"2019-12-30T07:45:15+00:00\",\"breadcrumb\":{\"@id\":\"https:\/\/www.comercialanma.es\/?product=sangria-lolea-no-4-75cl#breadcrumb\"},\"inLanguage\":\"es\",\"potentialAction\":[{\"@type\":\"ReadAction\",\"target\":[\"https:\/\/www.comercialanma.es\/?product=sangria-lolea-no-4-75cl\"]}]},{\"@type\":\"BreadcrumbList\",\"@id\":\"https:\/\/www.comercialanma.es\/?product=sangria-lolea-no-4-75cl#breadcrumb\",\"itemListElement\":[{\"@type\":\"ListItem\",\"position\":1,\"item\":{\"@type\":\"WebPage\",\"@id\":\"https:\/\/www.comercialanma.es\/\",\"url\":\"https:\/\/www.comercialanma.es\/\",\"name\":\"Portada\"}},{\"@type\":\"ListItem\",\"position\":2,\"item\":{\"@type\":\"WebPage\",\"@id\":\"https:\/\/www.comercialanma.es\/?page_id=3963\",\"url\":\"https:\/\/www.comercialanma.es\/?page_id=3963\",\"name\":\"Cat\\u00e1logo de Productos\"}},{\"@type\":\"ListItem\",\"position\":3,\"item\":{\"@type\":\"WebPage\",\"@id\":\"https:\/\/www.comercialanma.es\/?product=sangria-lolea-no-4-75cl\",\"url\":\"https:\/\/www.comercialanma.es\/?product=sangria-lolea-no-4-75cl\",\"name\":\"Sangr\\u00eda Lolea N\\u00ba 4 75cl.\"}}]}]}<\/script>\n<!-- \/ Yoast SEO plugin. -->","_links":{"self":[{"href":"https:\/\/www.comercialanma.es\/index.php?rest_route=\/wp\/v2\/product\/12349"}],"collection":[{"href":"https:\/\/www.comercialanma.es\/index.php?rest_route=\/wp\/v2\/product"}],"about":[{"href":"https:\/\/www.comercialanma.es\/index.php?rest_route=\/wp\/v2\/types\/product"}],"version-history":[{"count":1,"href":"https:\/\/www.comercialanma.es\/index.php?rest_route=\/wp\/v2\/product\/12349\/revisions"}],"predecessor-version":[{"id":12351,"href":"https:\/\/www.comercialanma.es\/index.php?rest_route=\/wp\/v2\/product\/12349\/revisions\/12351"}],"wp:featuredmedia":[{"embeddable":true,"href":"https:\/\/www.comercialanma.es\/index.php?rest_route=\/wp\/v2\/media\/12350"}],"wp:attachment":[{"href":"https:\/\/www.comercialanma.es\/index.php?rest_route=%2Fwp%2Fv2%2Fmedia&parent=12349"}],"curies":[{"name":"wp","href":"https:\/\/api.w.org\/{rel}","templated":true}]}}