
{"id":12477,"date":"2019-12-30T18:03:53","date_gmt":"2019-12-30T17:03:53","guid":{"rendered":"http:\/\/www.comercialanma.es\/?post_type=product&#038;p=12477"},"modified":"2019-12-30T18:04:56","modified_gmt":"2019-12-30T17:04:56","slug":"vino-oporto-bandeira-1l","status":"publish","type":"product","link":"https:\/\/www.comercialanma.es\/?product=vino-oporto-bandeira-1l","title":{"rendered":"Vino Oporto Bandeira 1L."},"content":{"rendered":"<h3>D.O.:<\/h3>\n<ul>\n<li>Oporto.<\/li>\n<\/ul>\n<h3>Variedad:<\/h3>\n<ul>\n<li><span class=\"tlid-translation translation\" lang=\"es\"><span title=\"\"><span class=\"tablaValorContenido\"><span lang=\"es\">Garnacha, Monastrell.<\/span><\/span><\/span><\/span><\/li>\n<\/ul>\n<h3>Graduaci\u00f3n:<\/h3>\n<ul>\n<li>18,0% Vol.<\/li>\n<\/ul>\n<h3>Nota de cata:<\/h3>\n<ul>\n<li>Vista: Bandeira Superior 1L presenta un color rojizo pardo con matices dorados.<\/li>\n<li>Nariz: En la entrada recuerda a pasas y frutos secos, con un final de higos.<\/li>\n<li>Boca: Aterciopado y sutil, pero intenso y con un potente final que recuerda a higos y perdura en la boca.<\/li>\n<\/ul>\n","protected":false},"excerpt":{"rendered":"<div id=\"short_description_content\"><span lang=\"es\">Del coraz\u00f3n de Portugal, Oporto, nos llega este vino generoso multivarietal a base de uvas aut\u00f3ctonas del pa\u00eds: touriga nacional, tinta roriz y touriga francesa. La touriga nacional, una de las m\u00e1s apreciadas en el pa\u00eds portugu\u00e9s, proporciona vinos muy t\u00e1nicos; la tinta roriz -conocida como tempranillo en Espa\u00f1a- produce vinos elegantes que recuerdan a frutos del bosque y la touriga francesa, arom\u00e1tica y ligera, es muy frecuente en la elaboraci\u00f3n de los afamados tintos secos de Oporto.<\/span><\/div>\n","protected":false},"featured_media":12478,"template":"","meta":{"spay_email":""},"yoast_head":"<!-- This site is optimized with the Yoast SEO plugin v15.9 - https:\/\/yoast.com\/wordpress\/plugins\/seo\/ -->\n<title>Vino Oporto Bandeira 1L. - Comercial de Hosteleria Anma<\/title>\n<meta name=\"robots\" content=\"index, follow, max-snippet:-1, max-image-preview:large, max-video-preview:-1\" \/>\n<link rel=\"canonical\" href=\"https:\/\/www.comercialanma.es\/?product=vino-oporto-bandeira-1l\" \/>\n<meta property=\"og:locale\" content=\"es_ES\" \/>\n<meta property=\"og:type\" content=\"article\" \/>\n<meta property=\"og:title\" content=\"Vino Oporto Bandeira 1L. - Comercial de Hosteleria Anma\" \/>\n<meta property=\"og:description\" content=\"Del coraz\u00f3n de Portugal, Oporto, nos llega este vino generoso multivarietal a base de uvas aut\u00f3ctonas del pa\u00eds: touriga nacional, tinta roriz y touriga francesa. La touriga nacional, una de las m\u00e1s apreciadas en el pa\u00eds portugu\u00e9s, proporciona vinos muy t\u00e1nicos; la tinta roriz -conocida como tempranillo en Espa\u00f1a- produce vinos elegantes que recuerdan a frutos del bosque y la touriga francesa, arom\u00e1tica y ligera, es muy frecuente en la elaboraci\u00f3n de los afamados tintos secos de Oporto.\" \/>\n<meta property=\"og:url\" content=\"https:\/\/www.comercialanma.es\/?product=vino-oporto-bandeira-1l\" \/>\n<meta property=\"og:site_name\" content=\"Comercial de Hosteleria Anma\" \/>\n<meta property=\"article:publisher\" content=\"https:\/\/www.facebook.com\/AnmaHosteleria\" \/>\n<meta property=\"article:modified_time\" content=\"2019-12-30T17:04:56+00:00\" \/>\n<meta property=\"og:image\" content=\"https:\/\/i0.wp.com\/www.comercialanma.es\/wp-content\/uploads\/2019\/12\/Bandeira-1L.jpg?fit=1080%2C1080&#038;ssl=1\" \/>\n\t<meta property=\"og:image:width\" content=\"1080\" \/>\n\t<meta property=\"og:image:height\" content=\"1080\" \/>\n<meta name=\"twitter:card\" content=\"summary_large_image\" \/>\n<script type=\"application\/ld+json\" class=\"yoast-schema-graph\">{\"@context\":\"https:\/\/schema.org\",\"@graph\":[{\"@type\":\"Organization\",\"@id\":\"https:\/\/www.comercialanma.es\/#organization\",\"name\":\"Comercial Anma\",\"url\":\"https:\/\/www.comercialanma.es\/\",\"sameAs\":[\"https:\/\/www.facebook.com\/AnmaHosteleria\",\"https:\/\/www.instagram.com\/anmahosteleria\/?hl=es\",\"https:\/\/www.youtube.com\/channel\/UCT2nmn08Ntks0hmpZPnDgCA\"],\"logo\":{\"@type\":\"ImageObject\",\"@id\":\"https:\/\/www.comercialanma.es\/#logo\",\"inLanguage\":\"es\",\"url\":\"https:\/\/i2.wp.com\/www.comercialanma.es\/wp-content\/uploads\/2019\/06\/logo-anma-color.png?fit=247%2C101&ssl=1\",\"width\":247,\"height\":101,\"caption\":\"Comercial Anma\"},\"image\":{\"@id\":\"https:\/\/www.comercialanma.es\/#logo\"}},{\"@type\":\"WebSite\",\"@id\":\"https:\/\/www.comercialanma.es\/#website\",\"url\":\"https:\/\/www.comercialanma.es\/\",\"name\":\"Comercial de Hosteleria Anma\",\"description\":\"\",\"publisher\":{\"@id\":\"https:\/\/www.comercialanma.es\/#organization\"},\"potentialAction\":[{\"@type\":\"SearchAction\",\"target\":\"https:\/\/www.comercialanma.es\/?s={search_term_string}\",\"query-input\":\"required name=search_term_string\"}],\"inLanguage\":\"es\"},{\"@type\":\"ImageObject\",\"@id\":\"https:\/\/www.comercialanma.es\/?product=vino-oporto-bandeira-1l#primaryimage\",\"inLanguage\":\"es\",\"url\":\"https:\/\/i0.wp.com\/www.comercialanma.es\/wp-content\/uploads\/2019\/12\/Bandeira-1L.jpg?fit=1080%2C1080&ssl=1\",\"width\":1080,\"height\":1080},{\"@type\":\"WebPage\",\"@id\":\"https:\/\/www.comercialanma.es\/?product=vino-oporto-bandeira-1l#webpage\",\"url\":\"https:\/\/www.comercialanma.es\/?product=vino-oporto-bandeira-1l\",\"name\":\"Vino Oporto Bandeira 1L. - Comercial de Hosteleria Anma\",\"isPartOf\":{\"@id\":\"https:\/\/www.comercialanma.es\/#website\"},\"primaryImageOfPage\":{\"@id\":\"https:\/\/www.comercialanma.es\/?product=vino-oporto-bandeira-1l#primaryimage\"},\"datePublished\":\"2019-12-30T17:03:53+00:00\",\"dateModified\":\"2019-12-30T17:04:56+00:00\",\"breadcrumb\":{\"@id\":\"https:\/\/www.comercialanma.es\/?product=vino-oporto-bandeira-1l#breadcrumb\"},\"inLanguage\":\"es\",\"potentialAction\":[{\"@type\":\"ReadAction\",\"target\":[\"https:\/\/www.comercialanma.es\/?product=vino-oporto-bandeira-1l\"]}]},{\"@type\":\"BreadcrumbList\",\"@id\":\"https:\/\/www.comercialanma.es\/?product=vino-oporto-bandeira-1l#breadcrumb\",\"itemListElement\":[{\"@type\":\"ListItem\",\"position\":1,\"item\":{\"@type\":\"WebPage\",\"@id\":\"https:\/\/www.comercialanma.es\/\",\"url\":\"https:\/\/www.comercialanma.es\/\",\"name\":\"Portada\"}},{\"@type\":\"ListItem\",\"position\":2,\"item\":{\"@type\":\"WebPage\",\"@id\":\"https:\/\/www.comercialanma.es\/?page_id=3963\",\"url\":\"https:\/\/www.comercialanma.es\/?page_id=3963\",\"name\":\"Cat\\u00e1logo de Productos\"}},{\"@type\":\"ListItem\",\"position\":3,\"item\":{\"@type\":\"WebPage\",\"@id\":\"https:\/\/www.comercialanma.es\/?product=vino-oporto-bandeira-1l\",\"url\":\"https:\/\/www.comercialanma.es\/?product=vino-oporto-bandeira-1l\",\"name\":\"Vino Oporto Bandeira 1L.\"}}]}]}<\/script>\n<!-- \/ Yoast SEO plugin. -->","_links":{"self":[{"href":"https:\/\/www.comercialanma.es\/index.php?rest_route=\/wp\/v2\/product\/12477"}],"collection":[{"href":"https:\/\/www.comercialanma.es\/index.php?rest_route=\/wp\/v2\/product"}],"about":[{"href":"https:\/\/www.comercialanma.es\/index.php?rest_route=\/wp\/v2\/types\/product"}],"version-history":[{"count":1,"href":"https:\/\/www.comercialanma.es\/index.php?rest_route=\/wp\/v2\/product\/12477\/revisions"}],"predecessor-version":[{"id":12479,"href":"https:\/\/www.comercialanma.es\/index.php?rest_route=\/wp\/v2\/product\/12477\/revisions\/12479"}],"wp:featuredmedia":[{"embeddable":true,"href":"https:\/\/www.comercialanma.es\/index.php?rest_route=\/wp\/v2\/media\/12478"}],"wp:attachment":[{"href":"https:\/\/www.comercialanma.es\/index.php?rest_route=%2Fwp%2Fv2%2Fmedia&parent=12477"}],"curies":[{"name":"wp","href":"https:\/\/api.w.org\/{rel}","templated":true}]}}