
{"id":12492,"date":"2019-12-31T09:09:16","date_gmt":"2019-12-31T08:09:16","guid":{"rendered":"http:\/\/www.comercialanma.es\/?post_type=product&#038;p=12492"},"modified":"2019-12-31T09:13:52","modified_gmt":"2019-12-31T08:13:52","slug":"vino-romio-montepulciano-dabruzzo-75cl","status":"publish","type":"product","link":"https:\/\/www.comercialanma.es\/?product=vino-romio-montepulciano-dabruzzo-75cl","title":{"rendered":"Vino Romio Montepulciano d\u00b4Abruzzo 75cl."},"content":{"rendered":"<h3>D.O.:<\/h3>\n<ul>\n<li>Italia<\/li>\n<\/ul>\n<h3>Variedades de uva:<\/h3>\n<ul>\n<li><span class=\"tlid-translation translation\" lang=\"es\"><span title=\"\"><span class=\"tablaValorContenido\">Montepulciano.<br \/>\n<\/span><\/span><\/span><\/li>\n<\/ul>\n<h3>Graduaci\u00f3n:<\/h3>\n<ul>\n<li>Graduaci\u00f3n: 16,0% vol.<\/li>\n<\/ul>\n<h3>Nota de Cata:<\/h3>\n<ul>\n<li>Rojo rub\u00ed de intensidad media, presenta un ribete con marcados reflejos viol\u00e1ceos y buena formaci\u00f3n de l\u00e1grimas.<\/li>\n<li>Aroma t\u00edpicamente frutal: ciruela y grosella.<\/li>\n<li>En boca manifiesta una grata acidez perfectamente en armon\u00eda con su suave astringencia. Es redondo y equilibrado, en el retrogusto resalta su car\u00e1cter frutal con ligeras notas vegetales.<\/li>\n<\/ul>\n<div class=\"tlid-result-transliteration-container result-transliteration-container transliteration-container\">\n<div class=\"tlid-transliteration-content transliteration-content full\"><\/div>\n<\/div>\n","protected":false},"excerpt":{"rendered":"<p><span lang=\"es\"><span title=\"\">Romio es una marca de vino italiano fuertemente posicionada en el sector de los vinos premium. Un conjunto de vinos de alta calidad de las regiones vin\u00edcolas de mayor crecimiento en Italia. Caviro controla cada paso del proceso, desde la vid hasta la estanter\u00eda, a fin de garantizar una calidad constante, su fiabilidad y su trazabilidad.<\/span><\/span><\/p>\n<p>&nbsp;<\/p>\n","protected":false},"featured_media":12493,"template":"","meta":{"spay_email":""},"yoast_head":"<!-- This site is optimized with the Yoast SEO plugin v15.9 - https:\/\/yoast.com\/wordpress\/plugins\/seo\/ -->\n<title>Vino Romio Montepulciano d\u00b4Abruzzo 75cl. - Comercial de Hosteleria Anma<\/title>\n<meta name=\"robots\" content=\"index, follow, max-snippet:-1, max-image-preview:large, max-video-preview:-1\" \/>\n<link rel=\"canonical\" href=\"https:\/\/www.comercialanma.es\/?product=vino-romio-montepulciano-dabruzzo-75cl\" \/>\n<meta property=\"og:locale\" content=\"es_ES\" \/>\n<meta property=\"og:type\" content=\"article\" \/>\n<meta property=\"og:title\" content=\"Vino Romio Montepulciano d\u00b4Abruzzo 75cl. - Comercial de Hosteleria Anma\" \/>\n<meta property=\"og:description\" content=\"Romio es una marca de vino italiano fuertemente posicionada en el sector de los vinos premium. Un conjunto de vinos de alta calidad de las regiones vin\u00edcolas de mayor crecimiento en Italia. Caviro controla cada paso del proceso, desde la vid hasta la estanter\u00eda, a fin de garantizar una calidad constante, su fiabilidad y su trazabilidad.  &nbsp;\" \/>\n<meta property=\"og:url\" content=\"https:\/\/www.comercialanma.es\/?product=vino-romio-montepulciano-dabruzzo-75cl\" \/>\n<meta property=\"og:site_name\" content=\"Comercial de Hosteleria Anma\" \/>\n<meta property=\"article:publisher\" content=\"https:\/\/www.facebook.com\/AnmaHosteleria\" \/>\n<meta property=\"article:modified_time\" content=\"2019-12-31T08:13:52+00:00\" \/>\n<meta property=\"og:image\" content=\"https:\/\/i2.wp.com\/www.comercialanma.es\/wp-content\/uploads\/2019\/12\/Romio-Montepulciano-Abruzzo.jpg?fit=1080%2C1080&#038;ssl=1\" \/>\n\t<meta property=\"og:image:width\" content=\"1080\" \/>\n\t<meta property=\"og:image:height\" content=\"1080\" \/>\n<meta name=\"twitter:card\" content=\"summary_large_image\" \/>\n<script type=\"application\/ld+json\" class=\"yoast-schema-graph\">{\"@context\":\"https:\/\/schema.org\",\"@graph\":[{\"@type\":\"Organization\",\"@id\":\"https:\/\/www.comercialanma.es\/#organization\",\"name\":\"Comercial Anma\",\"url\":\"https:\/\/www.comercialanma.es\/\",\"sameAs\":[\"https:\/\/www.facebook.com\/AnmaHosteleria\",\"https:\/\/www.instagram.com\/anmahosteleria\/?hl=es\",\"https:\/\/www.youtube.com\/channel\/UCT2nmn08Ntks0hmpZPnDgCA\"],\"logo\":{\"@type\":\"ImageObject\",\"@id\":\"https:\/\/www.comercialanma.es\/#logo\",\"inLanguage\":\"es\",\"url\":\"https:\/\/i2.wp.com\/www.comercialanma.es\/wp-content\/uploads\/2019\/06\/logo-anma-color.png?fit=247%2C101&ssl=1\",\"width\":247,\"height\":101,\"caption\":\"Comercial Anma\"},\"image\":{\"@id\":\"https:\/\/www.comercialanma.es\/#logo\"}},{\"@type\":\"WebSite\",\"@id\":\"https:\/\/www.comercialanma.es\/#website\",\"url\":\"https:\/\/www.comercialanma.es\/\",\"name\":\"Comercial de Hosteleria Anma\",\"description\":\"\",\"publisher\":{\"@id\":\"https:\/\/www.comercialanma.es\/#organization\"},\"potentialAction\":[{\"@type\":\"SearchAction\",\"target\":\"https:\/\/www.comercialanma.es\/?s={search_term_string}\",\"query-input\":\"required name=search_term_string\"}],\"inLanguage\":\"es\"},{\"@type\":\"ImageObject\",\"@id\":\"https:\/\/www.comercialanma.es\/?product=vino-romio-montepulciano-dabruzzo-75cl#primaryimage\",\"inLanguage\":\"es\",\"url\":\"https:\/\/i2.wp.com\/www.comercialanma.es\/wp-content\/uploads\/2019\/12\/Romio-Montepulciano-Abruzzo.jpg?fit=1080%2C1080&ssl=1\",\"width\":1080,\"height\":1080},{\"@type\":\"WebPage\",\"@id\":\"https:\/\/www.comercialanma.es\/?product=vino-romio-montepulciano-dabruzzo-75cl#webpage\",\"url\":\"https:\/\/www.comercialanma.es\/?product=vino-romio-montepulciano-dabruzzo-75cl\",\"name\":\"Vino Romio Montepulciano d\\u00b4Abruzzo 75cl. - Comercial de Hosteleria Anma\",\"isPartOf\":{\"@id\":\"https:\/\/www.comercialanma.es\/#website\"},\"primaryImageOfPage\":{\"@id\":\"https:\/\/www.comercialanma.es\/?product=vino-romio-montepulciano-dabruzzo-75cl#primaryimage\"},\"datePublished\":\"2019-12-31T08:09:16+00:00\",\"dateModified\":\"2019-12-31T08:13:52+00:00\",\"breadcrumb\":{\"@id\":\"https:\/\/www.comercialanma.es\/?product=vino-romio-montepulciano-dabruzzo-75cl#breadcrumb\"},\"inLanguage\":\"es\",\"potentialAction\":[{\"@type\":\"ReadAction\",\"target\":[\"https:\/\/www.comercialanma.es\/?product=vino-romio-montepulciano-dabruzzo-75cl\"]}]},{\"@type\":\"BreadcrumbList\",\"@id\":\"https:\/\/www.comercialanma.es\/?product=vino-romio-montepulciano-dabruzzo-75cl#breadcrumb\",\"itemListElement\":[{\"@type\":\"ListItem\",\"position\":1,\"item\":{\"@type\":\"WebPage\",\"@id\":\"https:\/\/www.comercialanma.es\/\",\"url\":\"https:\/\/www.comercialanma.es\/\",\"name\":\"Portada\"}},{\"@type\":\"ListItem\",\"position\":2,\"item\":{\"@type\":\"WebPage\",\"@id\":\"https:\/\/www.comercialanma.es\/?page_id=3963\",\"url\":\"https:\/\/www.comercialanma.es\/?page_id=3963\",\"name\":\"Cat\\u00e1logo de Productos\"}},{\"@type\":\"ListItem\",\"position\":3,\"item\":{\"@type\":\"WebPage\",\"@id\":\"https:\/\/www.comercialanma.es\/?product=vino-romio-montepulciano-dabruzzo-75cl\",\"url\":\"https:\/\/www.comercialanma.es\/?product=vino-romio-montepulciano-dabruzzo-75cl\",\"name\":\"Vino Romio Montepulciano d\\u00b4Abruzzo 75cl.\"}}]}]}<\/script>\n<!-- \/ Yoast SEO plugin. -->","_links":{"self":[{"href":"https:\/\/www.comercialanma.es\/index.php?rest_route=\/wp\/v2\/product\/12492"}],"collection":[{"href":"https:\/\/www.comercialanma.es\/index.php?rest_route=\/wp\/v2\/product"}],"about":[{"href":"https:\/\/www.comercialanma.es\/index.php?rest_route=\/wp\/v2\/types\/product"}],"version-history":[{"count":1,"href":"https:\/\/www.comercialanma.es\/index.php?rest_route=\/wp\/v2\/product\/12492\/revisions"}],"predecessor-version":[{"id":12494,"href":"https:\/\/www.comercialanma.es\/index.php?rest_route=\/wp\/v2\/product\/12492\/revisions\/12494"}],"wp:featuredmedia":[{"embeddable":true,"href":"https:\/\/www.comercialanma.es\/index.php?rest_route=\/wp\/v2\/media\/12493"}],"wp:attachment":[{"href":"https:\/\/www.comercialanma.es\/index.php?rest_route=%2Fwp%2Fv2%2Fmedia&parent=12492"}],"curies":[{"name":"wp","href":"https:\/\/api.w.org\/{rel}","templated":true}]}}