
{"id":12504,"date":"2019-12-31T09:38:52","date_gmt":"2019-12-31T08:38:52","guid":{"rendered":"http:\/\/www.comercialanma.es\/?post_type=product&#038;p=12504"},"modified":"2023-02-20T17:07:33","modified_gmt":"2023-02-20T16:07:33","slug":"vino-hacienda-arinzano-blanco-75cl","status":"publish","type":"product","link":"https:\/\/www.comercialanma.es\/?product=vino-hacienda-arinzano-blanco-75cl","title":{"rendered":"Hacienda Ar\u00ednzano Blanco 75cl."},"content":{"rendered":"<h3>D.O.P:<\/h3>\n<ul>\n<li>Navarra ( Pagos de Ar\u00ednzano )<\/li>\n<\/ul>\n<h3>Variedades de uva:<\/h3>\n<ul>\n<li><span class=\"tlid-translation translation\" lang=\"es\"><span title=\"\"><span class=\"tablaValorContenido\">Chardonnay.<br \/>\n<\/span><\/span><\/span><\/li>\n<\/ul>\n<h3>Graduaci\u00f3n:<\/h3>\n<ul>\n<li>Graduaci\u00f3n: 14,0% vol.<\/li>\n<\/ul>\n<h3>Nota de Cata:<\/h3>\n<div class=\"field\">\n<ul>\n<li class=\"field-item odd \">Vista: Amarillo pajizo torn\u00e1ndose en brillante con bordes verdosos. Vivaz, limpio y cristalino, de intensidad alta.<\/li>\n<li class=\"field-item odd \">Nariz: Intensas notas a frutos c\u00edtricos como el lim\u00f3n y la c\u00e1scara de naranja, con matices de fruta ex\u00f3tica (pera y mango), acompa\u00f1ados de notas dulces de car\u00e1cter bals\u00e1mico como la hierbabuena y la miel, con notas de tostados.<\/li>\n<li class=\"field-item odd \">Boca: Entrada muy amable, glic\u00e9rica y sucurosidad media. Cremoso, fresco y graso, con final persistente y equilibrado.<\/li>\n<\/ul>\n<\/div>\n","protected":false},"excerpt":{"rendered":"<p>El Vino Blanco Hacienda de Ar\u00ednzano es un vino de Pago, est\u00e1 elaborado por la Propiedad de Ar\u00ednzano con la variedad de uva 100% Chardonnay.<\/p>\n","protected":false},"featured_media":22120,"template":"","meta":{"spay_email":""},"yoast_head":"<!-- This site is optimized with the Yoast SEO plugin v15.9 - https:\/\/yoast.com\/wordpress\/plugins\/seo\/ -->\n<title>Hacienda Ar\u00ednzano Blanco 75cl. - Comercial de Hosteleria Anma<\/title>\n<meta name=\"robots\" content=\"index, follow, max-snippet:-1, max-image-preview:large, max-video-preview:-1\" \/>\n<link rel=\"canonical\" href=\"https:\/\/www.comercialanma.es\/?product=vino-hacienda-arinzano-blanco-75cl\" \/>\n<meta property=\"og:locale\" content=\"es_ES\" \/>\n<meta property=\"og:type\" content=\"article\" \/>\n<meta property=\"og:title\" content=\"Hacienda Ar\u00ednzano Blanco 75cl. - Comercial de Hosteleria Anma\" \/>\n<meta property=\"og:description\" content=\"El Vino Blanco Hacienda de Ar\u00ednzano es un vino de Pago, est\u00e1 elaborado por la Propiedad de Ar\u00ednzano con la variedad de uva 100% Chardonnay.\" \/>\n<meta property=\"og:url\" content=\"https:\/\/www.comercialanma.es\/?product=vino-hacienda-arinzano-blanco-75cl\" \/>\n<meta property=\"og:site_name\" content=\"Comercial de Hosteleria Anma\" \/>\n<meta property=\"article:publisher\" content=\"https:\/\/www.facebook.com\/AnmaHosteleria\" \/>\n<meta property=\"article:modified_time\" content=\"2023-02-20T16:07:33+00:00\" \/>\n<meta property=\"og:image\" content=\"https:\/\/i2.wp.com\/www.comercialanma.es\/wp-content\/uploads\/2019\/12\/Hacienda-Arinzano-chardonnay.jpg?fit=1080%2C1080&#038;ssl=1\" \/>\n\t<meta property=\"og:image:width\" content=\"1080\" \/>\n\t<meta property=\"og:image:height\" content=\"1080\" \/>\n<meta name=\"twitter:card\" content=\"summary_large_image\" \/>\n<meta name=\"twitter:label1\" content=\"Tiempo de lectura\">\n\t<meta name=\"twitter:data1\" content=\"1 minuto\">\n<script type=\"application\/ld+json\" class=\"yoast-schema-graph\">{\"@context\":\"https:\/\/schema.org\",\"@graph\":[{\"@type\":\"Organization\",\"@id\":\"https:\/\/www.comercialanma.es\/#organization\",\"name\":\"Comercial Anma\",\"url\":\"https:\/\/www.comercialanma.es\/\",\"sameAs\":[\"https:\/\/www.facebook.com\/AnmaHosteleria\",\"https:\/\/www.instagram.com\/anmahosteleria\/?hl=es\",\"https:\/\/www.youtube.com\/channel\/UCT2nmn08Ntks0hmpZPnDgCA\"],\"logo\":{\"@type\":\"ImageObject\",\"@id\":\"https:\/\/www.comercialanma.es\/#logo\",\"inLanguage\":\"es\",\"url\":\"https:\/\/i2.wp.com\/www.comercialanma.es\/wp-content\/uploads\/2019\/06\/logo-anma-color.png?fit=247%2C101&ssl=1\",\"width\":247,\"height\":101,\"caption\":\"Comercial Anma\"},\"image\":{\"@id\":\"https:\/\/www.comercialanma.es\/#logo\"}},{\"@type\":\"WebSite\",\"@id\":\"https:\/\/www.comercialanma.es\/#website\",\"url\":\"https:\/\/www.comercialanma.es\/\",\"name\":\"Comercial de Hosteleria Anma\",\"description\":\"\",\"publisher\":{\"@id\":\"https:\/\/www.comercialanma.es\/#organization\"},\"potentialAction\":[{\"@type\":\"SearchAction\",\"target\":\"https:\/\/www.comercialanma.es\/?s={search_term_string}\",\"query-input\":\"required name=search_term_string\"}],\"inLanguage\":\"es\"},{\"@type\":\"ImageObject\",\"@id\":\"https:\/\/www.comercialanma.es\/?product=vino-hacienda-arinzano-blanco-75cl#primaryimage\",\"inLanguage\":\"es\",\"url\":\"https:\/\/i2.wp.com\/www.comercialanma.es\/wp-content\/uploads\/2019\/12\/Hacienda-Arinzano-chardonnay.jpg?fit=1080%2C1080&ssl=1\",\"width\":1080,\"height\":1080},{\"@type\":\"WebPage\",\"@id\":\"https:\/\/www.comercialanma.es\/?product=vino-hacienda-arinzano-blanco-75cl#webpage\",\"url\":\"https:\/\/www.comercialanma.es\/?product=vino-hacienda-arinzano-blanco-75cl\",\"name\":\"Hacienda Ar\\u00ednzano Blanco 75cl. - Comercial de Hosteleria Anma\",\"isPartOf\":{\"@id\":\"https:\/\/www.comercialanma.es\/#website\"},\"primaryImageOfPage\":{\"@id\":\"https:\/\/www.comercialanma.es\/?product=vino-hacienda-arinzano-blanco-75cl#primaryimage\"},\"datePublished\":\"2019-12-31T08:38:52+00:00\",\"dateModified\":\"2023-02-20T16:07:33+00:00\",\"breadcrumb\":{\"@id\":\"https:\/\/www.comercialanma.es\/?product=vino-hacienda-arinzano-blanco-75cl#breadcrumb\"},\"inLanguage\":\"es\",\"potentialAction\":[{\"@type\":\"ReadAction\",\"target\":[\"https:\/\/www.comercialanma.es\/?product=vino-hacienda-arinzano-blanco-75cl\"]}]},{\"@type\":\"BreadcrumbList\",\"@id\":\"https:\/\/www.comercialanma.es\/?product=vino-hacienda-arinzano-blanco-75cl#breadcrumb\",\"itemListElement\":[{\"@type\":\"ListItem\",\"position\":1,\"item\":{\"@type\":\"WebPage\",\"@id\":\"https:\/\/www.comercialanma.es\/\",\"url\":\"https:\/\/www.comercialanma.es\/\",\"name\":\"Portada\"}},{\"@type\":\"ListItem\",\"position\":2,\"item\":{\"@type\":\"WebPage\",\"@id\":\"https:\/\/www.comercialanma.es\/?page_id=3963\",\"url\":\"https:\/\/www.comercialanma.es\/?page_id=3963\",\"name\":\"Cat\\u00e1logo de Productos\"}},{\"@type\":\"ListItem\",\"position\":3,\"item\":{\"@type\":\"WebPage\",\"@id\":\"https:\/\/www.comercialanma.es\/?product=vino-hacienda-arinzano-blanco-75cl\",\"url\":\"https:\/\/www.comercialanma.es\/?product=vino-hacienda-arinzano-blanco-75cl\",\"name\":\"Hacienda Ar\\u00ednzano Blanco 75cl.\"}}]}]}<\/script>\n<!-- \/ Yoast SEO plugin. -->","_links":{"self":[{"href":"https:\/\/www.comercialanma.es\/index.php?rest_route=\/wp\/v2\/product\/12504"}],"collection":[{"href":"https:\/\/www.comercialanma.es\/index.php?rest_route=\/wp\/v2\/product"}],"about":[{"href":"https:\/\/www.comercialanma.es\/index.php?rest_route=\/wp\/v2\/types\/product"}],"version-history":[{"count":4,"href":"https:\/\/www.comercialanma.es\/index.php?rest_route=\/wp\/v2\/product\/12504\/revisions"}],"predecessor-version":[{"id":22121,"href":"https:\/\/www.comercialanma.es\/index.php?rest_route=\/wp\/v2\/product\/12504\/revisions\/22121"}],"wp:featuredmedia":[{"embeddable":true,"href":"https:\/\/www.comercialanma.es\/index.php?rest_route=\/wp\/v2\/media\/22120"}],"wp:attachment":[{"href":"https:\/\/www.comercialanma.es\/index.php?rest_route=%2Fwp%2Fv2%2Fmedia&parent=12504"}],"curies":[{"name":"wp","href":"https:\/\/api.w.org\/{rel}","templated":true}]}}