
{"id":12508,"date":"2019-12-31T09:43:48","date_gmt":"2019-12-31T08:43:48","guid":{"rendered":"http:\/\/www.comercialanma.es\/?post_type=product&#038;p=12508"},"modified":"2023-02-20T17:33:30","modified_gmt":"2023-02-20T16:33:30","slug":"vino-hacienda-arinzano-75cl-2","status":"publish","type":"product","link":"https:\/\/www.comercialanma.es\/?product=vino-hacienda-arinzano-75cl-2","title":{"rendered":"Hacienda Ar\u00ednzano Tempranillo 75cl."},"content":{"rendered":"<h3>D.O.P:<\/h3>\n<ul>\n<li>Navarra ( Pagos de Ar\u00ednzano )<\/li>\n<\/ul>\n<h3>Variedades de uva:<\/h3>\n<ul>\n<li><span class=\"tlid-translation translation\" lang=\"es\"><span title=\"\"><span class=\"tablaValorContenido\">Tempranillo, Merlot, Cabernet sauvignon. <\/span><\/span><\/span><\/li>\n<\/ul>\n<h3>Graduaci\u00f3n:<\/h3>\n<ul>\n<li>Graduaci\u00f3n: 14,5% vol.<\/li>\n<\/ul>\n<h3>Nota de Cata:<\/h3>\n<div class=\"field\">\n<ul>\n<li class=\"field-item odd \">Vista: Rojo granate brillante con reflejos rub\u00ed.<\/li>\n<li class=\"field-item odd \">Nariz: Intenso con notas de fruta fresca, crema pastelera, bals\u00e1mico mentolado, especias, notas de canela, ahumados, caf\u00e9 tostado.<\/li>\n<li class=\"field-item odd \">Boca: Intenso, con gran expresi\u00f3n, volumen, larga persistencia y equilibrado. Taninos dulces dulces y maduros. Recuerdos a fruta confitada. Final sedoso y elegante.<\/li>\n<\/ul>\n<\/div>\n","protected":false},"excerpt":{"rendered":"<p>El Vino Tinto Hacienda de Ar\u00ednzano es un vino de Pago, est\u00e1 elaborado por la Propiedad de Ar\u00ednzano con la variedades de uva Tempranillo 85%, Merlot 10% y Cabernet Sauvignon 5%.<\/p>\n<p>La Propiedad de Ar\u00ednzano se encuentra en el noroeste de Espa\u00f1a, entre La Rioja y Burdeos. Destaca la exclusividad de su terru\u00f1o, su historia, arte y entorno adem\u00e1s de su gran capacidad para producir vinos con un car\u00e1cter singular y de m\u00e1xima calidad.<\/p>\n","protected":false},"featured_media":22126,"template":"","meta":{"spay_email":""},"yoast_head":"<!-- This site is optimized with the Yoast SEO plugin v15.9 - https:\/\/yoast.com\/wordpress\/plugins\/seo\/ -->\n<title>Hacienda Ar\u00ednzano Tempranillo 75cl. - Comercial de Hosteleria Anma<\/title>\n<meta name=\"robots\" content=\"index, follow, max-snippet:-1, max-image-preview:large, max-video-preview:-1\" \/>\n<link rel=\"canonical\" href=\"https:\/\/www.comercialanma.es\/?product=vino-hacienda-arinzano-75cl-2\" \/>\n<meta property=\"og:locale\" content=\"es_ES\" \/>\n<meta property=\"og:type\" content=\"article\" \/>\n<meta property=\"og:title\" content=\"Hacienda Ar\u00ednzano Tempranillo 75cl. - Comercial de Hosteleria Anma\" \/>\n<meta property=\"og:description\" content=\"El Vino Tinto Hacienda de Ar\u00ednzano es un vino de Pago, est\u00e1 elaborado por la Propiedad de Ar\u00ednzano con la variedades de uva Tempranillo 85%, Merlot 10% y Cabernet Sauvignon 5%.  La Propiedad de Ar\u00ednzano se encuentra en el noroeste de Espa\u00f1a, entre La Rioja y Burdeos. Destaca la exclusividad de su terru\u00f1o, su historia, arte y entorno adem\u00e1s de su gran capacidad para producir vinos con un car\u00e1cter singular y de m\u00e1xima calidad.\" \/>\n<meta property=\"og:url\" content=\"https:\/\/www.comercialanma.es\/?product=vino-hacienda-arinzano-75cl-2\" \/>\n<meta property=\"og:site_name\" content=\"Comercial de Hosteleria Anma\" \/>\n<meta property=\"article:publisher\" content=\"https:\/\/www.facebook.com\/AnmaHosteleria\" \/>\n<meta property=\"article:modified_time\" content=\"2023-02-20T16:33:30+00:00\" \/>\n<meta property=\"og:image\" content=\"https:\/\/i0.wp.com\/www.comercialanma.es\/wp-content\/uploads\/2019\/12\/Hacienda-Arinzano-Tempranillo.jpg?fit=1080%2C1080&#038;ssl=1\" \/>\n\t<meta property=\"og:image:width\" content=\"1080\" \/>\n\t<meta property=\"og:image:height\" content=\"1080\" \/>\n<meta name=\"twitter:card\" content=\"summary_large_image\" \/>\n<script type=\"application\/ld+json\" class=\"yoast-schema-graph\">{\"@context\":\"https:\/\/schema.org\",\"@graph\":[{\"@type\":\"Organization\",\"@id\":\"https:\/\/www.comercialanma.es\/#organization\",\"name\":\"Comercial Anma\",\"url\":\"https:\/\/www.comercialanma.es\/\",\"sameAs\":[\"https:\/\/www.facebook.com\/AnmaHosteleria\",\"https:\/\/www.instagram.com\/anmahosteleria\/?hl=es\",\"https:\/\/www.youtube.com\/channel\/UCT2nmn08Ntks0hmpZPnDgCA\"],\"logo\":{\"@type\":\"ImageObject\",\"@id\":\"https:\/\/www.comercialanma.es\/#logo\",\"inLanguage\":\"es\",\"url\":\"https:\/\/i2.wp.com\/www.comercialanma.es\/wp-content\/uploads\/2019\/06\/logo-anma-color.png?fit=247%2C101&ssl=1\",\"width\":247,\"height\":101,\"caption\":\"Comercial Anma\"},\"image\":{\"@id\":\"https:\/\/www.comercialanma.es\/#logo\"}},{\"@type\":\"WebSite\",\"@id\":\"https:\/\/www.comercialanma.es\/#website\",\"url\":\"https:\/\/www.comercialanma.es\/\",\"name\":\"Comercial de Hosteleria Anma\",\"description\":\"\",\"publisher\":{\"@id\":\"https:\/\/www.comercialanma.es\/#organization\"},\"potentialAction\":[{\"@type\":\"SearchAction\",\"target\":\"https:\/\/www.comercialanma.es\/?s={search_term_string}\",\"query-input\":\"required name=search_term_string\"}],\"inLanguage\":\"es\"},{\"@type\":\"ImageObject\",\"@id\":\"https:\/\/www.comercialanma.es\/?product=vino-hacienda-arinzano-75cl-2#primaryimage\",\"inLanguage\":\"es\",\"url\":\"https:\/\/i0.wp.com\/www.comercialanma.es\/wp-content\/uploads\/2019\/12\/Hacienda-Arinzano-Tempranillo.jpg?fit=1080%2C1080&ssl=1\",\"width\":1080,\"height\":1080},{\"@type\":\"WebPage\",\"@id\":\"https:\/\/www.comercialanma.es\/?product=vino-hacienda-arinzano-75cl-2#webpage\",\"url\":\"https:\/\/www.comercialanma.es\/?product=vino-hacienda-arinzano-75cl-2\",\"name\":\"Hacienda Ar\\u00ednzano Tempranillo 75cl. - Comercial de Hosteleria Anma\",\"isPartOf\":{\"@id\":\"https:\/\/www.comercialanma.es\/#website\"},\"primaryImageOfPage\":{\"@id\":\"https:\/\/www.comercialanma.es\/?product=vino-hacienda-arinzano-75cl-2#primaryimage\"},\"datePublished\":\"2019-12-31T08:43:48+00:00\",\"dateModified\":\"2023-02-20T16:33:30+00:00\",\"breadcrumb\":{\"@id\":\"https:\/\/www.comercialanma.es\/?product=vino-hacienda-arinzano-75cl-2#breadcrumb\"},\"inLanguage\":\"es\",\"potentialAction\":[{\"@type\":\"ReadAction\",\"target\":[\"https:\/\/www.comercialanma.es\/?product=vino-hacienda-arinzano-75cl-2\"]}]},{\"@type\":\"BreadcrumbList\",\"@id\":\"https:\/\/www.comercialanma.es\/?product=vino-hacienda-arinzano-75cl-2#breadcrumb\",\"itemListElement\":[{\"@type\":\"ListItem\",\"position\":1,\"item\":{\"@type\":\"WebPage\",\"@id\":\"https:\/\/www.comercialanma.es\/\",\"url\":\"https:\/\/www.comercialanma.es\/\",\"name\":\"Portada\"}},{\"@type\":\"ListItem\",\"position\":2,\"item\":{\"@type\":\"WebPage\",\"@id\":\"https:\/\/www.comercialanma.es\/?page_id=3963\",\"url\":\"https:\/\/www.comercialanma.es\/?page_id=3963\",\"name\":\"Cat\\u00e1logo de Productos\"}},{\"@type\":\"ListItem\",\"position\":3,\"item\":{\"@type\":\"WebPage\",\"@id\":\"https:\/\/www.comercialanma.es\/?product=vino-hacienda-arinzano-75cl-2\",\"url\":\"https:\/\/www.comercialanma.es\/?product=vino-hacienda-arinzano-75cl-2\",\"name\":\"Hacienda Ar\\u00ednzano Tempranillo 75cl.\"}}]}]}<\/script>\n<!-- \/ Yoast SEO plugin. -->","_links":{"self":[{"href":"https:\/\/www.comercialanma.es\/index.php?rest_route=\/wp\/v2\/product\/12508"}],"collection":[{"href":"https:\/\/www.comercialanma.es\/index.php?rest_route=\/wp\/v2\/product"}],"about":[{"href":"https:\/\/www.comercialanma.es\/index.php?rest_route=\/wp\/v2\/types\/product"}],"version-history":[{"count":5,"href":"https:\/\/www.comercialanma.es\/index.php?rest_route=\/wp\/v2\/product\/12508\/revisions"}],"predecessor-version":[{"id":22127,"href":"https:\/\/www.comercialanma.es\/index.php?rest_route=\/wp\/v2\/product\/12508\/revisions\/22127"}],"wp:featuredmedia":[{"embeddable":true,"href":"https:\/\/www.comercialanma.es\/index.php?rest_route=\/wp\/v2\/media\/22126"}],"wp:attachment":[{"href":"https:\/\/www.comercialanma.es\/index.php?rest_route=%2Fwp%2Fv2%2Fmedia&parent=12508"}],"curies":[{"name":"wp","href":"https:\/\/api.w.org\/{rel}","templated":true}]}}