
{"id":12539,"date":"2019-12-31T10:49:41","date_gmt":"2019-12-31T09:49:41","guid":{"rendered":"http:\/\/www.comercialanma.es\/?post_type=product&#038;p=12539"},"modified":"2019-12-31T10:51:53","modified_gmt":"2019-12-31T09:51:53","slug":"vino-marques-de-grinon-petit-verdot-75cl","status":"publish","type":"product","link":"https:\/\/www.comercialanma.es\/?product=vino-marques-de-grinon-petit-verdot-75cl","title":{"rendered":"Vino Marqu\u00e9s de Gri\u00f1\u00f3n Petit Verdot 75cl."},"content":{"rendered":"<h3>D.O.P:<\/h3>\n<ul>\n<li>Castilla La Mancha- Toledo ( Dominio de Valdepusa )<\/li>\n<\/ul>\n<h3>Variedades de uva:<\/h3>\n<ul>\n<li><span class=\"tlid-translation translation\" lang=\"es\"><span title=\"\"><span class=\"tablaValorContenido\"> Petit Verdot.<\/span><\/span><\/span><\/li>\n<\/ul>\n<h3>Graduaci\u00f3n:<\/h3>\n<ul>\n<li>Graduaci\u00f3n: 14,5% vol.<\/li>\n<\/ul>\n<h3>Nota de Cata:<\/h3>\n<div class=\"field\">\n<ul>\n<li class=\"field-item odd \">Vista: Color rojo rubi\u0301 de capa alta.<\/li>\n<li class=\"field-item odd \">Nariz: Intenso aroma a fruta roja de bosque y a especias, canela, tabaco y chocolate.<\/li>\n<li class=\"field-item odd \">Boca: En boca es carnoso y aterciopelado, estructurado y potente.<\/li>\n<\/ul>\n<\/div>\n","protected":false},"excerpt":{"rendered":"<p>Marqu\u00e9s de Gri\u00f1\u00f3n Petit verdot es la referencia indiscutible de esta variedad originaria de Burdeos. Se encuentra entre los monovarietales m\u00e1s pioneros de Petit verdot que se elaboran en Espa\u00f1a. Procede de las 9 hect\u00e1reas de esta variedad que Marqu\u00e9s de Gri\u00f1\u00f3n Family Estates tiene plantadas desde hace d\u00e9cadas. Su frescura, elegancia y capacidad de envejecimiento lo convierten en un vino especial que merece la pena conocer.<\/p>\n","protected":false},"featured_media":12538,"template":"","meta":{"spay_email":""},"yoast_head":"<!-- This site is optimized with the Yoast SEO plugin v15.9 - https:\/\/yoast.com\/wordpress\/plugins\/seo\/ -->\n<title>Vino Marqu\u00e9s de Gri\u00f1\u00f3n Petit Verdot 75cl. - Comercial de Hosteleria Anma<\/title>\n<meta name=\"robots\" content=\"index, follow, max-snippet:-1, max-image-preview:large, max-video-preview:-1\" \/>\n<link rel=\"canonical\" href=\"https:\/\/www.comercialanma.es\/?product=vino-marques-de-grinon-petit-verdot-75cl\" \/>\n<meta property=\"og:locale\" content=\"es_ES\" \/>\n<meta property=\"og:type\" content=\"article\" \/>\n<meta property=\"og:title\" content=\"Vino Marqu\u00e9s de Gri\u00f1\u00f3n Petit Verdot 75cl. - Comercial de Hosteleria Anma\" \/>\n<meta property=\"og:description\" content=\"Marqu\u00e9s de Gri\u00f1\u00f3n Petit verdot es la referencia indiscutible de esta variedad originaria de Burdeos. Se encuentra entre los monovarietales m\u00e1s pioneros de Petit verdot que se elaboran en Espa\u00f1a. Procede de las 9 hect\u00e1reas de esta variedad que Marqu\u00e9s de Gri\u00f1\u00f3n Family Estates tiene plantadas desde hace d\u00e9cadas. Su frescura, elegancia y capacidad de envejecimiento lo convierten en un vino especial que merece la pena conocer.\" \/>\n<meta property=\"og:url\" content=\"https:\/\/www.comercialanma.es\/?product=vino-marques-de-grinon-petit-verdot-75cl\" \/>\n<meta property=\"og:site_name\" content=\"Comercial de Hosteleria Anma\" \/>\n<meta property=\"article:publisher\" content=\"https:\/\/www.facebook.com\/AnmaHosteleria\" \/>\n<meta property=\"article:modified_time\" content=\"2019-12-31T09:51:53+00:00\" \/>\n<meta property=\"og:image\" content=\"https:\/\/i2.wp.com\/www.comercialanma.es\/wp-content\/uploads\/2019\/12\/Marques-Grin\u0303on-Petit-Verdot.jpg?fit=1080%2C1080&#038;ssl=1\" \/>\n\t<meta property=\"og:image:width\" content=\"1080\" \/>\n\t<meta property=\"og:image:height\" content=\"1080\" \/>\n<meta name=\"twitter:card\" content=\"summary_large_image\" \/>\n<script type=\"application\/ld+json\" class=\"yoast-schema-graph\">{\"@context\":\"https:\/\/schema.org\",\"@graph\":[{\"@type\":\"Organization\",\"@id\":\"https:\/\/www.comercialanma.es\/#organization\",\"name\":\"Comercial Anma\",\"url\":\"https:\/\/www.comercialanma.es\/\",\"sameAs\":[\"https:\/\/www.facebook.com\/AnmaHosteleria\",\"https:\/\/www.instagram.com\/anmahosteleria\/?hl=es\",\"https:\/\/www.youtube.com\/channel\/UCT2nmn08Ntks0hmpZPnDgCA\"],\"logo\":{\"@type\":\"ImageObject\",\"@id\":\"https:\/\/www.comercialanma.es\/#logo\",\"inLanguage\":\"es\",\"url\":\"https:\/\/i2.wp.com\/www.comercialanma.es\/wp-content\/uploads\/2019\/06\/logo-anma-color.png?fit=247%2C101&ssl=1\",\"width\":247,\"height\":101,\"caption\":\"Comercial Anma\"},\"image\":{\"@id\":\"https:\/\/www.comercialanma.es\/#logo\"}},{\"@type\":\"WebSite\",\"@id\":\"https:\/\/www.comercialanma.es\/#website\",\"url\":\"https:\/\/www.comercialanma.es\/\",\"name\":\"Comercial de Hosteleria Anma\",\"description\":\"\",\"publisher\":{\"@id\":\"https:\/\/www.comercialanma.es\/#organization\"},\"potentialAction\":[{\"@type\":\"SearchAction\",\"target\":\"https:\/\/www.comercialanma.es\/?s={search_term_string}\",\"query-input\":\"required name=search_term_string\"}],\"inLanguage\":\"es\"},{\"@type\":\"ImageObject\",\"@id\":\"https:\/\/www.comercialanma.es\/?product=vino-marques-de-grinon-petit-verdot-75cl#primaryimage\",\"inLanguage\":\"es\",\"url\":\"https:\/\/i2.wp.com\/www.comercialanma.es\/wp-content\/uploads\/2019\/12\/Marques-Grin\\u0303on-Petit-Verdot.jpg?fit=1080%2C1080&ssl=1\",\"width\":1080,\"height\":1080},{\"@type\":\"WebPage\",\"@id\":\"https:\/\/www.comercialanma.es\/?product=vino-marques-de-grinon-petit-verdot-75cl#webpage\",\"url\":\"https:\/\/www.comercialanma.es\/?product=vino-marques-de-grinon-petit-verdot-75cl\",\"name\":\"Vino Marqu\\u00e9s de Gri\\u00f1\\u00f3n Petit Verdot 75cl. - Comercial de Hosteleria Anma\",\"isPartOf\":{\"@id\":\"https:\/\/www.comercialanma.es\/#website\"},\"primaryImageOfPage\":{\"@id\":\"https:\/\/www.comercialanma.es\/?product=vino-marques-de-grinon-petit-verdot-75cl#primaryimage\"},\"datePublished\":\"2019-12-31T09:49:41+00:00\",\"dateModified\":\"2019-12-31T09:51:53+00:00\",\"breadcrumb\":{\"@id\":\"https:\/\/www.comercialanma.es\/?product=vino-marques-de-grinon-petit-verdot-75cl#breadcrumb\"},\"inLanguage\":\"es\",\"potentialAction\":[{\"@type\":\"ReadAction\",\"target\":[\"https:\/\/www.comercialanma.es\/?product=vino-marques-de-grinon-petit-verdot-75cl\"]}]},{\"@type\":\"BreadcrumbList\",\"@id\":\"https:\/\/www.comercialanma.es\/?product=vino-marques-de-grinon-petit-verdot-75cl#breadcrumb\",\"itemListElement\":[{\"@type\":\"ListItem\",\"position\":1,\"item\":{\"@type\":\"WebPage\",\"@id\":\"https:\/\/www.comercialanma.es\/\",\"url\":\"https:\/\/www.comercialanma.es\/\",\"name\":\"Portada\"}},{\"@type\":\"ListItem\",\"position\":2,\"item\":{\"@type\":\"WebPage\",\"@id\":\"https:\/\/www.comercialanma.es\/?page_id=3963\",\"url\":\"https:\/\/www.comercialanma.es\/?page_id=3963\",\"name\":\"Cat\\u00e1logo de Productos\"}},{\"@type\":\"ListItem\",\"position\":3,\"item\":{\"@type\":\"WebPage\",\"@id\":\"https:\/\/www.comercialanma.es\/?product=vino-marques-de-grinon-petit-verdot-75cl\",\"url\":\"https:\/\/www.comercialanma.es\/?product=vino-marques-de-grinon-petit-verdot-75cl\",\"name\":\"Vino Marqu\\u00e9s de Gri\\u00f1\\u00f3n Petit Verdot 75cl.\"}}]}]}<\/script>\n<!-- \/ Yoast SEO plugin. -->","_links":{"self":[{"href":"https:\/\/www.comercialanma.es\/index.php?rest_route=\/wp\/v2\/product\/12539"}],"collection":[{"href":"https:\/\/www.comercialanma.es\/index.php?rest_route=\/wp\/v2\/product"}],"about":[{"href":"https:\/\/www.comercialanma.es\/index.php?rest_route=\/wp\/v2\/types\/product"}],"version-history":[{"count":1,"href":"https:\/\/www.comercialanma.es\/index.php?rest_route=\/wp\/v2\/product\/12539\/revisions"}],"predecessor-version":[{"id":12540,"href":"https:\/\/www.comercialanma.es\/index.php?rest_route=\/wp\/v2\/product\/12539\/revisions\/12540"}],"wp:featuredmedia":[{"embeddable":true,"href":"https:\/\/www.comercialanma.es\/index.php?rest_route=\/wp\/v2\/media\/12538"}],"wp:attachment":[{"href":"https:\/\/www.comercialanma.es\/index.php?rest_route=%2Fwp%2Fv2%2Fmedia&parent=12539"}],"curies":[{"name":"wp","href":"https:\/\/api.w.org\/{rel}","templated":true}]}}