
{"id":12541,"date":"2019-12-31T10:52:23","date_gmt":"2019-12-31T09:52:23","guid":{"rendered":"http:\/\/www.comercialanma.es\/?post_type=product&#038;p=12541"},"modified":"2021-09-14T10:39:57","modified_gmt":"2021-09-14T08:39:57","slug":"vino-marques-de-grinon-graciano-75cl","status":"publish","type":"product","link":"https:\/\/www.comercialanma.es\/?product=vino-marques-de-grinon-graciano-75cl","title":{"rendered":"Vino Marqu\u00e9s de Gri\u00f1\u00f3n Graciano 75cl."},"content":{"rendered":"<h3>D.O.P:<\/h3>\n<ul>\n<li>Castilla La Mancha- Toledo ( Dominio de Valdepusa )<\/li>\n<\/ul>\n<h3>Variedades de uva:<\/h3>\n<ul>\n<li><span class=\"tlid-translation translation\" lang=\"es\"><span title=\"\"><span class=\"tablaValorContenido\"> Graciano.<\/span><\/span><\/span><\/li>\n<\/ul>\n<h3>Graduaci\u00f3n:<\/h3>\n<ul>\n<li>Graduaci\u00f3n: 15,0% vol.<\/li>\n<\/ul>\n<h3>Nota de Cata:<\/h3>\n<div>\n<ul>\n<li>Vista: Color rojo picota intenso, muy bien cubierto de capa, propio de un vino de larga vida.<\/li>\n<li>Nariz: Aromas complejos, combinando sabiamente la fruta bien madura y las notas especiadas, bals\u00e1micas y florales (violetas).<\/li>\n<li>Boca: En boca es potente, bien equilibrado y sabroso, sedoso, de suave acidez y abundancia de taninos maduros, que dan un paso en boca carnoso y aterciopelado.<\/li>\n<\/ul>\n<\/div>\n","protected":false},"excerpt":{"rendered":"<p>Segunda a\u00f1ada de un vino procedente de uno de los primeros\u00a0vi\u00f1edos plantados con Graciano en Castilla-La Mancha. Trabajado con el objetivo de obtener la m\u00e1xima expresi\u00f3n del terru\u00f1o de Dominio de Valdepusa, en \u00e9l se han utilizado m\u00e9todos que priorizan el equilibrio ecol\u00f3gico. El trabajo en bodega, de m\u00ednima intervenci\u00f3n, da lugar a un vino atractivo, aterciopelado y muy pulido, con un largo potencial de guarda\u00a0y capaz de realzar platos como el at\u00fan rojo.<\/p>\n","protected":false},"featured_media":12542,"template":"","meta":{"spay_email":""},"yoast_head":"<!-- This site is optimized with the Yoast SEO plugin v15.9 - https:\/\/yoast.com\/wordpress\/plugins\/seo\/ -->\n<title>Vino Marqu\u00e9s de Gri\u00f1\u00f3n Graciano 75cl. - Comercial de Hosteleria Anma<\/title>\n<meta name=\"robots\" content=\"index, follow, max-snippet:-1, max-image-preview:large, max-video-preview:-1\" \/>\n<link rel=\"canonical\" href=\"https:\/\/www.comercialanma.es\/?product=vino-marques-de-grinon-graciano-75cl\" \/>\n<meta property=\"og:locale\" content=\"es_ES\" \/>\n<meta property=\"og:type\" content=\"article\" \/>\n<meta property=\"og:title\" content=\"Vino Marqu\u00e9s de Gri\u00f1\u00f3n Graciano 75cl. - Comercial de Hosteleria Anma\" \/>\n<meta property=\"og:description\" content=\"Segunda a\u00f1ada de un vino procedente de uno de los primeros\u00a0vi\u00f1edos plantados con Graciano en Castilla-La Mancha. Trabajado con el objetivo de obtener la m\u00e1xima expresi\u00f3n del terru\u00f1o de Dominio de Valdepusa, en \u00e9l se han utilizado m\u00e9todos que priorizan el equilibrio ecol\u00f3gico. El trabajo en bodega, de m\u00ednima intervenci\u00f3n, da lugar a un vino atractivo, aterciopelado y muy pulido, con un largo potencial de guarda\u00a0y capaz de realzar platos como el at\u00fan rojo.\" \/>\n<meta property=\"og:url\" content=\"https:\/\/www.comercialanma.es\/?product=vino-marques-de-grinon-graciano-75cl\" \/>\n<meta property=\"og:site_name\" content=\"Comercial de Hosteleria Anma\" \/>\n<meta property=\"article:publisher\" content=\"https:\/\/www.facebook.com\/AnmaHosteleria\" \/>\n<meta property=\"article:modified_time\" content=\"2021-09-14T08:39:57+00:00\" \/>\n<meta property=\"og:image\" content=\"https:\/\/i2.wp.com\/www.comercialanma.es\/wp-content\/uploads\/2019\/12\/Marques-de-Grin\u0303on-Graciano.jpg?fit=1080%2C1080&#038;ssl=1\" \/>\n\t<meta property=\"og:image:width\" content=\"1080\" \/>\n\t<meta property=\"og:image:height\" content=\"1080\" \/>\n<meta name=\"twitter:card\" content=\"summary_large_image\" \/>\n<script type=\"application\/ld+json\" class=\"yoast-schema-graph\">{\"@context\":\"https:\/\/schema.org\",\"@graph\":[{\"@type\":\"Organization\",\"@id\":\"https:\/\/www.comercialanma.es\/#organization\",\"name\":\"Comercial Anma\",\"url\":\"https:\/\/www.comercialanma.es\/\",\"sameAs\":[\"https:\/\/www.facebook.com\/AnmaHosteleria\",\"https:\/\/www.instagram.com\/anmahosteleria\/?hl=es\",\"https:\/\/www.youtube.com\/channel\/UCT2nmn08Ntks0hmpZPnDgCA\"],\"logo\":{\"@type\":\"ImageObject\",\"@id\":\"https:\/\/www.comercialanma.es\/#logo\",\"inLanguage\":\"es\",\"url\":\"https:\/\/i2.wp.com\/www.comercialanma.es\/wp-content\/uploads\/2019\/06\/logo-anma-color.png?fit=247%2C101&ssl=1\",\"width\":247,\"height\":101,\"caption\":\"Comercial Anma\"},\"image\":{\"@id\":\"https:\/\/www.comercialanma.es\/#logo\"}},{\"@type\":\"WebSite\",\"@id\":\"https:\/\/www.comercialanma.es\/#website\",\"url\":\"https:\/\/www.comercialanma.es\/\",\"name\":\"Comercial de Hosteleria Anma\",\"description\":\"\",\"publisher\":{\"@id\":\"https:\/\/www.comercialanma.es\/#organization\"},\"potentialAction\":[{\"@type\":\"SearchAction\",\"target\":\"https:\/\/www.comercialanma.es\/?s={search_term_string}\",\"query-input\":\"required name=search_term_string\"}],\"inLanguage\":\"es\"},{\"@type\":\"ImageObject\",\"@id\":\"https:\/\/www.comercialanma.es\/?product=vino-marques-de-grinon-graciano-75cl#primaryimage\",\"inLanguage\":\"es\",\"url\":\"https:\/\/i2.wp.com\/www.comercialanma.es\/wp-content\/uploads\/2019\/12\/Marques-de-Grin\\u0303on-Graciano.jpg?fit=1080%2C1080&ssl=1\",\"width\":1080,\"height\":1080},{\"@type\":\"WebPage\",\"@id\":\"https:\/\/www.comercialanma.es\/?product=vino-marques-de-grinon-graciano-75cl#webpage\",\"url\":\"https:\/\/www.comercialanma.es\/?product=vino-marques-de-grinon-graciano-75cl\",\"name\":\"Vino Marqu\\u00e9s de Gri\\u00f1\\u00f3n Graciano 75cl. - Comercial de Hosteleria Anma\",\"isPartOf\":{\"@id\":\"https:\/\/www.comercialanma.es\/#website\"},\"primaryImageOfPage\":{\"@id\":\"https:\/\/www.comercialanma.es\/?product=vino-marques-de-grinon-graciano-75cl#primaryimage\"},\"datePublished\":\"2019-12-31T09:52:23+00:00\",\"dateModified\":\"2021-09-14T08:39:57+00:00\",\"breadcrumb\":{\"@id\":\"https:\/\/www.comercialanma.es\/?product=vino-marques-de-grinon-graciano-75cl#breadcrumb\"},\"inLanguage\":\"es\",\"potentialAction\":[{\"@type\":\"ReadAction\",\"target\":[\"https:\/\/www.comercialanma.es\/?product=vino-marques-de-grinon-graciano-75cl\"]}]},{\"@type\":\"BreadcrumbList\",\"@id\":\"https:\/\/www.comercialanma.es\/?product=vino-marques-de-grinon-graciano-75cl#breadcrumb\",\"itemListElement\":[{\"@type\":\"ListItem\",\"position\":1,\"item\":{\"@type\":\"WebPage\",\"@id\":\"https:\/\/www.comercialanma.es\/\",\"url\":\"https:\/\/www.comercialanma.es\/\",\"name\":\"Portada\"}},{\"@type\":\"ListItem\",\"position\":2,\"item\":{\"@type\":\"WebPage\",\"@id\":\"https:\/\/www.comercialanma.es\/?page_id=3963\",\"url\":\"https:\/\/www.comercialanma.es\/?page_id=3963\",\"name\":\"Cat\\u00e1logo de Productos\"}},{\"@type\":\"ListItem\",\"position\":3,\"item\":{\"@type\":\"WebPage\",\"@id\":\"https:\/\/www.comercialanma.es\/?product=vino-marques-de-grinon-graciano-75cl\",\"url\":\"https:\/\/www.comercialanma.es\/?product=vino-marques-de-grinon-graciano-75cl\",\"name\":\"Vino Marqu\\u00e9s de Gri\\u00f1\\u00f3n Graciano 75cl.\"}}]}]}<\/script>\n<!-- \/ Yoast SEO plugin. -->","_links":{"self":[{"href":"https:\/\/www.comercialanma.es\/index.php?rest_route=\/wp\/v2\/product\/12541"}],"collection":[{"href":"https:\/\/www.comercialanma.es\/index.php?rest_route=\/wp\/v2\/product"}],"about":[{"href":"https:\/\/www.comercialanma.es\/index.php?rest_route=\/wp\/v2\/types\/product"}],"version-history":[{"count":1,"href":"https:\/\/www.comercialanma.es\/index.php?rest_route=\/wp\/v2\/product\/12541\/revisions"}],"predecessor-version":[{"id":12543,"href":"https:\/\/www.comercialanma.es\/index.php?rest_route=\/wp\/v2\/product\/12541\/revisions\/12543"}],"wp:featuredmedia":[{"embeddable":true,"href":"https:\/\/www.comercialanma.es\/index.php?rest_route=\/wp\/v2\/media\/12542"}],"wp:attachment":[{"href":"https:\/\/www.comercialanma.es\/index.php?rest_route=%2Fwp%2Fv2%2Fmedia&parent=12541"}],"curies":[{"name":"wp","href":"https:\/\/api.w.org\/{rel}","templated":true}]}}