
{"id":12620,"date":"2020-01-02T17:09:59","date_gmt":"2020-01-02T16:09:59","guid":{"rendered":"http:\/\/www.comercialanma.es\/?post_type=product&#038;p=12620"},"modified":"2020-01-02T17:14:33","modified_gmt":"2020-01-02T16:14:33","slug":"vinagre-merry-de-vino-tinto-5l","status":"publish","type":"product","link":"https:\/\/www.comercialanma.es\/?product=vinagre-merry-de-vino-tinto-5l","title":{"rendered":"Vinagre Merry de Vino Tinto 5L."},"content":{"rendered":"<h3 class=\"aplicaciones\">Ingredientes<\/h3>\n<p>Vinagre de vino tinto, Conservante: anh\u00eddrido sulfuroso E-220. Acidez: 6%<\/p>\n<h3 class=\"aplicaciones\">Valor nutricional<\/h3>\n<ul>\n<li>Cantidad de referencia: 100 ml<\/li>\n<li>Valor energ\u00e9tico: 0,96 Kcal \/ 4,05 kJ<\/li>\n<li>Grasas: 0 g<\/li>\n<li>Prote\u00ednas: 0 g<\/li>\n<li>Hidratos: 0 g<\/li>\n<\/ul>\n","protected":false},"excerpt":{"rendered":"<p>Vinagre con los aromas propios del vino, procedente de vinos tintos seleccionados, fermentado usando la \u00faltima tecnolog\u00eda y microfiltrado, con filtraci\u00f3n tangencial para asegurar su estabilidad. Aporta un sabor y aroma natural y \u00fanico a tus platos.<\/p>\n","protected":false},"featured_media":12621,"template":"","meta":{"spay_email":""},"yoast_head":"<!-- This site is optimized with the Yoast SEO plugin v15.9 - https:\/\/yoast.com\/wordpress\/plugins\/seo\/ -->\n<title>Vinagre Merry de Vino Tinto 5L. - Comercial de Hosteleria Anma<\/title>\n<meta name=\"robots\" content=\"index, follow, max-snippet:-1, max-image-preview:large, max-video-preview:-1\" \/>\n<link rel=\"canonical\" href=\"https:\/\/www.comercialanma.es\/?product=vinagre-merry-de-vino-tinto-5l\" \/>\n<meta property=\"og:locale\" content=\"es_ES\" \/>\n<meta property=\"og:type\" content=\"article\" \/>\n<meta property=\"og:title\" content=\"Vinagre Merry de Vino Tinto 5L. - Comercial de Hosteleria Anma\" \/>\n<meta property=\"og:description\" content=\"Vinagre con los aromas propios del vino, procedente de vinos tintos seleccionados, fermentado usando la \u00faltima tecnolog\u00eda y microfiltrado, con filtraci\u00f3n tangencial para asegurar su estabilidad. Aporta un sabor y aroma natural y \u00fanico a tus platos.\" \/>\n<meta property=\"og:url\" content=\"https:\/\/www.comercialanma.es\/?product=vinagre-merry-de-vino-tinto-5l\" \/>\n<meta property=\"og:site_name\" content=\"Comercial de Hosteleria Anma\" \/>\n<meta property=\"article:publisher\" content=\"https:\/\/www.facebook.com\/AnmaHosteleria\" \/>\n<meta property=\"article:modified_time\" content=\"2020-01-02T16:14:33+00:00\" \/>\n<meta property=\"og:image\" content=\"https:\/\/i0.wp.com\/www.comercialanma.es\/wp-content\/uploads\/2020\/01\/Merry-Vinagre-Tinto-5L..jpg?fit=1080%2C1080&#038;ssl=1\" \/>\n\t<meta property=\"og:image:width\" content=\"1080\" \/>\n\t<meta property=\"og:image:height\" content=\"1080\" \/>\n<meta name=\"twitter:card\" content=\"summary_large_image\" \/>\n<script type=\"application\/ld+json\" class=\"yoast-schema-graph\">{\"@context\":\"https:\/\/schema.org\",\"@graph\":[{\"@type\":\"Organization\",\"@id\":\"https:\/\/www.comercialanma.es\/#organization\",\"name\":\"Comercial Anma\",\"url\":\"https:\/\/www.comercialanma.es\/\",\"sameAs\":[\"https:\/\/www.facebook.com\/AnmaHosteleria\",\"https:\/\/www.instagram.com\/anmahosteleria\/?hl=es\",\"https:\/\/www.youtube.com\/channel\/UCT2nmn08Ntks0hmpZPnDgCA\"],\"logo\":{\"@type\":\"ImageObject\",\"@id\":\"https:\/\/www.comercialanma.es\/#logo\",\"inLanguage\":\"es\",\"url\":\"https:\/\/i2.wp.com\/www.comercialanma.es\/wp-content\/uploads\/2019\/06\/logo-anma-color.png?fit=247%2C101&ssl=1\",\"width\":247,\"height\":101,\"caption\":\"Comercial Anma\"},\"image\":{\"@id\":\"https:\/\/www.comercialanma.es\/#logo\"}},{\"@type\":\"WebSite\",\"@id\":\"https:\/\/www.comercialanma.es\/#website\",\"url\":\"https:\/\/www.comercialanma.es\/\",\"name\":\"Comercial de Hosteleria Anma\",\"description\":\"\",\"publisher\":{\"@id\":\"https:\/\/www.comercialanma.es\/#organization\"},\"potentialAction\":[{\"@type\":\"SearchAction\",\"target\":\"https:\/\/www.comercialanma.es\/?s={search_term_string}\",\"query-input\":\"required name=search_term_string\"}],\"inLanguage\":\"es\"},{\"@type\":\"ImageObject\",\"@id\":\"https:\/\/www.comercialanma.es\/?product=vinagre-merry-de-vino-tinto-5l#primaryimage\",\"inLanguage\":\"es\",\"url\":\"https:\/\/i0.wp.com\/www.comercialanma.es\/wp-content\/uploads\/2020\/01\/Merry-Vinagre-Tinto-5L..jpg?fit=1080%2C1080&ssl=1\",\"width\":1080,\"height\":1080},{\"@type\":\"WebPage\",\"@id\":\"https:\/\/www.comercialanma.es\/?product=vinagre-merry-de-vino-tinto-5l#webpage\",\"url\":\"https:\/\/www.comercialanma.es\/?product=vinagre-merry-de-vino-tinto-5l\",\"name\":\"Vinagre Merry de Vino Tinto 5L. - Comercial de Hosteleria Anma\",\"isPartOf\":{\"@id\":\"https:\/\/www.comercialanma.es\/#website\"},\"primaryImageOfPage\":{\"@id\":\"https:\/\/www.comercialanma.es\/?product=vinagre-merry-de-vino-tinto-5l#primaryimage\"},\"datePublished\":\"2020-01-02T16:09:59+00:00\",\"dateModified\":\"2020-01-02T16:14:33+00:00\",\"breadcrumb\":{\"@id\":\"https:\/\/www.comercialanma.es\/?product=vinagre-merry-de-vino-tinto-5l#breadcrumb\"},\"inLanguage\":\"es\",\"potentialAction\":[{\"@type\":\"ReadAction\",\"target\":[\"https:\/\/www.comercialanma.es\/?product=vinagre-merry-de-vino-tinto-5l\"]}]},{\"@type\":\"BreadcrumbList\",\"@id\":\"https:\/\/www.comercialanma.es\/?product=vinagre-merry-de-vino-tinto-5l#breadcrumb\",\"itemListElement\":[{\"@type\":\"ListItem\",\"position\":1,\"item\":{\"@type\":\"WebPage\",\"@id\":\"https:\/\/www.comercialanma.es\/\",\"url\":\"https:\/\/www.comercialanma.es\/\",\"name\":\"Portada\"}},{\"@type\":\"ListItem\",\"position\":2,\"item\":{\"@type\":\"WebPage\",\"@id\":\"https:\/\/www.comercialanma.es\/?page_id=3963\",\"url\":\"https:\/\/www.comercialanma.es\/?page_id=3963\",\"name\":\"Cat\\u00e1logo de Productos\"}},{\"@type\":\"ListItem\",\"position\":3,\"item\":{\"@type\":\"WebPage\",\"@id\":\"https:\/\/www.comercialanma.es\/?product=vinagre-merry-de-vino-tinto-5l\",\"url\":\"https:\/\/www.comercialanma.es\/?product=vinagre-merry-de-vino-tinto-5l\",\"name\":\"Vinagre Merry de Vino Tinto 5L.\"}}]}]}<\/script>\n<!-- \/ Yoast SEO plugin. -->","_links":{"self":[{"href":"https:\/\/www.comercialanma.es\/index.php?rest_route=\/wp\/v2\/product\/12620"}],"collection":[{"href":"https:\/\/www.comercialanma.es\/index.php?rest_route=\/wp\/v2\/product"}],"about":[{"href":"https:\/\/www.comercialanma.es\/index.php?rest_route=\/wp\/v2\/types\/product"}],"version-history":[{"count":1,"href":"https:\/\/www.comercialanma.es\/index.php?rest_route=\/wp\/v2\/product\/12620\/revisions"}],"predecessor-version":[{"id":12622,"href":"https:\/\/www.comercialanma.es\/index.php?rest_route=\/wp\/v2\/product\/12620\/revisions\/12622"}],"wp:featuredmedia":[{"embeddable":true,"href":"https:\/\/www.comercialanma.es\/index.php?rest_route=\/wp\/v2\/media\/12621"}],"wp:attachment":[{"href":"https:\/\/www.comercialanma.es\/index.php?rest_route=%2Fwp%2Fv2%2Fmedia&parent=12620"}],"curies":[{"name":"wp","href":"https:\/\/api.w.org\/{rel}","templated":true}]}}