
{"id":12626,"date":"2020-01-02T17:27:18","date_gmt":"2020-01-02T16:27:18","guid":{"rendered":"http:\/\/www.comercialanma.es\/?post_type=product&#038;p=12626"},"modified":"2021-01-26T09:52:53","modified_gmt":"2021-01-26T08:52:53","slug":"vinaclean-vinagre-de-limpieza-2l","status":"publish","type":"product","link":"https:\/\/www.comercialanma.es\/?product=vinaclean-vinagre-de-limpieza-2l","title":{"rendered":"Vinaclean Vinagre de Limpieza 2L."},"content":{"rendered":"","protected":false},"excerpt":{"rendered":"<p>Vinaclean es un vinagre de limpieza que cambiar\u00e1 para siempre tu forma de afrontar las tareas del hogar gracias a su multiversatilidad y la sencillez de su uso.<\/p>\n<p>Adem\u00e1s es ecol\u00f3gico y 100% no t\u00f3xico por lo que se presenta como una soluci\u00f3n definitiva para todo tipo de superficies.<\/p>\n<p>Olv\u00eddate de tener decenas de productos diferentes para cada una de las zonas de tu casa, con Vinaclean lo tendr\u00e1s todo en una \u00fanica botella.<\/p>\n","protected":false},"featured_media":12627,"template":"","meta":{"spay_email":""},"yoast_head":"<!-- This site is optimized with the Yoast SEO plugin v15.9 - https:\/\/yoast.com\/wordpress\/plugins\/seo\/ -->\n<title>Vinaclean Vinagre de Limpieza 2L. - Comercial de Hosteleria Anma<\/title>\n<meta name=\"robots\" content=\"index, follow, max-snippet:-1, max-image-preview:large, max-video-preview:-1\" \/>\n<link rel=\"canonical\" href=\"https:\/\/www.comercialanma.es\/?product=vinaclean-vinagre-de-limpieza-2l\" \/>\n<meta property=\"og:locale\" content=\"es_ES\" \/>\n<meta property=\"og:type\" content=\"article\" \/>\n<meta property=\"og:title\" content=\"Vinaclean Vinagre de Limpieza 2L. - Comercial de Hosteleria Anma\" \/>\n<meta property=\"og:description\" content=\"Vinaclean es un vinagre de limpieza que cambiar\u00e1 para siempre tu forma de afrontar las tareas del hogar gracias a su multiversatilidad y la sencillez de su uso.  Adem\u00e1s es ecol\u00f3gico y 100% no t\u00f3xico por lo que se presenta como una soluci\u00f3n definitiva para todo tipo de superficies.  Olv\u00eddate de tener decenas de productos diferentes para cada una de las zonas de tu casa, con Vinaclean lo tendr\u00e1s todo en una \u00fanica botella.\" \/>\n<meta property=\"og:url\" content=\"https:\/\/www.comercialanma.es\/?product=vinaclean-vinagre-de-limpieza-2l\" \/>\n<meta property=\"og:site_name\" content=\"Comercial de Hosteleria Anma\" \/>\n<meta property=\"article:publisher\" content=\"https:\/\/www.facebook.com\/AnmaHosteleria\" \/>\n<meta property=\"article:modified_time\" content=\"2021-01-26T08:52:53+00:00\" \/>\n<meta property=\"og:image\" content=\"https:\/\/i0.wp.com\/www.comercialanma.es\/wp-content\/uploads\/2020\/01\/Vinaclean-2L.jpg?fit=1080%2C1080&#038;ssl=1\" \/>\n\t<meta property=\"og:image:width\" content=\"1080\" \/>\n\t<meta property=\"og:image:height\" content=\"1080\" \/>\n<meta name=\"twitter:card\" content=\"summary_large_image\" \/>\n<script type=\"application\/ld+json\" class=\"yoast-schema-graph\">{\"@context\":\"https:\/\/schema.org\",\"@graph\":[{\"@type\":\"Organization\",\"@id\":\"https:\/\/www.comercialanma.es\/#organization\",\"name\":\"Comercial Anma\",\"url\":\"https:\/\/www.comercialanma.es\/\",\"sameAs\":[\"https:\/\/www.facebook.com\/AnmaHosteleria\",\"https:\/\/www.instagram.com\/anmahosteleria\/?hl=es\",\"https:\/\/www.youtube.com\/channel\/UCT2nmn08Ntks0hmpZPnDgCA\"],\"logo\":{\"@type\":\"ImageObject\",\"@id\":\"https:\/\/www.comercialanma.es\/#logo\",\"inLanguage\":\"es\",\"url\":\"https:\/\/i2.wp.com\/www.comercialanma.es\/wp-content\/uploads\/2019\/06\/logo-anma-color.png?fit=247%2C101&ssl=1\",\"width\":247,\"height\":101,\"caption\":\"Comercial Anma\"},\"image\":{\"@id\":\"https:\/\/www.comercialanma.es\/#logo\"}},{\"@type\":\"WebSite\",\"@id\":\"https:\/\/www.comercialanma.es\/#website\",\"url\":\"https:\/\/www.comercialanma.es\/\",\"name\":\"Comercial de Hosteleria Anma\",\"description\":\"\",\"publisher\":{\"@id\":\"https:\/\/www.comercialanma.es\/#organization\"},\"potentialAction\":[{\"@type\":\"SearchAction\",\"target\":\"https:\/\/www.comercialanma.es\/?s={search_term_string}\",\"query-input\":\"required name=search_term_string\"}],\"inLanguage\":\"es\"},{\"@type\":\"ImageObject\",\"@id\":\"https:\/\/www.comercialanma.es\/?product=vinaclean-vinagre-de-limpieza-2l#primaryimage\",\"inLanguage\":\"es\",\"url\":\"https:\/\/i0.wp.com\/www.comercialanma.es\/wp-content\/uploads\/2020\/01\/Vinaclean-2L.jpg?fit=1080%2C1080&ssl=1\",\"width\":1080,\"height\":1080},{\"@type\":\"WebPage\",\"@id\":\"https:\/\/www.comercialanma.es\/?product=vinaclean-vinagre-de-limpieza-2l#webpage\",\"url\":\"https:\/\/www.comercialanma.es\/?product=vinaclean-vinagre-de-limpieza-2l\",\"name\":\"Vinaclean Vinagre de Limpieza 2L. - Comercial de Hosteleria Anma\",\"isPartOf\":{\"@id\":\"https:\/\/www.comercialanma.es\/#website\"},\"primaryImageOfPage\":{\"@id\":\"https:\/\/www.comercialanma.es\/?product=vinaclean-vinagre-de-limpieza-2l#primaryimage\"},\"datePublished\":\"2020-01-02T16:27:18+00:00\",\"dateModified\":\"2021-01-26T08:52:53+00:00\",\"breadcrumb\":{\"@id\":\"https:\/\/www.comercialanma.es\/?product=vinaclean-vinagre-de-limpieza-2l#breadcrumb\"},\"inLanguage\":\"es\",\"potentialAction\":[{\"@type\":\"ReadAction\",\"target\":[\"https:\/\/www.comercialanma.es\/?product=vinaclean-vinagre-de-limpieza-2l\"]}]},{\"@type\":\"BreadcrumbList\",\"@id\":\"https:\/\/www.comercialanma.es\/?product=vinaclean-vinagre-de-limpieza-2l#breadcrumb\",\"itemListElement\":[{\"@type\":\"ListItem\",\"position\":1,\"item\":{\"@type\":\"WebPage\",\"@id\":\"https:\/\/www.comercialanma.es\/\",\"url\":\"https:\/\/www.comercialanma.es\/\",\"name\":\"Portada\"}},{\"@type\":\"ListItem\",\"position\":2,\"item\":{\"@type\":\"WebPage\",\"@id\":\"https:\/\/www.comercialanma.es\/?page_id=3963\",\"url\":\"https:\/\/www.comercialanma.es\/?page_id=3963\",\"name\":\"Cat\\u00e1logo de Productos\"}},{\"@type\":\"ListItem\",\"position\":3,\"item\":{\"@type\":\"WebPage\",\"@id\":\"https:\/\/www.comercialanma.es\/?product=vinaclean-vinagre-de-limpieza-2l\",\"url\":\"https:\/\/www.comercialanma.es\/?product=vinaclean-vinagre-de-limpieza-2l\",\"name\":\"Vinaclean Vinagre de Limpieza 2L.\"}}]}]}<\/script>\n<!-- \/ Yoast SEO plugin. -->","_links":{"self":[{"href":"https:\/\/www.comercialanma.es\/index.php?rest_route=\/wp\/v2\/product\/12626"}],"collection":[{"href":"https:\/\/www.comercialanma.es\/index.php?rest_route=\/wp\/v2\/product"}],"about":[{"href":"https:\/\/www.comercialanma.es\/index.php?rest_route=\/wp\/v2\/types\/product"}],"version-history":[{"count":1,"href":"https:\/\/www.comercialanma.es\/index.php?rest_route=\/wp\/v2\/product\/12626\/revisions"}],"predecessor-version":[{"id":12628,"href":"https:\/\/www.comercialanma.es\/index.php?rest_route=\/wp\/v2\/product\/12626\/revisions\/12628"}],"wp:featuredmedia":[{"embeddable":true,"href":"https:\/\/www.comercialanma.es\/index.php?rest_route=\/wp\/v2\/media\/12627"}],"wp:attachment":[{"href":"https:\/\/www.comercialanma.es\/index.php?rest_route=%2Fwp%2Fv2%2Fmedia&parent=12626"}],"curies":[{"name":"wp","href":"https:\/\/api.w.org\/{rel}","templated":true}]}}