
{"id":12653,"date":"2020-01-10T15:33:33","date_gmt":"2020-01-10T14:33:33","guid":{"rendered":"http:\/\/www.comercialanma.es\/?post_type=product&#038;p=12653"},"modified":"2020-01-10T15:37:32","modified_gmt":"2020-01-10T14:37:32","slug":"vino-v-de-vilano-75cl","status":"publish","type":"product","link":"https:\/\/www.comercialanma.es\/?product=vino-v-de-vilano-75cl","title":{"rendered":"Vino V de Vilano 75cl."},"content":{"rendered":"<h3>D.O.:<\/h3>\n<ul>\n<li>Ribera del Duero<\/li>\n<\/ul>\n<h3>Variedades de uva:<\/h3>\n<ul>\n<li><span class=\"tlid-translation translation\" lang=\"es\"><span title=\"\"><span class=\"tablaValorContenido\">Tempranillo.<br \/>\n<\/span><\/span><\/span><\/li>\n<\/ul>\n<h3>Graduaci\u00f3n:<\/h3>\n<ul>\n<li>Graduaci\u00f3n: 15,0% vol.<\/li>\n<\/ul>\n<h3>Nota de Cata:<\/h3>\n<ul>\n<li>Color cereza picota muy profundo con reflejos viol\u00e1ceos. Limpio y brillante.<\/li>\n<li>Es un vino con una gran intensidad muy mineral con una gran paleta arom\u00e1tica. Fruta negra madura, especias, regaliz y notas de monte bajo.<\/li>\n<li>En boca resulta opulento, con un gran ataque y mucho sabor. Fruta y expresi\u00f3n del terroir matizado por los tostados de la barrica. Suaves taninos. Con un final muy largo y persistente.<\/li>\n<\/ul>\n","protected":false},"excerpt":{"rendered":"<p>Tras muchos a\u00f1os de seguimiento de los vi\u00f1edos viejos de la bodega se concibe Vilano 2015 como la m\u00e1xima expresi\u00f3n del terroir de Pedrosa de Duero. Se ha elaborado con cepas viejas de una vi\u00f1a privilegiada situada en el Paraje del Vilano. Esta vi\u00f1a fue plantada en 1917 con el clon de Tinto fino m\u00e1s puro que se encuentra en la actualidad en la Ribera del Duero, que produce racimos peque\u00f1os, casi sin hombros, y transmite al vino el car\u00e1cter y la personalidad autentica de nuestra zona. Fermentaci\u00f3n malo l\u00e1ctica en barricas de roble franc\u00e9s. Crianza 24 meses en barricas de roble franc\u00e9s.<\/p>\n<p>&nbsp;<\/p>\n","protected":false},"featured_media":12654,"template":"","meta":{"spay_email":""},"yoast_head":"<!-- This site is optimized with the Yoast SEO plugin v15.9 - https:\/\/yoast.com\/wordpress\/plugins\/seo\/ -->\n<title>Vino V de Vilano 75cl. - Comercial de Hosteleria Anma<\/title>\n<meta name=\"robots\" content=\"index, follow, max-snippet:-1, max-image-preview:large, max-video-preview:-1\" \/>\n<link rel=\"canonical\" href=\"https:\/\/www.comercialanma.es\/?product=vino-v-de-vilano-75cl\" \/>\n<meta property=\"og:locale\" content=\"es_ES\" \/>\n<meta property=\"og:type\" content=\"article\" \/>\n<meta property=\"og:title\" content=\"Vino V de Vilano 75cl. - Comercial de Hosteleria Anma\" \/>\n<meta property=\"og:description\" content=\"Tras muchos a\u00f1os de seguimiento de los vi\u00f1edos viejos de la bodega se concibe Vilano 2015 como la m\u00e1xima expresi\u00f3n del terroir de Pedrosa de Duero. Se ha elaborado con cepas viejas de una vi\u00f1a privilegiada situada en el Paraje del Vilano. Esta vi\u00f1a fue plantada en 1917 con el clon de Tinto fino m\u00e1s puro que se encuentra en la actualidad en la Ribera del Duero, que produce racimos peque\u00f1os, casi sin hombros, y transmite al vino el car\u00e1cter y la personalidad autentica de nuestra zona. Fermentaci\u00f3n malo l\u00e1ctica en barricas de roble franc\u00e9s. Crianza 24 meses en barricas de roble franc\u00e9s.  &nbsp;\" \/>\n<meta property=\"og:url\" content=\"https:\/\/www.comercialanma.es\/?product=vino-v-de-vilano-75cl\" \/>\n<meta property=\"og:site_name\" content=\"Comercial de Hosteleria Anma\" \/>\n<meta property=\"article:publisher\" content=\"https:\/\/www.facebook.com\/AnmaHosteleria\" \/>\n<meta property=\"article:modified_time\" content=\"2020-01-10T14:37:32+00:00\" \/>\n<meta property=\"og:image\" content=\"https:\/\/i2.wp.com\/www.comercialanma.es\/wp-content\/uploads\/2020\/01\/V-de-Vilano.jpg?fit=1080%2C1080&#038;ssl=1\" \/>\n\t<meta property=\"og:image:width\" content=\"1080\" \/>\n\t<meta property=\"og:image:height\" content=\"1080\" \/>\n<meta name=\"twitter:card\" content=\"summary_large_image\" \/>\n<script type=\"application\/ld+json\" class=\"yoast-schema-graph\">{\"@context\":\"https:\/\/schema.org\",\"@graph\":[{\"@type\":\"Organization\",\"@id\":\"https:\/\/www.comercialanma.es\/#organization\",\"name\":\"Comercial Anma\",\"url\":\"https:\/\/www.comercialanma.es\/\",\"sameAs\":[\"https:\/\/www.facebook.com\/AnmaHosteleria\",\"https:\/\/www.instagram.com\/anmahosteleria\/?hl=es\",\"https:\/\/www.youtube.com\/channel\/UCT2nmn08Ntks0hmpZPnDgCA\"],\"logo\":{\"@type\":\"ImageObject\",\"@id\":\"https:\/\/www.comercialanma.es\/#logo\",\"inLanguage\":\"es\",\"url\":\"https:\/\/i2.wp.com\/www.comercialanma.es\/wp-content\/uploads\/2019\/06\/logo-anma-color.png?fit=247%2C101&ssl=1\",\"width\":247,\"height\":101,\"caption\":\"Comercial Anma\"},\"image\":{\"@id\":\"https:\/\/www.comercialanma.es\/#logo\"}},{\"@type\":\"WebSite\",\"@id\":\"https:\/\/www.comercialanma.es\/#website\",\"url\":\"https:\/\/www.comercialanma.es\/\",\"name\":\"Comercial de Hosteleria Anma\",\"description\":\"\",\"publisher\":{\"@id\":\"https:\/\/www.comercialanma.es\/#organization\"},\"potentialAction\":[{\"@type\":\"SearchAction\",\"target\":\"https:\/\/www.comercialanma.es\/?s={search_term_string}\",\"query-input\":\"required name=search_term_string\"}],\"inLanguage\":\"es\"},{\"@type\":\"ImageObject\",\"@id\":\"https:\/\/www.comercialanma.es\/?product=vino-v-de-vilano-75cl#primaryimage\",\"inLanguage\":\"es\",\"url\":\"https:\/\/i2.wp.com\/www.comercialanma.es\/wp-content\/uploads\/2020\/01\/V-de-Vilano.jpg?fit=1080%2C1080&ssl=1\",\"width\":1080,\"height\":1080},{\"@type\":\"WebPage\",\"@id\":\"https:\/\/www.comercialanma.es\/?product=vino-v-de-vilano-75cl#webpage\",\"url\":\"https:\/\/www.comercialanma.es\/?product=vino-v-de-vilano-75cl\",\"name\":\"Vino V de Vilano 75cl. - Comercial de Hosteleria Anma\",\"isPartOf\":{\"@id\":\"https:\/\/www.comercialanma.es\/#website\"},\"primaryImageOfPage\":{\"@id\":\"https:\/\/www.comercialanma.es\/?product=vino-v-de-vilano-75cl#primaryimage\"},\"datePublished\":\"2020-01-10T14:33:33+00:00\",\"dateModified\":\"2020-01-10T14:37:32+00:00\",\"breadcrumb\":{\"@id\":\"https:\/\/www.comercialanma.es\/?product=vino-v-de-vilano-75cl#breadcrumb\"},\"inLanguage\":\"es\",\"potentialAction\":[{\"@type\":\"ReadAction\",\"target\":[\"https:\/\/www.comercialanma.es\/?product=vino-v-de-vilano-75cl\"]}]},{\"@type\":\"BreadcrumbList\",\"@id\":\"https:\/\/www.comercialanma.es\/?product=vino-v-de-vilano-75cl#breadcrumb\",\"itemListElement\":[{\"@type\":\"ListItem\",\"position\":1,\"item\":{\"@type\":\"WebPage\",\"@id\":\"https:\/\/www.comercialanma.es\/\",\"url\":\"https:\/\/www.comercialanma.es\/\",\"name\":\"Portada\"}},{\"@type\":\"ListItem\",\"position\":2,\"item\":{\"@type\":\"WebPage\",\"@id\":\"https:\/\/www.comercialanma.es\/?page_id=3963\",\"url\":\"https:\/\/www.comercialanma.es\/?page_id=3963\",\"name\":\"Cat\\u00e1logo de Productos\"}},{\"@type\":\"ListItem\",\"position\":3,\"item\":{\"@type\":\"WebPage\",\"@id\":\"https:\/\/www.comercialanma.es\/?product=vino-v-de-vilano-75cl\",\"url\":\"https:\/\/www.comercialanma.es\/?product=vino-v-de-vilano-75cl\",\"name\":\"Vino V de Vilano 75cl.\"}}]}]}<\/script>\n<!-- \/ Yoast SEO plugin. -->","_links":{"self":[{"href":"https:\/\/www.comercialanma.es\/index.php?rest_route=\/wp\/v2\/product\/12653"}],"collection":[{"href":"https:\/\/www.comercialanma.es\/index.php?rest_route=\/wp\/v2\/product"}],"about":[{"href":"https:\/\/www.comercialanma.es\/index.php?rest_route=\/wp\/v2\/types\/product"}],"version-history":[{"count":1,"href":"https:\/\/www.comercialanma.es\/index.php?rest_route=\/wp\/v2\/product\/12653\/revisions"}],"predecessor-version":[{"id":12655,"href":"https:\/\/www.comercialanma.es\/index.php?rest_route=\/wp\/v2\/product\/12653\/revisions\/12655"}],"wp:featuredmedia":[{"embeddable":true,"href":"https:\/\/www.comercialanma.es\/index.php?rest_route=\/wp\/v2\/media\/12654"}],"wp:attachment":[{"href":"https:\/\/www.comercialanma.es\/index.php?rest_route=%2Fwp%2Fv2%2Fmedia&parent=12653"}],"curies":[{"name":"wp","href":"https:\/\/api.w.org\/{rel}","templated":true}]}}