
{"id":12658,"date":"2020-01-13T10:48:47","date_gmt":"2020-01-13T09:48:47","guid":{"rendered":"http:\/\/www.comercialanma.es\/?post_type=product&#038;p=12658"},"modified":"2020-01-13T10:57:07","modified_gmt":"2020-01-13T09:57:07","slug":"vinagre-merry-de-manzana-1l","status":"publish","type":"product","link":"https:\/\/www.comercialanma.es\/?product=vinagre-merry-de-manzana-1l","title":{"rendered":"Vinagre Merry de Manzana 1L."},"content":{"rendered":"<h3 class=\"aplicaciones\">Caracter\u00edsticas<\/h3>\n<p>Delicioso y saludable vinagre procedente de aut\u00e9nticas manzanas. De sabor y aroma suave, aportar\u00e1 un delicado sabor en ensaladas, ali\u00f1os y aderezos.<\/p>\n<h3 class=\"aplicaciones\">Ingredientes<\/h3>\n<p>Vinagre de Manzana y di\u00f3xido de azufre.<\/p>\n<h3 class=\"aplicaciones\">Propiedades<\/h3>\n<p>De color dorado, aromas ac\u00e9ticos y amplitud de matices arom\u00e1ticos que recuerdan a manzana y acidez equilibrada con desarrollo de matices en boca.<\/p>\n<h3 class=\"aplicaciones\">Valor nutricional<\/h3>\n<ul>\n<li>Cantidad de referencia: 100 ml<\/li>\n<li>Valor energ\u00e9tico: 74 kJ \/ 17 kcal<\/li>\n<li>Grasas: 0 g<\/li>\n<li>Prote\u00ednas: 0 g<\/li>\n<li>Hidratos: 0 g<\/li>\n<\/ul>\n","protected":false},"excerpt":{"rendered":"<p>Vinagre de Manzana en formato 1L Pet.<\/p>\n","protected":false},"featured_media":12659,"template":"","meta":{"spay_email":""},"yoast_head":"<!-- This site is optimized with the Yoast SEO plugin v15.9 - https:\/\/yoast.com\/wordpress\/plugins\/seo\/ -->\n<title>Vinagre Merry de Manzana 1L. - Comercial de Hosteleria Anma<\/title>\n<meta name=\"robots\" content=\"index, follow, max-snippet:-1, max-image-preview:large, max-video-preview:-1\" \/>\n<link rel=\"canonical\" href=\"https:\/\/www.comercialanma.es\/?product=vinagre-merry-de-manzana-1l\" \/>\n<meta property=\"og:locale\" content=\"es_ES\" \/>\n<meta property=\"og:type\" content=\"article\" \/>\n<meta property=\"og:title\" content=\"Vinagre Merry de Manzana 1L. - Comercial de Hosteleria Anma\" \/>\n<meta property=\"og:description\" content=\"Vinagre de Manzana en formato 1L Pet.\" \/>\n<meta property=\"og:url\" content=\"https:\/\/www.comercialanma.es\/?product=vinagre-merry-de-manzana-1l\" \/>\n<meta property=\"og:site_name\" content=\"Comercial de Hosteleria Anma\" \/>\n<meta property=\"article:publisher\" content=\"https:\/\/www.facebook.com\/AnmaHosteleria\" \/>\n<meta property=\"article:modified_time\" content=\"2020-01-13T09:57:07+00:00\" \/>\n<meta property=\"og:image\" content=\"https:\/\/i1.wp.com\/www.comercialanma.es\/wp-content\/uploads\/2020\/01\/vinagre-de-manzana.jpg?fit=1080%2C1080&#038;ssl=1\" \/>\n\t<meta property=\"og:image:width\" content=\"1080\" \/>\n\t<meta property=\"og:image:height\" content=\"1080\" \/>\n<meta name=\"twitter:card\" content=\"summary_large_image\" \/>\n<script type=\"application\/ld+json\" class=\"yoast-schema-graph\">{\"@context\":\"https:\/\/schema.org\",\"@graph\":[{\"@type\":\"Organization\",\"@id\":\"https:\/\/www.comercialanma.es\/#organization\",\"name\":\"Comercial Anma\",\"url\":\"https:\/\/www.comercialanma.es\/\",\"sameAs\":[\"https:\/\/www.facebook.com\/AnmaHosteleria\",\"https:\/\/www.instagram.com\/anmahosteleria\/?hl=es\",\"https:\/\/www.youtube.com\/channel\/UCT2nmn08Ntks0hmpZPnDgCA\"],\"logo\":{\"@type\":\"ImageObject\",\"@id\":\"https:\/\/www.comercialanma.es\/#logo\",\"inLanguage\":\"es\",\"url\":\"https:\/\/i2.wp.com\/www.comercialanma.es\/wp-content\/uploads\/2019\/06\/logo-anma-color.png?fit=247%2C101&ssl=1\",\"width\":247,\"height\":101,\"caption\":\"Comercial Anma\"},\"image\":{\"@id\":\"https:\/\/www.comercialanma.es\/#logo\"}},{\"@type\":\"WebSite\",\"@id\":\"https:\/\/www.comercialanma.es\/#website\",\"url\":\"https:\/\/www.comercialanma.es\/\",\"name\":\"Comercial de Hosteleria Anma\",\"description\":\"\",\"publisher\":{\"@id\":\"https:\/\/www.comercialanma.es\/#organization\"},\"potentialAction\":[{\"@type\":\"SearchAction\",\"target\":\"https:\/\/www.comercialanma.es\/?s={search_term_string}\",\"query-input\":\"required name=search_term_string\"}],\"inLanguage\":\"es\"},{\"@type\":\"ImageObject\",\"@id\":\"https:\/\/www.comercialanma.es\/?product=vinagre-merry-de-manzana-1l#primaryimage\",\"inLanguage\":\"es\",\"url\":\"https:\/\/i1.wp.com\/www.comercialanma.es\/wp-content\/uploads\/2020\/01\/vinagre-de-manzana.jpg?fit=1080%2C1080&ssl=1\",\"width\":1080,\"height\":1080},{\"@type\":\"WebPage\",\"@id\":\"https:\/\/www.comercialanma.es\/?product=vinagre-merry-de-manzana-1l#webpage\",\"url\":\"https:\/\/www.comercialanma.es\/?product=vinagre-merry-de-manzana-1l\",\"name\":\"Vinagre Merry de Manzana 1L. - Comercial de Hosteleria Anma\",\"isPartOf\":{\"@id\":\"https:\/\/www.comercialanma.es\/#website\"},\"primaryImageOfPage\":{\"@id\":\"https:\/\/www.comercialanma.es\/?product=vinagre-merry-de-manzana-1l#primaryimage\"},\"datePublished\":\"2020-01-13T09:48:47+00:00\",\"dateModified\":\"2020-01-13T09:57:07+00:00\",\"breadcrumb\":{\"@id\":\"https:\/\/www.comercialanma.es\/?product=vinagre-merry-de-manzana-1l#breadcrumb\"},\"inLanguage\":\"es\",\"potentialAction\":[{\"@type\":\"ReadAction\",\"target\":[\"https:\/\/www.comercialanma.es\/?product=vinagre-merry-de-manzana-1l\"]}]},{\"@type\":\"BreadcrumbList\",\"@id\":\"https:\/\/www.comercialanma.es\/?product=vinagre-merry-de-manzana-1l#breadcrumb\",\"itemListElement\":[{\"@type\":\"ListItem\",\"position\":1,\"item\":{\"@type\":\"WebPage\",\"@id\":\"https:\/\/www.comercialanma.es\/\",\"url\":\"https:\/\/www.comercialanma.es\/\",\"name\":\"Portada\"}},{\"@type\":\"ListItem\",\"position\":2,\"item\":{\"@type\":\"WebPage\",\"@id\":\"https:\/\/www.comercialanma.es\/?page_id=3963\",\"url\":\"https:\/\/www.comercialanma.es\/?page_id=3963\",\"name\":\"Cat\\u00e1logo de Productos\"}},{\"@type\":\"ListItem\",\"position\":3,\"item\":{\"@type\":\"WebPage\",\"@id\":\"https:\/\/www.comercialanma.es\/?product=vinagre-merry-de-manzana-1l\",\"url\":\"https:\/\/www.comercialanma.es\/?product=vinagre-merry-de-manzana-1l\",\"name\":\"Vinagre Merry de Manzana 1L.\"}}]}]}<\/script>\n<!-- \/ Yoast SEO plugin. -->","_links":{"self":[{"href":"https:\/\/www.comercialanma.es\/index.php?rest_route=\/wp\/v2\/product\/12658"}],"collection":[{"href":"https:\/\/www.comercialanma.es\/index.php?rest_route=\/wp\/v2\/product"}],"about":[{"href":"https:\/\/www.comercialanma.es\/index.php?rest_route=\/wp\/v2\/types\/product"}],"version-history":[{"count":1,"href":"https:\/\/www.comercialanma.es\/index.php?rest_route=\/wp\/v2\/product\/12658\/revisions"}],"predecessor-version":[{"id":12660,"href":"https:\/\/www.comercialanma.es\/index.php?rest_route=\/wp\/v2\/product\/12658\/revisions\/12660"}],"wp:featuredmedia":[{"embeddable":true,"href":"https:\/\/www.comercialanma.es\/index.php?rest_route=\/wp\/v2\/media\/12659"}],"wp:attachment":[{"href":"https:\/\/www.comercialanma.es\/index.php?rest_route=%2Fwp%2Fv2%2Fmedia&parent=12658"}],"curies":[{"name":"wp","href":"https:\/\/api.w.org\/{rel}","templated":true}]}}