
{"id":12885,"date":"2020-01-28T15:03:43","date_gmt":"2020-01-28T14:03:43","guid":{"rendered":"http:\/\/www.comercialanma.es\/?post_type=product&#038;p=12885"},"modified":"2020-02-20T17:01:16","modified_gmt":"2020-02-20T16:01:16","slug":"cerveza-guinness-draught-33cl","status":"publish","type":"product","link":"https:\/\/www.comercialanma.es\/?product=cerveza-guinness-draught-33cl","title":{"rendered":"Cerveza Guinness Draught 33cl. (RT)"},"content":{"rendered":"<div class=\"grid-wrapper\">\n<div class=\"grid-l-14 grid-xs-24\">\n<div class=\"product-info-list-wrap\">\n<p>Guinness Draught &#8211; Surger<br \/>\nEl arpa, el oro y la firma del fundador de la cervecer\u00eda amplifican la epopeya de la Guinness. Este brebaje de gusto y raza inimitables exalta su gusto y su aroma por la utilizaci\u00f3n de granos de cebada torrefactados. pero fluida, subraya todos los contrastes.<\/p>\n<h3>Contenido<\/h3>\n<ul>\n<li>330 mililitros<\/li>\n<\/ul>\n<h3>Nota de Cata<\/h3>\n<ul>\n<li>Rica y cremosa. Peculiar color negro. Final aterciopelado.<\/li>\n<li>Esta cerveza ic\u00f3nica est\u00e1 definida por su armon\u00eda.<\/li>\n<li>Sorbo tras sorbo, el dulzor contrarresta el amargor cuando aparece la malta para mezclarse con una base de cebada tostada.<\/li>\n<\/ul>\n<p>&nbsp;<\/p>\n<\/div>\n<div class=\"product-info-list-wrap\">\n<h3>Ingredientes<\/h3>\n<ul>\n<li>Agua, malta de cebada, l\u00fapulo y levadura. este producto se elabora con malta de cebada. Contiene gluten.<\/li>\n<\/ul>\n<h3>Amargor<\/h3>\n<ul>\n<li>45 IBUs<\/li>\n<\/ul>\n<\/div>\n<div class=\"product-info-list-wrap\">\n<h3>Porcentaje de alcohol<\/h3>\n<ul>\n<li>4.2% vol.<\/li>\n<\/ul>\n<\/div>\n<\/div>\n<\/div>\n","protected":false},"excerpt":{"rendered":"<ul>\n<li>Irlanda<\/li>\n<\/ul>\n<div class=\"Article-section Article-section--spacer\">\n<div id=\"anchor-2\" class=\"ArticleParagraph\">\n<div class=\"ArticleParagraph-text Wysiwyg\">\n<p>Esta cerveza, elaborada en 1959, fue la celebraci\u00f3n cervecera de la firma de Arthur Guinness por el alquiler de 9000 a\u00f1os, una buena forma de conmemorar 200 a\u00f1os de elaboraci\u00f3n revolucionaria de cerveza. La Guinness de barril nace de la habilidosa mezcla de nitr\u00f3geno y di\u00f3xido de carbono.<\/p>\n<\/div>\n<\/div>\n<\/div>\n","protected":false},"featured_media":12886,"template":"","meta":{"spay_email":""},"yoast_head":"<!-- This site is optimized with the Yoast SEO plugin v15.9 - https:\/\/yoast.com\/wordpress\/plugins\/seo\/ -->\n<title>Cerveza Guinness Draught 33cl. (RT) - Comercial de Hosteleria Anma<\/title>\n<meta name=\"robots\" content=\"index, follow, max-snippet:-1, max-image-preview:large, max-video-preview:-1\" \/>\n<link rel=\"canonical\" href=\"https:\/\/www.comercialanma.es\/?product=cerveza-guinness-draught-33cl\" \/>\n<meta property=\"og:locale\" content=\"es_ES\" \/>\n<meta property=\"og:type\" content=\"article\" \/>\n<meta property=\"og:title\" content=\"Cerveza Guinness Draught 33cl. (RT) - Comercial de Hosteleria Anma\" \/>\n<meta property=\"og:description\" content=\"Irlanda      Esta cerveza, elaborada en 1959, fue la celebraci\u00f3n cervecera de la firma de Arthur Guinness por el alquiler de 9000 a\u00f1os, una buena forma de conmemorar 200 a\u00f1os de elaboraci\u00f3n revolucionaria de cerveza. La Guinness de barril nace de la habilidosa mezcla de nitr\u00f3geno y di\u00f3xido de carbono.\" \/>\n<meta property=\"og:url\" content=\"https:\/\/www.comercialanma.es\/?product=cerveza-guinness-draught-33cl\" \/>\n<meta property=\"og:site_name\" content=\"Comercial de Hosteleria Anma\" \/>\n<meta property=\"article:publisher\" content=\"https:\/\/www.facebook.com\/AnmaHosteleria\" \/>\n<meta property=\"article:modified_time\" content=\"2020-02-20T16:01:16+00:00\" \/>\n<meta property=\"og:image\" content=\"https:\/\/i0.wp.com\/www.comercialanma.es\/wp-content\/uploads\/2020\/01\/Guinness-Draught.jpg?fit=1080%2C1080&#038;ssl=1\" \/>\n\t<meta property=\"og:image:width\" content=\"1080\" \/>\n\t<meta property=\"og:image:height\" content=\"1080\" \/>\n<meta name=\"twitter:card\" content=\"summary_large_image\" \/>\n<meta name=\"twitter:label1\" content=\"Tiempo de lectura\">\n\t<meta name=\"twitter:data1\" content=\"1 minuto\">\n<script type=\"application\/ld+json\" class=\"yoast-schema-graph\">{\"@context\":\"https:\/\/schema.org\",\"@graph\":[{\"@type\":\"Organization\",\"@id\":\"https:\/\/www.comercialanma.es\/#organization\",\"name\":\"Comercial Anma\",\"url\":\"https:\/\/www.comercialanma.es\/\",\"sameAs\":[\"https:\/\/www.facebook.com\/AnmaHosteleria\",\"https:\/\/www.instagram.com\/anmahosteleria\/?hl=es\",\"https:\/\/www.youtube.com\/channel\/UCT2nmn08Ntks0hmpZPnDgCA\"],\"logo\":{\"@type\":\"ImageObject\",\"@id\":\"https:\/\/www.comercialanma.es\/#logo\",\"inLanguage\":\"es\",\"url\":\"https:\/\/i2.wp.com\/www.comercialanma.es\/wp-content\/uploads\/2019\/06\/logo-anma-color.png?fit=247%2C101&ssl=1\",\"width\":247,\"height\":101,\"caption\":\"Comercial Anma\"},\"image\":{\"@id\":\"https:\/\/www.comercialanma.es\/#logo\"}},{\"@type\":\"WebSite\",\"@id\":\"https:\/\/www.comercialanma.es\/#website\",\"url\":\"https:\/\/www.comercialanma.es\/\",\"name\":\"Comercial de Hosteleria Anma\",\"description\":\"\",\"publisher\":{\"@id\":\"https:\/\/www.comercialanma.es\/#organization\"},\"potentialAction\":[{\"@type\":\"SearchAction\",\"target\":\"https:\/\/www.comercialanma.es\/?s={search_term_string}\",\"query-input\":\"required name=search_term_string\"}],\"inLanguage\":\"es\"},{\"@type\":\"ImageObject\",\"@id\":\"https:\/\/www.comercialanma.es\/?product=cerveza-guinness-draught-33cl#primaryimage\",\"inLanguage\":\"es\",\"url\":\"https:\/\/i0.wp.com\/www.comercialanma.es\/wp-content\/uploads\/2020\/01\/Guinness-Draught.jpg?fit=1080%2C1080&ssl=1\",\"width\":1080,\"height\":1080},{\"@type\":\"WebPage\",\"@id\":\"https:\/\/www.comercialanma.es\/?product=cerveza-guinness-draught-33cl#webpage\",\"url\":\"https:\/\/www.comercialanma.es\/?product=cerveza-guinness-draught-33cl\",\"name\":\"Cerveza Guinness Draught 33cl. (RT) - Comercial de Hosteleria Anma\",\"isPartOf\":{\"@id\":\"https:\/\/www.comercialanma.es\/#website\"},\"primaryImageOfPage\":{\"@id\":\"https:\/\/www.comercialanma.es\/?product=cerveza-guinness-draught-33cl#primaryimage\"},\"datePublished\":\"2020-01-28T14:03:43+00:00\",\"dateModified\":\"2020-02-20T16:01:16+00:00\",\"breadcrumb\":{\"@id\":\"https:\/\/www.comercialanma.es\/?product=cerveza-guinness-draught-33cl#breadcrumb\"},\"inLanguage\":\"es\",\"potentialAction\":[{\"@type\":\"ReadAction\",\"target\":[\"https:\/\/www.comercialanma.es\/?product=cerveza-guinness-draught-33cl\"]}]},{\"@type\":\"BreadcrumbList\",\"@id\":\"https:\/\/www.comercialanma.es\/?product=cerveza-guinness-draught-33cl#breadcrumb\",\"itemListElement\":[{\"@type\":\"ListItem\",\"position\":1,\"item\":{\"@type\":\"WebPage\",\"@id\":\"https:\/\/www.comercialanma.es\/\",\"url\":\"https:\/\/www.comercialanma.es\/\",\"name\":\"Portada\"}},{\"@type\":\"ListItem\",\"position\":2,\"item\":{\"@type\":\"WebPage\",\"@id\":\"https:\/\/www.comercialanma.es\/?page_id=3963\",\"url\":\"https:\/\/www.comercialanma.es\/?page_id=3963\",\"name\":\"Cat\\u00e1logo de Productos\"}},{\"@type\":\"ListItem\",\"position\":3,\"item\":{\"@type\":\"WebPage\",\"@id\":\"https:\/\/www.comercialanma.es\/?product=cerveza-guinness-draught-33cl\",\"url\":\"https:\/\/www.comercialanma.es\/?product=cerveza-guinness-draught-33cl\",\"name\":\"Cerveza Guinness Draught 33cl. (RT)\"}}]}]}<\/script>\n<!-- \/ Yoast SEO plugin. -->","_links":{"self":[{"href":"https:\/\/www.comercialanma.es\/index.php?rest_route=\/wp\/v2\/product\/12885"}],"collection":[{"href":"https:\/\/www.comercialanma.es\/index.php?rest_route=\/wp\/v2\/product"}],"about":[{"href":"https:\/\/www.comercialanma.es\/index.php?rest_route=\/wp\/v2\/types\/product"}],"version-history":[{"count":4,"href":"https:\/\/www.comercialanma.es\/index.php?rest_route=\/wp\/v2\/product\/12885\/revisions"}],"predecessor-version":[{"id":13020,"href":"https:\/\/www.comercialanma.es\/index.php?rest_route=\/wp\/v2\/product\/12885\/revisions\/13020"}],"wp:featuredmedia":[{"embeddable":true,"href":"https:\/\/www.comercialanma.es\/index.php?rest_route=\/wp\/v2\/media\/12886"}],"wp:attachment":[{"href":"https:\/\/www.comercialanma.es\/index.php?rest_route=%2Fwp%2Fv2%2Fmedia&parent=12885"}],"curies":[{"name":"wp","href":"https:\/\/api.w.org\/{rel}","templated":true}]}}