
{"id":12888,"date":"2020-01-28T15:19:56","date_gmt":"2020-01-28T14:19:56","guid":{"rendered":"http:\/\/www.comercialanma.es\/?post_type=product&#038;p=12888"},"modified":"2020-02-20T16:25:53","modified_gmt":"2020-02-20T15:25:53","slug":"lagunitas-ipa","status":"publish","type":"product","link":"https:\/\/www.comercialanma.es\/?product=lagunitas-ipa","title":{"rendered":"Cerveza Lagunitas Ipa Indian Pale Ale Lager 35,5cl. (N.R)"},"content":{"rendered":"<div class=\"grid-wrapper\">\n<div class=\"grid-l-14 grid-xs-24\">\n<div class=\"product-info-list-wrap\">\n<p>Lagunitas, la cerveza IPA ic\u00f3nica de California.<\/p>\n<h3>Contenido<\/h3>\n<ul>\n<li>355 mililitros<\/li>\n<\/ul>\n<h3>Nota de Cata<\/h3>\n<ul>\n<li>De color anaranjado claro con reflejos dorados, cristalina.<\/li>\n<li>Espuma fina y cremosa, de media retenci\u00f3n. De aromas florales y notas de caramelo y frutales.<\/li>\n<li>De gusto inicialmente suave, c\u00edtrico y final, pasa a un final ligeramente amargo y seco. De cuerpo medio, ligera carbonataci\u00f3n.<\/li>\n<\/ul>\n<p>&nbsp;<\/p>\n<\/div>\n<div class=\"product-info-list-wrap\">\n<h3>Ingredientes<\/h3>\n<ul>\n<li>Cebada malteada, trigo, l\u00fapulo, agua y levadura. este producto se elabora con malta de cebada. Contiene gluten.<\/li>\n<\/ul>\n<h3>Amargor<\/h3>\n<ul>\n<li>51,5 IBUs<\/li>\n<\/ul>\n<\/div>\n<div class=\"product-info-list-wrap\">\n<h3>Porcentaje de alcohol<\/h3>\n<ul>\n<li>6.2% vol.<\/li>\n<\/ul>\n<\/div>\n<\/div>\n<\/div>\n","protected":false},"excerpt":{"rendered":"<ul>\n<li>Estados Unidos<\/li>\n<\/ul>\n<p>Cerveza artesana originaria de California. Una Indian pale ale bien balanceada y muy bebestible, gracias a su combinaci\u00f3n de maltas caramelo que suavizan los l\u00fapulos americanos utilizados para su elaboraci\u00f3n.<\/p>\n","protected":false},"featured_media":12967,"template":"","meta":{"spay_email":""},"yoast_head":"<!-- This site is optimized with the Yoast SEO plugin v15.9 - https:\/\/yoast.com\/wordpress\/plugins\/seo\/ -->\n<title>Cerveza Lagunitas Ipa Indian Pale Ale Lager 35,5cl. (N.R) - Comercial de Hosteleria Anma<\/title>\n<meta name=\"robots\" content=\"index, follow, max-snippet:-1, max-image-preview:large, max-video-preview:-1\" \/>\n<link rel=\"canonical\" href=\"https:\/\/www.comercialanma.es\/?product=lagunitas-ipa\" \/>\n<meta property=\"og:locale\" content=\"es_ES\" \/>\n<meta property=\"og:type\" content=\"article\" \/>\n<meta property=\"og:title\" content=\"Cerveza Lagunitas Ipa Indian Pale Ale Lager 35,5cl. (N.R) - Comercial de Hosteleria Anma\" \/>\n<meta property=\"og:description\" content=\"Estados Unidos  Cerveza artesana originaria de California. Una Indian pale ale bien balanceada y muy bebestible, gracias a su combinaci\u00f3n de maltas caramelo que suavizan los l\u00fapulos americanos utilizados para su elaboraci\u00f3n.\" \/>\n<meta property=\"og:url\" content=\"https:\/\/www.comercialanma.es\/?product=lagunitas-ipa\" \/>\n<meta property=\"og:site_name\" content=\"Comercial de Hosteleria Anma\" \/>\n<meta property=\"article:publisher\" content=\"https:\/\/www.facebook.com\/AnmaHosteleria\" \/>\n<meta property=\"article:modified_time\" content=\"2020-02-20T15:25:53+00:00\" \/>\n<meta property=\"og:image\" content=\"https:\/\/i1.wp.com\/www.comercialanma.es\/wp-content\/uploads\/2020\/01\/Lagunitas-Ipa-Indian-Pale-Ale.jpg?fit=1080%2C1080&#038;ssl=1\" \/>\n\t<meta property=\"og:image:width\" content=\"1080\" \/>\n\t<meta property=\"og:image:height\" content=\"1080\" \/>\n<meta name=\"twitter:card\" content=\"summary_large_image\" \/>\n<script type=\"application\/ld+json\" class=\"yoast-schema-graph\">{\"@context\":\"https:\/\/schema.org\",\"@graph\":[{\"@type\":\"Organization\",\"@id\":\"https:\/\/www.comercialanma.es\/#organization\",\"name\":\"Comercial Anma\",\"url\":\"https:\/\/www.comercialanma.es\/\",\"sameAs\":[\"https:\/\/www.facebook.com\/AnmaHosteleria\",\"https:\/\/www.instagram.com\/anmahosteleria\/?hl=es\",\"https:\/\/www.youtube.com\/channel\/UCT2nmn08Ntks0hmpZPnDgCA\"],\"logo\":{\"@type\":\"ImageObject\",\"@id\":\"https:\/\/www.comercialanma.es\/#logo\",\"inLanguage\":\"es\",\"url\":\"https:\/\/i2.wp.com\/www.comercialanma.es\/wp-content\/uploads\/2019\/06\/logo-anma-color.png?fit=247%2C101&ssl=1\",\"width\":247,\"height\":101,\"caption\":\"Comercial Anma\"},\"image\":{\"@id\":\"https:\/\/www.comercialanma.es\/#logo\"}},{\"@type\":\"WebSite\",\"@id\":\"https:\/\/www.comercialanma.es\/#website\",\"url\":\"https:\/\/www.comercialanma.es\/\",\"name\":\"Comercial de Hosteleria Anma\",\"description\":\"\",\"publisher\":{\"@id\":\"https:\/\/www.comercialanma.es\/#organization\"},\"potentialAction\":[{\"@type\":\"SearchAction\",\"target\":\"https:\/\/www.comercialanma.es\/?s={search_term_string}\",\"query-input\":\"required name=search_term_string\"}],\"inLanguage\":\"es\"},{\"@type\":\"ImageObject\",\"@id\":\"https:\/\/www.comercialanma.es\/?product=lagunitas-ipa#primaryimage\",\"inLanguage\":\"es\",\"url\":\"https:\/\/i1.wp.com\/www.comercialanma.es\/wp-content\/uploads\/2020\/01\/Lagunitas-Ipa-Indian-Pale-Ale.jpg?fit=1080%2C1080&ssl=1\",\"width\":1080,\"height\":1080},{\"@type\":\"WebPage\",\"@id\":\"https:\/\/www.comercialanma.es\/?product=lagunitas-ipa#webpage\",\"url\":\"https:\/\/www.comercialanma.es\/?product=lagunitas-ipa\",\"name\":\"Cerveza Lagunitas Ipa Indian Pale Ale Lager 35,5cl. (N.R) - Comercial de Hosteleria Anma\",\"isPartOf\":{\"@id\":\"https:\/\/www.comercialanma.es\/#website\"},\"primaryImageOfPage\":{\"@id\":\"https:\/\/www.comercialanma.es\/?product=lagunitas-ipa#primaryimage\"},\"datePublished\":\"2020-01-28T14:19:56+00:00\",\"dateModified\":\"2020-02-20T15:25:53+00:00\",\"breadcrumb\":{\"@id\":\"https:\/\/www.comercialanma.es\/?product=lagunitas-ipa#breadcrumb\"},\"inLanguage\":\"es\",\"potentialAction\":[{\"@type\":\"ReadAction\",\"target\":[\"https:\/\/www.comercialanma.es\/?product=lagunitas-ipa\"]}]},{\"@type\":\"BreadcrumbList\",\"@id\":\"https:\/\/www.comercialanma.es\/?product=lagunitas-ipa#breadcrumb\",\"itemListElement\":[{\"@type\":\"ListItem\",\"position\":1,\"item\":{\"@type\":\"WebPage\",\"@id\":\"https:\/\/www.comercialanma.es\/\",\"url\":\"https:\/\/www.comercialanma.es\/\",\"name\":\"Portada\"}},{\"@type\":\"ListItem\",\"position\":2,\"item\":{\"@type\":\"WebPage\",\"@id\":\"https:\/\/www.comercialanma.es\/?page_id=3963\",\"url\":\"https:\/\/www.comercialanma.es\/?page_id=3963\",\"name\":\"Cat\\u00e1logo de Productos\"}},{\"@type\":\"ListItem\",\"position\":3,\"item\":{\"@type\":\"WebPage\",\"@id\":\"https:\/\/www.comercialanma.es\/?product=lagunitas-ipa\",\"url\":\"https:\/\/www.comercialanma.es\/?product=lagunitas-ipa\",\"name\":\"Cerveza Lagunitas Ipa Indian Pale Ale Lager 35,5cl. (N.R)\"}}]}]}<\/script>\n<!-- \/ Yoast SEO plugin. -->","_links":{"self":[{"href":"https:\/\/www.comercialanma.es\/index.php?rest_route=\/wp\/v2\/product\/12888"}],"collection":[{"href":"https:\/\/www.comercialanma.es\/index.php?rest_route=\/wp\/v2\/product"}],"about":[{"href":"https:\/\/www.comercialanma.es\/index.php?rest_route=\/wp\/v2\/types\/product"}],"version-history":[{"count":4,"href":"https:\/\/www.comercialanma.es\/index.php?rest_route=\/wp\/v2\/product\/12888\/revisions"}],"predecessor-version":[{"id":12966,"href":"https:\/\/www.comercialanma.es\/index.php?rest_route=\/wp\/v2\/product\/12888\/revisions\/12966"}],"wp:featuredmedia":[{"embeddable":true,"href":"https:\/\/www.comercialanma.es\/index.php?rest_route=\/wp\/v2\/media\/12967"}],"wp:attachment":[{"href":"https:\/\/www.comercialanma.es\/index.php?rest_route=%2Fwp%2Fv2%2Fmedia&parent=12888"}],"curies":[{"name":"wp","href":"https:\/\/api.w.org\/{rel}","templated":true}]}}