
{"id":12904,"date":"2020-01-28T15:52:25","date_gmt":"2020-01-28T14:52:25","guid":{"rendered":"http:\/\/www.comercialanma.es\/?post_type=product&#038;p=12904"},"modified":"2020-01-28T16:44:44","modified_gmt":"2020-01-28T15:44:44","slug":"cider-strongbow-apple-barril-30l","status":"publish","type":"product","link":"https:\/\/www.comercialanma.es\/?product=cider-strongbow-apple-barril-30l","title":{"rendered":"Cider Strongbow Apple Barril 30L."},"content":{"rendered":"<div class=\"grid-wrapper\">\n<div class=\"grid-l-14 grid-xs-24\">\n<div class=\"product-info-list-wrap\">\n<p>Strongbow Apple Cider Gold es una bebida refrescante, basada en la fermentaci\u00f3n de manzanas e ingredientes 100% naturales. Tiene un sabor menos dulce y con menos alcohol que el de la sidra dom\u00e9stica.<\/p>\n<h3>Contenido<\/h3>\n<ul>\n<li>Barril 30 Litros<\/li>\n<\/ul>\n<h3>Nota de Cata<\/h3>\n<ul>\n<li>En paladar es suave y ligeramente cremosa.<\/li>\n<li>Disfruta de su textura aterciopelada y su acabdo equilibrado.<\/li>\n<\/ul>\n<p>&nbsp;<\/p>\n<\/div>\n<div class=\"product-info-list-wrap\">\n<h3>Ingredientes<\/h3>\n<ul>\n<li><span class=\"a-list-item\">Concentrado de zumo de manzana, jarabe de glucosa, jarabe de glucosa-fructosa, \u00e1cido c\u00edtrico, az\u00facar caramelizado. <\/span><\/li>\n<\/ul>\n<\/div>\n<div class=\"product-info-list-wrap\">\n<h3>Porcentaje de alcohol<\/h3>\n<ul>\n<li>5.3% vol.<\/li>\n<\/ul>\n<\/div>\n<\/div>\n<\/div>\n","protected":false},"excerpt":{"rendered":"<ul>\n<li>Inglaterra<\/li>\n<\/ul>\n<p>Hecho de manzanas, Strongbow trae la naturaleza a la ciudad e invita a los urbanitas a experimentar su estimulante refresco natural.<\/p>\n","protected":false},"featured_media":12905,"template":"","meta":{"spay_email":""},"yoast_head":"<!-- This site is optimized with the Yoast SEO plugin v15.9 - https:\/\/yoast.com\/wordpress\/plugins\/seo\/ -->\n<title>Cider Strongbow Apple Barril 30L. - Comercial de Hosteleria Anma<\/title>\n<meta name=\"robots\" content=\"index, follow, max-snippet:-1, max-image-preview:large, max-video-preview:-1\" \/>\n<link rel=\"canonical\" href=\"https:\/\/www.comercialanma.es\/?product=cider-strongbow-apple-barril-30l\" \/>\n<meta property=\"og:locale\" content=\"es_ES\" \/>\n<meta property=\"og:type\" content=\"article\" \/>\n<meta property=\"og:title\" content=\"Cider Strongbow Apple Barril 30L. - Comercial de Hosteleria Anma\" \/>\n<meta property=\"og:description\" content=\"Inglaterra  Hecho de manzanas, Strongbow trae la naturaleza a la ciudad e invita a los urbanitas a experimentar su estimulante refresco natural.\" \/>\n<meta property=\"og:url\" content=\"https:\/\/www.comercialanma.es\/?product=cider-strongbow-apple-barril-30l\" \/>\n<meta property=\"og:site_name\" content=\"Comercial de Hosteleria Anma\" \/>\n<meta property=\"article:publisher\" content=\"https:\/\/www.facebook.com\/AnmaHosteleria\" \/>\n<meta property=\"article:modified_time\" content=\"2020-01-28T15:44:44+00:00\" \/>\n<meta property=\"og:image\" content=\"https:\/\/i0.wp.com\/www.comercialanma.es\/wp-content\/uploads\/2020\/01\/Strongbow-30L.jpg?fit=1080%2C1080&#038;ssl=1\" \/>\n\t<meta property=\"og:image:width\" content=\"1080\" \/>\n\t<meta property=\"og:image:height\" content=\"1080\" \/>\n<meta name=\"twitter:card\" content=\"summary_large_image\" \/>\n<script type=\"application\/ld+json\" class=\"yoast-schema-graph\">{\"@context\":\"https:\/\/schema.org\",\"@graph\":[{\"@type\":\"Organization\",\"@id\":\"https:\/\/www.comercialanma.es\/#organization\",\"name\":\"Comercial Anma\",\"url\":\"https:\/\/www.comercialanma.es\/\",\"sameAs\":[\"https:\/\/www.facebook.com\/AnmaHosteleria\",\"https:\/\/www.instagram.com\/anmahosteleria\/?hl=es\",\"https:\/\/www.youtube.com\/channel\/UCT2nmn08Ntks0hmpZPnDgCA\"],\"logo\":{\"@type\":\"ImageObject\",\"@id\":\"https:\/\/www.comercialanma.es\/#logo\",\"inLanguage\":\"es\",\"url\":\"https:\/\/i2.wp.com\/www.comercialanma.es\/wp-content\/uploads\/2019\/06\/logo-anma-color.png?fit=247%2C101&ssl=1\",\"width\":247,\"height\":101,\"caption\":\"Comercial Anma\"},\"image\":{\"@id\":\"https:\/\/www.comercialanma.es\/#logo\"}},{\"@type\":\"WebSite\",\"@id\":\"https:\/\/www.comercialanma.es\/#website\",\"url\":\"https:\/\/www.comercialanma.es\/\",\"name\":\"Comercial de Hosteleria Anma\",\"description\":\"\",\"publisher\":{\"@id\":\"https:\/\/www.comercialanma.es\/#organization\"},\"potentialAction\":[{\"@type\":\"SearchAction\",\"target\":\"https:\/\/www.comercialanma.es\/?s={search_term_string}\",\"query-input\":\"required name=search_term_string\"}],\"inLanguage\":\"es\"},{\"@type\":\"ImageObject\",\"@id\":\"https:\/\/www.comercialanma.es\/?product=cider-strongbow-apple-barril-30l#primaryimage\",\"inLanguage\":\"es\",\"url\":\"https:\/\/i0.wp.com\/www.comercialanma.es\/wp-content\/uploads\/2020\/01\/Strongbow-30L.jpg?fit=1080%2C1080&ssl=1\",\"width\":1080,\"height\":1080},{\"@type\":\"WebPage\",\"@id\":\"https:\/\/www.comercialanma.es\/?product=cider-strongbow-apple-barril-30l#webpage\",\"url\":\"https:\/\/www.comercialanma.es\/?product=cider-strongbow-apple-barril-30l\",\"name\":\"Cider Strongbow Apple Barril 30L. - Comercial de Hosteleria Anma\",\"isPartOf\":{\"@id\":\"https:\/\/www.comercialanma.es\/#website\"},\"primaryImageOfPage\":{\"@id\":\"https:\/\/www.comercialanma.es\/?product=cider-strongbow-apple-barril-30l#primaryimage\"},\"datePublished\":\"2020-01-28T14:52:25+00:00\",\"dateModified\":\"2020-01-28T15:44:44+00:00\",\"breadcrumb\":{\"@id\":\"https:\/\/www.comercialanma.es\/?product=cider-strongbow-apple-barril-30l#breadcrumb\"},\"inLanguage\":\"es\",\"potentialAction\":[{\"@type\":\"ReadAction\",\"target\":[\"https:\/\/www.comercialanma.es\/?product=cider-strongbow-apple-barril-30l\"]}]},{\"@type\":\"BreadcrumbList\",\"@id\":\"https:\/\/www.comercialanma.es\/?product=cider-strongbow-apple-barril-30l#breadcrumb\",\"itemListElement\":[{\"@type\":\"ListItem\",\"position\":1,\"item\":{\"@type\":\"WebPage\",\"@id\":\"https:\/\/www.comercialanma.es\/\",\"url\":\"https:\/\/www.comercialanma.es\/\",\"name\":\"Portada\"}},{\"@type\":\"ListItem\",\"position\":2,\"item\":{\"@type\":\"WebPage\",\"@id\":\"https:\/\/www.comercialanma.es\/?page_id=3963\",\"url\":\"https:\/\/www.comercialanma.es\/?page_id=3963\",\"name\":\"Cat\\u00e1logo de Productos\"}},{\"@type\":\"ListItem\",\"position\":3,\"item\":{\"@type\":\"WebPage\",\"@id\":\"https:\/\/www.comercialanma.es\/?product=cider-strongbow-apple-barril-30l\",\"url\":\"https:\/\/www.comercialanma.es\/?product=cider-strongbow-apple-barril-30l\",\"name\":\"Cider Strongbow Apple Barril 30L.\"}}]}]}<\/script>\n<!-- \/ Yoast SEO plugin. -->","_links":{"self":[{"href":"https:\/\/www.comercialanma.es\/index.php?rest_route=\/wp\/v2\/product\/12904"}],"collection":[{"href":"https:\/\/www.comercialanma.es\/index.php?rest_route=\/wp\/v2\/product"}],"about":[{"href":"https:\/\/www.comercialanma.es\/index.php?rest_route=\/wp\/v2\/types\/product"}],"version-history":[{"count":1,"href":"https:\/\/www.comercialanma.es\/index.php?rest_route=\/wp\/v2\/product\/12904\/revisions"}],"predecessor-version":[{"id":12906,"href":"https:\/\/www.comercialanma.es\/index.php?rest_route=\/wp\/v2\/product\/12904\/revisions\/12906"}],"wp:featuredmedia":[{"embeddable":true,"href":"https:\/\/www.comercialanma.es\/index.php?rest_route=\/wp\/v2\/media\/12905"}],"wp:attachment":[{"href":"https:\/\/www.comercialanma.es\/index.php?rest_route=%2Fwp%2Fv2%2Fmedia&parent=12904"}],"curies":[{"name":"wp","href":"https:\/\/api.w.org\/{rel}","templated":true}]}}