
{"id":12927,"date":"2020-01-31T11:39:02","date_gmt":"2020-01-31T10:39:02","guid":{"rendered":"http:\/\/www.comercialanma.es\/?post_type=product&#038;p=12927"},"modified":"2020-01-31T11:47:13","modified_gmt":"2020-01-31T10:47:13","slug":"cerveza-mort-subite-xtreme-kriek-lambic-25cl-n-r","status":"publish","type":"product","link":"https:\/\/www.comercialanma.es\/?product=cerveza-mort-subite-xtreme-kriek-lambic-25cl-n-r","title":{"rendered":"Cerveza Mort Subite Xtreme Kriek Lambic 25cl."},"content":{"rendered":"<div class=\"grid-wrapper\">\n<div class=\"grid-l-14 grid-xs-24\">\n<div class=\"product-info-list-wrap\">\n<p>Cerveza de fermentaci\u00f3n espont\u00e1nea, elaborada con malta de cebada y trigo, que despu\u00e9s de una fermentaci\u00f3n larga, se le adiciona az\u00facar, edulcorantes y entre un 10-15% de cereza en un caso, dej\u00e1ndola macerar en barricas de roble, hasta su filtrado final y envasado.<\/p>\n<p>Es una cerveza de fermentaci\u00f3n espont\u00e1nea o Lambic, y estilo afrutado.<\/p>\n<h3>Contenido<\/h3>\n<ul>\n<li>250 mililitros<\/li>\n<\/ul>\n<h3>Nota de Cata<\/h3>\n<ul>\n<li>Vista: Color rojo intenso, totalmente transparente y carbonataci\u00f3n equilibrada. Muy poca espuma, de color ros\u00e1ceo que disipa muy r\u00e1pido sobre la superficie de la cerveza.<\/li>\n<li>Nariz: Aroma intenso, muy dulce, en el que predomina la cereza.<\/li>\n<li>Boca: Cuerpo y sabor intensos y muy dulces. Predomina la cereza tipo amarena, teniendo un fondo muy interesante de amargor de este tipo de cereza y tambi\u00e9n de almendra. El final es corto y seco, dejando el regusto de amarenas y de almendra.<\/li>\n<\/ul>\n<p>&nbsp;<\/p>\n<\/div>\n<div class=\"product-info-list-wrap\">\n<h3>Ingredientes<\/h3>\n<ul>\n<li>Agua, malta de cebada, zumo de cereza agria concentrado, trigo, guindas, concentrado de jugo de baya de sa\u00faco, jarabe de glucosa, l\u00fapulo, antioxidante e224. este producto se elabora con malta de cebada. contiene gluten.<\/li>\n<\/ul>\n<\/div>\n<div class=\"product-info-list-wrap\">\n<h3>Porcentaje de alcohol<\/h3>\n<ul>\n<li>4.3% vol.<\/li>\n<\/ul>\n<\/div>\n<\/div>\n<\/div>\n","protected":false},"excerpt":{"rendered":"<ul>\n<li>B\u00e9lgica<\/li>\n<\/ul>\n<p>Cerveza belga afrutada que se elabora desde 1721, en Bruselas, en el Valle del Zenne, \u00fanico lugar donde se dan los organismos necesarios para la fermentaci\u00f3n espont\u00e1nea de su mosto. El nombre de Mort Subite proviene de un juego de dados de las Cervecer\u00edas de Bruselas: La Mort Subite. Y el calificativo Gama Xtreme es para intensificar y adaptar las caracter\u00edsticas propias de estos tipos de cervezas al momento actual.<\/p>\n","protected":false},"featured_media":12928,"template":"","meta":{"spay_email":""},"yoast_head":"<!-- This site is optimized with the Yoast SEO plugin v15.9 - https:\/\/yoast.com\/wordpress\/plugins\/seo\/ -->\n<title>Cerveza Mort Subite Xtreme Kriek Lambic 25cl. - Comercial de Hosteleria Anma<\/title>\n<meta name=\"robots\" content=\"index, follow, max-snippet:-1, max-image-preview:large, max-video-preview:-1\" \/>\n<link rel=\"canonical\" href=\"https:\/\/www.comercialanma.es\/?product=cerveza-mort-subite-xtreme-kriek-lambic-25cl-n-r\" \/>\n<meta property=\"og:locale\" content=\"es_ES\" \/>\n<meta property=\"og:type\" content=\"article\" \/>\n<meta property=\"og:title\" content=\"Cerveza Mort Subite Xtreme Kriek Lambic 25cl. - Comercial de Hosteleria Anma\" \/>\n<meta property=\"og:description\" content=\"B\u00e9lgica  Cerveza belga afrutada que se elabora desde 1721, en Bruselas, en el Valle del Zenne, \u00fanico lugar donde se dan los organismos necesarios para la fermentaci\u00f3n espont\u00e1nea de su mosto. El nombre de Mort Subite proviene de un juego de dados de las Cervecer\u00edas de Bruselas: La Mort Subite. Y el calificativo Gama Xtreme es para intensificar y adaptar las caracter\u00edsticas propias de estos tipos de cervezas al momento actual.\" \/>\n<meta property=\"og:url\" content=\"https:\/\/www.comercialanma.es\/?product=cerveza-mort-subite-xtreme-kriek-lambic-25cl-n-r\" \/>\n<meta property=\"og:site_name\" content=\"Comercial de Hosteleria Anma\" \/>\n<meta property=\"article:publisher\" content=\"https:\/\/www.facebook.com\/AnmaHosteleria\" \/>\n<meta property=\"article:modified_time\" content=\"2020-01-31T10:47:13+00:00\" \/>\n<meta property=\"og:image\" content=\"https:\/\/i2.wp.com\/www.comercialanma.es\/wp-content\/uploads\/2020\/01\/Mort-Subite-Xtreme.jpg?fit=1080%2C1080&#038;ssl=1\" \/>\n\t<meta property=\"og:image:width\" content=\"1080\" \/>\n\t<meta property=\"og:image:height\" content=\"1080\" \/>\n<meta name=\"twitter:card\" content=\"summary_large_image\" \/>\n<meta name=\"twitter:label1\" content=\"Tiempo de lectura\">\n\t<meta name=\"twitter:data1\" content=\"1 minuto\">\n<script type=\"application\/ld+json\" class=\"yoast-schema-graph\">{\"@context\":\"https:\/\/schema.org\",\"@graph\":[{\"@type\":\"Organization\",\"@id\":\"https:\/\/www.comercialanma.es\/#organization\",\"name\":\"Comercial Anma\",\"url\":\"https:\/\/www.comercialanma.es\/\",\"sameAs\":[\"https:\/\/www.facebook.com\/AnmaHosteleria\",\"https:\/\/www.instagram.com\/anmahosteleria\/?hl=es\",\"https:\/\/www.youtube.com\/channel\/UCT2nmn08Ntks0hmpZPnDgCA\"],\"logo\":{\"@type\":\"ImageObject\",\"@id\":\"https:\/\/www.comercialanma.es\/#logo\",\"inLanguage\":\"es\",\"url\":\"https:\/\/i2.wp.com\/www.comercialanma.es\/wp-content\/uploads\/2019\/06\/logo-anma-color.png?fit=247%2C101&ssl=1\",\"width\":247,\"height\":101,\"caption\":\"Comercial Anma\"},\"image\":{\"@id\":\"https:\/\/www.comercialanma.es\/#logo\"}},{\"@type\":\"WebSite\",\"@id\":\"https:\/\/www.comercialanma.es\/#website\",\"url\":\"https:\/\/www.comercialanma.es\/\",\"name\":\"Comercial de Hosteleria Anma\",\"description\":\"\",\"publisher\":{\"@id\":\"https:\/\/www.comercialanma.es\/#organization\"},\"potentialAction\":[{\"@type\":\"SearchAction\",\"target\":\"https:\/\/www.comercialanma.es\/?s={search_term_string}\",\"query-input\":\"required name=search_term_string\"}],\"inLanguage\":\"es\"},{\"@type\":\"ImageObject\",\"@id\":\"https:\/\/www.comercialanma.es\/?product=cerveza-mort-subite-xtreme-kriek-lambic-25cl-n-r#primaryimage\",\"inLanguage\":\"es\",\"url\":\"https:\/\/i2.wp.com\/www.comercialanma.es\/wp-content\/uploads\/2020\/01\/Mort-Subite-Xtreme.jpg?fit=1080%2C1080&ssl=1\",\"width\":1080,\"height\":1080},{\"@type\":\"WebPage\",\"@id\":\"https:\/\/www.comercialanma.es\/?product=cerveza-mort-subite-xtreme-kriek-lambic-25cl-n-r#webpage\",\"url\":\"https:\/\/www.comercialanma.es\/?product=cerveza-mort-subite-xtreme-kriek-lambic-25cl-n-r\",\"name\":\"Cerveza Mort Subite Xtreme Kriek Lambic 25cl. - Comercial de Hosteleria Anma\",\"isPartOf\":{\"@id\":\"https:\/\/www.comercialanma.es\/#website\"},\"primaryImageOfPage\":{\"@id\":\"https:\/\/www.comercialanma.es\/?product=cerveza-mort-subite-xtreme-kriek-lambic-25cl-n-r#primaryimage\"},\"datePublished\":\"2020-01-31T10:39:02+00:00\",\"dateModified\":\"2020-01-31T10:47:13+00:00\",\"breadcrumb\":{\"@id\":\"https:\/\/www.comercialanma.es\/?product=cerveza-mort-subite-xtreme-kriek-lambic-25cl-n-r#breadcrumb\"},\"inLanguage\":\"es\",\"potentialAction\":[{\"@type\":\"ReadAction\",\"target\":[\"https:\/\/www.comercialanma.es\/?product=cerveza-mort-subite-xtreme-kriek-lambic-25cl-n-r\"]}]},{\"@type\":\"BreadcrumbList\",\"@id\":\"https:\/\/www.comercialanma.es\/?product=cerveza-mort-subite-xtreme-kriek-lambic-25cl-n-r#breadcrumb\",\"itemListElement\":[{\"@type\":\"ListItem\",\"position\":1,\"item\":{\"@type\":\"WebPage\",\"@id\":\"https:\/\/www.comercialanma.es\/\",\"url\":\"https:\/\/www.comercialanma.es\/\",\"name\":\"Portada\"}},{\"@type\":\"ListItem\",\"position\":2,\"item\":{\"@type\":\"WebPage\",\"@id\":\"https:\/\/www.comercialanma.es\/?page_id=3963\",\"url\":\"https:\/\/www.comercialanma.es\/?page_id=3963\",\"name\":\"Cat\\u00e1logo de Productos\"}},{\"@type\":\"ListItem\",\"position\":3,\"item\":{\"@type\":\"WebPage\",\"@id\":\"https:\/\/www.comercialanma.es\/?product=cerveza-mort-subite-xtreme-kriek-lambic-25cl-n-r\",\"url\":\"https:\/\/www.comercialanma.es\/?product=cerveza-mort-subite-xtreme-kriek-lambic-25cl-n-r\",\"name\":\"Cerveza Mort Subite Xtreme Kriek Lambic 25cl.\"}}]}]}<\/script>\n<!-- \/ Yoast SEO plugin. -->","_links":{"self":[{"href":"https:\/\/www.comercialanma.es\/index.php?rest_route=\/wp\/v2\/product\/12927"}],"collection":[{"href":"https:\/\/www.comercialanma.es\/index.php?rest_route=\/wp\/v2\/product"}],"about":[{"href":"https:\/\/www.comercialanma.es\/index.php?rest_route=\/wp\/v2\/types\/product"}],"version-history":[{"count":2,"href":"https:\/\/www.comercialanma.es\/index.php?rest_route=\/wp\/v2\/product\/12927\/revisions"}],"predecessor-version":[{"id":12930,"href":"https:\/\/www.comercialanma.es\/index.php?rest_route=\/wp\/v2\/product\/12927\/revisions\/12930"}],"wp:featuredmedia":[{"embeddable":true,"href":"https:\/\/www.comercialanma.es\/index.php?rest_route=\/wp\/v2\/media\/12928"}],"wp:attachment":[{"href":"https:\/\/www.comercialanma.es\/index.php?rest_route=%2Fwp%2Fv2%2Fmedia&parent=12927"}],"curies":[{"name":"wp","href":"https:\/\/api.w.org\/{rel}","templated":true}]}}