
{"id":12945,"date":"2020-01-31T12:28:37","date_gmt":"2020-01-31T11:28:37","guid":{"rendered":"http:\/\/www.comercialanma.es\/?post_type=product&#038;p=12945"},"modified":"2020-01-31T12:44:46","modified_gmt":"2020-01-31T11:44:46","slug":"maes-barril","status":"publish","type":"product","link":"https:\/\/www.comercialanma.es\/?product=maes-barril","title":{"rendered":"Cerveza Maes Barril 30L."},"content":{"rendered":"<div class=\"grid-wrapper\">\n<div class=\"grid-l-14 grid-xs-24\">\n<div class=\"product-info-list-wrap\">\n<p>La cerveza Maes Pils se elabora en la Cervecer\u00eda Alken-Maes de Waarloos, en B\u00e9lgica, cuyos or\u00edgenes m\u00e1s antiguos datan de la Cervecer\u00eda local Sint Michel de Waarloos de 1880, donde su Presidente, Egied Maes, comenz\u00f3 a introducir la tecnolog\u00eda puntera de la \u00e9poca con idea de expansionar su negocio, creando la Cervecer\u00eda y Malteria a Vapor St-Micha\u00ebl \u2013Hermanos Maes, siendo pioneros en el lanzamiento en 1920 de la primera cerveza pilsen de baja fermentaci\u00f3n belga.<\/p>\n<h3>Contenido<\/h3>\n<ul>\n<li>Barril 30 Litros<\/li>\n<\/ul>\n<h3>Nota de Cata<\/h3>\n<ul>\n<li>Cerveza de color rubio p\u00e1lido, cabeza de espuma blanca y persistente.<\/li>\n<li>Suave al paladar.<\/li>\n<li>Sabor delicado, seco.<\/li>\n<\/ul>\n<p>&nbsp;<\/p>\n<\/div>\n<div class=\"product-info-list-wrap\">\n<h3>Ingredientes<\/h3>\n<ul>\n<li><span class=\"a-list-item\">En su elabor<\/span>aci\u00f3n se utiliza la exclusiva levadura Maes, \u00a0una selecci\u00f3n especial de malta de cebada, trigo malteado y el\u00a0 l\u00fapulo espec\u00edfico para Maes.<\/li>\n<\/ul>\n<\/div>\n<div class=\"product-info-list-wrap\">\n<h3>Porcentaje de alcohol<\/h3>\n<ul>\n<li>5.2% vol.<\/li>\n<\/ul>\n<\/div>\n<\/div>\n<\/div>\n","protected":false},"excerpt":{"rendered":"<ul>\n<li>B\u00e9lgica<\/li>\n<\/ul>\n<p>Maes Pils es una cerveza tipo Lager de estilo rubia belga, de color amarillo brillante profundo, con espuma blanca marf\u00edl, consistente y persistente en el vaso.<\/p>\n","protected":false},"featured_media":12948,"template":"","meta":{"spay_email":""},"yoast_head":"<!-- This site is optimized with the Yoast SEO plugin v15.9 - https:\/\/yoast.com\/wordpress\/plugins\/seo\/ -->\n<title>Cerveza Maes Barril 30L. - Comercial de Hosteleria Anma<\/title>\n<meta name=\"robots\" content=\"index, follow, max-snippet:-1, max-image-preview:large, max-video-preview:-1\" \/>\n<link rel=\"canonical\" href=\"https:\/\/www.comercialanma.es\/?product=maes-barril\" \/>\n<meta property=\"og:locale\" content=\"es_ES\" \/>\n<meta property=\"og:type\" content=\"article\" \/>\n<meta property=\"og:title\" content=\"Cerveza Maes Barril 30L. - Comercial de Hosteleria Anma\" \/>\n<meta property=\"og:description\" content=\"B\u00e9lgica  Maes Pils es una cerveza tipo Lager de estilo rubia belga, de color amarillo brillante profundo, con espuma blanca marf\u00edl, consistente y persistente en el vaso.\" \/>\n<meta property=\"og:url\" content=\"https:\/\/www.comercialanma.es\/?product=maes-barril\" \/>\n<meta property=\"og:site_name\" content=\"Comercial de Hosteleria Anma\" \/>\n<meta property=\"article:publisher\" content=\"https:\/\/www.facebook.com\/AnmaHosteleria\" \/>\n<meta property=\"article:modified_time\" content=\"2020-01-31T11:44:46+00:00\" \/>\n<meta property=\"og:image\" content=\"https:\/\/i2.wp.com\/www.comercialanma.es\/wp-content\/uploads\/2020\/01\/Maes-Barril-30.jpg?fit=1080%2C1080&#038;ssl=1\" \/>\n\t<meta property=\"og:image:width\" content=\"1080\" \/>\n\t<meta property=\"og:image:height\" content=\"1080\" \/>\n<meta name=\"twitter:card\" content=\"summary_large_image\" \/>\n<meta name=\"twitter:label1\" content=\"Tiempo de lectura\">\n\t<meta name=\"twitter:data1\" content=\"1 minuto\">\n<script type=\"application\/ld+json\" class=\"yoast-schema-graph\">{\"@context\":\"https:\/\/schema.org\",\"@graph\":[{\"@type\":\"Organization\",\"@id\":\"https:\/\/www.comercialanma.es\/#organization\",\"name\":\"Comercial Anma\",\"url\":\"https:\/\/www.comercialanma.es\/\",\"sameAs\":[\"https:\/\/www.facebook.com\/AnmaHosteleria\",\"https:\/\/www.instagram.com\/anmahosteleria\/?hl=es\",\"https:\/\/www.youtube.com\/channel\/UCT2nmn08Ntks0hmpZPnDgCA\"],\"logo\":{\"@type\":\"ImageObject\",\"@id\":\"https:\/\/www.comercialanma.es\/#logo\",\"inLanguage\":\"es\",\"url\":\"https:\/\/i2.wp.com\/www.comercialanma.es\/wp-content\/uploads\/2019\/06\/logo-anma-color.png?fit=247%2C101&ssl=1\",\"width\":247,\"height\":101,\"caption\":\"Comercial Anma\"},\"image\":{\"@id\":\"https:\/\/www.comercialanma.es\/#logo\"}},{\"@type\":\"WebSite\",\"@id\":\"https:\/\/www.comercialanma.es\/#website\",\"url\":\"https:\/\/www.comercialanma.es\/\",\"name\":\"Comercial de Hosteleria Anma\",\"description\":\"\",\"publisher\":{\"@id\":\"https:\/\/www.comercialanma.es\/#organization\"},\"potentialAction\":[{\"@type\":\"SearchAction\",\"target\":\"https:\/\/www.comercialanma.es\/?s={search_term_string}\",\"query-input\":\"required name=search_term_string\"}],\"inLanguage\":\"es\"},{\"@type\":\"ImageObject\",\"@id\":\"https:\/\/www.comercialanma.es\/?product=maes-barril#primaryimage\",\"inLanguage\":\"es\",\"url\":\"https:\/\/i2.wp.com\/www.comercialanma.es\/wp-content\/uploads\/2020\/01\/Maes-Barril-30.jpg?fit=1080%2C1080&ssl=1\",\"width\":1080,\"height\":1080},{\"@type\":\"WebPage\",\"@id\":\"https:\/\/www.comercialanma.es\/?product=maes-barril#webpage\",\"url\":\"https:\/\/www.comercialanma.es\/?product=maes-barril\",\"name\":\"Cerveza Maes Barril 30L. - Comercial de Hosteleria Anma\",\"isPartOf\":{\"@id\":\"https:\/\/www.comercialanma.es\/#website\"},\"primaryImageOfPage\":{\"@id\":\"https:\/\/www.comercialanma.es\/?product=maes-barril#primaryimage\"},\"datePublished\":\"2020-01-31T11:28:37+00:00\",\"dateModified\":\"2020-01-31T11:44:46+00:00\",\"breadcrumb\":{\"@id\":\"https:\/\/www.comercialanma.es\/?product=maes-barril#breadcrumb\"},\"inLanguage\":\"es\",\"potentialAction\":[{\"@type\":\"ReadAction\",\"target\":[\"https:\/\/www.comercialanma.es\/?product=maes-barril\"]}]},{\"@type\":\"BreadcrumbList\",\"@id\":\"https:\/\/www.comercialanma.es\/?product=maes-barril#breadcrumb\",\"itemListElement\":[{\"@type\":\"ListItem\",\"position\":1,\"item\":{\"@type\":\"WebPage\",\"@id\":\"https:\/\/www.comercialanma.es\/\",\"url\":\"https:\/\/www.comercialanma.es\/\",\"name\":\"Portada\"}},{\"@type\":\"ListItem\",\"position\":2,\"item\":{\"@type\":\"WebPage\",\"@id\":\"https:\/\/www.comercialanma.es\/?page_id=3963\",\"url\":\"https:\/\/www.comercialanma.es\/?page_id=3963\",\"name\":\"Cat\\u00e1logo de Productos\"}},{\"@type\":\"ListItem\",\"position\":3,\"item\":{\"@type\":\"WebPage\",\"@id\":\"https:\/\/www.comercialanma.es\/?product=maes-barril\",\"url\":\"https:\/\/www.comercialanma.es\/?product=maes-barril\",\"name\":\"Cerveza Maes Barril 30L.\"}}]}]}<\/script>\n<!-- \/ Yoast SEO plugin. -->","_links":{"self":[{"href":"https:\/\/www.comercialanma.es\/index.php?rest_route=\/wp\/v2\/product\/12945"}],"collection":[{"href":"https:\/\/www.comercialanma.es\/index.php?rest_route=\/wp\/v2\/product"}],"about":[{"href":"https:\/\/www.comercialanma.es\/index.php?rest_route=\/wp\/v2\/types\/product"}],"version-history":[{"count":3,"href":"https:\/\/www.comercialanma.es\/index.php?rest_route=\/wp\/v2\/product\/12945\/revisions"}],"predecessor-version":[{"id":12950,"href":"https:\/\/www.comercialanma.es\/index.php?rest_route=\/wp\/v2\/product\/12945\/revisions\/12950"}],"wp:featuredmedia":[{"embeddable":true,"href":"https:\/\/www.comercialanma.es\/index.php?rest_route=\/wp\/v2\/media\/12948"}],"wp:attachment":[{"href":"https:\/\/www.comercialanma.es\/index.php?rest_route=%2Fwp%2Fv2%2Fmedia&parent=12945"}],"curies":[{"name":"wp","href":"https:\/\/api.w.org\/{rel}","templated":true}]}}