
{"id":12957,"date":"2020-01-31T15:24:47","date_gmt":"2020-01-31T14:24:47","guid":{"rendered":"http:\/\/www.comercialanma.es\/?post_type=product&#038;p=12957"},"modified":"2020-01-31T15:33:00","modified_gmt":"2020-01-31T14:33:00","slug":"cerveza-paulaner-naturtrub-hefe-weisbier-50cl-n-r","status":"publish","type":"product","link":"https:\/\/www.comercialanma.es\/?product=cerveza-paulaner-naturtrub-hefe-weisbier-50cl-n-r","title":{"rendered":"Cerveza Paulaner Naturtr\u00fcb Hefe-Wei\u00dfbier 50cl. (N.R)"},"content":{"rendered":"<div class=\"grid-wrapper\">\n<div class=\"grid-l-14 grid-xs-24\">\n<div class=\"product-info-list-wrap\">\n<p>La cerveza blanca de levadura n\u00famero 1 en Alemania y una de las m\u00e1s apreciadas del mundo.<\/p>\n<h3>Contenido<\/h3>\n<ul>\n<li>500 mililitros<\/li>\n<\/ul>\n<h3>Nota de Cata<\/h3>\n<ul>\n<li>Su aroma a especia de clavo inunda toda la nariz marcando su car\u00e1cter, y su paso de boca resulta muy agradable por el excelente balance de dulce de pan, amargor herb\u00e1ceo y vol\u00e1til procedente de una fermentaci\u00f3n alta y la presencia de levadura.<\/li>\n<li>Esta aporta gran cantidad de vitaminas, minerales y prote\u00ednas que redondean su sabor.<\/li>\n<li>El final es de una cerveza muy seca que te refresca profundamente y deja un recuerdo chispeante a guindas que dura en la boca.<\/li>\n<\/ul>\n<p>&nbsp;<\/p>\n<\/div>\n<div class=\"product-info-list-wrap\">\n<h3>Ingredientes<\/h3>\n<ul>\n<li>Agua, malta de trigo (de alta calidad alemana y francesa mezcladas), malta de cebada, extracto de l\u00fapulo, l\u00fapulo pellet (s\u00f3lo l\u00fapulo de baviera de la zona hallertau) y levadura. este producto se elabora con malta de cebada y de trigo. contiene gluten.<\/li>\n<\/ul>\n<h3>Amargor<\/h3>\n<ul>\n<li>12 IBUs<\/li>\n<\/ul>\n<\/div>\n<div class=\"product-info-list-wrap\">\n<h3>Porcentaje de alcohol<\/h3>\n<ul>\n<li>5.5% vol.<\/li>\n<\/ul>\n<\/div>\n<\/div>\n<\/div>\n","protected":false},"excerpt":{"rendered":"<ul>\n<li>Alemania<\/li>\n<\/ul>\n<p>La cerveza Paulaner de trigo con levadura es una cerveza de tipo ale y estilo de trigo alemana, turbia y de color dorado con una tonalidad blanquecina profunda que inunda todo el vaso. Presenta en su servicio una espuma blanca marfil de consistencia ligera pero persistente, que sobrepasa los l\u00edmites del borde del vaso manteni\u00e9ndose firme hasta el final.<\/p>\n","protected":false},"featured_media":12958,"template":"","meta":{"spay_email":""},"yoast_head":"<!-- This site is optimized with the Yoast SEO plugin v15.9 - https:\/\/yoast.com\/wordpress\/plugins\/seo\/ -->\n<title>Cerveza Paulaner Naturtr\u00fcb Hefe-Wei\u00dfbier 50cl. (N.R) - Comercial de Hosteleria Anma<\/title>\n<meta name=\"robots\" content=\"index, follow, max-snippet:-1, max-image-preview:large, max-video-preview:-1\" \/>\n<link rel=\"canonical\" href=\"https:\/\/www.comercialanma.es\/?product=cerveza-paulaner-naturtrub-hefe-weisbier-50cl-n-r\" \/>\n<meta property=\"og:locale\" content=\"es_ES\" \/>\n<meta property=\"og:type\" content=\"article\" \/>\n<meta property=\"og:title\" content=\"Cerveza Paulaner Naturtr\u00fcb Hefe-Wei\u00dfbier 50cl. (N.R) - Comercial de Hosteleria Anma\" \/>\n<meta property=\"og:description\" content=\"Alemania  La cerveza Paulaner de trigo con levadura es una cerveza de tipo ale y estilo de trigo alemana, turbia y de color dorado con una tonalidad blanquecina profunda que inunda todo el vaso. Presenta en su servicio una espuma blanca marfil de consistencia ligera pero persistente, que sobrepasa los l\u00edmites del borde del vaso manteni\u00e9ndose firme hasta el final.\" \/>\n<meta property=\"og:url\" content=\"https:\/\/www.comercialanma.es\/?product=cerveza-paulaner-naturtrub-hefe-weisbier-50cl-n-r\" \/>\n<meta property=\"og:site_name\" content=\"Comercial de Hosteleria Anma\" \/>\n<meta property=\"article:publisher\" content=\"https:\/\/www.facebook.com\/AnmaHosteleria\" \/>\n<meta property=\"article:modified_time\" content=\"2020-01-31T14:33:00+00:00\" \/>\n<meta property=\"og:image\" content=\"https:\/\/i1.wp.com\/www.comercialanma.es\/wp-content\/uploads\/2020\/01\/Paulaner-Naturtru\u0308b-Hefe-Wei\u00dfbier.jpg?fit=1080%2C1080&#038;ssl=1\" \/>\n\t<meta property=\"og:image:width\" content=\"1080\" \/>\n\t<meta property=\"og:image:height\" content=\"1080\" \/>\n<meta name=\"twitter:card\" content=\"summary_large_image\" \/>\n<meta name=\"twitter:label1\" content=\"Tiempo de lectura\">\n\t<meta name=\"twitter:data1\" content=\"1 minuto\">\n<script type=\"application\/ld+json\" class=\"yoast-schema-graph\">{\"@context\":\"https:\/\/schema.org\",\"@graph\":[{\"@type\":\"Organization\",\"@id\":\"https:\/\/www.comercialanma.es\/#organization\",\"name\":\"Comercial Anma\",\"url\":\"https:\/\/www.comercialanma.es\/\",\"sameAs\":[\"https:\/\/www.facebook.com\/AnmaHosteleria\",\"https:\/\/www.instagram.com\/anmahosteleria\/?hl=es\",\"https:\/\/www.youtube.com\/channel\/UCT2nmn08Ntks0hmpZPnDgCA\"],\"logo\":{\"@type\":\"ImageObject\",\"@id\":\"https:\/\/www.comercialanma.es\/#logo\",\"inLanguage\":\"es\",\"url\":\"https:\/\/i2.wp.com\/www.comercialanma.es\/wp-content\/uploads\/2019\/06\/logo-anma-color.png?fit=247%2C101&ssl=1\",\"width\":247,\"height\":101,\"caption\":\"Comercial Anma\"},\"image\":{\"@id\":\"https:\/\/www.comercialanma.es\/#logo\"}},{\"@type\":\"WebSite\",\"@id\":\"https:\/\/www.comercialanma.es\/#website\",\"url\":\"https:\/\/www.comercialanma.es\/\",\"name\":\"Comercial de Hosteleria Anma\",\"description\":\"\",\"publisher\":{\"@id\":\"https:\/\/www.comercialanma.es\/#organization\"},\"potentialAction\":[{\"@type\":\"SearchAction\",\"target\":\"https:\/\/www.comercialanma.es\/?s={search_term_string}\",\"query-input\":\"required name=search_term_string\"}],\"inLanguage\":\"es\"},{\"@type\":\"ImageObject\",\"@id\":\"https:\/\/www.comercialanma.es\/?product=cerveza-paulaner-naturtrub-hefe-weisbier-50cl-n-r#primaryimage\",\"inLanguage\":\"es\",\"url\":\"https:\/\/i1.wp.com\/www.comercialanma.es\/wp-content\/uploads\/2020\/01\/Paulaner-Naturtru\\u0308b-Hefe-Wei\\u00dfbier.jpg?fit=1080%2C1080&ssl=1\",\"width\":1080,\"height\":1080},{\"@type\":\"WebPage\",\"@id\":\"https:\/\/www.comercialanma.es\/?product=cerveza-paulaner-naturtrub-hefe-weisbier-50cl-n-r#webpage\",\"url\":\"https:\/\/www.comercialanma.es\/?product=cerveza-paulaner-naturtrub-hefe-weisbier-50cl-n-r\",\"name\":\"Cerveza Paulaner Naturtr\\u00fcb Hefe-Wei\\u00dfbier 50cl. (N.R) - Comercial de Hosteleria Anma\",\"isPartOf\":{\"@id\":\"https:\/\/www.comercialanma.es\/#website\"},\"primaryImageOfPage\":{\"@id\":\"https:\/\/www.comercialanma.es\/?product=cerveza-paulaner-naturtrub-hefe-weisbier-50cl-n-r#primaryimage\"},\"datePublished\":\"2020-01-31T14:24:47+00:00\",\"dateModified\":\"2020-01-31T14:33:00+00:00\",\"breadcrumb\":{\"@id\":\"https:\/\/www.comercialanma.es\/?product=cerveza-paulaner-naturtrub-hefe-weisbier-50cl-n-r#breadcrumb\"},\"inLanguage\":\"es\",\"potentialAction\":[{\"@type\":\"ReadAction\",\"target\":[\"https:\/\/www.comercialanma.es\/?product=cerveza-paulaner-naturtrub-hefe-weisbier-50cl-n-r\"]}]},{\"@type\":\"BreadcrumbList\",\"@id\":\"https:\/\/www.comercialanma.es\/?product=cerveza-paulaner-naturtrub-hefe-weisbier-50cl-n-r#breadcrumb\",\"itemListElement\":[{\"@type\":\"ListItem\",\"position\":1,\"item\":{\"@type\":\"WebPage\",\"@id\":\"https:\/\/www.comercialanma.es\/\",\"url\":\"https:\/\/www.comercialanma.es\/\",\"name\":\"Portada\"}},{\"@type\":\"ListItem\",\"position\":2,\"item\":{\"@type\":\"WebPage\",\"@id\":\"https:\/\/www.comercialanma.es\/?page_id=3963\",\"url\":\"https:\/\/www.comercialanma.es\/?page_id=3963\",\"name\":\"Cat\\u00e1logo de Productos\"}},{\"@type\":\"ListItem\",\"position\":3,\"item\":{\"@type\":\"WebPage\",\"@id\":\"https:\/\/www.comercialanma.es\/?product=cerveza-paulaner-naturtrub-hefe-weisbier-50cl-n-r\",\"url\":\"https:\/\/www.comercialanma.es\/?product=cerveza-paulaner-naturtrub-hefe-weisbier-50cl-n-r\",\"name\":\"Cerveza Paulaner Naturtr\\u00fcb Hefe-Wei\\u00dfbier 50cl. (N.R)\"}}]}]}<\/script>\n<!-- \/ Yoast SEO plugin. -->","_links":{"self":[{"href":"https:\/\/www.comercialanma.es\/index.php?rest_route=\/wp\/v2\/product\/12957"}],"collection":[{"href":"https:\/\/www.comercialanma.es\/index.php?rest_route=\/wp\/v2\/product"}],"about":[{"href":"https:\/\/www.comercialanma.es\/index.php?rest_route=\/wp\/v2\/types\/product"}],"version-history":[{"count":1,"href":"https:\/\/www.comercialanma.es\/index.php?rest_route=\/wp\/v2\/product\/12957\/revisions"}],"predecessor-version":[{"id":12959,"href":"https:\/\/www.comercialanma.es\/index.php?rest_route=\/wp\/v2\/product\/12957\/revisions\/12959"}],"wp:featuredmedia":[{"embeddable":true,"href":"https:\/\/www.comercialanma.es\/index.php?rest_route=\/wp\/v2\/media\/12958"}],"wp:attachment":[{"href":"https:\/\/www.comercialanma.es\/index.php?rest_route=%2Fwp%2Fv2%2Fmedia&parent=12957"}],"curies":[{"name":"wp","href":"https:\/\/api.w.org\/{rel}","templated":true}]}}