
{"id":12979,"date":"2020-02-18T08:52:21","date_gmt":"2020-02-18T07:52:21","guid":{"rendered":"http:\/\/www.comercialanma.es\/?post_type=product&#038;p=12979"},"modified":"2020-09-21T08:25:33","modified_gmt":"2020-09-21T06:25:33","slug":"ginebra-gipsy-1927-70cl","status":"publish","type":"product","link":"https:\/\/www.comercialanma.es\/?product=ginebra-gipsy-1927-70cl","title":{"rendered":"Ginebra Gipsy 1927 70cl."},"content":{"rendered":"<div>\n<div>\n<div id=\"tabs_content_container\">\n<h3>Nota de Cata:<\/h3>\n<ul>\n<li>Color: Verde intenso, con unos tonos similares a las hojas de los verdes \u00e1rboles del bosque pero con un toque artificial. Es trasl\u00facido, lo que le da un aspecto limpio.<\/li>\n<li>Olor: Los aromas son intensos, herb\u00e1ceos y a la vez tienen un toque que no es natural, pero que le brinda car\u00e1cter y le hace refrescante. El impacto que posee en una primera instancia es tan potente que desestabiliza, pero r\u00e1pidamente permite que se distinga toda la gama de sus elementos.<\/li>\n<li>Sabor: Al igual que el aroma, se caracteriza por su fuerza y frescor. Vibra en la boca en el primer instante en el que entra en contacto, distingui\u00e9ndose de otros productos similares por lo natural de su sabor.<\/li>\n<\/ul>\n<h3>Graduaci\u00f3n:<\/h3>\n<ul>\n<li>39\u00ba Vol.<\/li>\n<\/ul>\n<div><\/div>\n<\/div>\n<\/div>\n<\/div>\n<div class=\"clear\"><\/div>\n","protected":false},"excerpt":{"rendered":"<p>Elaborada a mano de una destiler\u00eda muy antigua, se usan bayas de enebro, cilantro, naranja, pieles de lim\u00f3n y otros elementos que provienen todos del medio ambiente, usando t\u00e9cnicas ecol\u00f3gicas. Su car\u00e1cter herb\u00e1ceo viene brindado por su composici\u00f3n.<\/p>\n","protected":false},"featured_media":12980,"template":"","meta":{"spay_email":""},"yoast_head":"<!-- This site is optimized with the Yoast SEO plugin v15.9 - https:\/\/yoast.com\/wordpress\/plugins\/seo\/ -->\n<title>Ginebra Gipsy 1927 70cl. - Comercial de Hosteleria Anma<\/title>\n<meta name=\"robots\" content=\"index, follow, max-snippet:-1, max-image-preview:large, max-video-preview:-1\" \/>\n<link rel=\"canonical\" href=\"https:\/\/www.comercialanma.es\/?product=ginebra-gipsy-1927-70cl\" \/>\n<meta property=\"og:locale\" content=\"es_ES\" \/>\n<meta property=\"og:type\" content=\"article\" \/>\n<meta property=\"og:title\" content=\"Ginebra Gipsy 1927 70cl. - Comercial de Hosteleria Anma\" \/>\n<meta property=\"og:description\" content=\"Elaborada a mano de una destiler\u00eda muy antigua, se usan bayas de enebro, cilantro, naranja, pieles de lim\u00f3n y otros elementos que provienen todos del medio ambiente, usando t\u00e9cnicas ecol\u00f3gicas. Su car\u00e1cter herb\u00e1ceo viene brindado por su composici\u00f3n.\" \/>\n<meta property=\"og:url\" content=\"https:\/\/www.comercialanma.es\/?product=ginebra-gipsy-1927-70cl\" \/>\n<meta property=\"og:site_name\" content=\"Comercial de Hosteleria Anma\" \/>\n<meta property=\"article:publisher\" content=\"https:\/\/www.facebook.com\/AnmaHosteleria\" \/>\n<meta property=\"article:modified_time\" content=\"2020-09-21T06:25:33+00:00\" \/>\n<meta property=\"og:image\" content=\"https:\/\/i1.wp.com\/www.comercialanma.es\/wp-content\/uploads\/2020\/02\/Gipsy-1927.jpg?fit=1080%2C1080&#038;ssl=1\" \/>\n\t<meta property=\"og:image:width\" content=\"1080\" \/>\n\t<meta property=\"og:image:height\" content=\"1080\" \/>\n<meta name=\"twitter:card\" content=\"summary_large_image\" \/>\n<meta name=\"twitter:label1\" content=\"Tiempo de lectura\">\n\t<meta name=\"twitter:data1\" content=\"1 minuto\">\n<script type=\"application\/ld+json\" class=\"yoast-schema-graph\">{\"@context\":\"https:\/\/schema.org\",\"@graph\":[{\"@type\":\"Organization\",\"@id\":\"https:\/\/www.comercialanma.es\/#organization\",\"name\":\"Comercial Anma\",\"url\":\"https:\/\/www.comercialanma.es\/\",\"sameAs\":[\"https:\/\/www.facebook.com\/AnmaHosteleria\",\"https:\/\/www.instagram.com\/anmahosteleria\/?hl=es\",\"https:\/\/www.youtube.com\/channel\/UCT2nmn08Ntks0hmpZPnDgCA\"],\"logo\":{\"@type\":\"ImageObject\",\"@id\":\"https:\/\/www.comercialanma.es\/#logo\",\"inLanguage\":\"es\",\"url\":\"https:\/\/i2.wp.com\/www.comercialanma.es\/wp-content\/uploads\/2019\/06\/logo-anma-color.png?fit=247%2C101&ssl=1\",\"width\":247,\"height\":101,\"caption\":\"Comercial Anma\"},\"image\":{\"@id\":\"https:\/\/www.comercialanma.es\/#logo\"}},{\"@type\":\"WebSite\",\"@id\":\"https:\/\/www.comercialanma.es\/#website\",\"url\":\"https:\/\/www.comercialanma.es\/\",\"name\":\"Comercial de Hosteleria Anma\",\"description\":\"\",\"publisher\":{\"@id\":\"https:\/\/www.comercialanma.es\/#organization\"},\"potentialAction\":[{\"@type\":\"SearchAction\",\"target\":\"https:\/\/www.comercialanma.es\/?s={search_term_string}\",\"query-input\":\"required name=search_term_string\"}],\"inLanguage\":\"es\"},{\"@type\":\"ImageObject\",\"@id\":\"https:\/\/www.comercialanma.es\/?product=ginebra-gipsy-1927-70cl#primaryimage\",\"inLanguage\":\"es\",\"url\":\"https:\/\/i1.wp.com\/www.comercialanma.es\/wp-content\/uploads\/2020\/02\/Gipsy-1927.jpg?fit=1080%2C1080&ssl=1\",\"width\":1080,\"height\":1080},{\"@type\":\"WebPage\",\"@id\":\"https:\/\/www.comercialanma.es\/?product=ginebra-gipsy-1927-70cl#webpage\",\"url\":\"https:\/\/www.comercialanma.es\/?product=ginebra-gipsy-1927-70cl\",\"name\":\"Ginebra Gipsy 1927 70cl. - Comercial de Hosteleria Anma\",\"isPartOf\":{\"@id\":\"https:\/\/www.comercialanma.es\/#website\"},\"primaryImageOfPage\":{\"@id\":\"https:\/\/www.comercialanma.es\/?product=ginebra-gipsy-1927-70cl#primaryimage\"},\"datePublished\":\"2020-02-18T07:52:21+00:00\",\"dateModified\":\"2020-09-21T06:25:33+00:00\",\"breadcrumb\":{\"@id\":\"https:\/\/www.comercialanma.es\/?product=ginebra-gipsy-1927-70cl#breadcrumb\"},\"inLanguage\":\"es\",\"potentialAction\":[{\"@type\":\"ReadAction\",\"target\":[\"https:\/\/www.comercialanma.es\/?product=ginebra-gipsy-1927-70cl\"]}]},{\"@type\":\"BreadcrumbList\",\"@id\":\"https:\/\/www.comercialanma.es\/?product=ginebra-gipsy-1927-70cl#breadcrumb\",\"itemListElement\":[{\"@type\":\"ListItem\",\"position\":1,\"item\":{\"@type\":\"WebPage\",\"@id\":\"https:\/\/www.comercialanma.es\/\",\"url\":\"https:\/\/www.comercialanma.es\/\",\"name\":\"Portada\"}},{\"@type\":\"ListItem\",\"position\":2,\"item\":{\"@type\":\"WebPage\",\"@id\":\"https:\/\/www.comercialanma.es\/?page_id=3963\",\"url\":\"https:\/\/www.comercialanma.es\/?page_id=3963\",\"name\":\"Cat\\u00e1logo de Productos\"}},{\"@type\":\"ListItem\",\"position\":3,\"item\":{\"@type\":\"WebPage\",\"@id\":\"https:\/\/www.comercialanma.es\/?product=ginebra-gipsy-1927-70cl\",\"url\":\"https:\/\/www.comercialanma.es\/?product=ginebra-gipsy-1927-70cl\",\"name\":\"Ginebra Gipsy 1927 70cl.\"}}]}]}<\/script>\n<!-- \/ Yoast SEO plugin. -->","_links":{"self":[{"href":"https:\/\/www.comercialanma.es\/index.php?rest_route=\/wp\/v2\/product\/12979"}],"collection":[{"href":"https:\/\/www.comercialanma.es\/index.php?rest_route=\/wp\/v2\/product"}],"about":[{"href":"https:\/\/www.comercialanma.es\/index.php?rest_route=\/wp\/v2\/types\/product"}],"version-history":[{"count":1,"href":"https:\/\/www.comercialanma.es\/index.php?rest_route=\/wp\/v2\/product\/12979\/revisions"}],"predecessor-version":[{"id":12981,"href":"https:\/\/www.comercialanma.es\/index.php?rest_route=\/wp\/v2\/product\/12979\/revisions\/12981"}],"wp:featuredmedia":[{"embeddable":true,"href":"https:\/\/www.comercialanma.es\/index.php?rest_route=\/wp\/v2\/media\/12980"}],"wp:attachment":[{"href":"https:\/\/www.comercialanma.es\/index.php?rest_route=%2Fwp%2Fv2%2Fmedia&parent=12979"}],"curies":[{"name":"wp","href":"https:\/\/api.w.org\/{rel}","templated":true}]}}