
{"id":13011,"date":"2020-02-20T16:28:07","date_gmt":"2020-02-20T15:28:07","guid":{"rendered":"http:\/\/www.comercialanma.es\/?post_type=product&#038;p=13011"},"modified":"2020-02-20T16:49:16","modified_gmt":"2020-02-20T15:49:16","slug":"cerveza-sol-mejicana-33cl-n-r","status":"publish","type":"product","link":"https:\/\/www.comercialanma.es\/?product=cerveza-sol-mejicana-33cl-n-r","title":{"rendered":"Cerveza Sol Mejicana 33cl. (N.R)"},"content":{"rendered":"<div class=\"grid-wrapper\">\n<div class=\"grid-l-14 grid-xs-24\">\n<div class=\"product-info-list-wrap\">\n<p>Sol es una cerveza tipo: Lager<\/p>\n<h3>Contenido<\/h3>\n<ul>\n<li>330 mililitros<\/li>\n<\/ul>\n<h3>Nota de Cata<\/h3>\n<ul>\n<li>Color amarillo p\u00e1lido pajizo y espuma blanca consistente gracias a su vivacidad en el vaso.<\/li>\n<li>El aroma fresco a heno mezclado con un ligero aroma frutal, con toque c\u00edtrico de su l\u00fapulo suave.<\/li>\n<li>El cuerpo de la cerveza es ligero y presenta una gran bebestibilidad con un regusto a cereal muy refrescante sin necesidad de poner lim\u00f3n.<\/li>\n<\/ul>\n<\/div>\n<h3>Ingredientes<\/h3>\n<ul>\n<li>agua, malta de cebada, jarabe con alto contenido en maltosa y l\u00fapulo. este producto se elabora con malta de cebada. contiene gluten.<\/li>\n<\/ul>\n<div class=\"product-info-list-wrap\">\n<h3>Porcentaje de alcohol<\/h3>\n<ul>\n<li>4.5 % vol.<\/li>\n<\/ul>\n<\/div>\n<\/div>\n<\/div>\n","protected":false},"excerpt":{"rendered":"<ul>\n<li>Mexico<\/li>\n<\/ul>\n<p>En 1899 un cervecero alem\u00e1n que estaba trabajando en \u201cEl Salto del Agua\u201d, una cervecer\u00eda cercana a la ciudad de M\u00e9xico, le inspir\u00f3 un rayo de sol que incid\u00eda directamente sobre su caldera de maceraci\u00f3n, para nombrar as\u00ed la nueva cerveza que estaba elaborando.<\/p>\n<p>Es una cerveza elaborada con malta de cebada, jarabe de az\u00facar maltosa, l\u00fapulo y la exclusiva levadura Sol.<\/p>\n","protected":false},"featured_media":13013,"template":"","meta":{"spay_email":""},"yoast_head":"<!-- This site is optimized with the Yoast SEO plugin v15.9 - https:\/\/yoast.com\/wordpress\/plugins\/seo\/ -->\n<title>Cerveza Sol Mejicana 33cl. (N.R) - Comercial de Hosteleria Anma<\/title>\n<meta name=\"robots\" content=\"index, follow, max-snippet:-1, max-image-preview:large, max-video-preview:-1\" \/>\n<link rel=\"canonical\" href=\"https:\/\/www.comercialanma.es\/?product=cerveza-sol-mejicana-33cl-n-r\" \/>\n<meta property=\"og:locale\" content=\"es_ES\" \/>\n<meta property=\"og:type\" content=\"article\" \/>\n<meta property=\"og:title\" content=\"Cerveza Sol Mejicana 33cl. (N.R) - Comercial de Hosteleria Anma\" \/>\n<meta property=\"og:description\" content=\"Mexico  En 1899 un cervecero alem\u00e1n que estaba trabajando en \u201cEl Salto del Agua\u201d, una cervecer\u00eda cercana a la ciudad de M\u00e9xico, le inspir\u00f3 un rayo de sol que incid\u00eda directamente sobre su caldera de maceraci\u00f3n, para nombrar as\u00ed la nueva cerveza que estaba elaborando.  Es una cerveza elaborada con malta de cebada, jarabe de az\u00facar maltosa, l\u00fapulo y la exclusiva levadura Sol.\" \/>\n<meta property=\"og:url\" content=\"https:\/\/www.comercialanma.es\/?product=cerveza-sol-mejicana-33cl-n-r\" \/>\n<meta property=\"og:site_name\" content=\"Comercial de Hosteleria Anma\" \/>\n<meta property=\"article:publisher\" content=\"https:\/\/www.facebook.com\/AnmaHosteleria\" \/>\n<meta property=\"article:modified_time\" content=\"2020-02-20T15:49:16+00:00\" \/>\n<meta property=\"og:image\" content=\"https:\/\/i1.wp.com\/www.comercialanma.es\/wp-content\/uploads\/2020\/02\/Sol_Mexico.jpg?fit=1080%2C1080&#038;ssl=1\" \/>\n\t<meta property=\"og:image:width\" content=\"1080\" \/>\n\t<meta property=\"og:image:height\" content=\"1080\" \/>\n<meta name=\"twitter:card\" content=\"summary_large_image\" \/>\n<meta name=\"twitter:label1\" content=\"Tiempo de lectura\">\n\t<meta name=\"twitter:data1\" content=\"1 minuto\">\n<script type=\"application\/ld+json\" class=\"yoast-schema-graph\">{\"@context\":\"https:\/\/schema.org\",\"@graph\":[{\"@type\":\"Organization\",\"@id\":\"https:\/\/www.comercialanma.es\/#organization\",\"name\":\"Comercial Anma\",\"url\":\"https:\/\/www.comercialanma.es\/\",\"sameAs\":[\"https:\/\/www.facebook.com\/AnmaHosteleria\",\"https:\/\/www.instagram.com\/anmahosteleria\/?hl=es\",\"https:\/\/www.youtube.com\/channel\/UCT2nmn08Ntks0hmpZPnDgCA\"],\"logo\":{\"@type\":\"ImageObject\",\"@id\":\"https:\/\/www.comercialanma.es\/#logo\",\"inLanguage\":\"es\",\"url\":\"https:\/\/i2.wp.com\/www.comercialanma.es\/wp-content\/uploads\/2019\/06\/logo-anma-color.png?fit=247%2C101&ssl=1\",\"width\":247,\"height\":101,\"caption\":\"Comercial Anma\"},\"image\":{\"@id\":\"https:\/\/www.comercialanma.es\/#logo\"}},{\"@type\":\"WebSite\",\"@id\":\"https:\/\/www.comercialanma.es\/#website\",\"url\":\"https:\/\/www.comercialanma.es\/\",\"name\":\"Comercial de Hosteleria Anma\",\"description\":\"\",\"publisher\":{\"@id\":\"https:\/\/www.comercialanma.es\/#organization\"},\"potentialAction\":[{\"@type\":\"SearchAction\",\"target\":\"https:\/\/www.comercialanma.es\/?s={search_term_string}\",\"query-input\":\"required name=search_term_string\"}],\"inLanguage\":\"es\"},{\"@type\":\"ImageObject\",\"@id\":\"https:\/\/www.comercialanma.es\/?product=cerveza-sol-mejicana-33cl-n-r#primaryimage\",\"inLanguage\":\"es\",\"url\":\"https:\/\/i1.wp.com\/www.comercialanma.es\/wp-content\/uploads\/2020\/02\/Sol_Mexico.jpg?fit=1080%2C1080&ssl=1\",\"width\":1080,\"height\":1080},{\"@type\":\"WebPage\",\"@id\":\"https:\/\/www.comercialanma.es\/?product=cerveza-sol-mejicana-33cl-n-r#webpage\",\"url\":\"https:\/\/www.comercialanma.es\/?product=cerveza-sol-mejicana-33cl-n-r\",\"name\":\"Cerveza Sol Mejicana 33cl. (N.R) - Comercial de Hosteleria Anma\",\"isPartOf\":{\"@id\":\"https:\/\/www.comercialanma.es\/#website\"},\"primaryImageOfPage\":{\"@id\":\"https:\/\/www.comercialanma.es\/?product=cerveza-sol-mejicana-33cl-n-r#primaryimage\"},\"datePublished\":\"2020-02-20T15:28:07+00:00\",\"dateModified\":\"2020-02-20T15:49:16+00:00\",\"breadcrumb\":{\"@id\":\"https:\/\/www.comercialanma.es\/?product=cerveza-sol-mejicana-33cl-n-r#breadcrumb\"},\"inLanguage\":\"es\",\"potentialAction\":[{\"@type\":\"ReadAction\",\"target\":[\"https:\/\/www.comercialanma.es\/?product=cerveza-sol-mejicana-33cl-n-r\"]}]},{\"@type\":\"BreadcrumbList\",\"@id\":\"https:\/\/www.comercialanma.es\/?product=cerveza-sol-mejicana-33cl-n-r#breadcrumb\",\"itemListElement\":[{\"@type\":\"ListItem\",\"position\":1,\"item\":{\"@type\":\"WebPage\",\"@id\":\"https:\/\/www.comercialanma.es\/\",\"url\":\"https:\/\/www.comercialanma.es\/\",\"name\":\"Portada\"}},{\"@type\":\"ListItem\",\"position\":2,\"item\":{\"@type\":\"WebPage\",\"@id\":\"https:\/\/www.comercialanma.es\/?page_id=3963\",\"url\":\"https:\/\/www.comercialanma.es\/?page_id=3963\",\"name\":\"Cat\\u00e1logo de Productos\"}},{\"@type\":\"ListItem\",\"position\":3,\"item\":{\"@type\":\"WebPage\",\"@id\":\"https:\/\/www.comercialanma.es\/?product=cerveza-sol-mejicana-33cl-n-r\",\"url\":\"https:\/\/www.comercialanma.es\/?product=cerveza-sol-mejicana-33cl-n-r\",\"name\":\"Cerveza Sol Mejicana 33cl. (N.R)\"}}]}]}<\/script>\n<!-- \/ Yoast SEO plugin. -->","_links":{"self":[{"href":"https:\/\/www.comercialanma.es\/index.php?rest_route=\/wp\/v2\/product\/13011"}],"collection":[{"href":"https:\/\/www.comercialanma.es\/index.php?rest_route=\/wp\/v2\/product"}],"about":[{"href":"https:\/\/www.comercialanma.es\/index.php?rest_route=\/wp\/v2\/types\/product"}],"version-history":[{"count":1,"href":"https:\/\/www.comercialanma.es\/index.php?rest_route=\/wp\/v2\/product\/13011\/revisions"}],"predecessor-version":[{"id":13014,"href":"https:\/\/www.comercialanma.es\/index.php?rest_route=\/wp\/v2\/product\/13011\/revisions\/13014"}],"wp:featuredmedia":[{"embeddable":true,"href":"https:\/\/www.comercialanma.es\/index.php?rest_route=\/wp\/v2\/media\/13013"}],"wp:attachment":[{"href":"https:\/\/www.comercialanma.es\/index.php?rest_route=%2Fwp%2Fv2%2Fmedia&parent=13011"}],"curies":[{"name":"wp","href":"https:\/\/api.w.org\/{rel}","templated":true}]}}