
{"id":13050,"date":"2020-02-21T10:40:25","date_gmt":"2020-02-21T09:40:25","guid":{"rendered":"http:\/\/www.comercialanma.es\/?post_type=product&#038;p=13050"},"modified":"2020-02-21T11:03:11","modified_gmt":"2020-02-21T10:03:11","slug":"cerveza-cruzcampo-especial-sin-gluten-33cl-rt","status":"publish","type":"product","link":"https:\/\/www.comercialanma.es\/?product=cerveza-cruzcampo-especial-sin-gluten-33cl-rt","title":{"rendered":"Cerveza Cruzcampo Especial Sin Gluten 33cl. (N.R)"},"content":{"rendered":"<div class=\"grid-wrapper\">\n<div class=\"grid-l-14 grid-xs-24\">\n<div class=\"product-info-list-wrap\">\n<p>Cerveza estilo Lager especial Sin gluten<\/p>\n<h3>Contenido<\/h3>\n<ul>\n<li>330 mililitros<\/li>\n<\/ul>\n<h3>Al\u00e9rgenos<\/h3>\n<ul>\n<li>Este producto aunque utiliza como materia prima la malta de cebada, ha sido elaborado espec\u00edficamente para cel\u00edacos, reduciendo su contenido en gluten en el producto final hasta valores que no sobrepasan las 20 ppm (mg\/kg).Para este producto no se usan ninguna de las siguientes sustancias ni como ingrediente, aditivo o coadyuvante (o componentes de \u00e9stos), que causan alergias o intolerancias seg\u00fan RE 1169\/2011.<\/li>\n<\/ul>\n<h3>Nota de Cata<\/h3>\n<ul>\n<li>Color rubio p\u00e1lido, refrescante, sabor suave, con un ligero a moderado aroma afrutado, personalidad propia aportada por la exclusiva levadura usada en su fabricaci\u00f3n.<\/li>\n<li>Amargor moderado y arom\u00e1tico.<\/li>\n<\/ul>\n<h3>Porcentaje de alcohol<\/h3>\n<\/div>\n<div class=\"product-info-list-wrap\">\n<ul>\n<li>5.6 % vol.<\/li>\n<\/ul>\n<h3>Amargor<\/h3>\n<ul>\n<li>26 IBU<\/li>\n<\/ul>\n<p>&nbsp;<\/p>\n<\/div>\n<\/div>\n<\/div>\n","protected":false},"excerpt":{"rendered":"<ul>\n<li>Nacional<\/li>\n<\/ul>\n<p>Cruzcampo Especial Sin Gluten es la cerveza hecha para los cel\u00edacos. Utilizamos las mismas materias primas que en nuestra Cruzcampo Especial de siempre, consiguiendo una perfecta combinaci\u00f3n entre nuestro origen y la innovaci\u00f3n. Mediante un proceso de hidr\u00f3lisis, conseguimos romper la cadena del gluten, manteniendo el resto de los elementos intactos con todas sus propiedades y sabor.<\/p>\n<p>Garantizamos que cumple con los niveles marcados por el Codex Alimentario, as\u00ed como con la certificaci\u00f3n de la Federaci\u00f3n de Asociaciones de Celiacos de Espa\u00f1a (FACE).<\/p>\n<p>&nbsp;<\/p>\n","protected":false},"featured_media":13051,"template":"","meta":{"spay_email":""},"yoast_head":"<!-- This site is optimized with the Yoast SEO plugin v15.9 - https:\/\/yoast.com\/wordpress\/plugins\/seo\/ -->\n<title>Cerveza Cruzcampo Especial Sin Gluten 33cl. (N.R) - Comercial de Hosteleria Anma<\/title>\n<meta name=\"robots\" content=\"index, follow, max-snippet:-1, max-image-preview:large, max-video-preview:-1\" \/>\n<link rel=\"canonical\" href=\"https:\/\/www.comercialanma.es\/?product=cerveza-cruzcampo-especial-sin-gluten-33cl-rt\" \/>\n<meta property=\"og:locale\" content=\"es_ES\" \/>\n<meta property=\"og:type\" content=\"article\" \/>\n<meta property=\"og:title\" content=\"Cerveza Cruzcampo Especial Sin Gluten 33cl. (N.R) - Comercial de Hosteleria Anma\" \/>\n<meta property=\"og:description\" content=\"Nacional  Cruzcampo Especial Sin Gluten es la cerveza hecha para los cel\u00edacos. Utilizamos las mismas materias primas que en nuestra Cruzcampo Especial de siempre, consiguiendo una perfecta combinaci\u00f3n entre nuestro origen y la innovaci\u00f3n. Mediante un proceso de hidr\u00f3lisis, conseguimos romper la cadena del gluten, manteniendo el resto de los elementos intactos con todas sus propiedades y sabor.  Garantizamos que cumple con los niveles marcados por el Codex Alimentario, as\u00ed como con la certificaci\u00f3n de la Federaci\u00f3n de Asociaciones de Celiacos de Espa\u00f1a (FACE).  &nbsp;\" \/>\n<meta property=\"og:url\" content=\"https:\/\/www.comercialanma.es\/?product=cerveza-cruzcampo-especial-sin-gluten-33cl-rt\" \/>\n<meta property=\"og:site_name\" content=\"Comercial de Hosteleria Anma\" \/>\n<meta property=\"article:publisher\" content=\"https:\/\/www.facebook.com\/AnmaHosteleria\" \/>\n<meta property=\"article:modified_time\" content=\"2020-02-21T10:03:11+00:00\" \/>\n<meta property=\"og:image\" content=\"https:\/\/i2.wp.com\/www.comercialanma.es\/wp-content\/uploads\/2020\/02\/Cruzcampo-Especial-Sin-Gluten.jpg?fit=1080%2C1080&#038;ssl=1\" \/>\n\t<meta property=\"og:image:width\" content=\"1080\" \/>\n\t<meta property=\"og:image:height\" content=\"1080\" \/>\n<meta name=\"twitter:card\" content=\"summary_large_image\" \/>\n<meta name=\"twitter:label1\" content=\"Tiempo de lectura\">\n\t<meta name=\"twitter:data1\" content=\"1 minuto\">\n<script type=\"application\/ld+json\" class=\"yoast-schema-graph\">{\"@context\":\"https:\/\/schema.org\",\"@graph\":[{\"@type\":\"Organization\",\"@id\":\"https:\/\/www.comercialanma.es\/#organization\",\"name\":\"Comercial Anma\",\"url\":\"https:\/\/www.comercialanma.es\/\",\"sameAs\":[\"https:\/\/www.facebook.com\/AnmaHosteleria\",\"https:\/\/www.instagram.com\/anmahosteleria\/?hl=es\",\"https:\/\/www.youtube.com\/channel\/UCT2nmn08Ntks0hmpZPnDgCA\"],\"logo\":{\"@type\":\"ImageObject\",\"@id\":\"https:\/\/www.comercialanma.es\/#logo\",\"inLanguage\":\"es\",\"url\":\"https:\/\/i2.wp.com\/www.comercialanma.es\/wp-content\/uploads\/2019\/06\/logo-anma-color.png?fit=247%2C101&ssl=1\",\"width\":247,\"height\":101,\"caption\":\"Comercial Anma\"},\"image\":{\"@id\":\"https:\/\/www.comercialanma.es\/#logo\"}},{\"@type\":\"WebSite\",\"@id\":\"https:\/\/www.comercialanma.es\/#website\",\"url\":\"https:\/\/www.comercialanma.es\/\",\"name\":\"Comercial de Hosteleria Anma\",\"description\":\"\",\"publisher\":{\"@id\":\"https:\/\/www.comercialanma.es\/#organization\"},\"potentialAction\":[{\"@type\":\"SearchAction\",\"target\":\"https:\/\/www.comercialanma.es\/?s={search_term_string}\",\"query-input\":\"required name=search_term_string\"}],\"inLanguage\":\"es\"},{\"@type\":\"ImageObject\",\"@id\":\"https:\/\/www.comercialanma.es\/?product=cerveza-cruzcampo-especial-sin-gluten-33cl-rt#primaryimage\",\"inLanguage\":\"es\",\"url\":\"https:\/\/i2.wp.com\/www.comercialanma.es\/wp-content\/uploads\/2020\/02\/Cruzcampo-Especial-Sin-Gluten.jpg?fit=1080%2C1080&ssl=1\",\"width\":1080,\"height\":1080},{\"@type\":\"WebPage\",\"@id\":\"https:\/\/www.comercialanma.es\/?product=cerveza-cruzcampo-especial-sin-gluten-33cl-rt#webpage\",\"url\":\"https:\/\/www.comercialanma.es\/?product=cerveza-cruzcampo-especial-sin-gluten-33cl-rt\",\"name\":\"Cerveza Cruzcampo Especial Sin Gluten 33cl. (N.R) - Comercial de Hosteleria Anma\",\"isPartOf\":{\"@id\":\"https:\/\/www.comercialanma.es\/#website\"},\"primaryImageOfPage\":{\"@id\":\"https:\/\/www.comercialanma.es\/?product=cerveza-cruzcampo-especial-sin-gluten-33cl-rt#primaryimage\"},\"datePublished\":\"2020-02-21T09:40:25+00:00\",\"dateModified\":\"2020-02-21T10:03:11+00:00\",\"breadcrumb\":{\"@id\":\"https:\/\/www.comercialanma.es\/?product=cerveza-cruzcampo-especial-sin-gluten-33cl-rt#breadcrumb\"},\"inLanguage\":\"es\",\"potentialAction\":[{\"@type\":\"ReadAction\",\"target\":[\"https:\/\/www.comercialanma.es\/?product=cerveza-cruzcampo-especial-sin-gluten-33cl-rt\"]}]},{\"@type\":\"BreadcrumbList\",\"@id\":\"https:\/\/www.comercialanma.es\/?product=cerveza-cruzcampo-especial-sin-gluten-33cl-rt#breadcrumb\",\"itemListElement\":[{\"@type\":\"ListItem\",\"position\":1,\"item\":{\"@type\":\"WebPage\",\"@id\":\"https:\/\/www.comercialanma.es\/\",\"url\":\"https:\/\/www.comercialanma.es\/\",\"name\":\"Portada\"}},{\"@type\":\"ListItem\",\"position\":2,\"item\":{\"@type\":\"WebPage\",\"@id\":\"https:\/\/www.comercialanma.es\/?page_id=3963\",\"url\":\"https:\/\/www.comercialanma.es\/?page_id=3963\",\"name\":\"Cat\\u00e1logo de Productos\"}},{\"@type\":\"ListItem\",\"position\":3,\"item\":{\"@type\":\"WebPage\",\"@id\":\"https:\/\/www.comercialanma.es\/?product=cerveza-cruzcampo-especial-sin-gluten-33cl-rt\",\"url\":\"https:\/\/www.comercialanma.es\/?product=cerveza-cruzcampo-especial-sin-gluten-33cl-rt\",\"name\":\"Cerveza Cruzcampo Especial Sin Gluten 33cl. (N.R)\"}}]}]}<\/script>\n<!-- \/ Yoast SEO plugin. -->","_links":{"self":[{"href":"https:\/\/www.comercialanma.es\/index.php?rest_route=\/wp\/v2\/product\/13050"}],"collection":[{"href":"https:\/\/www.comercialanma.es\/index.php?rest_route=\/wp\/v2\/product"}],"about":[{"href":"https:\/\/www.comercialanma.es\/index.php?rest_route=\/wp\/v2\/types\/product"}],"version-history":[{"count":2,"href":"https:\/\/www.comercialanma.es\/index.php?rest_route=\/wp\/v2\/product\/13050\/revisions"}],"predecessor-version":[{"id":13053,"href":"https:\/\/www.comercialanma.es\/index.php?rest_route=\/wp\/v2\/product\/13050\/revisions\/13053"}],"wp:featuredmedia":[{"embeddable":true,"href":"https:\/\/www.comercialanma.es\/index.php?rest_route=\/wp\/v2\/media\/13051"}],"wp:attachment":[{"href":"https:\/\/www.comercialanma.es\/index.php?rest_route=%2Fwp%2Fv2%2Fmedia&parent=13050"}],"curies":[{"name":"wp","href":"https:\/\/api.w.org\/{rel}","templated":true}]}}