
{"id":13091,"date":"2020-02-21T16:56:28","date_gmt":"2020-02-21T15:56:28","guid":{"rendered":"http:\/\/www.comercialanma.es\/?post_type=product&#038;p=13091"},"modified":"2020-02-21T17:01:45","modified_gmt":"2020-02-21T16:01:45","slug":"cerveza-el-alcazar-33cl-n-r","status":"publish","type":"product","link":"https:\/\/www.comercialanma.es\/?product=cerveza-el-alcazar-33cl-n-r","title":{"rendered":"Cerveza El Alc\u00e1zar 33cl. (N.R)"},"content":{"rendered":"<div class=\"grid-wrapper\">\n<div class=\"grid-l-14 grid-xs-24\">\n<div class=\"product-info-list-wrap\">\n<p>El l\u00fapulo se a\u00f1ade manualmente al final de la elaboraci\u00f3n, una pr\u00e1ctica que se conoce como <em>late hopping<\/em>.<\/p>\n<h3>Contenido<\/h3>\n<ul>\n<li>330 mililitros<\/li>\n<\/ul>\n<h3>Ingredientes<\/h3>\n<ul>\n<li>Agua, malta de cebada y l\u00fapulo. Este producto se elabora con malta de cebada. Contiene gluten.<\/li>\n<\/ul>\n<h3>Nota de Cata<\/h3>\n<ul>\n<li>Con cuerpo, sabor intenso y fuertes notas arom\u00e1ticas.<\/li>\n<li>Siendo 100% malta, destaca su toque de malta especial Biscuit que le aporta un color \u00e1mbar profundo.<\/li>\n<li>La cerveza se equilibra con el amargor ligeramente frutal y c\u00edtrico del l\u00fapulo Citra, que le ofrece matices de maracuy\u00e1, mango, lima y grosellas.<\/li>\n<\/ul>\n<h3>Porcentaje de alcohol<\/h3>\n<\/div>\n<div class=\"product-info-list-wrap\">\n<ul>\n<li>6.0 % vol.<\/li>\n<\/ul>\n<\/div>\n<\/div>\n<\/div>\n","protected":false},"excerpt":{"rendered":"<ul>\n<li>Nacional<\/li>\n<\/ul>\n<p>Inspirada en la receta original, es una cerveza especial, con cuerpo y sabor intenso, que se equilibra con el amargor ligeramente floral y c\u00edtrico del l\u00fapulo que se a\u00f1ade manualmente al final del proceso de ebullici\u00f3n (con la t\u00e9cnica que se conoce como late hopping), consiguiendo una cerveza de gran personalidad, con el caracter\u00edstico toque amargo de la cerveza El Alc\u00e1zar y muy refrescante.<\/p>\n<p>&nbsp;<\/p>\n<p>&nbsp;<\/p>\n","protected":false},"featured_media":13092,"template":"","meta":{"spay_email":""},"yoast_head":"<!-- This site is optimized with the Yoast SEO plugin v15.9 - https:\/\/yoast.com\/wordpress\/plugins\/seo\/ -->\n<title>Cerveza El Alc\u00e1zar 33cl. (N.R) - Comercial de Hosteleria Anma<\/title>\n<meta name=\"robots\" content=\"index, follow, max-snippet:-1, max-image-preview:large, max-video-preview:-1\" \/>\n<link rel=\"canonical\" href=\"https:\/\/www.comercialanma.es\/?product=cerveza-el-alcazar-33cl-n-r\" \/>\n<meta property=\"og:locale\" content=\"es_ES\" \/>\n<meta property=\"og:type\" content=\"article\" \/>\n<meta property=\"og:title\" content=\"Cerveza El Alc\u00e1zar 33cl. (N.R) - Comercial de Hosteleria Anma\" \/>\n<meta property=\"og:description\" content=\"Nacional  Inspirada en la receta original, es una cerveza especial, con cuerpo y sabor intenso, que se equilibra con el amargor ligeramente floral y c\u00edtrico del l\u00fapulo que se a\u00f1ade manualmente al final del proceso de ebullici\u00f3n (con la t\u00e9cnica que se conoce como late hopping), consiguiendo una cerveza de gran personalidad, con el caracter\u00edstico toque amargo de la cerveza El Alc\u00e1zar y muy refrescante.  &nbsp;  &nbsp;\" \/>\n<meta property=\"og:url\" content=\"https:\/\/www.comercialanma.es\/?product=cerveza-el-alcazar-33cl-n-r\" \/>\n<meta property=\"og:site_name\" content=\"Comercial de Hosteleria Anma\" \/>\n<meta property=\"article:publisher\" content=\"https:\/\/www.facebook.com\/AnmaHosteleria\" \/>\n<meta property=\"article:modified_time\" content=\"2020-02-21T16:01:45+00:00\" \/>\n<meta property=\"og:image\" content=\"https:\/\/i1.wp.com\/www.comercialanma.es\/wp-content\/uploads\/2020\/02\/El-Alca\u0301zar.jpg?fit=1080%2C1080&#038;ssl=1\" \/>\n\t<meta property=\"og:image:width\" content=\"1080\" \/>\n\t<meta property=\"og:image:height\" content=\"1080\" \/>\n<meta name=\"twitter:card\" content=\"summary_large_image\" \/>\n<meta name=\"twitter:label1\" content=\"Tiempo de lectura\">\n\t<meta name=\"twitter:data1\" content=\"1 minuto\">\n<script type=\"application\/ld+json\" class=\"yoast-schema-graph\">{\"@context\":\"https:\/\/schema.org\",\"@graph\":[{\"@type\":\"Organization\",\"@id\":\"https:\/\/www.comercialanma.es\/#organization\",\"name\":\"Comercial Anma\",\"url\":\"https:\/\/www.comercialanma.es\/\",\"sameAs\":[\"https:\/\/www.facebook.com\/AnmaHosteleria\",\"https:\/\/www.instagram.com\/anmahosteleria\/?hl=es\",\"https:\/\/www.youtube.com\/channel\/UCT2nmn08Ntks0hmpZPnDgCA\"],\"logo\":{\"@type\":\"ImageObject\",\"@id\":\"https:\/\/www.comercialanma.es\/#logo\",\"inLanguage\":\"es\",\"url\":\"https:\/\/i2.wp.com\/www.comercialanma.es\/wp-content\/uploads\/2019\/06\/logo-anma-color.png?fit=247%2C101&ssl=1\",\"width\":247,\"height\":101,\"caption\":\"Comercial Anma\"},\"image\":{\"@id\":\"https:\/\/www.comercialanma.es\/#logo\"}},{\"@type\":\"WebSite\",\"@id\":\"https:\/\/www.comercialanma.es\/#website\",\"url\":\"https:\/\/www.comercialanma.es\/\",\"name\":\"Comercial de Hosteleria Anma\",\"description\":\"\",\"publisher\":{\"@id\":\"https:\/\/www.comercialanma.es\/#organization\"},\"potentialAction\":[{\"@type\":\"SearchAction\",\"target\":\"https:\/\/www.comercialanma.es\/?s={search_term_string}\",\"query-input\":\"required name=search_term_string\"}],\"inLanguage\":\"es\"},{\"@type\":\"ImageObject\",\"@id\":\"https:\/\/www.comercialanma.es\/?product=cerveza-el-alcazar-33cl-n-r#primaryimage\",\"inLanguage\":\"es\",\"url\":\"https:\/\/i1.wp.com\/www.comercialanma.es\/wp-content\/uploads\/2020\/02\/El-Alca\\u0301zar.jpg?fit=1080%2C1080&ssl=1\",\"width\":1080,\"height\":1080},{\"@type\":\"WebPage\",\"@id\":\"https:\/\/www.comercialanma.es\/?product=cerveza-el-alcazar-33cl-n-r#webpage\",\"url\":\"https:\/\/www.comercialanma.es\/?product=cerveza-el-alcazar-33cl-n-r\",\"name\":\"Cerveza El Alc\\u00e1zar 33cl. (N.R) - Comercial de Hosteleria Anma\",\"isPartOf\":{\"@id\":\"https:\/\/www.comercialanma.es\/#website\"},\"primaryImageOfPage\":{\"@id\":\"https:\/\/www.comercialanma.es\/?product=cerveza-el-alcazar-33cl-n-r#primaryimage\"},\"datePublished\":\"2020-02-21T15:56:28+00:00\",\"dateModified\":\"2020-02-21T16:01:45+00:00\",\"breadcrumb\":{\"@id\":\"https:\/\/www.comercialanma.es\/?product=cerveza-el-alcazar-33cl-n-r#breadcrumb\"},\"inLanguage\":\"es\",\"potentialAction\":[{\"@type\":\"ReadAction\",\"target\":[\"https:\/\/www.comercialanma.es\/?product=cerveza-el-alcazar-33cl-n-r\"]}]},{\"@type\":\"BreadcrumbList\",\"@id\":\"https:\/\/www.comercialanma.es\/?product=cerveza-el-alcazar-33cl-n-r#breadcrumb\",\"itemListElement\":[{\"@type\":\"ListItem\",\"position\":1,\"item\":{\"@type\":\"WebPage\",\"@id\":\"https:\/\/www.comercialanma.es\/\",\"url\":\"https:\/\/www.comercialanma.es\/\",\"name\":\"Portada\"}},{\"@type\":\"ListItem\",\"position\":2,\"item\":{\"@type\":\"WebPage\",\"@id\":\"https:\/\/www.comercialanma.es\/?page_id=3963\",\"url\":\"https:\/\/www.comercialanma.es\/?page_id=3963\",\"name\":\"Cat\\u00e1logo de Productos\"}},{\"@type\":\"ListItem\",\"position\":3,\"item\":{\"@type\":\"WebPage\",\"@id\":\"https:\/\/www.comercialanma.es\/?product=cerveza-el-alcazar-33cl-n-r\",\"url\":\"https:\/\/www.comercialanma.es\/?product=cerveza-el-alcazar-33cl-n-r\",\"name\":\"Cerveza El Alc\\u00e1zar 33cl. (N.R)\"}}]}]}<\/script>\n<!-- \/ Yoast SEO plugin. -->","_links":{"self":[{"href":"https:\/\/www.comercialanma.es\/index.php?rest_route=\/wp\/v2\/product\/13091"}],"collection":[{"href":"https:\/\/www.comercialanma.es\/index.php?rest_route=\/wp\/v2\/product"}],"about":[{"href":"https:\/\/www.comercialanma.es\/index.php?rest_route=\/wp\/v2\/types\/product"}],"version-history":[{"count":1,"href":"https:\/\/www.comercialanma.es\/index.php?rest_route=\/wp\/v2\/product\/13091\/revisions"}],"predecessor-version":[{"id":13093,"href":"https:\/\/www.comercialanma.es\/index.php?rest_route=\/wp\/v2\/product\/13091\/revisions\/13093"}],"wp:featuredmedia":[{"embeddable":true,"href":"https:\/\/www.comercialanma.es\/index.php?rest_route=\/wp\/v2\/media\/13092"}],"wp:attachment":[{"href":"https:\/\/www.comercialanma.es\/index.php?rest_route=%2Fwp%2Fv2%2Fmedia&parent=13091"}],"curies":[{"name":"wp","href":"https:\/\/api.w.org\/{rel}","templated":true}]}}