
{"id":13210,"date":"2020-03-02T16:19:04","date_gmt":"2020-03-02T15:19:04","guid":{"rendered":"http:\/\/www.comercialanma.es\/?post_type=product&#038;p=13210"},"modified":"2020-03-02T16:21:36","modified_gmt":"2020-03-02T15:21:36","slug":"whisky-monkey-shoulder-70cl","status":"publish","type":"product","link":"https:\/\/www.comercialanma.es\/?product=whisky-monkey-shoulder-70cl","title":{"rendered":"Whisky Monkey Shoulder 70CL."},"content":{"rendered":"<h3>Nota de cata:<\/h3>\n<ul>\n<li>Color: Monkey Shoulder presenta un color cobre.<\/li>\n<li>Olor: Nariz elegante con aromas de mermelada, crema catalana, cacao y malta. notas de especias de invierno (nuez moscada, clavo y canela) que le a\u00f1ade una dimensi\u00f3n extra junto con un toque de an\u00eds.<\/li>\n<li>Sabor: Boca con mucho sabor a malta, un paladar cremoso impregnado de baya, cebada tostada, clavo y caramelo. un toque de miel de manuka, mantequilla, pan tostado y albaricoque. final: de longitud media, con sabor a naranja, clavo de olor, vainilla y crema de menta.<\/li>\n<\/ul>\n<div class=\"rte-content\">\n<h3>Graduaci\u00f3n:<\/h3>\n<ul>\n<li>40% vol.<\/li>\n<\/ul>\n<\/div>\n","protected":false},"excerpt":{"rendered":"<p>D\u00e9cadas atr\u00e1s, cuando los hombres se dedicaban a la manipulaci\u00f3n de los granos que luego se usar\u00edan para elaborar whisky, era com\u00fan que los movimientos repetitivos los llevaran a desarrollar una lesi\u00f3n en los hombros, conocida como Monkey Shoulder : de ah\u00ed proviene el nombre de esta bebida.<\/p>\n<p>Es una combinaci\u00f3n de tres tipos de malta que son mezcladas por expertos para lograr la unidad suave y apetecida que se conoce hoy en d\u00eda. Las variedades Glenfiddich, Balvenie y Kininvie son las elegidas para dar vida a esta exquisita bebida, un whisky que va ganando prestigio entre los m\u00e1s importantes productores de licor en el mundo.<\/p>\n<p>&nbsp;<\/p>\n<p><span class=\"PBLongTxt PBItemDesc\">\u00a0<\/span><\/p>\n","protected":false},"featured_media":13211,"template":"","meta":{"spay_email":""},"yoast_head":"<!-- This site is optimized with the Yoast SEO plugin v15.9 - https:\/\/yoast.com\/wordpress\/plugins\/seo\/ -->\n<title>Whisky Monkey Shoulder 70CL. - Comercial de Hosteleria Anma<\/title>\n<meta name=\"robots\" content=\"index, follow, max-snippet:-1, max-image-preview:large, max-video-preview:-1\" \/>\n<link rel=\"canonical\" href=\"https:\/\/www.comercialanma.es\/?product=whisky-monkey-shoulder-70cl\" \/>\n<meta property=\"og:locale\" content=\"es_ES\" \/>\n<meta property=\"og:type\" content=\"article\" \/>\n<meta property=\"og:title\" content=\"Whisky Monkey Shoulder 70CL. - Comercial de Hosteleria Anma\" \/>\n<meta property=\"og:description\" content=\"D\u00e9cadas atr\u00e1s, cuando los hombres se dedicaban a la manipulaci\u00f3n de los granos que luego se usar\u00edan para elaborar whisky, era com\u00fan que los movimientos repetitivos los llevaran a desarrollar una lesi\u00f3n en los hombros, conocida como Monkey Shoulder : de ah\u00ed proviene el nombre de esta bebida.  Es una combinaci\u00f3n de tres tipos de malta que son mezcladas por expertos para lograr la unidad suave y apetecida que se conoce hoy en d\u00eda. Las variedades Glenfiddich, Balvenie y Kininvie son las elegidas para dar vida a esta exquisita bebida, un whisky que va ganando prestigio entre los m\u00e1s importantes productores de licor en el mundo.  &nbsp;  \u00a0\" \/>\n<meta property=\"og:url\" content=\"https:\/\/www.comercialanma.es\/?product=whisky-monkey-shoulder-70cl\" \/>\n<meta property=\"og:site_name\" content=\"Comercial de Hosteleria Anma\" \/>\n<meta property=\"article:publisher\" content=\"https:\/\/www.facebook.com\/AnmaHosteleria\" \/>\n<meta property=\"article:modified_time\" content=\"2020-03-02T15:21:36+00:00\" \/>\n<meta property=\"og:image\" content=\"https:\/\/i2.wp.com\/www.comercialanma.es\/wp-content\/uploads\/2020\/03\/Monkey-Shoulder.jpg?fit=1080%2C1080&#038;ssl=1\" \/>\n\t<meta property=\"og:image:width\" content=\"1080\" \/>\n\t<meta property=\"og:image:height\" content=\"1080\" \/>\n<meta name=\"twitter:card\" content=\"summary_large_image\" \/>\n<script type=\"application\/ld+json\" class=\"yoast-schema-graph\">{\"@context\":\"https:\/\/schema.org\",\"@graph\":[{\"@type\":\"Organization\",\"@id\":\"https:\/\/www.comercialanma.es\/#organization\",\"name\":\"Comercial Anma\",\"url\":\"https:\/\/www.comercialanma.es\/\",\"sameAs\":[\"https:\/\/www.facebook.com\/AnmaHosteleria\",\"https:\/\/www.instagram.com\/anmahosteleria\/?hl=es\",\"https:\/\/www.youtube.com\/channel\/UCT2nmn08Ntks0hmpZPnDgCA\"],\"logo\":{\"@type\":\"ImageObject\",\"@id\":\"https:\/\/www.comercialanma.es\/#logo\",\"inLanguage\":\"es\",\"url\":\"https:\/\/i2.wp.com\/www.comercialanma.es\/wp-content\/uploads\/2019\/06\/logo-anma-color.png?fit=247%2C101&ssl=1\",\"width\":247,\"height\":101,\"caption\":\"Comercial Anma\"},\"image\":{\"@id\":\"https:\/\/www.comercialanma.es\/#logo\"}},{\"@type\":\"WebSite\",\"@id\":\"https:\/\/www.comercialanma.es\/#website\",\"url\":\"https:\/\/www.comercialanma.es\/\",\"name\":\"Comercial de Hosteleria Anma\",\"description\":\"\",\"publisher\":{\"@id\":\"https:\/\/www.comercialanma.es\/#organization\"},\"potentialAction\":[{\"@type\":\"SearchAction\",\"target\":\"https:\/\/www.comercialanma.es\/?s={search_term_string}\",\"query-input\":\"required name=search_term_string\"}],\"inLanguage\":\"es\"},{\"@type\":\"ImageObject\",\"@id\":\"https:\/\/www.comercialanma.es\/?product=whisky-monkey-shoulder-70cl#primaryimage\",\"inLanguage\":\"es\",\"url\":\"https:\/\/i2.wp.com\/www.comercialanma.es\/wp-content\/uploads\/2020\/03\/Monkey-Shoulder.jpg?fit=1080%2C1080&ssl=1\",\"width\":1080,\"height\":1080},{\"@type\":\"WebPage\",\"@id\":\"https:\/\/www.comercialanma.es\/?product=whisky-monkey-shoulder-70cl#webpage\",\"url\":\"https:\/\/www.comercialanma.es\/?product=whisky-monkey-shoulder-70cl\",\"name\":\"Whisky Monkey Shoulder 70CL. - Comercial de Hosteleria Anma\",\"isPartOf\":{\"@id\":\"https:\/\/www.comercialanma.es\/#website\"},\"primaryImageOfPage\":{\"@id\":\"https:\/\/www.comercialanma.es\/?product=whisky-monkey-shoulder-70cl#primaryimage\"},\"datePublished\":\"2020-03-02T15:19:04+00:00\",\"dateModified\":\"2020-03-02T15:21:36+00:00\",\"breadcrumb\":{\"@id\":\"https:\/\/www.comercialanma.es\/?product=whisky-monkey-shoulder-70cl#breadcrumb\"},\"inLanguage\":\"es\",\"potentialAction\":[{\"@type\":\"ReadAction\",\"target\":[\"https:\/\/www.comercialanma.es\/?product=whisky-monkey-shoulder-70cl\"]}]},{\"@type\":\"BreadcrumbList\",\"@id\":\"https:\/\/www.comercialanma.es\/?product=whisky-monkey-shoulder-70cl#breadcrumb\",\"itemListElement\":[{\"@type\":\"ListItem\",\"position\":1,\"item\":{\"@type\":\"WebPage\",\"@id\":\"https:\/\/www.comercialanma.es\/\",\"url\":\"https:\/\/www.comercialanma.es\/\",\"name\":\"Portada\"}},{\"@type\":\"ListItem\",\"position\":2,\"item\":{\"@type\":\"WebPage\",\"@id\":\"https:\/\/www.comercialanma.es\/?page_id=3963\",\"url\":\"https:\/\/www.comercialanma.es\/?page_id=3963\",\"name\":\"Cat\\u00e1logo de Productos\"}},{\"@type\":\"ListItem\",\"position\":3,\"item\":{\"@type\":\"WebPage\",\"@id\":\"https:\/\/www.comercialanma.es\/?product=whisky-monkey-shoulder-70cl\",\"url\":\"https:\/\/www.comercialanma.es\/?product=whisky-monkey-shoulder-70cl\",\"name\":\"Whisky Monkey Shoulder 70CL.\"}}]}]}<\/script>\n<!-- \/ Yoast SEO plugin. -->","_links":{"self":[{"href":"https:\/\/www.comercialanma.es\/index.php?rest_route=\/wp\/v2\/product\/13210"}],"collection":[{"href":"https:\/\/www.comercialanma.es\/index.php?rest_route=\/wp\/v2\/product"}],"about":[{"href":"https:\/\/www.comercialanma.es\/index.php?rest_route=\/wp\/v2\/types\/product"}],"version-history":[{"count":2,"href":"https:\/\/www.comercialanma.es\/index.php?rest_route=\/wp\/v2\/product\/13210\/revisions"}],"predecessor-version":[{"id":13213,"href":"https:\/\/www.comercialanma.es\/index.php?rest_route=\/wp\/v2\/product\/13210\/revisions\/13213"}],"wp:featuredmedia":[{"embeddable":true,"href":"https:\/\/www.comercialanma.es\/index.php?rest_route=\/wp\/v2\/media\/13211"}],"wp:attachment":[{"href":"https:\/\/www.comercialanma.es\/index.php?rest_route=%2Fwp%2Fv2%2Fmedia&parent=13210"}],"curies":[{"name":"wp","href":"https:\/\/api.w.org\/{rel}","templated":true}]}}