
{"id":13230,"date":"2020-03-02T16:55:54","date_gmt":"2020-03-02T15:55:54","guid":{"rendered":"http:\/\/www.comercialanma.es\/?post_type=product&#038;p=13230"},"modified":"2020-04-21T11:39:47","modified_gmt":"2020-04-21T09:39:47","slug":"whisky-talisker-select-reserve-juego-de-tronos-casa-greyjoy-70cl","status":"publish","type":"product","link":"https:\/\/www.comercialanma.es\/?product=whisky-talisker-select-reserve-juego-de-tronos-casa-greyjoy-70cl","title":{"rendered":"Whisky Talisker Select Reserve Juego de Tronos Casa Greyjoy 70cl."},"content":{"rendered":"<p>Elaborado a la manera tradicional escocesa en peque\u00f1os alambiques de cobre. Madurado en barricas muy usadas de roble americano muy tostadas que albergaron bourbon.<\/p>\n<h3>Nota de cata:<\/h3>\n<ul>\n<li>Color: dorado cobrizo.<\/li>\n<li>Olor: aromas ahumados y de pimienta seca y chocolate negro.<\/li>\n<li>Sabor: sabores de caramelo salado, notas de guindilla, recuerdos ahumados y picantes. Final complejo con notas de tarta de fruta, pimienta seca y cuero.<\/li>\n<\/ul>\n<div class=\"rte-content\">\n<h3>Graduaci\u00f3n:<\/h3>\n<ul>\n<li>45,8% vol.<\/li>\n<\/ul>\n<\/div>\n","protected":false},"excerpt":{"rendered":"<p>Whisky escoc\u00e9s puro de malta que forma parte de la Colecci\u00f3n Juego de Tronos en la que ocho destiler\u00edas escocesas realizan un homenaje a la afamada serie de televisi\u00f3n de HBO que el pr\u00f3ximo 14 de abril estrenar\u00e1 su \u00faltima y definitiva temporada. Este whisky representa a la Casa Greyjoy en esta colecci\u00f3n limitada con la esencia marina de la famosa destiler\u00eda.<\/p>\n<p>&nbsp;<\/p>\n","protected":false},"featured_media":13231,"template":"","meta":{"spay_email":""},"yoast_head":"<!-- This site is optimized with the Yoast SEO plugin v15.9 - https:\/\/yoast.com\/wordpress\/plugins\/seo\/ -->\n<title>Whisky Talisker Select Reserve Juego de Tronos Casa Greyjoy 70cl. - Comercial de Hosteleria Anma<\/title>\n<meta name=\"robots\" content=\"index, follow, max-snippet:-1, max-image-preview:large, max-video-preview:-1\" \/>\n<link rel=\"canonical\" href=\"https:\/\/www.comercialanma.es\/?product=whisky-talisker-select-reserve-juego-de-tronos-casa-greyjoy-70cl\" \/>\n<meta property=\"og:locale\" content=\"es_ES\" \/>\n<meta property=\"og:type\" content=\"article\" \/>\n<meta property=\"og:title\" content=\"Whisky Talisker Select Reserve Juego de Tronos Casa Greyjoy 70cl. - Comercial de Hosteleria Anma\" \/>\n<meta property=\"og:description\" content=\"Whisky escoc\u00e9s puro de malta que forma parte de la Colecci\u00f3n Juego de Tronos en la que ocho destiler\u00edas escocesas realizan un homenaje a la afamada serie de televisi\u00f3n de HBO que el pr\u00f3ximo 14 de abril estrenar\u00e1 su \u00faltima y definitiva temporada. Este whisky representa a la Casa Greyjoy en esta colecci\u00f3n limitada con la esencia marina de la famosa destiler\u00eda.  &nbsp;\" \/>\n<meta property=\"og:url\" content=\"https:\/\/www.comercialanma.es\/?product=whisky-talisker-select-reserve-juego-de-tronos-casa-greyjoy-70cl\" \/>\n<meta property=\"og:site_name\" content=\"Comercial de Hosteleria Anma\" \/>\n<meta property=\"article:publisher\" content=\"https:\/\/www.facebook.com\/AnmaHosteleria\" \/>\n<meta property=\"article:modified_time\" content=\"2020-04-21T09:39:47+00:00\" \/>\n<meta property=\"og:image\" content=\"https:\/\/i2.wp.com\/www.comercialanma.es\/wp-content\/uploads\/2020\/03\/Talisker-Rva.-J.Tronos.jpg?fit=1080%2C1080&#038;ssl=1\" \/>\n\t<meta property=\"og:image:width\" content=\"1080\" \/>\n\t<meta property=\"og:image:height\" content=\"1080\" \/>\n<meta name=\"twitter:card\" content=\"summary_large_image\" \/>\n<script type=\"application\/ld+json\" class=\"yoast-schema-graph\">{\"@context\":\"https:\/\/schema.org\",\"@graph\":[{\"@type\":\"Organization\",\"@id\":\"https:\/\/www.comercialanma.es\/#organization\",\"name\":\"Comercial Anma\",\"url\":\"https:\/\/www.comercialanma.es\/\",\"sameAs\":[\"https:\/\/www.facebook.com\/AnmaHosteleria\",\"https:\/\/www.instagram.com\/anmahosteleria\/?hl=es\",\"https:\/\/www.youtube.com\/channel\/UCT2nmn08Ntks0hmpZPnDgCA\"],\"logo\":{\"@type\":\"ImageObject\",\"@id\":\"https:\/\/www.comercialanma.es\/#logo\",\"inLanguage\":\"es\",\"url\":\"https:\/\/i2.wp.com\/www.comercialanma.es\/wp-content\/uploads\/2019\/06\/logo-anma-color.png?fit=247%2C101&ssl=1\",\"width\":247,\"height\":101,\"caption\":\"Comercial Anma\"},\"image\":{\"@id\":\"https:\/\/www.comercialanma.es\/#logo\"}},{\"@type\":\"WebSite\",\"@id\":\"https:\/\/www.comercialanma.es\/#website\",\"url\":\"https:\/\/www.comercialanma.es\/\",\"name\":\"Comercial de Hosteleria Anma\",\"description\":\"\",\"publisher\":{\"@id\":\"https:\/\/www.comercialanma.es\/#organization\"},\"potentialAction\":[{\"@type\":\"SearchAction\",\"target\":\"https:\/\/www.comercialanma.es\/?s={search_term_string}\",\"query-input\":\"required name=search_term_string\"}],\"inLanguage\":\"es\"},{\"@type\":\"ImageObject\",\"@id\":\"https:\/\/www.comercialanma.es\/?product=whisky-talisker-select-reserve-juego-de-tronos-casa-greyjoy-70cl#primaryimage\",\"inLanguage\":\"es\",\"url\":\"https:\/\/i2.wp.com\/www.comercialanma.es\/wp-content\/uploads\/2020\/03\/Talisker-Rva.-J.Tronos.jpg?fit=1080%2C1080&ssl=1\",\"width\":1080,\"height\":1080},{\"@type\":\"WebPage\",\"@id\":\"https:\/\/www.comercialanma.es\/?product=whisky-talisker-select-reserve-juego-de-tronos-casa-greyjoy-70cl#webpage\",\"url\":\"https:\/\/www.comercialanma.es\/?product=whisky-talisker-select-reserve-juego-de-tronos-casa-greyjoy-70cl\",\"name\":\"Whisky Talisker Select Reserve Juego de Tronos Casa Greyjoy 70cl. - Comercial de Hosteleria Anma\",\"isPartOf\":{\"@id\":\"https:\/\/www.comercialanma.es\/#website\"},\"primaryImageOfPage\":{\"@id\":\"https:\/\/www.comercialanma.es\/?product=whisky-talisker-select-reserve-juego-de-tronos-casa-greyjoy-70cl#primaryimage\"},\"datePublished\":\"2020-03-02T15:55:54+00:00\",\"dateModified\":\"2020-04-21T09:39:47+00:00\",\"breadcrumb\":{\"@id\":\"https:\/\/www.comercialanma.es\/?product=whisky-talisker-select-reserve-juego-de-tronos-casa-greyjoy-70cl#breadcrumb\"},\"inLanguage\":\"es\",\"potentialAction\":[{\"@type\":\"ReadAction\",\"target\":[\"https:\/\/www.comercialanma.es\/?product=whisky-talisker-select-reserve-juego-de-tronos-casa-greyjoy-70cl\"]}]},{\"@type\":\"BreadcrumbList\",\"@id\":\"https:\/\/www.comercialanma.es\/?product=whisky-talisker-select-reserve-juego-de-tronos-casa-greyjoy-70cl#breadcrumb\",\"itemListElement\":[{\"@type\":\"ListItem\",\"position\":1,\"item\":{\"@type\":\"WebPage\",\"@id\":\"https:\/\/www.comercialanma.es\/\",\"url\":\"https:\/\/www.comercialanma.es\/\",\"name\":\"Portada\"}},{\"@type\":\"ListItem\",\"position\":2,\"item\":{\"@type\":\"WebPage\",\"@id\":\"https:\/\/www.comercialanma.es\/?page_id=3963\",\"url\":\"https:\/\/www.comercialanma.es\/?page_id=3963\",\"name\":\"Cat\\u00e1logo de Productos\"}},{\"@type\":\"ListItem\",\"position\":3,\"item\":{\"@type\":\"WebPage\",\"@id\":\"https:\/\/www.comercialanma.es\/?product=whisky-talisker-select-reserve-juego-de-tronos-casa-greyjoy-70cl\",\"url\":\"https:\/\/www.comercialanma.es\/?product=whisky-talisker-select-reserve-juego-de-tronos-casa-greyjoy-70cl\",\"name\":\"Whisky Talisker Select Reserve Juego de Tronos Casa Greyjoy 70cl.\"}}]}]}<\/script>\n<!-- \/ Yoast SEO plugin. -->","_links":{"self":[{"href":"https:\/\/www.comercialanma.es\/index.php?rest_route=\/wp\/v2\/product\/13230"}],"collection":[{"href":"https:\/\/www.comercialanma.es\/index.php?rest_route=\/wp\/v2\/product"}],"about":[{"href":"https:\/\/www.comercialanma.es\/index.php?rest_route=\/wp\/v2\/types\/product"}],"version-history":[{"count":1,"href":"https:\/\/www.comercialanma.es\/index.php?rest_route=\/wp\/v2\/product\/13230\/revisions"}],"predecessor-version":[{"id":13232,"href":"https:\/\/www.comercialanma.es\/index.php?rest_route=\/wp\/v2\/product\/13230\/revisions\/13232"}],"wp:featuredmedia":[{"embeddable":true,"href":"https:\/\/www.comercialanma.es\/index.php?rest_route=\/wp\/v2\/media\/13231"}],"wp:attachment":[{"href":"https:\/\/www.comercialanma.es\/index.php?rest_route=%2Fwp%2Fv2%2Fmedia&parent=13230"}],"curies":[{"name":"wp","href":"https:\/\/api.w.org\/{rel}","templated":true}]}}