
{"id":13336,"date":"2020-03-06T09:41:20","date_gmt":"2020-03-06T08:41:20","guid":{"rendered":"http:\/\/www.comercialanma.es\/?post_type=product&#038;p=13336"},"modified":"2020-03-06T09:47:17","modified_gmt":"2020-03-06T08:47:17","slug":"agua-lanjaron-pack-6-15l","status":"publish","type":"product","link":"https:\/\/www.comercialanma.es\/?product=agua-lanjaron-pack-6-15l","title":{"rendered":"Agua Lanjaron Pack 6 1,5L."},"content":{"rendered":"<p>Marca Comercial: <strong>Lanjar\u00f3n <\/strong><\/p>\n<p>Mineralizaci\u00f3n: <strong>D\u00e9bil<\/strong><\/p>\n<h3>Composici\u00f3n Qu\u00edmica (mg\/l):<\/h3>\n<ul>\n<li>Calcio (mg \/l) 26,6<\/li>\n<li>Sodio (mg\/l) 5,46<\/li>\n<li>Magnesio (mg\/l) 12,9<\/li>\n<li>Bicarbonatos (mg\/l) 131<\/li>\n<li>Sulfatos (mg\/l) 18,9<\/li>\n<li>Conductividad (\u03bcS\/ cm.) 210<span id=\"petita3\"><\/span><\/li>\n<\/ul>\n<p>&nbsp;<\/p>\n","protected":false},"excerpt":{"rendered":"<div class=\"col span_12 left\">\n<div class=\"vc_col-sm-12 wpb_column column_container vc_column_container col has-animation no-extra-padding instance-2 animated-in\" data-bg-cover=\"\" data-padding-pos=\"all\" data-has-bg-color=\"false\" data-bg-color=\"\" data-bg-opacity=\"1\" data-hover-bg=\"\" data-hover-bg-opacity=\"1\" data-animation=\"fade-in-from-bottom\" data-delay=\"300\">\n<div class=\"vc_column-inner\">\n<div class=\"wpb_wrapper\">\n<div class=\"wpb_text_column wpb_content_element \">\n<div>El agua de Lanjar\u00f3n traslada la pureza de Sierra Nevada hasta tu casa. Un agua mineral natural \u00fanica por su origen privilegiado.<\/div>\n<div class=\"wpb_wrapper\">Agua de origen subterr\u00e1neo que se capta mediante manantial o perforaci\u00f3n y que se caracteriza por:<\/div>\n<ul>\n<li class=\"wpb_wrapper\">Un contenido qu\u00edmico en sales minerales y oligoelementos constante y estable en el tiempo (reflejado en la etiqueta). Dependiente de las fluctuaciones naturales del acu\u00edfero.<\/li>\n<li class=\"wpb_wrapper\">Su pureza original<\/li>\n<li class=\"wpb_wrapper\">En ocasiones, por determinados efectos fisiol\u00f3gicos beneficiosos<\/li>\n<li class=\"wpb_wrapper\">Ausencia de tratamientos que modifiquen su contenido qu\u00edmico y bacteriol\u00f3gico original, salvo los destinados a separar sustancias inestables en el interior del envase.<\/li>\n<\/ul>\n<\/div>\n<\/div>\n<\/div>\n<\/div>\n<\/div>\n","protected":false},"featured_media":13337,"template":"","meta":{"spay_email":""},"yoast_head":"<!-- This site is optimized with the Yoast SEO plugin v15.9 - https:\/\/yoast.com\/wordpress\/plugins\/seo\/ -->\n<title>Agua Lanjaron Pack 6 1,5L. - Comercial de Hosteleria Anma<\/title>\n<meta name=\"robots\" content=\"index, follow, max-snippet:-1, max-image-preview:large, max-video-preview:-1\" \/>\n<link rel=\"canonical\" href=\"https:\/\/www.comercialanma.es\/?product=agua-lanjaron-pack-6-15l\" \/>\n<meta property=\"og:locale\" content=\"es_ES\" \/>\n<meta property=\"og:type\" content=\"article\" \/>\n<meta property=\"og:title\" content=\"Agua Lanjaron Pack 6 1,5L. - Comercial de Hosteleria Anma\" \/>\n<meta property=\"og:description\" content=\"El agua de Lanjar\u00f3n traslada la pureza de Sierra Nevada hasta tu casa. Un agua mineral natural \u00fanica por su origen privilegiado. Agua de origen subterr\u00e1neo que se capta mediante manantial o perforaci\u00f3n y que se caracteriza por:   Un contenido qu\u00edmico en sales minerales y oligoelementos constante y estable en el tiempo (reflejado en la etiqueta). Dependiente de las fluctuaciones naturales del acu\u00edfero.  Su pureza original  En ocasiones, por determinados efectos fisiol\u00f3gicos beneficiosos  Ausencia de tratamientos que modifiquen su contenido qu\u00edmico y bacteriol\u00f3gico original, salvo los destinados a separar sustancias inestables en el interior del envase.\" \/>\n<meta property=\"og:url\" content=\"https:\/\/www.comercialanma.es\/?product=agua-lanjaron-pack-6-15l\" \/>\n<meta property=\"og:site_name\" content=\"Comercial de Hosteleria Anma\" \/>\n<meta property=\"article:publisher\" content=\"https:\/\/www.facebook.com\/AnmaHosteleria\" \/>\n<meta property=\"article:modified_time\" content=\"2020-03-06T08:47:17+00:00\" \/>\n<meta property=\"og:image\" content=\"https:\/\/i0.wp.com\/www.comercialanma.es\/wp-content\/uploads\/2020\/03\/Lanjaron-Pack-6-15L.jpg?fit=1080%2C1080&#038;ssl=1\" \/>\n\t<meta property=\"og:image:width\" content=\"1080\" \/>\n\t<meta property=\"og:image:height\" content=\"1080\" \/>\n<meta name=\"twitter:card\" content=\"summary_large_image\" \/>\n<script type=\"application\/ld+json\" class=\"yoast-schema-graph\">{\"@context\":\"https:\/\/schema.org\",\"@graph\":[{\"@type\":\"Organization\",\"@id\":\"https:\/\/www.comercialanma.es\/#organization\",\"name\":\"Comercial Anma\",\"url\":\"https:\/\/www.comercialanma.es\/\",\"sameAs\":[\"https:\/\/www.facebook.com\/AnmaHosteleria\",\"https:\/\/www.instagram.com\/anmahosteleria\/?hl=es\",\"https:\/\/www.youtube.com\/channel\/UCT2nmn08Ntks0hmpZPnDgCA\"],\"logo\":{\"@type\":\"ImageObject\",\"@id\":\"https:\/\/www.comercialanma.es\/#logo\",\"inLanguage\":\"es\",\"url\":\"https:\/\/i2.wp.com\/www.comercialanma.es\/wp-content\/uploads\/2019\/06\/logo-anma-color.png?fit=247%2C101&ssl=1\",\"width\":247,\"height\":101,\"caption\":\"Comercial Anma\"},\"image\":{\"@id\":\"https:\/\/www.comercialanma.es\/#logo\"}},{\"@type\":\"WebSite\",\"@id\":\"https:\/\/www.comercialanma.es\/#website\",\"url\":\"https:\/\/www.comercialanma.es\/\",\"name\":\"Comercial de Hosteleria Anma\",\"description\":\"\",\"publisher\":{\"@id\":\"https:\/\/www.comercialanma.es\/#organization\"},\"potentialAction\":[{\"@type\":\"SearchAction\",\"target\":\"https:\/\/www.comercialanma.es\/?s={search_term_string}\",\"query-input\":\"required name=search_term_string\"}],\"inLanguage\":\"es\"},{\"@type\":\"ImageObject\",\"@id\":\"https:\/\/www.comercialanma.es\/?product=agua-lanjaron-pack-6-15l#primaryimage\",\"inLanguage\":\"es\",\"url\":\"https:\/\/i0.wp.com\/www.comercialanma.es\/wp-content\/uploads\/2020\/03\/Lanjaron-Pack-6-15L.jpg?fit=1080%2C1080&ssl=1\",\"width\":1080,\"height\":1080},{\"@type\":\"WebPage\",\"@id\":\"https:\/\/www.comercialanma.es\/?product=agua-lanjaron-pack-6-15l#webpage\",\"url\":\"https:\/\/www.comercialanma.es\/?product=agua-lanjaron-pack-6-15l\",\"name\":\"Agua Lanjaron Pack 6 1,5L. - Comercial de Hosteleria Anma\",\"isPartOf\":{\"@id\":\"https:\/\/www.comercialanma.es\/#website\"},\"primaryImageOfPage\":{\"@id\":\"https:\/\/www.comercialanma.es\/?product=agua-lanjaron-pack-6-15l#primaryimage\"},\"datePublished\":\"2020-03-06T08:41:20+00:00\",\"dateModified\":\"2020-03-06T08:47:17+00:00\",\"breadcrumb\":{\"@id\":\"https:\/\/www.comercialanma.es\/?product=agua-lanjaron-pack-6-15l#breadcrumb\"},\"inLanguage\":\"es\",\"potentialAction\":[{\"@type\":\"ReadAction\",\"target\":[\"https:\/\/www.comercialanma.es\/?product=agua-lanjaron-pack-6-15l\"]}]},{\"@type\":\"BreadcrumbList\",\"@id\":\"https:\/\/www.comercialanma.es\/?product=agua-lanjaron-pack-6-15l#breadcrumb\",\"itemListElement\":[{\"@type\":\"ListItem\",\"position\":1,\"item\":{\"@type\":\"WebPage\",\"@id\":\"https:\/\/www.comercialanma.es\/\",\"url\":\"https:\/\/www.comercialanma.es\/\",\"name\":\"Portada\"}},{\"@type\":\"ListItem\",\"position\":2,\"item\":{\"@type\":\"WebPage\",\"@id\":\"https:\/\/www.comercialanma.es\/?page_id=3963\",\"url\":\"https:\/\/www.comercialanma.es\/?page_id=3963\",\"name\":\"Cat\\u00e1logo de Productos\"}},{\"@type\":\"ListItem\",\"position\":3,\"item\":{\"@type\":\"WebPage\",\"@id\":\"https:\/\/www.comercialanma.es\/?product=agua-lanjaron-pack-6-15l\",\"url\":\"https:\/\/www.comercialanma.es\/?product=agua-lanjaron-pack-6-15l\",\"name\":\"Agua Lanjaron Pack 6 1,5L.\"}}]}]}<\/script>\n<!-- \/ Yoast SEO plugin. -->","_links":{"self":[{"href":"https:\/\/www.comercialanma.es\/index.php?rest_route=\/wp\/v2\/product\/13336"}],"collection":[{"href":"https:\/\/www.comercialanma.es\/index.php?rest_route=\/wp\/v2\/product"}],"about":[{"href":"https:\/\/www.comercialanma.es\/index.php?rest_route=\/wp\/v2\/types\/product"}],"version-history":[{"count":1,"href":"https:\/\/www.comercialanma.es\/index.php?rest_route=\/wp\/v2\/product\/13336\/revisions"}],"predecessor-version":[{"id":13338,"href":"https:\/\/www.comercialanma.es\/index.php?rest_route=\/wp\/v2\/product\/13336\/revisions\/13338"}],"wp:featuredmedia":[{"embeddable":true,"href":"https:\/\/www.comercialanma.es\/index.php?rest_route=\/wp\/v2\/media\/13337"}],"wp:attachment":[{"href":"https:\/\/www.comercialanma.es\/index.php?rest_route=%2Fwp%2Fv2%2Fmedia&parent=13336"}],"curies":[{"name":"wp","href":"https:\/\/api.w.org\/{rel}","templated":true}]}}