
{"id":13422,"date":"2020-03-09T09:56:21","date_gmt":"2020-03-09T08:56:21","guid":{"rendered":"http:\/\/www.comercialanma.es\/?post_type=product&#038;p=13422"},"modified":"2020-03-09T09:58:46","modified_gmt":"2020-03-09T08:58:46","slug":"lillet-rose-70cl","status":"publish","type":"product","link":"https:\/\/www.comercialanma.es\/?product=lillet-rose-70cl","title":{"rendered":"Lillet Ros\u00e9 70cl."},"content":{"rendered":"<h3>D.O<\/h3>\n<ul>\n<li>Francia<\/li>\n<\/ul>\n<h3>Nota de cata:<\/h3>\n<ul>\n<li>La Sauvignon blanc, aporta jugosidad y aroma y la Merlot es indispensable para conseguir la vivacidad crom\u00e1tica.<\/li>\n<li>El vino es mezclado con licores naturales artesanos de naranjas dulces y amargas y una mezcla secreta de licores que incluyen frutos rojos elaborados en Pondensac. A la mezcla final se le a\u00f1ade una peque\u00f1a cantidad de quinina de Per\u00fa,\u00a0 una receta que se mantiene desde principios del siglo XIX.<\/li>\n<li>Ligeras frutas, flor de azahar y pomelo en nariz. Estructurado y bien equilibrado en boca, con ligera acidez.<\/li>\n<\/ul>\n<h3>Graduaci\u00f3n:<\/h3>\n<ul>\n<li>17% vol.<\/li>\n<\/ul>\n<p>&nbsp;<\/p>\n","protected":false},"excerpt":{"rendered":"<p>Al igual que Lillet Blanc, la variedad de referencia de Lillet Ros\u00e9 es la\u00a0Semill\u00f3n, que da estructura y un final persistente.<\/p>\n","protected":false},"featured_media":13423,"template":"","meta":{"spay_email":""},"yoast_head":"<!-- This site is optimized with the Yoast SEO plugin v15.9 - https:\/\/yoast.com\/wordpress\/plugins\/seo\/ -->\n<title>Lillet Ros\u00e9 70cl. - Comercial de Hosteleria Anma<\/title>\n<meta name=\"robots\" content=\"index, follow, max-snippet:-1, max-image-preview:large, max-video-preview:-1\" \/>\n<link rel=\"canonical\" href=\"https:\/\/www.comercialanma.es\/?product=lillet-rose-70cl\" \/>\n<meta property=\"og:locale\" content=\"es_ES\" \/>\n<meta property=\"og:type\" content=\"article\" \/>\n<meta property=\"og:title\" content=\"Lillet Ros\u00e9 70cl. - Comercial de Hosteleria Anma\" \/>\n<meta property=\"og:description\" content=\"Al igual que Lillet Blanc, la variedad de referencia de Lillet Ros\u00e9 es la\u00a0Semill\u00f3n, que da estructura y un final persistente.\" \/>\n<meta property=\"og:url\" content=\"https:\/\/www.comercialanma.es\/?product=lillet-rose-70cl\" \/>\n<meta property=\"og:site_name\" content=\"Comercial de Hosteleria Anma\" \/>\n<meta property=\"article:publisher\" content=\"https:\/\/www.facebook.com\/AnmaHosteleria\" \/>\n<meta property=\"article:modified_time\" content=\"2020-03-09T08:58:46+00:00\" \/>\n<meta property=\"og:image\" content=\"https:\/\/i2.wp.com\/www.comercialanma.es\/wp-content\/uploads\/2020\/03\/Lillet-Rose.jpg?fit=1080%2C1080&#038;ssl=1\" \/>\n\t<meta property=\"og:image:width\" content=\"1080\" \/>\n\t<meta property=\"og:image:height\" content=\"1080\" \/>\n<meta name=\"twitter:card\" content=\"summary_large_image\" \/>\n<script type=\"application\/ld+json\" class=\"yoast-schema-graph\">{\"@context\":\"https:\/\/schema.org\",\"@graph\":[{\"@type\":\"Organization\",\"@id\":\"https:\/\/www.comercialanma.es\/#organization\",\"name\":\"Comercial Anma\",\"url\":\"https:\/\/www.comercialanma.es\/\",\"sameAs\":[\"https:\/\/www.facebook.com\/AnmaHosteleria\",\"https:\/\/www.instagram.com\/anmahosteleria\/?hl=es\",\"https:\/\/www.youtube.com\/channel\/UCT2nmn08Ntks0hmpZPnDgCA\"],\"logo\":{\"@type\":\"ImageObject\",\"@id\":\"https:\/\/www.comercialanma.es\/#logo\",\"inLanguage\":\"es\",\"url\":\"https:\/\/i2.wp.com\/www.comercialanma.es\/wp-content\/uploads\/2019\/06\/logo-anma-color.png?fit=247%2C101&ssl=1\",\"width\":247,\"height\":101,\"caption\":\"Comercial Anma\"},\"image\":{\"@id\":\"https:\/\/www.comercialanma.es\/#logo\"}},{\"@type\":\"WebSite\",\"@id\":\"https:\/\/www.comercialanma.es\/#website\",\"url\":\"https:\/\/www.comercialanma.es\/\",\"name\":\"Comercial de Hosteleria Anma\",\"description\":\"\",\"publisher\":{\"@id\":\"https:\/\/www.comercialanma.es\/#organization\"},\"potentialAction\":[{\"@type\":\"SearchAction\",\"target\":\"https:\/\/www.comercialanma.es\/?s={search_term_string}\",\"query-input\":\"required name=search_term_string\"}],\"inLanguage\":\"es\"},{\"@type\":\"ImageObject\",\"@id\":\"https:\/\/www.comercialanma.es\/?product=lillet-rose-70cl#primaryimage\",\"inLanguage\":\"es\",\"url\":\"https:\/\/i2.wp.com\/www.comercialanma.es\/wp-content\/uploads\/2020\/03\/Lillet-Rose.jpg?fit=1080%2C1080&ssl=1\",\"width\":1080,\"height\":1080},{\"@type\":\"WebPage\",\"@id\":\"https:\/\/www.comercialanma.es\/?product=lillet-rose-70cl#webpage\",\"url\":\"https:\/\/www.comercialanma.es\/?product=lillet-rose-70cl\",\"name\":\"Lillet Ros\\u00e9 70cl. - Comercial de Hosteleria Anma\",\"isPartOf\":{\"@id\":\"https:\/\/www.comercialanma.es\/#website\"},\"primaryImageOfPage\":{\"@id\":\"https:\/\/www.comercialanma.es\/?product=lillet-rose-70cl#primaryimage\"},\"datePublished\":\"2020-03-09T08:56:21+00:00\",\"dateModified\":\"2020-03-09T08:58:46+00:00\",\"breadcrumb\":{\"@id\":\"https:\/\/www.comercialanma.es\/?product=lillet-rose-70cl#breadcrumb\"},\"inLanguage\":\"es\",\"potentialAction\":[{\"@type\":\"ReadAction\",\"target\":[\"https:\/\/www.comercialanma.es\/?product=lillet-rose-70cl\"]}]},{\"@type\":\"BreadcrumbList\",\"@id\":\"https:\/\/www.comercialanma.es\/?product=lillet-rose-70cl#breadcrumb\",\"itemListElement\":[{\"@type\":\"ListItem\",\"position\":1,\"item\":{\"@type\":\"WebPage\",\"@id\":\"https:\/\/www.comercialanma.es\/\",\"url\":\"https:\/\/www.comercialanma.es\/\",\"name\":\"Portada\"}},{\"@type\":\"ListItem\",\"position\":2,\"item\":{\"@type\":\"WebPage\",\"@id\":\"https:\/\/www.comercialanma.es\/?page_id=3963\",\"url\":\"https:\/\/www.comercialanma.es\/?page_id=3963\",\"name\":\"Cat\\u00e1logo de Productos\"}},{\"@type\":\"ListItem\",\"position\":3,\"item\":{\"@type\":\"WebPage\",\"@id\":\"https:\/\/www.comercialanma.es\/?product=lillet-rose-70cl\",\"url\":\"https:\/\/www.comercialanma.es\/?product=lillet-rose-70cl\",\"name\":\"Lillet Ros\\u00e9 70cl.\"}}]}]}<\/script>\n<!-- \/ Yoast SEO plugin. -->","_links":{"self":[{"href":"https:\/\/www.comercialanma.es\/index.php?rest_route=\/wp\/v2\/product\/13422"}],"collection":[{"href":"https:\/\/www.comercialanma.es\/index.php?rest_route=\/wp\/v2\/product"}],"about":[{"href":"https:\/\/www.comercialanma.es\/index.php?rest_route=\/wp\/v2\/types\/product"}],"version-history":[{"count":1,"href":"https:\/\/www.comercialanma.es\/index.php?rest_route=\/wp\/v2\/product\/13422\/revisions"}],"predecessor-version":[{"id":13424,"href":"https:\/\/www.comercialanma.es\/index.php?rest_route=\/wp\/v2\/product\/13422\/revisions\/13424"}],"wp:featuredmedia":[{"embeddable":true,"href":"https:\/\/www.comercialanma.es\/index.php?rest_route=\/wp\/v2\/media\/13423"}],"wp:attachment":[{"href":"https:\/\/www.comercialanma.es\/index.php?rest_route=%2Fwp%2Fv2%2Fmedia&parent=13422"}],"curies":[{"name":"wp","href":"https:\/\/api.w.org\/{rel}","templated":true}]}}