
{"id":13491,"date":"2020-03-10T16:52:01","date_gmt":"2020-03-10T15:52:01","guid":{"rendered":"http:\/\/www.comercialanma.es\/?post_type=product&#038;p=13491"},"modified":"2020-03-10T16:54:38","modified_gmt":"2020-03-10T15:54:38","slug":"cerveza-estrella-damm-n-r-25cl","status":"publish","type":"product","link":"https:\/\/www.comercialanma.es\/?product=cerveza-estrella-damm-n-r-25cl","title":{"rendered":"Cerveza Estrella Damm (N.R) 25cl."},"content":{"rendered":"<div class=\"grid-wrapper\">\n<div class=\"grid-l-14 grid-xs-24\">\n<div class=\"product-info-list-wrap\">\n<ul>\n<li>Cerveza estilo lager.<\/li>\n<li>Se recomienda tomarla a una temperatura aproximada de entre 5\u00ba C y 7\u00ba C<\/li>\n<\/ul>\n<h3>Contenido<\/h3>\n<ul>\n<li>250 mililitros<\/li>\n<\/ul>\n<\/div>\n<div class=\"product-info-list-wrap\">\n<h3>Amargor<\/h3>\n<ul>\n<li>21 IBUs<\/li>\n<\/ul>\n<\/div>\n<div class=\"product-info-list-wrap\">\n<h3>Porcentaje de alcohol<\/h3>\n<ul>\n<li>5.4% vol.<\/li>\n<\/ul>\n<\/div>\n<\/div>\n<\/div>\n","protected":false},"excerpt":{"rendered":"<p>Cerveza lager de sabor y car\u00e1cter universal, ideal para tomar en cualquier momento del d\u00eda. De cuidada elaboraci\u00f3n y gran calidad, fruto de la selecci\u00f3n de sus materias primas. Destaca su cremosa espuma aromatizada por el l\u00fapulo y su refrescante sabor.<\/p>\n<p>Estrella Damm es una cerveza que se elabora utilizando la receta original de 1876, resultado de la combinaci\u00f3n de malta de cebada, arroz y l\u00fapulo, 100% ingredientes naturales. La calidad de estos ingredientes es nuestra prioridad, y por eso trabajamos directamente con agricultores locales mediterr\u00e1neos.<\/p>\n","protected":false},"featured_media":13492,"template":"","meta":{"spay_email":""},"yoast_head":"<!-- This site is optimized with the Yoast SEO plugin v15.9 - https:\/\/yoast.com\/wordpress\/plugins\/seo\/ -->\n<title>Cerveza Estrella Damm (N.R) 25cl. - Comercial de Hosteleria Anma<\/title>\n<meta name=\"robots\" content=\"index, follow, max-snippet:-1, max-image-preview:large, max-video-preview:-1\" \/>\n<link rel=\"canonical\" href=\"https:\/\/www.comercialanma.es\/?product=cerveza-estrella-damm-n-r-25cl\" \/>\n<meta property=\"og:locale\" content=\"es_ES\" \/>\n<meta property=\"og:type\" content=\"article\" \/>\n<meta property=\"og:title\" content=\"Cerveza Estrella Damm (N.R) 25cl. - Comercial de Hosteleria Anma\" \/>\n<meta property=\"og:description\" content=\"Cerveza lager de sabor y car\u00e1cter universal, ideal para tomar en cualquier momento del d\u00eda. De cuidada elaboraci\u00f3n y gran calidad, fruto de la selecci\u00f3n de sus materias primas. Destaca su cremosa espuma aromatizada por el l\u00fapulo y su refrescante sabor.  Estrella Damm es una cerveza que se elabora utilizando la receta original de 1876, resultado de la combinaci\u00f3n de malta de cebada, arroz y l\u00fapulo, 100% ingredientes naturales. La calidad de estos ingredientes es nuestra prioridad, y por eso trabajamos directamente con agricultores locales mediterr\u00e1neos.\" \/>\n<meta property=\"og:url\" content=\"https:\/\/www.comercialanma.es\/?product=cerveza-estrella-damm-n-r-25cl\" \/>\n<meta property=\"og:site_name\" content=\"Comercial de Hosteleria Anma\" \/>\n<meta property=\"article:publisher\" content=\"https:\/\/www.facebook.com\/AnmaHosteleria\" \/>\n<meta property=\"article:modified_time\" content=\"2020-03-10T15:54:38+00:00\" \/>\n<meta property=\"og:image\" content=\"https:\/\/i0.wp.com\/www.comercialanma.es\/wp-content\/uploads\/2020\/03\/Estrella-Damm-25cl..jpg?fit=1080%2C1080&#038;ssl=1\" \/>\n\t<meta property=\"og:image:width\" content=\"1080\" \/>\n\t<meta property=\"og:image:height\" content=\"1080\" \/>\n<meta name=\"twitter:card\" content=\"summary_large_image\" \/>\n<script type=\"application\/ld+json\" class=\"yoast-schema-graph\">{\"@context\":\"https:\/\/schema.org\",\"@graph\":[{\"@type\":\"Organization\",\"@id\":\"https:\/\/www.comercialanma.es\/#organization\",\"name\":\"Comercial Anma\",\"url\":\"https:\/\/www.comercialanma.es\/\",\"sameAs\":[\"https:\/\/www.facebook.com\/AnmaHosteleria\",\"https:\/\/www.instagram.com\/anmahosteleria\/?hl=es\",\"https:\/\/www.youtube.com\/channel\/UCT2nmn08Ntks0hmpZPnDgCA\"],\"logo\":{\"@type\":\"ImageObject\",\"@id\":\"https:\/\/www.comercialanma.es\/#logo\",\"inLanguage\":\"es\",\"url\":\"https:\/\/i2.wp.com\/www.comercialanma.es\/wp-content\/uploads\/2019\/06\/logo-anma-color.png?fit=247%2C101&ssl=1\",\"width\":247,\"height\":101,\"caption\":\"Comercial Anma\"},\"image\":{\"@id\":\"https:\/\/www.comercialanma.es\/#logo\"}},{\"@type\":\"WebSite\",\"@id\":\"https:\/\/www.comercialanma.es\/#website\",\"url\":\"https:\/\/www.comercialanma.es\/\",\"name\":\"Comercial de Hosteleria Anma\",\"description\":\"\",\"publisher\":{\"@id\":\"https:\/\/www.comercialanma.es\/#organization\"},\"potentialAction\":[{\"@type\":\"SearchAction\",\"target\":\"https:\/\/www.comercialanma.es\/?s={search_term_string}\",\"query-input\":\"required name=search_term_string\"}],\"inLanguage\":\"es\"},{\"@type\":\"ImageObject\",\"@id\":\"https:\/\/www.comercialanma.es\/?product=cerveza-estrella-damm-n-r-25cl#primaryimage\",\"inLanguage\":\"es\",\"url\":\"https:\/\/i0.wp.com\/www.comercialanma.es\/wp-content\/uploads\/2020\/03\/Estrella-Damm-25cl..jpg?fit=1080%2C1080&ssl=1\",\"width\":1080,\"height\":1080},{\"@type\":\"WebPage\",\"@id\":\"https:\/\/www.comercialanma.es\/?product=cerveza-estrella-damm-n-r-25cl#webpage\",\"url\":\"https:\/\/www.comercialanma.es\/?product=cerveza-estrella-damm-n-r-25cl\",\"name\":\"Cerveza Estrella Damm (N.R) 25cl. - Comercial de Hosteleria Anma\",\"isPartOf\":{\"@id\":\"https:\/\/www.comercialanma.es\/#website\"},\"primaryImageOfPage\":{\"@id\":\"https:\/\/www.comercialanma.es\/?product=cerveza-estrella-damm-n-r-25cl#primaryimage\"},\"datePublished\":\"2020-03-10T15:52:01+00:00\",\"dateModified\":\"2020-03-10T15:54:38+00:00\",\"breadcrumb\":{\"@id\":\"https:\/\/www.comercialanma.es\/?product=cerveza-estrella-damm-n-r-25cl#breadcrumb\"},\"inLanguage\":\"es\",\"potentialAction\":[{\"@type\":\"ReadAction\",\"target\":[\"https:\/\/www.comercialanma.es\/?product=cerveza-estrella-damm-n-r-25cl\"]}]},{\"@type\":\"BreadcrumbList\",\"@id\":\"https:\/\/www.comercialanma.es\/?product=cerveza-estrella-damm-n-r-25cl#breadcrumb\",\"itemListElement\":[{\"@type\":\"ListItem\",\"position\":1,\"item\":{\"@type\":\"WebPage\",\"@id\":\"https:\/\/www.comercialanma.es\/\",\"url\":\"https:\/\/www.comercialanma.es\/\",\"name\":\"Portada\"}},{\"@type\":\"ListItem\",\"position\":2,\"item\":{\"@type\":\"WebPage\",\"@id\":\"https:\/\/www.comercialanma.es\/?page_id=3963\",\"url\":\"https:\/\/www.comercialanma.es\/?page_id=3963\",\"name\":\"Cat\\u00e1logo de Productos\"}},{\"@type\":\"ListItem\",\"position\":3,\"item\":{\"@type\":\"WebPage\",\"@id\":\"https:\/\/www.comercialanma.es\/?product=cerveza-estrella-damm-n-r-25cl\",\"url\":\"https:\/\/www.comercialanma.es\/?product=cerveza-estrella-damm-n-r-25cl\",\"name\":\"Cerveza Estrella Damm (N.R) 25cl.\"}}]}]}<\/script>\n<!-- \/ Yoast SEO plugin. -->","_links":{"self":[{"href":"https:\/\/www.comercialanma.es\/index.php?rest_route=\/wp\/v2\/product\/13491"}],"collection":[{"href":"https:\/\/www.comercialanma.es\/index.php?rest_route=\/wp\/v2\/product"}],"about":[{"href":"https:\/\/www.comercialanma.es\/index.php?rest_route=\/wp\/v2\/types\/product"}],"version-history":[{"count":1,"href":"https:\/\/www.comercialanma.es\/index.php?rest_route=\/wp\/v2\/product\/13491\/revisions"}],"predecessor-version":[{"id":13493,"href":"https:\/\/www.comercialanma.es\/index.php?rest_route=\/wp\/v2\/product\/13491\/revisions\/13493"}],"wp:featuredmedia":[{"embeddable":true,"href":"https:\/\/www.comercialanma.es\/index.php?rest_route=\/wp\/v2\/media\/13492"}],"wp:attachment":[{"href":"https:\/\/www.comercialanma.es\/index.php?rest_route=%2Fwp%2Fv2%2Fmedia&parent=13491"}],"curies":[{"name":"wp","href":"https:\/\/api.w.org\/{rel}","templated":true}]}}