
{"id":13498,"date":"2020-03-10T17:22:24","date_gmt":"2020-03-10T16:22:24","guid":{"rendered":"http:\/\/www.comercialanma.es\/?post_type=product&#038;p=13498"},"modified":"2020-03-10T17:23:51","modified_gmt":"2020-03-10T16:23:51","slug":"cerveza-voll-damm-lata-33cl","status":"publish","type":"product","link":"https:\/\/www.comercialanma.es\/?product=cerveza-voll-damm-lata-33cl","title":{"rendered":"Cerveza Voll Damm Lata 33cl."},"content":{"rendered":"<div class=\"grid-wrapper\">\n<div class=\"grid-l-14 grid-xs-24\">\n<div class=\"product-info-list-wrap\">Se produce con ingredientes 100% naturales, con cebada s\u00f3lo de variedades puras y malteada en nuestra propia malter\u00eda. La doble cantidad de malta, le confiere m\u00e1s aroma, m\u00e1s sabor y m\u00e1s cuerpo. La Voll-Damm recibe unos primeros l\u00fapulos amargos en el brasaje, y m\u00e1s tarde justo antes de que comience el proceso de la fermentaci\u00f3n se le a\u00f1ade un nuevo l\u00fapulo proveniente de la muy reconocida y prestigiosa regi\u00f3n B\u00e1vara de Hallertau.<br \/>\nLa doble cantidad de malta en la receta hace que sea un producto con mucha fuerza. Con el doble de sabor. El doble de cuerpo. Es algo que se nota en el primer sorbo.<\/p>\n<h3>Contenido<\/h3>\n<ul>\n<li>330 mililitros<\/li>\n<\/ul>\n<\/div>\n<div class=\"product-info-list-wrap\">\n<h3>Amargor<\/h3>\n<ul>\n<li>34 IBUs<\/li>\n<\/ul>\n<\/div>\n<div class=\"product-info-list-wrap\">\n<h3>Porcentaje de alcohol<\/h3>\n<ul>\n<li>7.2% vol.<\/li>\n<\/ul>\n<\/div>\n<\/div>\n<\/div>\n","protected":false},"excerpt":{"rendered":"<p>Damm elabor\u00f3 su primera M\u00e4rzenbier en 1953. Los primeros a\u00f1os s\u00f3lo se produc\u00eda del mes de octubre a abril, mientras que el resto del a\u00f1o se dejaba de fabricar. Fue en 1955, debido al gran \u00e9xito obtenido, que se decidi\u00f3 fabricar manera ininterrumpida. Se la bautiz\u00f3 con el nombre de Voll-Damm. \u201cVoll\u201d en alem\u00e1n significa lleno, completo. El nombre le iba muy bien a una cerveza de sabor fuerte, intenso y con mucho cuerpo.<\/p>\n","protected":false},"featured_media":13499,"template":"","meta":{"spay_email":""},"yoast_head":"<!-- This site is optimized with the Yoast SEO plugin v15.9 - https:\/\/yoast.com\/wordpress\/plugins\/seo\/ -->\n<title>Cerveza Voll Damm Lata 33cl. - Comercial de Hosteleria Anma<\/title>\n<meta name=\"robots\" content=\"index, follow, max-snippet:-1, max-image-preview:large, max-video-preview:-1\" \/>\n<link rel=\"canonical\" href=\"https:\/\/www.comercialanma.es\/?product=cerveza-voll-damm-lata-33cl\" \/>\n<meta property=\"og:locale\" content=\"es_ES\" \/>\n<meta property=\"og:type\" content=\"article\" \/>\n<meta property=\"og:title\" content=\"Cerveza Voll Damm Lata 33cl. - Comercial de Hosteleria Anma\" \/>\n<meta property=\"og:description\" content=\"Damm elabor\u00f3 su primera M\u00e4rzenbier en 1953. Los primeros a\u00f1os s\u00f3lo se produc\u00eda del mes de octubre a abril, mientras que el resto del a\u00f1o se dejaba de fabricar. Fue en 1955, debido al gran \u00e9xito obtenido, que se decidi\u00f3 fabricar manera ininterrumpida. Se la bautiz\u00f3 con el nombre de Voll-Damm. \u201cVoll\u201d en alem\u00e1n significa lleno, completo. El nombre le iba muy bien a una cerveza de sabor fuerte, intenso y con mucho cuerpo.\" \/>\n<meta property=\"og:url\" content=\"https:\/\/www.comercialanma.es\/?product=cerveza-voll-damm-lata-33cl\" \/>\n<meta property=\"og:site_name\" content=\"Comercial de Hosteleria Anma\" \/>\n<meta property=\"article:publisher\" content=\"https:\/\/www.facebook.com\/AnmaHosteleria\" \/>\n<meta property=\"article:modified_time\" content=\"2020-03-10T16:23:51+00:00\" \/>\n<meta property=\"og:image\" content=\"https:\/\/i1.wp.com\/www.comercialanma.es\/wp-content\/uploads\/2020\/03\/Voll-Damm-Lata.jpg?fit=1080%2C1080&#038;ssl=1\" \/>\n\t<meta property=\"og:image:width\" content=\"1080\" \/>\n\t<meta property=\"og:image:height\" content=\"1080\" \/>\n<meta name=\"twitter:card\" content=\"summary_large_image\" \/>\n<meta name=\"twitter:label1\" content=\"Tiempo de lectura\">\n\t<meta name=\"twitter:data1\" content=\"1 minuto\">\n<script type=\"application\/ld+json\" class=\"yoast-schema-graph\">{\"@context\":\"https:\/\/schema.org\",\"@graph\":[{\"@type\":\"Organization\",\"@id\":\"https:\/\/www.comercialanma.es\/#organization\",\"name\":\"Comercial Anma\",\"url\":\"https:\/\/www.comercialanma.es\/\",\"sameAs\":[\"https:\/\/www.facebook.com\/AnmaHosteleria\",\"https:\/\/www.instagram.com\/anmahosteleria\/?hl=es\",\"https:\/\/www.youtube.com\/channel\/UCT2nmn08Ntks0hmpZPnDgCA\"],\"logo\":{\"@type\":\"ImageObject\",\"@id\":\"https:\/\/www.comercialanma.es\/#logo\",\"inLanguage\":\"es\",\"url\":\"https:\/\/i2.wp.com\/www.comercialanma.es\/wp-content\/uploads\/2019\/06\/logo-anma-color.png?fit=247%2C101&ssl=1\",\"width\":247,\"height\":101,\"caption\":\"Comercial Anma\"},\"image\":{\"@id\":\"https:\/\/www.comercialanma.es\/#logo\"}},{\"@type\":\"WebSite\",\"@id\":\"https:\/\/www.comercialanma.es\/#website\",\"url\":\"https:\/\/www.comercialanma.es\/\",\"name\":\"Comercial de Hosteleria Anma\",\"description\":\"\",\"publisher\":{\"@id\":\"https:\/\/www.comercialanma.es\/#organization\"},\"potentialAction\":[{\"@type\":\"SearchAction\",\"target\":\"https:\/\/www.comercialanma.es\/?s={search_term_string}\",\"query-input\":\"required name=search_term_string\"}],\"inLanguage\":\"es\"},{\"@type\":\"ImageObject\",\"@id\":\"https:\/\/www.comercialanma.es\/?product=cerveza-voll-damm-lata-33cl#primaryimage\",\"inLanguage\":\"es\",\"url\":\"https:\/\/i1.wp.com\/www.comercialanma.es\/wp-content\/uploads\/2020\/03\/Voll-Damm-Lata.jpg?fit=1080%2C1080&ssl=1\",\"width\":1080,\"height\":1080},{\"@type\":\"WebPage\",\"@id\":\"https:\/\/www.comercialanma.es\/?product=cerveza-voll-damm-lata-33cl#webpage\",\"url\":\"https:\/\/www.comercialanma.es\/?product=cerveza-voll-damm-lata-33cl\",\"name\":\"Cerveza Voll Damm Lata 33cl. - Comercial de Hosteleria Anma\",\"isPartOf\":{\"@id\":\"https:\/\/www.comercialanma.es\/#website\"},\"primaryImageOfPage\":{\"@id\":\"https:\/\/www.comercialanma.es\/?product=cerveza-voll-damm-lata-33cl#primaryimage\"},\"datePublished\":\"2020-03-10T16:22:24+00:00\",\"dateModified\":\"2020-03-10T16:23:51+00:00\",\"breadcrumb\":{\"@id\":\"https:\/\/www.comercialanma.es\/?product=cerveza-voll-damm-lata-33cl#breadcrumb\"},\"inLanguage\":\"es\",\"potentialAction\":[{\"@type\":\"ReadAction\",\"target\":[\"https:\/\/www.comercialanma.es\/?product=cerveza-voll-damm-lata-33cl\"]}]},{\"@type\":\"BreadcrumbList\",\"@id\":\"https:\/\/www.comercialanma.es\/?product=cerveza-voll-damm-lata-33cl#breadcrumb\",\"itemListElement\":[{\"@type\":\"ListItem\",\"position\":1,\"item\":{\"@type\":\"WebPage\",\"@id\":\"https:\/\/www.comercialanma.es\/\",\"url\":\"https:\/\/www.comercialanma.es\/\",\"name\":\"Portada\"}},{\"@type\":\"ListItem\",\"position\":2,\"item\":{\"@type\":\"WebPage\",\"@id\":\"https:\/\/www.comercialanma.es\/?page_id=3963\",\"url\":\"https:\/\/www.comercialanma.es\/?page_id=3963\",\"name\":\"Cat\\u00e1logo de Productos\"}},{\"@type\":\"ListItem\",\"position\":3,\"item\":{\"@type\":\"WebPage\",\"@id\":\"https:\/\/www.comercialanma.es\/?product=cerveza-voll-damm-lata-33cl\",\"url\":\"https:\/\/www.comercialanma.es\/?product=cerveza-voll-damm-lata-33cl\",\"name\":\"Cerveza Voll Damm Lata 33cl.\"}}]}]}<\/script>\n<!-- \/ Yoast SEO plugin. -->","_links":{"self":[{"href":"https:\/\/www.comercialanma.es\/index.php?rest_route=\/wp\/v2\/product\/13498"}],"collection":[{"href":"https:\/\/www.comercialanma.es\/index.php?rest_route=\/wp\/v2\/product"}],"about":[{"href":"https:\/\/www.comercialanma.es\/index.php?rest_route=\/wp\/v2\/types\/product"}],"version-history":[{"count":1,"href":"https:\/\/www.comercialanma.es\/index.php?rest_route=\/wp\/v2\/product\/13498\/revisions"}],"predecessor-version":[{"id":13500,"href":"https:\/\/www.comercialanma.es\/index.php?rest_route=\/wp\/v2\/product\/13498\/revisions\/13500"}],"wp:featuredmedia":[{"embeddable":true,"href":"https:\/\/www.comercialanma.es\/index.php?rest_route=\/wp\/v2\/media\/13499"}],"wp:attachment":[{"href":"https:\/\/www.comercialanma.es\/index.php?rest_route=%2Fwp%2Fv2%2Fmedia&parent=13498"}],"curies":[{"name":"wp","href":"https:\/\/api.w.org\/{rel}","templated":true}]}}