
{"id":13524,"date":"2020-03-13T08:34:30","date_gmt":"2020-03-13T07:34:30","guid":{"rendered":"http:\/\/www.comercialanma.es\/?post_type=product&#038;p=13524"},"modified":"2020-03-13T08:42:00","modified_gmt":"2020-03-13T07:42:00","slug":"cerveza-coronas-33cl-n-r","status":"publish","type":"product","link":"https:\/\/www.comercialanma.es\/?product=cerveza-coronas-33cl-n-r","title":{"rendered":"Cerveza Corona 33cl. (N.R)"},"content":{"rendered":"<div class=\"grid-wrapper\">\n<div class=\"grid-l-14 grid-xs-24\">\n<div class=\"product-info-list-wrap\">\n<p>Desperados es una cerveza tipo: Pale Lager<\/p>\n<h3>Contenido<\/h3>\n<ul>\n<li>330 mililitros<\/li>\n<\/ul>\n<h3>Nota de Cata<\/h3>\n<ul>\n<li>A la vista es cristalina, presenta un tono dorado claro con espuma de color blanco poco abundante y poco persistente.<\/li>\n<li>Aromas c\u00edtricos con toques que recuerdan al lim\u00f3n. Sabors suave, fresco y ligero, con notas a a cereales, a malta. Final a l\u00fapulo.<\/li>\n<li>Suele consumirse directamente en la propia botella, a una temperatura de entre 5\u00ba y 7\u00ba, con una rodaja de lim\u00f3n metida en el cuello. 138 calor\u00edas.<\/li>\n<\/ul>\n<\/div>\n<h3>Ingredientes<\/h3>\n<ul>\n<li>Agua, Malta de Cebada, Ma\u00edz y\/o Arroz, L\u00fapulo.<\/li>\n<\/ul>\n<div class=\"product-info-list-wrap\">\n<h3>Porcentaje de alcohol<\/h3>\n<ul>\n<li>4.6 % vol.<\/li>\n<\/ul>\n<\/div>\n<\/div>\n<\/div>\n","protected":false},"excerpt":{"rendered":"<ul>\n<li>Mexico<\/li>\n<\/ul>\n<p>Cerveza mexicana muy refrescante, consumida habitualmente con una rodajita de lim\u00f3n para darle un toque a\u00fan m\u00e1s fresco. La elabora el grupo cervecero Modelo, fundada en 1925 por dos inmigrantes espa\u00f1oles: Braulio Iriarte y Martin Oyamburu. Actualmente es la cerveza originaria de M\u00e9xico m\u00e1s vendida en todo el mundo, y pertenece al grupo AB InBev. Puede encontrarse en cerca de 160 pa\u00edses. Su logo representa un sol poni\u00e9ndose en el mar, y una corona entre dos grifos, animales mitol\u00f3gicos con cuerpo de le\u00f3n y cabeza de \u00e1guila que protegen cada una de las botellas.<\/p>\n<p>&nbsp;<\/p>\n","protected":false},"featured_media":13525,"template":"","meta":{"spay_email":""},"yoast_head":"<!-- This site is optimized with the Yoast SEO plugin v15.9 - https:\/\/yoast.com\/wordpress\/plugins\/seo\/ -->\n<title>Cerveza Corona 33cl. (N.R) - Comercial de Hosteleria Anma<\/title>\n<meta name=\"robots\" content=\"index, follow, max-snippet:-1, max-image-preview:large, max-video-preview:-1\" \/>\n<link rel=\"canonical\" href=\"https:\/\/www.comercialanma.es\/?product=cerveza-coronas-33cl-n-r\" \/>\n<meta property=\"og:locale\" content=\"es_ES\" \/>\n<meta property=\"og:type\" content=\"article\" \/>\n<meta property=\"og:title\" content=\"Cerveza Corona 33cl. (N.R) - Comercial de Hosteleria Anma\" \/>\n<meta property=\"og:description\" content=\"Mexico  Cerveza mexicana muy refrescante, consumida habitualmente con una rodajita de lim\u00f3n para darle un toque a\u00fan m\u00e1s fresco. La elabora el grupo cervecero Modelo, fundada en 1925 por dos inmigrantes espa\u00f1oles: Braulio Iriarte y Martin Oyamburu. Actualmente es la cerveza originaria de M\u00e9xico m\u00e1s vendida en todo el mundo, y pertenece al grupo AB InBev. Puede encontrarse en cerca de 160 pa\u00edses. Su logo representa un sol poni\u00e9ndose en el mar, y una corona entre dos grifos, animales mitol\u00f3gicos con cuerpo de le\u00f3n y cabeza de \u00e1guila que protegen cada una de las botellas.  &nbsp;\" \/>\n<meta property=\"og:url\" content=\"https:\/\/www.comercialanma.es\/?product=cerveza-coronas-33cl-n-r\" \/>\n<meta property=\"og:site_name\" content=\"Comercial de Hosteleria Anma\" \/>\n<meta property=\"article:publisher\" content=\"https:\/\/www.facebook.com\/AnmaHosteleria\" \/>\n<meta property=\"article:modified_time\" content=\"2020-03-13T07:42:00+00:00\" \/>\n<meta property=\"og:image\" content=\"https:\/\/i2.wp.com\/www.comercialanma.es\/wp-content\/uploads\/2020\/03\/Corona.jpg?fit=1080%2C1080&#038;ssl=1\" \/>\n\t<meta property=\"og:image:width\" content=\"1080\" \/>\n\t<meta property=\"og:image:height\" content=\"1080\" \/>\n<meta name=\"twitter:card\" content=\"summary_large_image\" \/>\n<script type=\"application\/ld+json\" class=\"yoast-schema-graph\">{\"@context\":\"https:\/\/schema.org\",\"@graph\":[{\"@type\":\"Organization\",\"@id\":\"https:\/\/www.comercialanma.es\/#organization\",\"name\":\"Comercial Anma\",\"url\":\"https:\/\/www.comercialanma.es\/\",\"sameAs\":[\"https:\/\/www.facebook.com\/AnmaHosteleria\",\"https:\/\/www.instagram.com\/anmahosteleria\/?hl=es\",\"https:\/\/www.youtube.com\/channel\/UCT2nmn08Ntks0hmpZPnDgCA\"],\"logo\":{\"@type\":\"ImageObject\",\"@id\":\"https:\/\/www.comercialanma.es\/#logo\",\"inLanguage\":\"es\",\"url\":\"https:\/\/i2.wp.com\/www.comercialanma.es\/wp-content\/uploads\/2019\/06\/logo-anma-color.png?fit=247%2C101&ssl=1\",\"width\":247,\"height\":101,\"caption\":\"Comercial Anma\"},\"image\":{\"@id\":\"https:\/\/www.comercialanma.es\/#logo\"}},{\"@type\":\"WebSite\",\"@id\":\"https:\/\/www.comercialanma.es\/#website\",\"url\":\"https:\/\/www.comercialanma.es\/\",\"name\":\"Comercial de Hosteleria Anma\",\"description\":\"\",\"publisher\":{\"@id\":\"https:\/\/www.comercialanma.es\/#organization\"},\"potentialAction\":[{\"@type\":\"SearchAction\",\"target\":\"https:\/\/www.comercialanma.es\/?s={search_term_string}\",\"query-input\":\"required name=search_term_string\"}],\"inLanguage\":\"es\"},{\"@type\":\"ImageObject\",\"@id\":\"https:\/\/www.comercialanma.es\/?product=cerveza-coronas-33cl-n-r#primaryimage\",\"inLanguage\":\"es\",\"url\":\"https:\/\/i2.wp.com\/www.comercialanma.es\/wp-content\/uploads\/2020\/03\/Corona.jpg?fit=1080%2C1080&ssl=1\",\"width\":1080,\"height\":1080},{\"@type\":\"WebPage\",\"@id\":\"https:\/\/www.comercialanma.es\/?product=cerveza-coronas-33cl-n-r#webpage\",\"url\":\"https:\/\/www.comercialanma.es\/?product=cerveza-coronas-33cl-n-r\",\"name\":\"Cerveza Corona 33cl. (N.R) - Comercial de Hosteleria Anma\",\"isPartOf\":{\"@id\":\"https:\/\/www.comercialanma.es\/#website\"},\"primaryImageOfPage\":{\"@id\":\"https:\/\/www.comercialanma.es\/?product=cerveza-coronas-33cl-n-r#primaryimage\"},\"datePublished\":\"2020-03-13T07:34:30+00:00\",\"dateModified\":\"2020-03-13T07:42:00+00:00\",\"breadcrumb\":{\"@id\":\"https:\/\/www.comercialanma.es\/?product=cerveza-coronas-33cl-n-r#breadcrumb\"},\"inLanguage\":\"es\",\"potentialAction\":[{\"@type\":\"ReadAction\",\"target\":[\"https:\/\/www.comercialanma.es\/?product=cerveza-coronas-33cl-n-r\"]}]},{\"@type\":\"BreadcrumbList\",\"@id\":\"https:\/\/www.comercialanma.es\/?product=cerveza-coronas-33cl-n-r#breadcrumb\",\"itemListElement\":[{\"@type\":\"ListItem\",\"position\":1,\"item\":{\"@type\":\"WebPage\",\"@id\":\"https:\/\/www.comercialanma.es\/\",\"url\":\"https:\/\/www.comercialanma.es\/\",\"name\":\"Portada\"}},{\"@type\":\"ListItem\",\"position\":2,\"item\":{\"@type\":\"WebPage\",\"@id\":\"https:\/\/www.comercialanma.es\/?page_id=3963\",\"url\":\"https:\/\/www.comercialanma.es\/?page_id=3963\",\"name\":\"Cat\\u00e1logo de Productos\"}},{\"@type\":\"ListItem\",\"position\":3,\"item\":{\"@type\":\"WebPage\",\"@id\":\"https:\/\/www.comercialanma.es\/?product=cerveza-coronas-33cl-n-r\",\"url\":\"https:\/\/www.comercialanma.es\/?product=cerveza-coronas-33cl-n-r\",\"name\":\"Cerveza Corona 33cl. (N.R)\"}}]}]}<\/script>\n<!-- \/ Yoast SEO plugin. -->","_links":{"self":[{"href":"https:\/\/www.comercialanma.es\/index.php?rest_route=\/wp\/v2\/product\/13524"}],"collection":[{"href":"https:\/\/www.comercialanma.es\/index.php?rest_route=\/wp\/v2\/product"}],"about":[{"href":"https:\/\/www.comercialanma.es\/index.php?rest_route=\/wp\/v2\/types\/product"}],"version-history":[{"count":3,"href":"https:\/\/www.comercialanma.es\/index.php?rest_route=\/wp\/v2\/product\/13524\/revisions"}],"predecessor-version":[{"id":13528,"href":"https:\/\/www.comercialanma.es\/index.php?rest_route=\/wp\/v2\/product\/13524\/revisions\/13528"}],"wp:featuredmedia":[{"embeddable":true,"href":"https:\/\/www.comercialanma.es\/index.php?rest_route=\/wp\/v2\/media\/13525"}],"wp:attachment":[{"href":"https:\/\/www.comercialanma.es\/index.php?rest_route=%2Fwp%2Fv2%2Fmedia&parent=13524"}],"curies":[{"name":"wp","href":"https:\/\/api.w.org\/{rel}","templated":true}]}}