
{"id":13590,"date":"2020-03-13T12:41:41","date_gmt":"2020-03-13T11:41:41","guid":{"rendered":"http:\/\/www.comercialanma.es\/?post_type=product&#038;p=13590"},"modified":"2020-03-13T12:55:23","modified_gmt":"2020-03-13T11:55:23","slug":"cerveza-cruzcampo-gran-reserva-lata-33cl","status":"publish","type":"product","link":"https:\/\/www.comercialanma.es\/?product=cerveza-cruzcampo-gran-reserva-lata-33cl","title":{"rendered":"Cerveza Cruzcampo Gran Reserva Lata 33cl."},"content":{"rendered":"<div class=\"grid-wrapper\">\n<div class=\"grid-l-14 grid-xs-24\">\n<div class=\"product-info-list-wrap\">\n<p>La cerveza Cruzcampo Gran Reserva es tipo lager y estilo larger tostada.<\/p>\n<p>Est\u00e1 elaborada exclusivamente con ingredientes naturales: agua, mezcla de maltas pilsen, malta tostada, l\u00fapulos amargos y arom\u00e1ticos, estos \u00faltimos de la variedad Perle y la exclusiva levadura Cruzcampo.<\/p>\n<h3>Contenido<\/h3>\n<ul>\n<li>330 mililitros<\/li>\n<\/ul>\n<h3>Ingredientes<\/h3>\n<ul>\n<li>Agua, malta de cebada, l\u00fapulo y extracto de l\u00fapulo. este producto se elabora con malta de cebada. Contiene gluten.<\/li>\n<\/ul>\n<h3>Nota de Cata<\/h3>\n<ul>\n<li>De color ambarina claro y con espuma densa, al servirla sorprende lo agradable del aroma floral.<\/li>\n<li>Es una pena que r\u00e1pidamente se pierde, transform\u00e1ndose en otro m\u00e1s picante y menos agradable.<\/li>\n<li>Al paladar es densa y con fuerte regusto amargo.<\/li>\n<\/ul>\n<h3>Porcentaje de alcohol<\/h3>\n<\/div>\n<div class=\"product-info-list-wrap\">\n<ul>\n<li>6.4 % vol.<\/li>\n<\/ul>\n<p>&nbsp;<\/p>\n<\/div>\n<\/div>\n<\/div>\n","protected":false},"excerpt":{"rendered":"<ul>\n<li>Nacional<\/li>\n<\/ul>\n<p>Cruzcampo Gran Reserva es una cerveza de sabor intenso y cuerpo equilibrado, con un contenido alcoh\u00f3lico de 6,4% en volumen. Tan especial como su creaci\u00f3n, fruto de un largo reposo en bodega. El resultado es una cerveza refrescante con sabores c\u00edtricos y un car\u00e1cter \u00fanico.<\/p>\n<p>&nbsp;<\/p>\n","protected":false},"featured_media":13591,"template":"","meta":{"spay_email":""},"yoast_head":"<!-- This site is optimized with the Yoast SEO plugin v15.9 - https:\/\/yoast.com\/wordpress\/plugins\/seo\/ -->\n<title>Cerveza Cruzcampo Gran Reserva Lata 33cl. - Comercial de Hosteleria Anma<\/title>\n<meta name=\"robots\" content=\"index, follow, max-snippet:-1, max-image-preview:large, max-video-preview:-1\" \/>\n<link rel=\"canonical\" href=\"https:\/\/www.comercialanma.es\/?product=cerveza-cruzcampo-gran-reserva-lata-33cl\" \/>\n<meta property=\"og:locale\" content=\"es_ES\" \/>\n<meta property=\"og:type\" content=\"article\" \/>\n<meta property=\"og:title\" content=\"Cerveza Cruzcampo Gran Reserva Lata 33cl. - Comercial de Hosteleria Anma\" \/>\n<meta property=\"og:description\" content=\"Nacional  Cruzcampo Gran Reserva es una cerveza de sabor intenso y cuerpo equilibrado, con un contenido alcoh\u00f3lico de 6,4% en volumen. Tan especial como su creaci\u00f3n, fruto de un largo reposo en bodega. El resultado es una cerveza refrescante con sabores c\u00edtricos y un car\u00e1cter \u00fanico.  &nbsp;\" \/>\n<meta property=\"og:url\" content=\"https:\/\/www.comercialanma.es\/?product=cerveza-cruzcampo-gran-reserva-lata-33cl\" \/>\n<meta property=\"og:site_name\" content=\"Comercial de Hosteleria Anma\" \/>\n<meta property=\"article:publisher\" content=\"https:\/\/www.facebook.com\/AnmaHosteleria\" \/>\n<meta property=\"article:modified_time\" content=\"2020-03-13T11:55:23+00:00\" \/>\n<meta property=\"og:image\" content=\"https:\/\/i1.wp.com\/www.comercialanma.es\/wp-content\/uploads\/2020\/03\/Cruzcampo-Gran-Reserva-lata-33.jpg?fit=1080%2C1080&#038;ssl=1\" \/>\n\t<meta property=\"og:image:width\" content=\"1080\" \/>\n\t<meta property=\"og:image:height\" content=\"1080\" \/>\n<meta name=\"twitter:card\" content=\"summary_large_image\" \/>\n<meta name=\"twitter:label1\" content=\"Tiempo de lectura\">\n\t<meta name=\"twitter:data1\" content=\"1 minuto\">\n<script type=\"application\/ld+json\" class=\"yoast-schema-graph\">{\"@context\":\"https:\/\/schema.org\",\"@graph\":[{\"@type\":\"Organization\",\"@id\":\"https:\/\/www.comercialanma.es\/#organization\",\"name\":\"Comercial Anma\",\"url\":\"https:\/\/www.comercialanma.es\/\",\"sameAs\":[\"https:\/\/www.facebook.com\/AnmaHosteleria\",\"https:\/\/www.instagram.com\/anmahosteleria\/?hl=es\",\"https:\/\/www.youtube.com\/channel\/UCT2nmn08Ntks0hmpZPnDgCA\"],\"logo\":{\"@type\":\"ImageObject\",\"@id\":\"https:\/\/www.comercialanma.es\/#logo\",\"inLanguage\":\"es\",\"url\":\"https:\/\/i2.wp.com\/www.comercialanma.es\/wp-content\/uploads\/2019\/06\/logo-anma-color.png?fit=247%2C101&ssl=1\",\"width\":247,\"height\":101,\"caption\":\"Comercial Anma\"},\"image\":{\"@id\":\"https:\/\/www.comercialanma.es\/#logo\"}},{\"@type\":\"WebSite\",\"@id\":\"https:\/\/www.comercialanma.es\/#website\",\"url\":\"https:\/\/www.comercialanma.es\/\",\"name\":\"Comercial de Hosteleria Anma\",\"description\":\"\",\"publisher\":{\"@id\":\"https:\/\/www.comercialanma.es\/#organization\"},\"potentialAction\":[{\"@type\":\"SearchAction\",\"target\":\"https:\/\/www.comercialanma.es\/?s={search_term_string}\",\"query-input\":\"required name=search_term_string\"}],\"inLanguage\":\"es\"},{\"@type\":\"ImageObject\",\"@id\":\"https:\/\/www.comercialanma.es\/?product=cerveza-cruzcampo-gran-reserva-lata-33cl#primaryimage\",\"inLanguage\":\"es\",\"url\":\"https:\/\/i1.wp.com\/www.comercialanma.es\/wp-content\/uploads\/2020\/03\/Cruzcampo-Gran-Reserva-lata-33.jpg?fit=1080%2C1080&ssl=1\",\"width\":1080,\"height\":1080},{\"@type\":\"WebPage\",\"@id\":\"https:\/\/www.comercialanma.es\/?product=cerveza-cruzcampo-gran-reserva-lata-33cl#webpage\",\"url\":\"https:\/\/www.comercialanma.es\/?product=cerveza-cruzcampo-gran-reserva-lata-33cl\",\"name\":\"Cerveza Cruzcampo Gran Reserva Lata 33cl. - Comercial de Hosteleria Anma\",\"isPartOf\":{\"@id\":\"https:\/\/www.comercialanma.es\/#website\"},\"primaryImageOfPage\":{\"@id\":\"https:\/\/www.comercialanma.es\/?product=cerveza-cruzcampo-gran-reserva-lata-33cl#primaryimage\"},\"datePublished\":\"2020-03-13T11:41:41+00:00\",\"dateModified\":\"2020-03-13T11:55:23+00:00\",\"breadcrumb\":{\"@id\":\"https:\/\/www.comercialanma.es\/?product=cerveza-cruzcampo-gran-reserva-lata-33cl#breadcrumb\"},\"inLanguage\":\"es\",\"potentialAction\":[{\"@type\":\"ReadAction\",\"target\":[\"https:\/\/www.comercialanma.es\/?product=cerveza-cruzcampo-gran-reserva-lata-33cl\"]}]},{\"@type\":\"BreadcrumbList\",\"@id\":\"https:\/\/www.comercialanma.es\/?product=cerveza-cruzcampo-gran-reserva-lata-33cl#breadcrumb\",\"itemListElement\":[{\"@type\":\"ListItem\",\"position\":1,\"item\":{\"@type\":\"WebPage\",\"@id\":\"https:\/\/www.comercialanma.es\/\",\"url\":\"https:\/\/www.comercialanma.es\/\",\"name\":\"Portada\"}},{\"@type\":\"ListItem\",\"position\":2,\"item\":{\"@type\":\"WebPage\",\"@id\":\"https:\/\/www.comercialanma.es\/?page_id=3963\",\"url\":\"https:\/\/www.comercialanma.es\/?page_id=3963\",\"name\":\"Cat\\u00e1logo de Productos\"}},{\"@type\":\"ListItem\",\"position\":3,\"item\":{\"@type\":\"WebPage\",\"@id\":\"https:\/\/www.comercialanma.es\/?product=cerveza-cruzcampo-gran-reserva-lata-33cl\",\"url\":\"https:\/\/www.comercialanma.es\/?product=cerveza-cruzcampo-gran-reserva-lata-33cl\",\"name\":\"Cerveza Cruzcampo Gran Reserva Lata 33cl.\"}}]}]}<\/script>\n<!-- \/ Yoast SEO plugin. -->","_links":{"self":[{"href":"https:\/\/www.comercialanma.es\/index.php?rest_route=\/wp\/v2\/product\/13590"}],"collection":[{"href":"https:\/\/www.comercialanma.es\/index.php?rest_route=\/wp\/v2\/product"}],"about":[{"href":"https:\/\/www.comercialanma.es\/index.php?rest_route=\/wp\/v2\/types\/product"}],"version-history":[{"count":1,"href":"https:\/\/www.comercialanma.es\/index.php?rest_route=\/wp\/v2\/product\/13590\/revisions"}],"predecessor-version":[{"id":13592,"href":"https:\/\/www.comercialanma.es\/index.php?rest_route=\/wp\/v2\/product\/13590\/revisions\/13592"}],"wp:featuredmedia":[{"embeddable":true,"href":"https:\/\/www.comercialanma.es\/index.php?rest_route=\/wp\/v2\/media\/13591"}],"wp:attachment":[{"href":"https:\/\/www.comercialanma.es\/index.php?rest_route=%2Fwp%2Fv2%2Fmedia&parent=13590"}],"curies":[{"name":"wp","href":"https:\/\/api.w.org\/{rel}","templated":true}]}}