
{"id":13697,"date":"2020-03-16T11:27:27","date_gmt":"2020-03-16T10:27:27","guid":{"rendered":"http:\/\/www.comercialanma.es\/?post_type=product&#038;p=13697"},"modified":"2020-03-16T11:29:01","modified_gmt":"2020-03-16T10:29:01","slug":"cerveza-barril-montseny-ipa-20l","status":"publish","type":"product","link":"https:\/\/www.comercialanma.es\/?product=cerveza-barril-montseny-ipa-20l","title":{"rendered":"Cerveza Barril Montseny IPA 20L."},"content":{"rendered":"<div class=\"grid-wrapper\">\n<div class=\"grid-l-14 grid-xs-24\">\n<div class=\"product-info-list-wrap\">\n<p>Estilo cervecero India Pale Ale IPA. Cerveza fuerte de alta fermentaci\u00f3n, elevada graduaci\u00f3n y amargor. Es una versi\u00f3n de la Pale Ale inglesa que se exportaba a la India en la \u00e9poca colonial.<\/p>\n<h3>Contenido<\/h3>\n<ul>\n<li>20L.<\/li>\n<\/ul>\n<h3>Nota de Cata<\/h3>\n<ul>\n<li>Aromas dulces de frutas tropicales, provenientes de l\u00fapulos del nuevo mundo.<\/li>\n<li>Elevada amargura compensada por la dulzura de la malta y por el elevado grado alcoh\u00f3lico.<\/li>\n<li>Temperatura de consumo entre 4\u00ba y 8\u00baC.<\/li>\n<\/ul>\n<h3>Porcentaje de alcohol<\/h3>\n<\/div>\n<div class=\"product-info-list-wrap\">\n<ul>\n<li>6.4 % vol.<\/li>\n<\/ul>\n<h3>Amargor<\/h3>\n<ul>\n<li>48 IBU<\/li>\n<\/ul>\n<\/div>\n<\/div>\n<\/div>\n","protected":false},"excerpt":{"rendered":"<ul>\n<li>Nacional<\/li>\n<\/ul>\n<p>En el siglo XVIII durante la \u00e9poca colonial inglesa se elaboraban unas cervezas especiales con m\u00e1s alcohol y m\u00e1s l\u00fapulo de lo normal para poder ser enviadas a la India sin estropearse durante el largo viaje. Nac\u00edan as\u00ed las India Pale Ale, tambi\u00e9n llamadas IPA. Durante la revoluci\u00f3n de la cerveza artesanal en Estados Unidos se reinvent\u00f3 este estilo con las maltas y l\u00fapulos t\u00edpicos de la regi\u00f3n, creando as\u00ed las American IPA.<\/p>\n","protected":false},"featured_media":13698,"template":"","meta":{"spay_email":""},"yoast_head":"<!-- This site is optimized with the Yoast SEO plugin v15.9 - https:\/\/yoast.com\/wordpress\/plugins\/seo\/ -->\n<title>Cerveza Barril Montseny IPA 20L. - Comercial de Hosteleria Anma<\/title>\n<meta name=\"robots\" content=\"index, follow, max-snippet:-1, max-image-preview:large, max-video-preview:-1\" \/>\n<link rel=\"canonical\" href=\"https:\/\/www.comercialanma.es\/?product=cerveza-barril-montseny-ipa-20l\" \/>\n<meta property=\"og:locale\" content=\"es_ES\" \/>\n<meta property=\"og:type\" content=\"article\" \/>\n<meta property=\"og:title\" content=\"Cerveza Barril Montseny IPA 20L. - Comercial de Hosteleria Anma\" \/>\n<meta property=\"og:description\" content=\"Nacional  En el siglo XVIII durante la \u00e9poca colonial inglesa se elaboraban unas cervezas especiales con m\u00e1s alcohol y m\u00e1s l\u00fapulo de lo normal para poder ser enviadas a la India sin estropearse durante el largo viaje. Nac\u00edan as\u00ed las India Pale Ale, tambi\u00e9n llamadas IPA. Durante la revoluci\u00f3n de la cerveza artesanal en Estados Unidos se reinvent\u00f3 este estilo con las maltas y l\u00fapulos t\u00edpicos de la regi\u00f3n, creando as\u00ed las American IPA.\" \/>\n<meta property=\"og:url\" content=\"https:\/\/www.comercialanma.es\/?product=cerveza-barril-montseny-ipa-20l\" \/>\n<meta property=\"og:site_name\" content=\"Comercial de Hosteleria Anma\" \/>\n<meta property=\"article:publisher\" content=\"https:\/\/www.facebook.com\/AnmaHosteleria\" \/>\n<meta property=\"article:modified_time\" content=\"2020-03-16T10:29:01+00:00\" \/>\n<meta property=\"og:image\" content=\"https:\/\/i2.wp.com\/www.comercialanma.es\/wp-content\/uploads\/2020\/03\/Barril-Montseny-Ipa-20L.jpg?fit=1080%2C1080&#038;ssl=1\" \/>\n\t<meta property=\"og:image:width\" content=\"1080\" \/>\n\t<meta property=\"og:image:height\" content=\"1080\" \/>\n<meta name=\"twitter:card\" content=\"summary_large_image\" \/>\n<script type=\"application\/ld+json\" class=\"yoast-schema-graph\">{\"@context\":\"https:\/\/schema.org\",\"@graph\":[{\"@type\":\"Organization\",\"@id\":\"https:\/\/www.comercialanma.es\/#organization\",\"name\":\"Comercial Anma\",\"url\":\"https:\/\/www.comercialanma.es\/\",\"sameAs\":[\"https:\/\/www.facebook.com\/AnmaHosteleria\",\"https:\/\/www.instagram.com\/anmahosteleria\/?hl=es\",\"https:\/\/www.youtube.com\/channel\/UCT2nmn08Ntks0hmpZPnDgCA\"],\"logo\":{\"@type\":\"ImageObject\",\"@id\":\"https:\/\/www.comercialanma.es\/#logo\",\"inLanguage\":\"es\",\"url\":\"https:\/\/i2.wp.com\/www.comercialanma.es\/wp-content\/uploads\/2019\/06\/logo-anma-color.png?fit=247%2C101&ssl=1\",\"width\":247,\"height\":101,\"caption\":\"Comercial Anma\"},\"image\":{\"@id\":\"https:\/\/www.comercialanma.es\/#logo\"}},{\"@type\":\"WebSite\",\"@id\":\"https:\/\/www.comercialanma.es\/#website\",\"url\":\"https:\/\/www.comercialanma.es\/\",\"name\":\"Comercial de Hosteleria Anma\",\"description\":\"\",\"publisher\":{\"@id\":\"https:\/\/www.comercialanma.es\/#organization\"},\"potentialAction\":[{\"@type\":\"SearchAction\",\"target\":\"https:\/\/www.comercialanma.es\/?s={search_term_string}\",\"query-input\":\"required name=search_term_string\"}],\"inLanguage\":\"es\"},{\"@type\":\"ImageObject\",\"@id\":\"https:\/\/www.comercialanma.es\/?product=cerveza-barril-montseny-ipa-20l#primaryimage\",\"inLanguage\":\"es\",\"url\":\"https:\/\/i2.wp.com\/www.comercialanma.es\/wp-content\/uploads\/2020\/03\/Barril-Montseny-Ipa-20L.jpg?fit=1080%2C1080&ssl=1\",\"width\":1080,\"height\":1080},{\"@type\":\"WebPage\",\"@id\":\"https:\/\/www.comercialanma.es\/?product=cerveza-barril-montseny-ipa-20l#webpage\",\"url\":\"https:\/\/www.comercialanma.es\/?product=cerveza-barril-montseny-ipa-20l\",\"name\":\"Cerveza Barril Montseny IPA 20L. - Comercial de Hosteleria Anma\",\"isPartOf\":{\"@id\":\"https:\/\/www.comercialanma.es\/#website\"},\"primaryImageOfPage\":{\"@id\":\"https:\/\/www.comercialanma.es\/?product=cerveza-barril-montseny-ipa-20l#primaryimage\"},\"datePublished\":\"2020-03-16T10:27:27+00:00\",\"dateModified\":\"2020-03-16T10:29:01+00:00\",\"breadcrumb\":{\"@id\":\"https:\/\/www.comercialanma.es\/?product=cerveza-barril-montseny-ipa-20l#breadcrumb\"},\"inLanguage\":\"es\",\"potentialAction\":[{\"@type\":\"ReadAction\",\"target\":[\"https:\/\/www.comercialanma.es\/?product=cerveza-barril-montseny-ipa-20l\"]}]},{\"@type\":\"BreadcrumbList\",\"@id\":\"https:\/\/www.comercialanma.es\/?product=cerveza-barril-montseny-ipa-20l#breadcrumb\",\"itemListElement\":[{\"@type\":\"ListItem\",\"position\":1,\"item\":{\"@type\":\"WebPage\",\"@id\":\"https:\/\/www.comercialanma.es\/\",\"url\":\"https:\/\/www.comercialanma.es\/\",\"name\":\"Portada\"}},{\"@type\":\"ListItem\",\"position\":2,\"item\":{\"@type\":\"WebPage\",\"@id\":\"https:\/\/www.comercialanma.es\/?page_id=3963\",\"url\":\"https:\/\/www.comercialanma.es\/?page_id=3963\",\"name\":\"Cat\\u00e1logo de Productos\"}},{\"@type\":\"ListItem\",\"position\":3,\"item\":{\"@type\":\"WebPage\",\"@id\":\"https:\/\/www.comercialanma.es\/?product=cerveza-barril-montseny-ipa-20l\",\"url\":\"https:\/\/www.comercialanma.es\/?product=cerveza-barril-montseny-ipa-20l\",\"name\":\"Cerveza Barril Montseny IPA 20L.\"}}]}]}<\/script>\n<!-- \/ Yoast SEO plugin. -->","_links":{"self":[{"href":"https:\/\/www.comercialanma.es\/index.php?rest_route=\/wp\/v2\/product\/13697"}],"collection":[{"href":"https:\/\/www.comercialanma.es\/index.php?rest_route=\/wp\/v2\/product"}],"about":[{"href":"https:\/\/www.comercialanma.es\/index.php?rest_route=\/wp\/v2\/types\/product"}],"version-history":[{"count":1,"href":"https:\/\/www.comercialanma.es\/index.php?rest_route=\/wp\/v2\/product\/13697\/revisions"}],"predecessor-version":[{"id":13699,"href":"https:\/\/www.comercialanma.es\/index.php?rest_route=\/wp\/v2\/product\/13697\/revisions\/13699"}],"wp:featuredmedia":[{"embeddable":true,"href":"https:\/\/www.comercialanma.es\/index.php?rest_route=\/wp\/v2\/media\/13698"}],"wp:attachment":[{"href":"https:\/\/www.comercialanma.es\/index.php?rest_route=%2Fwp%2Fv2%2Fmedia&parent=13697"}],"curies":[{"name":"wp","href":"https:\/\/api.w.org\/{rel}","templated":true}]}}