
{"id":13734,"date":"2020-03-16T16:59:20","date_gmt":"2020-03-16T15:59:20","guid":{"rendered":"http:\/\/www.comercialanma.es\/?post_type=product&#038;p=13734"},"modified":"2021-06-29T09:00:46","modified_gmt":"2021-06-29T07:00:46","slug":"coca-cola-zero-lata-33cl","status":"publish","type":"product","link":"https:\/\/www.comercialanma.es\/?product=coca-cola-zero-lata-33cl","title":{"rendered":"Coca-cola Zero Lata Nacional 33cl."},"content":{"rendered":"<div class=\"grid-wrapper\">\n<div class=\"grid-l-14 grid-xs-24\">\n<div class=\"product-info-list-wrap\">\n<h3>Contenido<\/h3>\n<ul>\n<li>200 milil\u00edtros<\/li>\n<\/ul>\n<\/div>\n<h3>Ingredientes<\/h3>\n<ul>\n<li>\n<p class=\"info-txt\">Agua carbonatada, colorante e-150d, edulcorantes: ciclamato s\u00f3dico, acesulfamo k y aspartamo, acidulante \u00e1cido fosf\u00f3rico, aromas naturales (incluyendo cafe\u00edna) y corrector de acidez citrato s\u00f3dico. contiene una fuente de fenilalanina.<\/p>\n<\/li>\n<\/ul>\n<\/div>\n<\/div>\n","protected":false},"excerpt":{"rendered":"<p>Seguramente, alguna vez has so\u00f1ado con una bebida de delicioso sabor, sin tener que preocuparte por el contenido en az\u00facar o calor\u00edas. Coca-Cola Zero Az\u00facar, es la bebida que siempre has estado esperando.<\/p>\n","protected":false},"featured_media":13735,"template":"","meta":{"spay_email":""},"yoast_head":"<!-- This site is optimized with the Yoast SEO plugin v15.9 - https:\/\/yoast.com\/wordpress\/plugins\/seo\/ -->\n<title>Coca-cola Zero Lata Nacional 33cl. - Comercial de Hosteleria Anma<\/title>\n<meta name=\"robots\" content=\"index, follow, max-snippet:-1, max-image-preview:large, max-video-preview:-1\" \/>\n<link rel=\"canonical\" href=\"https:\/\/www.comercialanma.es\/?product=coca-cola-zero-lata-33cl\" \/>\n<meta property=\"og:locale\" content=\"es_ES\" \/>\n<meta property=\"og:type\" content=\"article\" \/>\n<meta property=\"og:title\" content=\"Coca-cola Zero Lata Nacional 33cl. - Comercial de Hosteleria Anma\" \/>\n<meta property=\"og:description\" content=\"Seguramente, alguna vez has so\u00f1ado con una bebida de delicioso sabor, sin tener que preocuparte por el contenido en az\u00facar o calor\u00edas. Coca-Cola Zero Az\u00facar, es la bebida que siempre has estado esperando.\" \/>\n<meta property=\"og:url\" content=\"https:\/\/www.comercialanma.es\/?product=coca-cola-zero-lata-33cl\" \/>\n<meta property=\"og:site_name\" content=\"Comercial de Hosteleria Anma\" \/>\n<meta property=\"article:publisher\" content=\"https:\/\/www.facebook.com\/AnmaHosteleria\" \/>\n<meta property=\"article:modified_time\" content=\"2021-06-29T07:00:46+00:00\" \/>\n<meta property=\"og:image\" content=\"https:\/\/i2.wp.com\/www.comercialanma.es\/wp-content\/uploads\/2020\/03\/Coca-cola-zero-lata-33.jpg?fit=1080%2C1080&#038;ssl=1\" \/>\n\t<meta property=\"og:image:width\" content=\"1080\" \/>\n\t<meta property=\"og:image:height\" content=\"1080\" \/>\n<meta name=\"twitter:card\" content=\"summary_large_image\" \/>\n<script type=\"application\/ld+json\" class=\"yoast-schema-graph\">{\"@context\":\"https:\/\/schema.org\",\"@graph\":[{\"@type\":\"Organization\",\"@id\":\"https:\/\/www.comercialanma.es\/#organization\",\"name\":\"Comercial Anma\",\"url\":\"https:\/\/www.comercialanma.es\/\",\"sameAs\":[\"https:\/\/www.facebook.com\/AnmaHosteleria\",\"https:\/\/www.instagram.com\/anmahosteleria\/?hl=es\",\"https:\/\/www.youtube.com\/channel\/UCT2nmn08Ntks0hmpZPnDgCA\"],\"logo\":{\"@type\":\"ImageObject\",\"@id\":\"https:\/\/www.comercialanma.es\/#logo\",\"inLanguage\":\"es\",\"url\":\"https:\/\/i2.wp.com\/www.comercialanma.es\/wp-content\/uploads\/2019\/06\/logo-anma-color.png?fit=247%2C101&ssl=1\",\"width\":247,\"height\":101,\"caption\":\"Comercial Anma\"},\"image\":{\"@id\":\"https:\/\/www.comercialanma.es\/#logo\"}},{\"@type\":\"WebSite\",\"@id\":\"https:\/\/www.comercialanma.es\/#website\",\"url\":\"https:\/\/www.comercialanma.es\/\",\"name\":\"Comercial de Hosteleria Anma\",\"description\":\"\",\"publisher\":{\"@id\":\"https:\/\/www.comercialanma.es\/#organization\"},\"potentialAction\":[{\"@type\":\"SearchAction\",\"target\":\"https:\/\/www.comercialanma.es\/?s={search_term_string}\",\"query-input\":\"required name=search_term_string\"}],\"inLanguage\":\"es\"},{\"@type\":\"ImageObject\",\"@id\":\"https:\/\/www.comercialanma.es\/?product=coca-cola-zero-lata-33cl#primaryimage\",\"inLanguage\":\"es\",\"url\":\"https:\/\/i2.wp.com\/www.comercialanma.es\/wp-content\/uploads\/2020\/03\/Coca-cola-zero-lata-33.jpg?fit=1080%2C1080&ssl=1\",\"width\":1080,\"height\":1080},{\"@type\":\"WebPage\",\"@id\":\"https:\/\/www.comercialanma.es\/?product=coca-cola-zero-lata-33cl#webpage\",\"url\":\"https:\/\/www.comercialanma.es\/?product=coca-cola-zero-lata-33cl\",\"name\":\"Coca-cola Zero Lata Nacional 33cl. - Comercial de Hosteleria Anma\",\"isPartOf\":{\"@id\":\"https:\/\/www.comercialanma.es\/#website\"},\"primaryImageOfPage\":{\"@id\":\"https:\/\/www.comercialanma.es\/?product=coca-cola-zero-lata-33cl#primaryimage\"},\"datePublished\":\"2020-03-16T15:59:20+00:00\",\"dateModified\":\"2021-06-29T07:00:46+00:00\",\"breadcrumb\":{\"@id\":\"https:\/\/www.comercialanma.es\/?product=coca-cola-zero-lata-33cl#breadcrumb\"},\"inLanguage\":\"es\",\"potentialAction\":[{\"@type\":\"ReadAction\",\"target\":[\"https:\/\/www.comercialanma.es\/?product=coca-cola-zero-lata-33cl\"]}]},{\"@type\":\"BreadcrumbList\",\"@id\":\"https:\/\/www.comercialanma.es\/?product=coca-cola-zero-lata-33cl#breadcrumb\",\"itemListElement\":[{\"@type\":\"ListItem\",\"position\":1,\"item\":{\"@type\":\"WebPage\",\"@id\":\"https:\/\/www.comercialanma.es\/\",\"url\":\"https:\/\/www.comercialanma.es\/\",\"name\":\"Portada\"}},{\"@type\":\"ListItem\",\"position\":2,\"item\":{\"@type\":\"WebPage\",\"@id\":\"https:\/\/www.comercialanma.es\/?page_id=3963\",\"url\":\"https:\/\/www.comercialanma.es\/?page_id=3963\",\"name\":\"Cat\\u00e1logo de Productos\"}},{\"@type\":\"ListItem\",\"position\":3,\"item\":{\"@type\":\"WebPage\",\"@id\":\"https:\/\/www.comercialanma.es\/?product=coca-cola-zero-lata-33cl\",\"url\":\"https:\/\/www.comercialanma.es\/?product=coca-cola-zero-lata-33cl\",\"name\":\"Coca-cola Zero Lata Nacional 33cl.\"}}]}]}<\/script>\n<!-- \/ Yoast SEO plugin. -->","_links":{"self":[{"href":"https:\/\/www.comercialanma.es\/index.php?rest_route=\/wp\/v2\/product\/13734"}],"collection":[{"href":"https:\/\/www.comercialanma.es\/index.php?rest_route=\/wp\/v2\/product"}],"about":[{"href":"https:\/\/www.comercialanma.es\/index.php?rest_route=\/wp\/v2\/types\/product"}],"version-history":[{"count":2,"href":"https:\/\/www.comercialanma.es\/index.php?rest_route=\/wp\/v2\/product\/13734\/revisions"}],"predecessor-version":[{"id":13737,"href":"https:\/\/www.comercialanma.es\/index.php?rest_route=\/wp\/v2\/product\/13734\/revisions\/13737"}],"wp:featuredmedia":[{"embeddable":true,"href":"https:\/\/www.comercialanma.es\/index.php?rest_route=\/wp\/v2\/media\/13735"}],"wp:attachment":[{"href":"https:\/\/www.comercialanma.es\/index.php?rest_route=%2Fwp%2Fv2%2Fmedia&parent=13734"}],"curies":[{"name":"wp","href":"https:\/\/api.w.org\/{rel}","templated":true}]}}