
{"id":13771,"date":"2020-09-25T11:19:38","date_gmt":"2020-09-25T09:19:38","guid":{"rendered":"http:\/\/www.comercialanma.es\/?post_type=product&#038;p=13771"},"modified":"2020-09-25T11:49:26","modified_gmt":"2020-09-25T09:49:26","slug":"vino-ysios-los-prados-75cl","status":"publish","type":"product","link":"https:\/\/www.comercialanma.es\/?product=vino-ysios-los-prados-75cl","title":{"rendered":"Vino Ysios Los Prados 75cl."},"content":{"rendered":"<h3>D.O.:<\/h3>\n<ul>\n<li>Rioja<\/li>\n<\/ul>\n<h3>Variedades de uva:<\/h3>\n<ul>\n<li><span class=\"tlid-translation translation\" lang=\"es\"><span title=\"\">Tempranillo.<br \/>\n<\/span><\/span><\/li>\n<\/ul>\n<h3>Graduaci\u00f3n:<\/h3>\n<ul>\n<li>Graduaci\u00f3n: 13,5% vol.<\/li>\n<\/ul>\n<h3>Nota de cata:<\/h3>\n<ul>\n<li>Ysios Los Prados es de color rojo con ribete violeta.<\/li>\n<li>En nariz recuerdos intensos de fruta negra, ciruela, grosela, regaliz y notas de tiza. Finas especias y notas minerales.<\/li>\n<li>Es un vino con estructura y frescor. Firme, serio y honesto con alguna de reduccion, suave tostado y recuerdos de fruta negra. Extraordinario en estos momentos, con la harmonia y concentraci\u00f3n para envejecer muy bien.<\/li>\n<\/ul>\n","protected":false},"excerpt":{"rendered":"<div id=\"short_description_content\">\n<p>Ysios Los\u00a0Prados\u00a0es un vino tinto D.O.C Rioja elaborado por\u00a0Bodegas Ysios\u00a0con la variedad Tempranillo.<\/p>\n<p>Esta nueva edici\u00f3n de Ysios\u00a0proviene de una\u00a0parcela de 5,1 hect\u00e1reas planta en el a\u00f1o 1982 en un poblado a los pies de la Sierra Cantabria, Laguardia, situado a 630 metros de altitud. En esta parcela\u00a0\u00a0las condiciones de cultivo son m\u00e1s extremas debido a los Fuertes vientos y bajas temperaturas.<\/p>\n<p>Se vendimia manualmente en cajas de 10 kilos para luego pasar a una fermentaci\u00f3n en dep\u00f3sitos de acero inoxidables a temperatura controlada. Maceraci\u00f3n post-fermentaci\u00f3n de 7 dias.<\/p>\n<p>Ysios Los Prados\u00a0se envejece en barrica francesa tanto nueva como usada durante 12 meses.<\/p>\n<\/div>\n","protected":false},"featured_media":13772,"template":"","meta":{"spay_email":""},"yoast_head":"<!-- This site is optimized with the Yoast SEO plugin v15.9 - https:\/\/yoast.com\/wordpress\/plugins\/seo\/ -->\n<title>Vino Ysios Los Prados 75cl. - Comercial de Hosteleria Anma<\/title>\n<meta name=\"robots\" content=\"index, follow, max-snippet:-1, max-image-preview:large, max-video-preview:-1\" \/>\n<link rel=\"canonical\" href=\"https:\/\/www.comercialanma.es\/?product=vino-ysios-los-prados-75cl\" \/>\n<meta property=\"og:locale\" content=\"es_ES\" \/>\n<meta property=\"og:type\" content=\"article\" \/>\n<meta property=\"og:title\" content=\"Vino Ysios Los Prados 75cl. - Comercial de Hosteleria Anma\" \/>\n<meta property=\"og:description\" content=\"Ysios Los\u00a0Prados\u00a0es un vino tinto D.O.C Rioja elaborado por\u00a0Bodegas Ysios\u00a0con la variedad Tempranillo.  Esta nueva edici\u00f3n de Ysios\u00a0proviene de una\u00a0parcela de 5,1 hect\u00e1reas planta en el a\u00f1o 1982 en un poblado a los pies de la Sierra Cantabria, Laguardia, situado a 630 metros de altitud. En esta parcela\u00a0\u00a0las condiciones de cultivo son m\u00e1s extremas debido a los Fuertes vientos y bajas temperaturas.  Se vendimia manualmente en cajas de 10 kilos para luego pasar a una fermentaci\u00f3n en dep\u00f3sitos de acero inoxidables a temperatura controlada. Maceraci\u00f3n post-fermentaci\u00f3n de 7 dias.  Ysios Los Prados\u00a0se envejece en barrica francesa tanto nueva como usada durante 12 meses.\" \/>\n<meta property=\"og:url\" content=\"https:\/\/www.comercialanma.es\/?product=vino-ysios-los-prados-75cl\" \/>\n<meta property=\"og:site_name\" content=\"Comercial de Hosteleria Anma\" \/>\n<meta property=\"article:publisher\" content=\"https:\/\/www.facebook.com\/AnmaHosteleria\" \/>\n<meta property=\"article:modified_time\" content=\"2020-09-25T09:49:26+00:00\" \/>\n<meta property=\"og:image\" content=\"https:\/\/i2.wp.com\/www.comercialanma.es\/wp-content\/uploads\/2020\/09\/Ysios-Los-Prados.jpg?fit=1080%2C1080&#038;ssl=1\" \/>\n\t<meta property=\"og:image:width\" content=\"1080\" \/>\n\t<meta property=\"og:image:height\" content=\"1080\" \/>\n<meta name=\"twitter:card\" content=\"summary_large_image\" \/>\n<script type=\"application\/ld+json\" class=\"yoast-schema-graph\">{\"@context\":\"https:\/\/schema.org\",\"@graph\":[{\"@type\":\"Organization\",\"@id\":\"https:\/\/www.comercialanma.es\/#organization\",\"name\":\"Comercial Anma\",\"url\":\"https:\/\/www.comercialanma.es\/\",\"sameAs\":[\"https:\/\/www.facebook.com\/AnmaHosteleria\",\"https:\/\/www.instagram.com\/anmahosteleria\/?hl=es\",\"https:\/\/www.youtube.com\/channel\/UCT2nmn08Ntks0hmpZPnDgCA\"],\"logo\":{\"@type\":\"ImageObject\",\"@id\":\"https:\/\/www.comercialanma.es\/#logo\",\"inLanguage\":\"es\",\"url\":\"https:\/\/i2.wp.com\/www.comercialanma.es\/wp-content\/uploads\/2019\/06\/logo-anma-color.png?fit=247%2C101&ssl=1\",\"width\":247,\"height\":101,\"caption\":\"Comercial Anma\"},\"image\":{\"@id\":\"https:\/\/www.comercialanma.es\/#logo\"}},{\"@type\":\"WebSite\",\"@id\":\"https:\/\/www.comercialanma.es\/#website\",\"url\":\"https:\/\/www.comercialanma.es\/\",\"name\":\"Comercial de Hosteleria Anma\",\"description\":\"\",\"publisher\":{\"@id\":\"https:\/\/www.comercialanma.es\/#organization\"},\"potentialAction\":[{\"@type\":\"SearchAction\",\"target\":\"https:\/\/www.comercialanma.es\/?s={search_term_string}\",\"query-input\":\"required name=search_term_string\"}],\"inLanguage\":\"es\"},{\"@type\":\"ImageObject\",\"@id\":\"https:\/\/www.comercialanma.es\/?product=vino-ysios-los-prados-75cl#primaryimage\",\"inLanguage\":\"es\",\"url\":\"https:\/\/i2.wp.com\/www.comercialanma.es\/wp-content\/uploads\/2020\/09\/Ysios-Los-Prados.jpg?fit=1080%2C1080&ssl=1\",\"width\":1080,\"height\":1080},{\"@type\":\"WebPage\",\"@id\":\"https:\/\/www.comercialanma.es\/?product=vino-ysios-los-prados-75cl#webpage\",\"url\":\"https:\/\/www.comercialanma.es\/?product=vino-ysios-los-prados-75cl\",\"name\":\"Vino Ysios Los Prados 75cl. - Comercial de Hosteleria Anma\",\"isPartOf\":{\"@id\":\"https:\/\/www.comercialanma.es\/#website\"},\"primaryImageOfPage\":{\"@id\":\"https:\/\/www.comercialanma.es\/?product=vino-ysios-los-prados-75cl#primaryimage\"},\"datePublished\":\"2020-09-25T09:19:38+00:00\",\"dateModified\":\"2020-09-25T09:49:26+00:00\",\"breadcrumb\":{\"@id\":\"https:\/\/www.comercialanma.es\/?product=vino-ysios-los-prados-75cl#breadcrumb\"},\"inLanguage\":\"es\",\"potentialAction\":[{\"@type\":\"ReadAction\",\"target\":[\"https:\/\/www.comercialanma.es\/?product=vino-ysios-los-prados-75cl\"]}]},{\"@type\":\"BreadcrumbList\",\"@id\":\"https:\/\/www.comercialanma.es\/?product=vino-ysios-los-prados-75cl#breadcrumb\",\"itemListElement\":[{\"@type\":\"ListItem\",\"position\":1,\"item\":{\"@type\":\"WebPage\",\"@id\":\"https:\/\/www.comercialanma.es\/\",\"url\":\"https:\/\/www.comercialanma.es\/\",\"name\":\"Portada\"}},{\"@type\":\"ListItem\",\"position\":2,\"item\":{\"@type\":\"WebPage\",\"@id\":\"https:\/\/www.comercialanma.es\/?page_id=3963\",\"url\":\"https:\/\/www.comercialanma.es\/?page_id=3963\",\"name\":\"Cat\\u00e1logo de Productos\"}},{\"@type\":\"ListItem\",\"position\":3,\"item\":{\"@type\":\"WebPage\",\"@id\":\"https:\/\/www.comercialanma.es\/?product=vino-ysios-los-prados-75cl\",\"url\":\"https:\/\/www.comercialanma.es\/?product=vino-ysios-los-prados-75cl\",\"name\":\"Vino Ysios Los Prados 75cl.\"}}]}]}<\/script>\n<!-- \/ Yoast SEO plugin. -->","_links":{"self":[{"href":"https:\/\/www.comercialanma.es\/index.php?rest_route=\/wp\/v2\/product\/13771"}],"collection":[{"href":"https:\/\/www.comercialanma.es\/index.php?rest_route=\/wp\/v2\/product"}],"about":[{"href":"https:\/\/www.comercialanma.es\/index.php?rest_route=\/wp\/v2\/types\/product"}],"version-history":[{"count":1,"href":"https:\/\/www.comercialanma.es\/index.php?rest_route=\/wp\/v2\/product\/13771\/revisions"}],"predecessor-version":[{"id":13773,"href":"https:\/\/www.comercialanma.es\/index.php?rest_route=\/wp\/v2\/product\/13771\/revisions\/13773"}],"wp:featuredmedia":[{"embeddable":true,"href":"https:\/\/www.comercialanma.es\/index.php?rest_route=\/wp\/v2\/media\/13772"}],"wp:attachment":[{"href":"https:\/\/www.comercialanma.es\/index.php?rest_route=%2Fwp%2Fv2%2Fmedia&parent=13771"}],"curies":[{"name":"wp","href":"https:\/\/api.w.org\/{rel}","templated":true}]}}