
{"id":14081,"date":"2020-11-09T10:42:37","date_gmt":"2020-11-09T09:42:37","guid":{"rendered":"https:\/\/www.comercialanma.es\/?post_type=product&#038;p=14081"},"modified":"2020-11-09T11:11:48","modified_gmt":"2020-11-09T10:11:48","slug":"aceite-vegetal-100-magnum-millas-25l","status":"publish","type":"product","link":"https:\/\/www.comercialanma.es\/?product=aceite-vegetal-100-magnum-millas-25l","title":{"rendered":"Aceite Vegetal 100% Magnum Mill\u00e1s 25L."},"content":{"rendered":"","protected":false},"excerpt":{"rendered":"<div>\n<p>Aceite totalmente l\u00edquido a temperatura ambiente, lo cual evita tener que calentarlo previamente, ahorrando as\u00ed energ\u00eda y tiempo.<\/p>\n<p>Tiene mayor temperatura de fritura, como consecuencia, cumple perfectamente su funci\u00f3n creando en los alimentos aquella costra dorada atractiva, sin que el aceite penetre en el interior de los mismos. Esto, a su vez, produce dos efectos positivos: por un lado, las frituras resultan m\u00e1s sanas, y por otro, reduce el gasto de aceite, lo cual redunda en la rentabilidad del producto.<\/p>\n<p>No altera sabores espec\u00edficos de los productos al fre\u00edr y no produce olores extra\u00f1os como ocurre en otros aceites del mercado.<\/p>\n<\/div>\n","protected":false},"featured_media":14082,"template":"","meta":{"spay_email":""},"yoast_head":"<!-- This site is optimized with the Yoast SEO plugin v15.9 - https:\/\/yoast.com\/wordpress\/plugins\/seo\/ -->\n<title>Aceite Vegetal 100% Magnum Mill\u00e1s 25L. - Comercial de Hosteleria Anma<\/title>\n<meta name=\"robots\" content=\"index, follow, max-snippet:-1, max-image-preview:large, max-video-preview:-1\" \/>\n<link rel=\"canonical\" href=\"https:\/\/www.comercialanma.es\/?product=aceite-vegetal-100-magnum-millas-25l\" \/>\n<meta property=\"og:locale\" content=\"es_ES\" \/>\n<meta property=\"og:type\" content=\"article\" \/>\n<meta property=\"og:title\" content=\"Aceite Vegetal 100% Magnum Mill\u00e1s 25L. - Comercial de Hosteleria Anma\" \/>\n<meta property=\"og:description\" content=\"Aceite totalmente l\u00edquido a temperatura ambiente, lo cual evita tener que calentarlo previamente, ahorrando as\u00ed energ\u00eda y tiempo.  Tiene mayor temperatura de fritura, como consecuencia, cumple perfectamente su funci\u00f3n creando en los alimentos aquella costra dorada atractiva, sin que el aceite penetre en el interior de los mismos. Esto, a su vez, produce dos efectos positivos: por un lado, las frituras resultan m\u00e1s sanas, y por otro, reduce el gasto de aceite, lo cual redunda en la rentabilidad del producto.  No altera sabores espec\u00edficos de los productos al fre\u00edr y no produce olores extra\u00f1os como ocurre en otros aceites del mercado.\" \/>\n<meta property=\"og:url\" content=\"https:\/\/www.comercialanma.es\/?product=aceite-vegetal-100-magnum-millas-25l\" \/>\n<meta property=\"og:site_name\" content=\"Comercial de Hosteleria Anma\" \/>\n<meta property=\"article:publisher\" content=\"https:\/\/www.facebook.com\/AnmaHosteleria\" \/>\n<meta property=\"article:modified_time\" content=\"2020-11-09T10:11:48+00:00\" \/>\n<meta property=\"og:image\" content=\"https:\/\/i2.wp.com\/www.comercialanma.es\/wp-content\/uploads\/2020\/11\/Aceite-Magnum-vegetal-Millas-25l..jpg?fit=1080%2C1080&#038;ssl=1\" \/>\n\t<meta property=\"og:image:width\" content=\"1080\" \/>\n\t<meta property=\"og:image:height\" content=\"1080\" \/>\n<meta name=\"twitter:card\" content=\"summary_large_image\" \/>\n<script type=\"application\/ld+json\" class=\"yoast-schema-graph\">{\"@context\":\"https:\/\/schema.org\",\"@graph\":[{\"@type\":\"Organization\",\"@id\":\"https:\/\/www.comercialanma.es\/#organization\",\"name\":\"Comercial Anma\",\"url\":\"https:\/\/www.comercialanma.es\/\",\"sameAs\":[\"https:\/\/www.facebook.com\/AnmaHosteleria\",\"https:\/\/www.instagram.com\/anmahosteleria\/?hl=es\",\"https:\/\/www.youtube.com\/channel\/UCT2nmn08Ntks0hmpZPnDgCA\"],\"logo\":{\"@type\":\"ImageObject\",\"@id\":\"https:\/\/www.comercialanma.es\/#logo\",\"inLanguage\":\"es\",\"url\":\"https:\/\/i2.wp.com\/www.comercialanma.es\/wp-content\/uploads\/2019\/06\/logo-anma-color.png?fit=247%2C101&ssl=1\",\"width\":247,\"height\":101,\"caption\":\"Comercial Anma\"},\"image\":{\"@id\":\"https:\/\/www.comercialanma.es\/#logo\"}},{\"@type\":\"WebSite\",\"@id\":\"https:\/\/www.comercialanma.es\/#website\",\"url\":\"https:\/\/www.comercialanma.es\/\",\"name\":\"Comercial de Hosteleria Anma\",\"description\":\"\",\"publisher\":{\"@id\":\"https:\/\/www.comercialanma.es\/#organization\"},\"potentialAction\":[{\"@type\":\"SearchAction\",\"target\":\"https:\/\/www.comercialanma.es\/?s={search_term_string}\",\"query-input\":\"required name=search_term_string\"}],\"inLanguage\":\"es\"},{\"@type\":\"ImageObject\",\"@id\":\"https:\/\/www.comercialanma.es\/?product=aceite-vegetal-100-magnum-millas-25l#primaryimage\",\"inLanguage\":\"es\",\"url\":\"https:\/\/i2.wp.com\/www.comercialanma.es\/wp-content\/uploads\/2020\/11\/Aceite-Magnum-vegetal-Millas-25l..jpg?fit=1080%2C1080&ssl=1\",\"width\":1080,\"height\":1080},{\"@type\":\"WebPage\",\"@id\":\"https:\/\/www.comercialanma.es\/?product=aceite-vegetal-100-magnum-millas-25l#webpage\",\"url\":\"https:\/\/www.comercialanma.es\/?product=aceite-vegetal-100-magnum-millas-25l\",\"name\":\"Aceite Vegetal 100% Magnum Mill\\u00e1s 25L. - Comercial de Hosteleria Anma\",\"isPartOf\":{\"@id\":\"https:\/\/www.comercialanma.es\/#website\"},\"primaryImageOfPage\":{\"@id\":\"https:\/\/www.comercialanma.es\/?product=aceite-vegetal-100-magnum-millas-25l#primaryimage\"},\"datePublished\":\"2020-11-09T09:42:37+00:00\",\"dateModified\":\"2020-11-09T10:11:48+00:00\",\"breadcrumb\":{\"@id\":\"https:\/\/www.comercialanma.es\/?product=aceite-vegetal-100-magnum-millas-25l#breadcrumb\"},\"inLanguage\":\"es\",\"potentialAction\":[{\"@type\":\"ReadAction\",\"target\":[\"https:\/\/www.comercialanma.es\/?product=aceite-vegetal-100-magnum-millas-25l\"]}]},{\"@type\":\"BreadcrumbList\",\"@id\":\"https:\/\/www.comercialanma.es\/?product=aceite-vegetal-100-magnum-millas-25l#breadcrumb\",\"itemListElement\":[{\"@type\":\"ListItem\",\"position\":1,\"item\":{\"@type\":\"WebPage\",\"@id\":\"https:\/\/www.comercialanma.es\/\",\"url\":\"https:\/\/www.comercialanma.es\/\",\"name\":\"Portada\"}},{\"@type\":\"ListItem\",\"position\":2,\"item\":{\"@type\":\"WebPage\",\"@id\":\"https:\/\/www.comercialanma.es\/?page_id=3963\",\"url\":\"https:\/\/www.comercialanma.es\/?page_id=3963\",\"name\":\"Cat\\u00e1logo de Productos\"}},{\"@type\":\"ListItem\",\"position\":3,\"item\":{\"@type\":\"WebPage\",\"@id\":\"https:\/\/www.comercialanma.es\/?product=aceite-vegetal-100-magnum-millas-25l\",\"url\":\"https:\/\/www.comercialanma.es\/?product=aceite-vegetal-100-magnum-millas-25l\",\"name\":\"Aceite Vegetal 100% Magnum Mill\\u00e1s 25L.\"}}]}]}<\/script>\n<!-- \/ Yoast SEO plugin. -->","_links":{"self":[{"href":"https:\/\/www.comercialanma.es\/index.php?rest_route=\/wp\/v2\/product\/14081"}],"collection":[{"href":"https:\/\/www.comercialanma.es\/index.php?rest_route=\/wp\/v2\/product"}],"about":[{"href":"https:\/\/www.comercialanma.es\/index.php?rest_route=\/wp\/v2\/types\/product"}],"version-history":[{"count":1,"href":"https:\/\/www.comercialanma.es\/index.php?rest_route=\/wp\/v2\/product\/14081\/revisions"}],"predecessor-version":[{"id":14083,"href":"https:\/\/www.comercialanma.es\/index.php?rest_route=\/wp\/v2\/product\/14081\/revisions\/14083"}],"wp:featuredmedia":[{"embeddable":true,"href":"https:\/\/www.comercialanma.es\/index.php?rest_route=\/wp\/v2\/media\/14082"}],"wp:attachment":[{"href":"https:\/\/www.comercialanma.es\/index.php?rest_route=%2Fwp%2Fv2%2Fmedia&parent=14081"}],"curies":[{"name":"wp","href":"https:\/\/api.w.org\/{rel}","templated":true}]}}