
{"id":14099,"date":"2020-11-09T11:26:37","date_gmt":"2020-11-09T10:26:37","guid":{"rendered":"https:\/\/www.comercialanma.es\/?post_type=product&#038;p=14099"},"modified":"2020-11-09T11:30:08","modified_gmt":"2020-11-09T10:30:08","slug":"aceite-oliva-virgen-extra-urzante-1l","status":"publish","type":"product","link":"https:\/\/www.comercialanma.es\/?product=aceite-oliva-virgen-extra-urzante-1l","title":{"rendered":"Aceite Oliva Virgen Extra Urzante 1L."},"content":{"rendered":"<div class=\"et_pb_tab_content\">\n<p class=\"p1\"><span class=\"s1\"><strong>ACEITE DE OLIVA VIRGEN \/ SABOR DE ANTA\u00d1O<\/strong><\/span><\/p>\n<p class=\"p2\"><span class=\"s1\">\u00bfCrees que tus platos necesitan un toque de sabor tradicional, como el de siempre? El Aceite de Oliva Virgen \u201cSabor de Anta\u00f1o\u201d pondr\u00e1 ese toque de tradici\u00f3n a tus platos. E<\/span>l Aceite de Oliva Virgen Urzante \u201cSabor de Anta\u00f1o\u201d es un aceite procedente de olivas recogidas con esmero y extrayendo su jugo en fr\u00edo, s\u00f3lo mediante procedimientos mec\u00e1nicos. Aceite de Oliva Virgen Urzante \u201cSabor de Anta\u00f1o\u201d, el toque de tradici\u00f3n en tu cocina.<\/p>\n<p class=\"p2\"><strong><span class=\"s1\">PRINCIPALES CARACTER\u00cdSTICAS<\/span><\/strong><\/p>\n<p class=\"p2\"><span class=\"s1\">Es obtenido directamente de aceitunas mediante procedimientos mec\u00e1nicos. Aceite de oliva virgen, que contiene los antioxidantes y vitaminas que aportan las aceitunas.<\/span><\/p>\n<p class=\"p2\"><strong><span class=\"s1\">USOS RECOMENDADOS<\/span><\/strong><\/p>\n<p class=\"p2\"><span class=\"s1\">Ali\u00f1os, saltear, cocinar a fuego lento.<\/span><\/p>\n<p>Precio Caja de 15 Unidades de 1L.<\/p>\n<p>Otros formatos y envases, consultar disponibilidad.<\/p>\n<\/div>\n","protected":false},"excerpt":{"rendered":"<div>\n<div>\n<div>\n<div>\n<div>\n<p>Aceite de Oliva Virgen<\/p>\n<\/div>\n<\/div>\n<div>\n<div>\n<p>ACEITE DE OLIVA VIRGEN \/ SABOR DE ANTA\u00d1O<\/p>\n<p>\u00bfCrees que tus platos necesitan un toque de sabor tradicional, como el de siempre? El Aceite de Oliva Virgen \u201cSabor de Anta\u00f1o\u201d pondr\u00e1 ese toque de tradici\u00f3n a tus platos. El Aceite de Oliva Virgen Urzante \u201cSabor de Anta\u00f1o\u201d es un aceite procedente de olivas recogidas con esmero y extrayendo su jugo en fr\u00edo, s\u00f3lo mediante procedimientos mec\u00e1nicos. Aceite de Oliva Virgen Urzante \u201cSabor de Anta\u00f1o\u201d, el toque de tradici\u00f3n en tu cocina.<\/p>\n<\/div>\n<\/div>\n<\/div>\n<\/div>\n<\/div>\n","protected":false},"featured_media":14100,"template":"","meta":{"spay_email":""},"yoast_head":"<!-- This site is optimized with the Yoast SEO plugin v15.9 - https:\/\/yoast.com\/wordpress\/plugins\/seo\/ -->\n<title>Aceite Oliva Virgen Extra Urzante 1L. - Comercial de Hosteleria Anma<\/title>\n<meta name=\"robots\" content=\"index, follow, max-snippet:-1, max-image-preview:large, max-video-preview:-1\" \/>\n<link rel=\"canonical\" href=\"https:\/\/www.comercialanma.es\/?product=aceite-oliva-virgen-extra-urzante-1l\" \/>\n<meta property=\"og:locale\" content=\"es_ES\" \/>\n<meta property=\"og:type\" content=\"article\" \/>\n<meta property=\"og:title\" content=\"Aceite Oliva Virgen Extra Urzante 1L. - Comercial de Hosteleria Anma\" \/>\n<meta property=\"og:description\" content=\"Aceite de Oliva Virgen       ACEITE DE OLIVA VIRGEN \/ SABOR DE ANTA\u00d1O  \u00bfCrees que tus platos necesitan un toque de sabor tradicional, como el de siempre? El Aceite de Oliva Virgen \u201cSabor de Anta\u00f1o\u201d pondr\u00e1 ese toque de tradici\u00f3n a tus platos. El Aceite de Oliva Virgen Urzante \u201cSabor de Anta\u00f1o\u201d es un aceite procedente de olivas recogidas con esmero y extrayendo su jugo en fr\u00edo, s\u00f3lo mediante procedimientos mec\u00e1nicos. Aceite de Oliva Virgen Urzante \u201cSabor de Anta\u00f1o\u201d, el toque de tradici\u00f3n en tu cocina.\" \/>\n<meta property=\"og:url\" content=\"https:\/\/www.comercialanma.es\/?product=aceite-oliva-virgen-extra-urzante-1l\" \/>\n<meta property=\"og:site_name\" content=\"Comercial de Hosteleria Anma\" \/>\n<meta property=\"article:publisher\" content=\"https:\/\/www.facebook.com\/AnmaHosteleria\" \/>\n<meta property=\"article:modified_time\" content=\"2020-11-09T10:30:08+00:00\" \/>\n<meta property=\"og:image\" content=\"https:\/\/i0.wp.com\/www.comercialanma.es\/wp-content\/uploads\/2020\/11\/Aceite-oliva-virgen-extra-urzante-1l.jpg?fit=1080%2C1080&#038;ssl=1\" \/>\n\t<meta property=\"og:image:width\" content=\"1080\" \/>\n\t<meta property=\"og:image:height\" content=\"1080\" \/>\n<meta name=\"twitter:card\" content=\"summary_large_image\" \/>\n<meta name=\"twitter:label1\" content=\"Tiempo de lectura\">\n\t<meta name=\"twitter:data1\" content=\"1 minuto\">\n<script type=\"application\/ld+json\" class=\"yoast-schema-graph\">{\"@context\":\"https:\/\/schema.org\",\"@graph\":[{\"@type\":\"Organization\",\"@id\":\"https:\/\/www.comercialanma.es\/#organization\",\"name\":\"Comercial Anma\",\"url\":\"https:\/\/www.comercialanma.es\/\",\"sameAs\":[\"https:\/\/www.facebook.com\/AnmaHosteleria\",\"https:\/\/www.instagram.com\/anmahosteleria\/?hl=es\",\"https:\/\/www.youtube.com\/channel\/UCT2nmn08Ntks0hmpZPnDgCA\"],\"logo\":{\"@type\":\"ImageObject\",\"@id\":\"https:\/\/www.comercialanma.es\/#logo\",\"inLanguage\":\"es\",\"url\":\"https:\/\/i2.wp.com\/www.comercialanma.es\/wp-content\/uploads\/2019\/06\/logo-anma-color.png?fit=247%2C101&ssl=1\",\"width\":247,\"height\":101,\"caption\":\"Comercial Anma\"},\"image\":{\"@id\":\"https:\/\/www.comercialanma.es\/#logo\"}},{\"@type\":\"WebSite\",\"@id\":\"https:\/\/www.comercialanma.es\/#website\",\"url\":\"https:\/\/www.comercialanma.es\/\",\"name\":\"Comercial de Hosteleria Anma\",\"description\":\"\",\"publisher\":{\"@id\":\"https:\/\/www.comercialanma.es\/#organization\"},\"potentialAction\":[{\"@type\":\"SearchAction\",\"target\":\"https:\/\/www.comercialanma.es\/?s={search_term_string}\",\"query-input\":\"required name=search_term_string\"}],\"inLanguage\":\"es\"},{\"@type\":\"ImageObject\",\"@id\":\"https:\/\/www.comercialanma.es\/?product=aceite-oliva-virgen-extra-urzante-1l#primaryimage\",\"inLanguage\":\"es\",\"url\":\"https:\/\/i0.wp.com\/www.comercialanma.es\/wp-content\/uploads\/2020\/11\/Aceite-oliva-virgen-extra-urzante-1l.jpg?fit=1080%2C1080&ssl=1\",\"width\":1080,\"height\":1080},{\"@type\":\"WebPage\",\"@id\":\"https:\/\/www.comercialanma.es\/?product=aceite-oliva-virgen-extra-urzante-1l#webpage\",\"url\":\"https:\/\/www.comercialanma.es\/?product=aceite-oliva-virgen-extra-urzante-1l\",\"name\":\"Aceite Oliva Virgen Extra Urzante 1L. - Comercial de Hosteleria Anma\",\"isPartOf\":{\"@id\":\"https:\/\/www.comercialanma.es\/#website\"},\"primaryImageOfPage\":{\"@id\":\"https:\/\/www.comercialanma.es\/?product=aceite-oliva-virgen-extra-urzante-1l#primaryimage\"},\"datePublished\":\"2020-11-09T10:26:37+00:00\",\"dateModified\":\"2020-11-09T10:30:08+00:00\",\"breadcrumb\":{\"@id\":\"https:\/\/www.comercialanma.es\/?product=aceite-oliva-virgen-extra-urzante-1l#breadcrumb\"},\"inLanguage\":\"es\",\"potentialAction\":[{\"@type\":\"ReadAction\",\"target\":[\"https:\/\/www.comercialanma.es\/?product=aceite-oliva-virgen-extra-urzante-1l\"]}]},{\"@type\":\"BreadcrumbList\",\"@id\":\"https:\/\/www.comercialanma.es\/?product=aceite-oliva-virgen-extra-urzante-1l#breadcrumb\",\"itemListElement\":[{\"@type\":\"ListItem\",\"position\":1,\"item\":{\"@type\":\"WebPage\",\"@id\":\"https:\/\/www.comercialanma.es\/\",\"url\":\"https:\/\/www.comercialanma.es\/\",\"name\":\"Portada\"}},{\"@type\":\"ListItem\",\"position\":2,\"item\":{\"@type\":\"WebPage\",\"@id\":\"https:\/\/www.comercialanma.es\/?page_id=3963\",\"url\":\"https:\/\/www.comercialanma.es\/?page_id=3963\",\"name\":\"Cat\\u00e1logo de Productos\"}},{\"@type\":\"ListItem\",\"position\":3,\"item\":{\"@type\":\"WebPage\",\"@id\":\"https:\/\/www.comercialanma.es\/?product=aceite-oliva-virgen-extra-urzante-1l\",\"url\":\"https:\/\/www.comercialanma.es\/?product=aceite-oliva-virgen-extra-urzante-1l\",\"name\":\"Aceite Oliva Virgen Extra Urzante 1L.\"}}]}]}<\/script>\n<!-- \/ Yoast SEO plugin. -->","_links":{"self":[{"href":"https:\/\/www.comercialanma.es\/index.php?rest_route=\/wp\/v2\/product\/14099"}],"collection":[{"href":"https:\/\/www.comercialanma.es\/index.php?rest_route=\/wp\/v2\/product"}],"about":[{"href":"https:\/\/www.comercialanma.es\/index.php?rest_route=\/wp\/v2\/types\/product"}],"version-history":[{"count":1,"href":"https:\/\/www.comercialanma.es\/index.php?rest_route=\/wp\/v2\/product\/14099\/revisions"}],"predecessor-version":[{"id":14101,"href":"https:\/\/www.comercialanma.es\/index.php?rest_route=\/wp\/v2\/product\/14099\/revisions\/14101"}],"wp:featuredmedia":[{"embeddable":true,"href":"https:\/\/www.comercialanma.es\/index.php?rest_route=\/wp\/v2\/media\/14100"}],"wp:attachment":[{"href":"https:\/\/www.comercialanma.es\/index.php?rest_route=%2Fwp%2Fv2%2Fmedia&parent=14099"}],"curies":[{"name":"wp","href":"https:\/\/api.w.org\/{rel}","templated":true}]}}