
{"id":14151,"date":"2020-11-11T12:53:51","date_gmt":"2020-11-11T11:53:51","guid":{"rendered":"https:\/\/www.comercialanma.es\/?post_type=product&#038;p=14151"},"modified":"2021-07-30T12:55:20","modified_gmt":"2021-07-30T10:55:20","slug":"caldo-aneto-pescado-50","status":"publish","type":"product","link":"https:\/\/www.comercialanma.es\/?product=caldo-aneto-pescado-50","title":{"rendered":"Caldo de pescado Aneto 1L.+50% Gratis"},"content":{"rendered":"<h3>Caldo ideal para<\/h3>\n<div class=\"tab-content\">\n<section id=\"tab3\" class=\"tab-pane page-product-box active\">\n<div class=\"suggestion-container\">\n<p class=\"lead\">Elaborar platos de pescado variados, siempre sabrosos: sopas de pescado, guisos de patatas con pescado, calderetas de pescado y marisco, &#8220;suquets&#8221;\u2026 Y para preparar m\u00e1s f\u00e1cilmente &#8220;velout\u00e9s&#8221; o salsas para acompa\u00f1ar tus recetas de pescado y marisco.<\/p>\n<h2>Ingredientes<\/h2>\n<div class=\"row\">\n<div class=\"col-sm-6\">\n<ul>\n<li>Agua<\/li>\n<li>cabeza de rape (32%)<\/li>\n<li>Cebolla<\/li>\n<li>Zanahoria<\/li>\n<li>Apio<\/li>\n<li>Puerro<\/li>\n<li>Tomate<\/li>\n<li>Raspa de bacalo (2%)<\/li>\n<li>Ajo<\/li>\n<li>Hinojo<\/li>\n<li>Aceite de Oliva<\/li>\n<li>Sal Marina<\/li>\n<\/ul>\n<\/div>\n<\/div>\n<\/div>\n<\/section>\n<\/div>\n","protected":false},"excerpt":{"rendered":"<section>\n<div>\n<p>Caldo de pescado Aneto 1 litro. + 50% Gratis<\/p>\n<p>Seleccionamos el mejor pescado y las verduras m\u00e1s frescas, lavamos cuidadosamente todos los ingredientes, y los cocemos a fuego lento durante m\u00e1s de 2 horas.<\/p>\n<\/div>\n<\/section>\n","protected":false},"featured_media":18095,"template":"","meta":{"spay_email":""},"yoast_head":"<!-- This site is optimized with the Yoast SEO plugin v15.9 - https:\/\/yoast.com\/wordpress\/plugins\/seo\/ -->\n<title>Caldo de pescado Aneto 1L.+50% Gratis - Comercial de Hosteleria Anma<\/title>\n<meta name=\"description\" content=\"Seleccionamos el mejor pescado y las verduras m\u00e1s frescas, los cocemos a fuego lento durante m\u00e1s de 2 horas.\" \/>\n<meta name=\"robots\" content=\"index, follow, max-snippet:-1, max-image-preview:large, max-video-preview:-1\" \/>\n<link rel=\"canonical\" href=\"https:\/\/www.comercialanma.es\/?product=caldo-aneto-pescado-50\" \/>\n<meta property=\"og:locale\" content=\"es_ES\" \/>\n<meta property=\"og:type\" content=\"article\" \/>\n<meta property=\"og:title\" content=\"Caldo de pescado Aneto 1L.+50% Gratis - Comercial de Hosteleria Anma\" \/>\n<meta property=\"og:description\" content=\"Seleccionamos el mejor pescado y las verduras m\u00e1s frescas, los cocemos a fuego lento durante m\u00e1s de 2 horas.\" \/>\n<meta property=\"og:url\" content=\"https:\/\/www.comercialanma.es\/?product=caldo-aneto-pescado-50\" \/>\n<meta property=\"og:site_name\" content=\"Comercial de Hosteleria Anma\" \/>\n<meta property=\"article:publisher\" content=\"https:\/\/www.facebook.com\/AnmaHosteleria\" \/>\n<meta property=\"article:modified_time\" content=\"2021-07-30T10:55:20+00:00\" \/>\n<meta property=\"og:image\" content=\"https:\/\/i1.wp.com\/www.comercialanma.es\/wp-content\/uploads\/2020\/11\/caldo-aneto-pescado-150.jpg?fit=1080%2C1080&#038;ssl=1\" \/>\n\t<meta property=\"og:image:width\" content=\"1080\" \/>\n\t<meta property=\"og:image:height\" content=\"1080\" \/>\n<meta name=\"twitter:card\" content=\"summary_large_image\" \/>\n<script type=\"application\/ld+json\" class=\"yoast-schema-graph\">{\"@context\":\"https:\/\/schema.org\",\"@graph\":[{\"@type\":\"Organization\",\"@id\":\"https:\/\/www.comercialanma.es\/#organization\",\"name\":\"Comercial Anma\",\"url\":\"https:\/\/www.comercialanma.es\/\",\"sameAs\":[\"https:\/\/www.facebook.com\/AnmaHosteleria\",\"https:\/\/www.instagram.com\/anmahosteleria\/?hl=es\",\"https:\/\/www.youtube.com\/channel\/UCT2nmn08Ntks0hmpZPnDgCA\"],\"logo\":{\"@type\":\"ImageObject\",\"@id\":\"https:\/\/www.comercialanma.es\/#logo\",\"inLanguage\":\"es\",\"url\":\"https:\/\/i2.wp.com\/www.comercialanma.es\/wp-content\/uploads\/2019\/06\/logo-anma-color.png?fit=247%2C101&ssl=1\",\"width\":247,\"height\":101,\"caption\":\"Comercial Anma\"},\"image\":{\"@id\":\"https:\/\/www.comercialanma.es\/#logo\"}},{\"@type\":\"WebSite\",\"@id\":\"https:\/\/www.comercialanma.es\/#website\",\"url\":\"https:\/\/www.comercialanma.es\/\",\"name\":\"Comercial de Hosteleria Anma\",\"description\":\"\",\"publisher\":{\"@id\":\"https:\/\/www.comercialanma.es\/#organization\"},\"potentialAction\":[{\"@type\":\"SearchAction\",\"target\":\"https:\/\/www.comercialanma.es\/?s={search_term_string}\",\"query-input\":\"required name=search_term_string\"}],\"inLanguage\":\"es\"},{\"@type\":\"ImageObject\",\"@id\":\"https:\/\/www.comercialanma.es\/?product=caldo-aneto-pescado-50#primaryimage\",\"inLanguage\":\"es\",\"url\":\"https:\/\/i1.wp.com\/www.comercialanma.es\/wp-content\/uploads\/2020\/11\/caldo-aneto-pescado-150.jpg?fit=1080%2C1080&ssl=1\",\"width\":1080,\"height\":1080},{\"@type\":\"WebPage\",\"@id\":\"https:\/\/www.comercialanma.es\/?product=caldo-aneto-pescado-50#webpage\",\"url\":\"https:\/\/www.comercialanma.es\/?product=caldo-aneto-pescado-50\",\"name\":\"Caldo de pescado Aneto 1L.+50% Gratis - Comercial de Hosteleria Anma\",\"isPartOf\":{\"@id\":\"https:\/\/www.comercialanma.es\/#website\"},\"primaryImageOfPage\":{\"@id\":\"https:\/\/www.comercialanma.es\/?product=caldo-aneto-pescado-50#primaryimage\"},\"datePublished\":\"2020-11-11T11:53:51+00:00\",\"dateModified\":\"2021-07-30T10:55:20+00:00\",\"description\":\"Seleccionamos el mejor pescado y las verduras m\\u00e1s frescas, los cocemos a fuego lento durante m\\u00e1s de 2 horas.\",\"breadcrumb\":{\"@id\":\"https:\/\/www.comercialanma.es\/?product=caldo-aneto-pescado-50#breadcrumb\"},\"inLanguage\":\"es\",\"potentialAction\":[{\"@type\":\"ReadAction\",\"target\":[\"https:\/\/www.comercialanma.es\/?product=caldo-aneto-pescado-50\"]}]},{\"@type\":\"BreadcrumbList\",\"@id\":\"https:\/\/www.comercialanma.es\/?product=caldo-aneto-pescado-50#breadcrumb\",\"itemListElement\":[{\"@type\":\"ListItem\",\"position\":1,\"item\":{\"@type\":\"WebPage\",\"@id\":\"https:\/\/www.comercialanma.es\/\",\"url\":\"https:\/\/www.comercialanma.es\/\",\"name\":\"Portada\"}},{\"@type\":\"ListItem\",\"position\":2,\"item\":{\"@type\":\"WebPage\",\"@id\":\"https:\/\/www.comercialanma.es\/?page_id=3963\",\"url\":\"https:\/\/www.comercialanma.es\/?page_id=3963\",\"name\":\"Cat\\u00e1logo de Productos\"}},{\"@type\":\"ListItem\",\"position\":3,\"item\":{\"@type\":\"WebPage\",\"@id\":\"https:\/\/www.comercialanma.es\/?product=caldo-aneto-pescado-50\",\"url\":\"https:\/\/www.comercialanma.es\/?product=caldo-aneto-pescado-50\",\"name\":\"Caldo de pescado Aneto 1L.+50% Gratis\"}}]}]}<\/script>\n<!-- \/ Yoast SEO plugin. -->","_links":{"self":[{"href":"https:\/\/www.comercialanma.es\/index.php?rest_route=\/wp\/v2\/product\/14151"}],"collection":[{"href":"https:\/\/www.comercialanma.es\/index.php?rest_route=\/wp\/v2\/product"}],"about":[{"href":"https:\/\/www.comercialanma.es\/index.php?rest_route=\/wp\/v2\/types\/product"}],"version-history":[{"count":3,"href":"https:\/\/www.comercialanma.es\/index.php?rest_route=\/wp\/v2\/product\/14151\/revisions"}],"predecessor-version":[{"id":18097,"href":"https:\/\/www.comercialanma.es\/index.php?rest_route=\/wp\/v2\/product\/14151\/revisions\/18097"}],"wp:featuredmedia":[{"embeddable":true,"href":"https:\/\/www.comercialanma.es\/index.php?rest_route=\/wp\/v2\/media\/18095"}],"wp:attachment":[{"href":"https:\/\/www.comercialanma.es\/index.php?rest_route=%2Fwp%2Fv2%2Fmedia&parent=14151"}],"curies":[{"name":"wp","href":"https:\/\/api.w.org\/{rel}","templated":true}]}}