
{"id":14175,"date":"2020-11-12T12:38:23","date_gmt":"2020-11-12T11:38:23","guid":{"rendered":"https:\/\/www.comercialanma.es\/?post_type=product&#038;p=14175"},"modified":"2020-11-12T12:42:51","modified_gmt":"2020-11-12T11:42:51","slug":"crema-de-marisco-deshidratada-knorr-650gr","status":"publish","type":"product","link":"https:\/\/www.comercialanma.es\/?product=crema-de-marisco-deshidratada-knorr-650gr","title":{"rendered":"Crema de marisco deshidratada Knorr 650gr."},"content":{"rendered":"<div class=\"tab-content\">\n<section id=\"tab3\" class=\"tab-pane page-product-box active\">\n<div class=\"suggestion-container\">\n<h2>Ingredientes<\/h2>\n<p>Harina de TRIGO, almid\u00f3n de patata, sal, potenciador del sabor (glutamato monos\u00f3dico), CAMAR\u00d3N en polvo (8%), grasa de palma, maltodextrina, hortalizas (4%) (tomate deshidratado, cebolla en polvo), LACTOSA, colorantes (E160c, E150c), prote\u00ednas de la LECHE, especias (turm\u00e9rico, raiz de perejil), aromas (contiene APIO), extracto de levadura. Puede contener moluscos, pescados y otros crust\u00e1ceos.<\/p>\n<\/div>\n<\/section>\n<\/div>\n","protected":false},"excerpt":{"rendered":"<div>\n<div>\n<p>Knorr Crema de Marisco deshidratado, para los que buscan sabor, cremosidad, textura y rendimiento (10 L). Sin conservantes y bajo en grasas.<\/p>\n<\/div>\n<\/div>\n","protected":false},"featured_media":14176,"template":"","meta":{"spay_email":""},"yoast_head":"<!-- This site is optimized with the Yoast SEO plugin v15.9 - https:\/\/yoast.com\/wordpress\/plugins\/seo\/ -->\n<title>Crema de marisco deshidratada Knorr 650gr. - Comercial de Hosteleria Anma<\/title>\n<meta name=\"description\" content=\"Knorr Crema de Marisco deshidratado, para los que buscan sabor, cremosidad, textura y rendimiento\" \/>\n<meta name=\"robots\" content=\"index, follow, max-snippet:-1, max-image-preview:large, max-video-preview:-1\" \/>\n<link rel=\"canonical\" href=\"https:\/\/www.comercialanma.es\/?product=crema-de-marisco-deshidratada-knorr-650gr\" \/>\n<meta property=\"og:locale\" content=\"es_ES\" \/>\n<meta property=\"og:type\" content=\"article\" \/>\n<meta property=\"og:title\" content=\"Crema de marisco deshidratada Knorr 650gr. - Comercial de Hosteleria Anma\" \/>\n<meta property=\"og:description\" content=\"Knorr Crema de Marisco deshidratado, para los que buscan sabor, cremosidad, textura y rendimiento\" \/>\n<meta property=\"og:url\" content=\"https:\/\/www.comercialanma.es\/?product=crema-de-marisco-deshidratada-knorr-650gr\" \/>\n<meta property=\"og:site_name\" content=\"Comercial de Hosteleria Anma\" \/>\n<meta property=\"article:publisher\" content=\"https:\/\/www.facebook.com\/AnmaHosteleria\" \/>\n<meta property=\"article:modified_time\" content=\"2020-11-12T11:42:51+00:00\" \/>\n<meta property=\"og:image\" content=\"https:\/\/i1.wp.com\/www.comercialanma.es\/wp-content\/uploads\/2020\/11\/Crema-de-marisco-knorr.jpg?fit=1080%2C1080&#038;ssl=1\" \/>\n\t<meta property=\"og:image:width\" content=\"1080\" \/>\n\t<meta property=\"og:image:height\" content=\"1080\" \/>\n<meta name=\"twitter:card\" content=\"summary_large_image\" \/>\n<script type=\"application\/ld+json\" class=\"yoast-schema-graph\">{\"@context\":\"https:\/\/schema.org\",\"@graph\":[{\"@type\":\"Organization\",\"@id\":\"https:\/\/www.comercialanma.es\/#organization\",\"name\":\"Comercial Anma\",\"url\":\"https:\/\/www.comercialanma.es\/\",\"sameAs\":[\"https:\/\/www.facebook.com\/AnmaHosteleria\",\"https:\/\/www.instagram.com\/anmahosteleria\/?hl=es\",\"https:\/\/www.youtube.com\/channel\/UCT2nmn08Ntks0hmpZPnDgCA\"],\"logo\":{\"@type\":\"ImageObject\",\"@id\":\"https:\/\/www.comercialanma.es\/#logo\",\"inLanguage\":\"es\",\"url\":\"https:\/\/i2.wp.com\/www.comercialanma.es\/wp-content\/uploads\/2019\/06\/logo-anma-color.png?fit=247%2C101&ssl=1\",\"width\":247,\"height\":101,\"caption\":\"Comercial Anma\"},\"image\":{\"@id\":\"https:\/\/www.comercialanma.es\/#logo\"}},{\"@type\":\"WebSite\",\"@id\":\"https:\/\/www.comercialanma.es\/#website\",\"url\":\"https:\/\/www.comercialanma.es\/\",\"name\":\"Comercial de Hosteleria Anma\",\"description\":\"\",\"publisher\":{\"@id\":\"https:\/\/www.comercialanma.es\/#organization\"},\"potentialAction\":[{\"@type\":\"SearchAction\",\"target\":\"https:\/\/www.comercialanma.es\/?s={search_term_string}\",\"query-input\":\"required name=search_term_string\"}],\"inLanguage\":\"es\"},{\"@type\":\"ImageObject\",\"@id\":\"https:\/\/www.comercialanma.es\/?product=crema-de-marisco-deshidratada-knorr-650gr#primaryimage\",\"inLanguage\":\"es\",\"url\":\"https:\/\/i1.wp.com\/www.comercialanma.es\/wp-content\/uploads\/2020\/11\/Crema-de-marisco-knorr.jpg?fit=1080%2C1080&ssl=1\",\"width\":1080,\"height\":1080},{\"@type\":\"WebPage\",\"@id\":\"https:\/\/www.comercialanma.es\/?product=crema-de-marisco-deshidratada-knorr-650gr#webpage\",\"url\":\"https:\/\/www.comercialanma.es\/?product=crema-de-marisco-deshidratada-knorr-650gr\",\"name\":\"Crema de marisco deshidratada Knorr 650gr. - Comercial de Hosteleria Anma\",\"isPartOf\":{\"@id\":\"https:\/\/www.comercialanma.es\/#website\"},\"primaryImageOfPage\":{\"@id\":\"https:\/\/www.comercialanma.es\/?product=crema-de-marisco-deshidratada-knorr-650gr#primaryimage\"},\"datePublished\":\"2020-11-12T11:38:23+00:00\",\"dateModified\":\"2020-11-12T11:42:51+00:00\",\"description\":\"Knorr Crema de Marisco deshidratado, para los que buscan sabor, cremosidad, textura y rendimiento\",\"breadcrumb\":{\"@id\":\"https:\/\/www.comercialanma.es\/?product=crema-de-marisco-deshidratada-knorr-650gr#breadcrumb\"},\"inLanguage\":\"es\",\"potentialAction\":[{\"@type\":\"ReadAction\",\"target\":[\"https:\/\/www.comercialanma.es\/?product=crema-de-marisco-deshidratada-knorr-650gr\"]}]},{\"@type\":\"BreadcrumbList\",\"@id\":\"https:\/\/www.comercialanma.es\/?product=crema-de-marisco-deshidratada-knorr-650gr#breadcrumb\",\"itemListElement\":[{\"@type\":\"ListItem\",\"position\":1,\"item\":{\"@type\":\"WebPage\",\"@id\":\"https:\/\/www.comercialanma.es\/\",\"url\":\"https:\/\/www.comercialanma.es\/\",\"name\":\"Portada\"}},{\"@type\":\"ListItem\",\"position\":2,\"item\":{\"@type\":\"WebPage\",\"@id\":\"https:\/\/www.comercialanma.es\/?page_id=3963\",\"url\":\"https:\/\/www.comercialanma.es\/?page_id=3963\",\"name\":\"Cat\\u00e1logo de Productos\"}},{\"@type\":\"ListItem\",\"position\":3,\"item\":{\"@type\":\"WebPage\",\"@id\":\"https:\/\/www.comercialanma.es\/?product=crema-de-marisco-deshidratada-knorr-650gr\",\"url\":\"https:\/\/www.comercialanma.es\/?product=crema-de-marisco-deshidratada-knorr-650gr\",\"name\":\"Crema de marisco deshidratada Knorr 650gr.\"}}]}]}<\/script>\n<!-- \/ Yoast SEO plugin. -->","_links":{"self":[{"href":"https:\/\/www.comercialanma.es\/index.php?rest_route=\/wp\/v2\/product\/14175"}],"collection":[{"href":"https:\/\/www.comercialanma.es\/index.php?rest_route=\/wp\/v2\/product"}],"about":[{"href":"https:\/\/www.comercialanma.es\/index.php?rest_route=\/wp\/v2\/types\/product"}],"version-history":[{"count":1,"href":"https:\/\/www.comercialanma.es\/index.php?rest_route=\/wp\/v2\/product\/14175\/revisions"}],"predecessor-version":[{"id":14177,"href":"https:\/\/www.comercialanma.es\/index.php?rest_route=\/wp\/v2\/product\/14175\/revisions\/14177"}],"wp:featuredmedia":[{"embeddable":true,"href":"https:\/\/www.comercialanma.es\/index.php?rest_route=\/wp\/v2\/media\/14176"}],"wp:attachment":[{"href":"https:\/\/www.comercialanma.es\/index.php?rest_route=%2Fwp%2Fv2%2Fmedia&parent=14175"}],"curies":[{"name":"wp","href":"https:\/\/api.w.org\/{rel}","templated":true}]}}