
{"id":14199,"date":"2020-11-13T12:54:24","date_gmt":"2020-11-13T11:54:24","guid":{"rendered":"https:\/\/www.comercialanma.es\/?post_type=product&#038;p=14199"},"modified":"2021-07-28T09:59:31","modified_gmt":"2021-07-28T07:59:31","slug":"salsa-tabasco-60ml","status":"publish","type":"product","link":"https:\/\/www.comercialanma.es\/?product=salsa-tabasco-60ml","title":{"rendered":"Salsa Tabasco 60ml."},"content":{"rendered":"<div class=\"tab-content\">\n<section id=\"tab3\" class=\"tab-pane page-product-box active\">\n<div class=\"suggestion-container\">\n<h2>Ingredientes<\/h2>\n<p>Vinagre, chile rojo, sal.<\/p>\n<\/div>\n<\/section>\n<\/div>\n","protected":false},"excerpt":{"rendered":"<div>\n<div>La aut\u00e9ntica y original salsa Tabasco\u00ae.<br \/>\nUna calidad y un sabor inimitables gracias a su receta original de 1868, con tres sencillos ingredientes \u2013 chile rojo, vinagre y sal \u2013 y un proceso de elaboraci\u00f3n \u00fanico: chiles madurados en su propia planta y luego macerados en barricas de roble durante tres largos a\u00f1os.<\/div>\n<div><\/div>\n<\/div>\n","protected":false},"featured_media":14200,"template":"","meta":{"spay_email":""},"yoast_head":"<!-- This site is optimized with the Yoast SEO plugin v15.9 - https:\/\/yoast.com\/wordpress\/plugins\/seo\/ -->\n<title>Salsa Tabasco 60ml. - Comercial de Hosteleria Anma<\/title>\n<meta name=\"description\" content=\"La salsa Tabasco es una famosa salsa picante de origen estadounidense, creada en 1868 por Edmund McIlhenny, y de sabor picante.\" \/>\n<meta name=\"robots\" content=\"index, follow, max-snippet:-1, max-image-preview:large, max-video-preview:-1\" \/>\n<link rel=\"canonical\" href=\"https:\/\/www.comercialanma.es\/?product=salsa-tabasco-60ml\" \/>\n<meta property=\"og:locale\" content=\"es_ES\" \/>\n<meta property=\"og:type\" content=\"article\" \/>\n<meta property=\"og:title\" content=\"Salsa Tabasco 60ml. - Comercial de Hosteleria Anma\" \/>\n<meta property=\"og:description\" content=\"La salsa Tabasco es una famosa salsa picante de origen estadounidense, creada en 1868 por Edmund McIlhenny, y de sabor picante.\" \/>\n<meta property=\"og:url\" content=\"https:\/\/www.comercialanma.es\/?product=salsa-tabasco-60ml\" \/>\n<meta property=\"og:site_name\" content=\"Comercial de Hosteleria Anma\" \/>\n<meta property=\"article:publisher\" content=\"https:\/\/www.facebook.com\/AnmaHosteleria\" \/>\n<meta property=\"article:modified_time\" content=\"2021-07-28T07:59:31+00:00\" \/>\n<meta property=\"og:image\" content=\"https:\/\/i1.wp.com\/www.comercialanma.es\/wp-content\/uploads\/2020\/11\/Salsa-tabasco-60ml.jpg?fit=1080%2C1080&#038;ssl=1\" \/>\n\t<meta property=\"og:image:width\" content=\"1080\" \/>\n\t<meta property=\"og:image:height\" content=\"1080\" \/>\n<meta name=\"twitter:card\" content=\"summary_large_image\" \/>\n<script type=\"application\/ld+json\" class=\"yoast-schema-graph\">{\"@context\":\"https:\/\/schema.org\",\"@graph\":[{\"@type\":\"Organization\",\"@id\":\"https:\/\/www.comercialanma.es\/#organization\",\"name\":\"Comercial Anma\",\"url\":\"https:\/\/www.comercialanma.es\/\",\"sameAs\":[\"https:\/\/www.facebook.com\/AnmaHosteleria\",\"https:\/\/www.instagram.com\/anmahosteleria\/?hl=es\",\"https:\/\/www.youtube.com\/channel\/UCT2nmn08Ntks0hmpZPnDgCA\"],\"logo\":{\"@type\":\"ImageObject\",\"@id\":\"https:\/\/www.comercialanma.es\/#logo\",\"inLanguage\":\"es\",\"url\":\"https:\/\/i2.wp.com\/www.comercialanma.es\/wp-content\/uploads\/2019\/06\/logo-anma-color.png?fit=247%2C101&ssl=1\",\"width\":247,\"height\":101,\"caption\":\"Comercial Anma\"},\"image\":{\"@id\":\"https:\/\/www.comercialanma.es\/#logo\"}},{\"@type\":\"WebSite\",\"@id\":\"https:\/\/www.comercialanma.es\/#website\",\"url\":\"https:\/\/www.comercialanma.es\/\",\"name\":\"Comercial de Hosteleria Anma\",\"description\":\"\",\"publisher\":{\"@id\":\"https:\/\/www.comercialanma.es\/#organization\"},\"potentialAction\":[{\"@type\":\"SearchAction\",\"target\":\"https:\/\/www.comercialanma.es\/?s={search_term_string}\",\"query-input\":\"required name=search_term_string\"}],\"inLanguage\":\"es\"},{\"@type\":\"ImageObject\",\"@id\":\"https:\/\/www.comercialanma.es\/?product=salsa-tabasco-60ml#primaryimage\",\"inLanguage\":\"es\",\"url\":\"https:\/\/i1.wp.com\/www.comercialanma.es\/wp-content\/uploads\/2020\/11\/Salsa-tabasco-60ml.jpg?fit=1080%2C1080&ssl=1\",\"width\":1080,\"height\":1080},{\"@type\":\"WebPage\",\"@id\":\"https:\/\/www.comercialanma.es\/?product=salsa-tabasco-60ml#webpage\",\"url\":\"https:\/\/www.comercialanma.es\/?product=salsa-tabasco-60ml\",\"name\":\"Salsa Tabasco 60ml. - Comercial de Hosteleria Anma\",\"isPartOf\":{\"@id\":\"https:\/\/www.comercialanma.es\/#website\"},\"primaryImageOfPage\":{\"@id\":\"https:\/\/www.comercialanma.es\/?product=salsa-tabasco-60ml#primaryimage\"},\"datePublished\":\"2020-11-13T11:54:24+00:00\",\"dateModified\":\"2021-07-28T07:59:31+00:00\",\"description\":\"La salsa Tabasco es una famosa salsa picante de origen estadounidense, creada en 1868 por Edmund McIlhenny, y de sabor picante.\",\"breadcrumb\":{\"@id\":\"https:\/\/www.comercialanma.es\/?product=salsa-tabasco-60ml#breadcrumb\"},\"inLanguage\":\"es\",\"potentialAction\":[{\"@type\":\"ReadAction\",\"target\":[\"https:\/\/www.comercialanma.es\/?product=salsa-tabasco-60ml\"]}]},{\"@type\":\"BreadcrumbList\",\"@id\":\"https:\/\/www.comercialanma.es\/?product=salsa-tabasco-60ml#breadcrumb\",\"itemListElement\":[{\"@type\":\"ListItem\",\"position\":1,\"item\":{\"@type\":\"WebPage\",\"@id\":\"https:\/\/www.comercialanma.es\/\",\"url\":\"https:\/\/www.comercialanma.es\/\",\"name\":\"Portada\"}},{\"@type\":\"ListItem\",\"position\":2,\"item\":{\"@type\":\"WebPage\",\"@id\":\"https:\/\/www.comercialanma.es\/?page_id=3963\",\"url\":\"https:\/\/www.comercialanma.es\/?page_id=3963\",\"name\":\"Cat\\u00e1logo de Productos\"}},{\"@type\":\"ListItem\",\"position\":3,\"item\":{\"@type\":\"WebPage\",\"@id\":\"https:\/\/www.comercialanma.es\/?product=salsa-tabasco-60ml\",\"url\":\"https:\/\/www.comercialanma.es\/?product=salsa-tabasco-60ml\",\"name\":\"Salsa Tabasco 60ml.\"}}]}]}<\/script>\n<!-- \/ Yoast SEO plugin. -->","_links":{"self":[{"href":"https:\/\/www.comercialanma.es\/index.php?rest_route=\/wp\/v2\/product\/14199"}],"collection":[{"href":"https:\/\/www.comercialanma.es\/index.php?rest_route=\/wp\/v2\/product"}],"about":[{"href":"https:\/\/www.comercialanma.es\/index.php?rest_route=\/wp\/v2\/types\/product"}],"version-history":[{"count":1,"href":"https:\/\/www.comercialanma.es\/index.php?rest_route=\/wp\/v2\/product\/14199\/revisions"}],"predecessor-version":[{"id":14201,"href":"https:\/\/www.comercialanma.es\/index.php?rest_route=\/wp\/v2\/product\/14199\/revisions\/14201"}],"wp:featuredmedia":[{"embeddable":true,"href":"https:\/\/www.comercialanma.es\/index.php?rest_route=\/wp\/v2\/media\/14200"}],"wp:attachment":[{"href":"https:\/\/www.comercialanma.es\/index.php?rest_route=%2Fwp%2Fv2%2Fmedia&parent=14199"}],"curies":[{"name":"wp","href":"https:\/\/api.w.org\/{rel}","templated":true}]}}