
{"id":14208,"date":"2020-11-17T10:06:42","date_gmt":"2020-11-17T09:06:42","guid":{"rendered":"https:\/\/www.comercialanma.es\/?post_type=product&#038;p=14208"},"modified":"2020-12-23T15:15:25","modified_gmt":"2020-12-23T14:15:25","slug":"vino-gris-ecologico-75cl","status":"publish","type":"product","link":"https:\/\/www.comercialanma.es\/?product=vino-gris-ecologico-75cl","title":{"rendered":"Vino Gris Ecol\u00f3gico 75cl."},"content":{"rendered":"<h3>D.O.:<\/h3>\n<ul>\n<li>Catalunya (Siurana d&#8217;Empord\u00e0) Girona<\/li>\n<\/ul>\n<h3>Variedades de uva:<\/h3>\n<ul>\n<li>Garnacha gris, Merlot.<\/li>\n<\/ul>\n<h3>Graduaci\u00f3n:<\/h3>\n<ul>\n<li>Graduaci\u00f3n: 13% vol.<\/li>\n<\/ul>\n<h3>Nota de cata:<\/h3>\n<div class=\"row separador_top_10\" title=\"Color del Vino\">\n<div class=\"col-xs-9 column\">\n<ul>\n<li><span class=\"valor\"><span class=\"tlid-translation\"><span lang=\"ES\">Fresco y ligero con aromas de frutas rojas, manzana verde y un toque floral<\/span><\/span>.<\/span><\/li>\n<li><span lang=\"ES\">Breve maceraci\u00f3n pelicular a baja temperatura antes de un ligero prensado. Posteriormente maceraci\u00f3n y homogeneizaci\u00f3n diaria del mosto con las partes s\u00f3lidas (pulpa) a baja temperatura durante 48-72 horas. <\/span><\/li>\n<li><span lang=\"ES\">Fermentaci\u00f3n en dep\u00f3sitos de acero inoxidable a una temperatura controlada de entre 15-16 \u00b0 C.<\/span><\/li>\n<\/ul>\n<\/div>\n<\/div>\n","protected":false},"excerpt":{"rendered":"<p><img loading=\"lazy\" class=\"alignnone wp-image-11065\" src=\"http:\/\/www.comercialanma.es\/wp-content\/uploads\/2019\/10\/simbolo-producto-ecologico.jpg\" alt=\"\" width=\"35\" height=\"23\" \/><\/p>\n<p>Vino Gris del Alt Empord\u00e0.<\/p>\n<p><span class=\"tlid-translation translation\" lang=\"es\"><span title=\"\">Vins de Taller<\/span> <span title=\"\">es la<\/span> <span title=\"\">culminaci\u00f3n<\/span> <span title=\"\">de un sue\u00f1o<\/span> <span title=\"\">perseguido por<\/span> <span title=\"\">un experto en<\/span> <span title=\"\">plantas<\/span><span title=\"\">,<\/span> <span title=\"\">jardines y<\/span> <span title=\"\">paisaje,<\/span> <span title=\"\">que<\/span> <span title=\"\">convirti\u00f3<\/span> <span title=\"\">un erial<\/span> <span title=\"\">en un<\/span> <span title=\"\">jard\u00edn<\/span><span title=\"\">,<\/span> <span title=\"\">y<\/span> <span title=\"\">unos<\/span> <span title=\"\">campos<\/span> <span title=\"\">en unos<\/span> <span title=\"\">vi\u00f1edos<\/span><span title=\"\">.<\/span><\/span><\/p>\n<p>&nbsp;<\/p>\n","protected":false},"featured_media":14209,"template":"","meta":{"spay_email":""},"yoast_head":"<!-- This site is optimized with the Yoast SEO plugin v15.9 - https:\/\/yoast.com\/wordpress\/plugins\/seo\/ -->\n<title>Vino Gris Ecol\u00f3gico 75cl. - Comercial de Hosteleria Anma<\/title>\n<meta name=\"description\" content=\"Vino Gris Ecol\u00f3gico del Alt Empord\u00e0. Vins de Taller es la culminaci\u00f3n de un sue\u00f1o perseguido por un experto en plantas, jardines y paisaje.\" \/>\n<meta name=\"robots\" content=\"index, follow, max-snippet:-1, max-image-preview:large, max-video-preview:-1\" \/>\n<link rel=\"canonical\" href=\"https:\/\/www.comercialanma.es\/?product=vino-gris-ecologico-75cl\" \/>\n<meta property=\"og:locale\" content=\"es_ES\" \/>\n<meta property=\"og:type\" content=\"article\" \/>\n<meta property=\"og:title\" content=\"Vino Gris Ecol\u00f3gico 75cl. - Comercial de Hosteleria Anma\" \/>\n<meta property=\"og:description\" content=\"Vino Gris Ecol\u00f3gico del Alt Empord\u00e0. Vins de Taller es la culminaci\u00f3n de un sue\u00f1o perseguido por un experto en plantas, jardines y paisaje.\" \/>\n<meta property=\"og:url\" content=\"https:\/\/www.comercialanma.es\/?product=vino-gris-ecologico-75cl\" \/>\n<meta property=\"og:site_name\" content=\"Comercial de Hosteleria Anma\" \/>\n<meta property=\"article:publisher\" content=\"https:\/\/www.facebook.com\/AnmaHosteleria\" \/>\n<meta property=\"article:modified_time\" content=\"2020-12-23T14:15:25+00:00\" \/>\n<meta property=\"og:image\" content=\"https:\/\/i0.wp.com\/www.comercialanma.es\/wp-content\/uploads\/2020\/11\/Gris-Rosado-emporda.jpg?fit=1080%2C1080&#038;ssl=1\" \/>\n\t<meta property=\"og:image:width\" content=\"1080\" \/>\n\t<meta property=\"og:image:height\" content=\"1080\" \/>\n<meta name=\"twitter:card\" content=\"summary_large_image\" \/>\n<script type=\"application\/ld+json\" class=\"yoast-schema-graph\">{\"@context\":\"https:\/\/schema.org\",\"@graph\":[{\"@type\":\"Organization\",\"@id\":\"https:\/\/www.comercialanma.es\/#organization\",\"name\":\"Comercial Anma\",\"url\":\"https:\/\/www.comercialanma.es\/\",\"sameAs\":[\"https:\/\/www.facebook.com\/AnmaHosteleria\",\"https:\/\/www.instagram.com\/anmahosteleria\/?hl=es\",\"https:\/\/www.youtube.com\/channel\/UCT2nmn08Ntks0hmpZPnDgCA\"],\"logo\":{\"@type\":\"ImageObject\",\"@id\":\"https:\/\/www.comercialanma.es\/#logo\",\"inLanguage\":\"es\",\"url\":\"https:\/\/i2.wp.com\/www.comercialanma.es\/wp-content\/uploads\/2019\/06\/logo-anma-color.png?fit=247%2C101&ssl=1\",\"width\":247,\"height\":101,\"caption\":\"Comercial Anma\"},\"image\":{\"@id\":\"https:\/\/www.comercialanma.es\/#logo\"}},{\"@type\":\"WebSite\",\"@id\":\"https:\/\/www.comercialanma.es\/#website\",\"url\":\"https:\/\/www.comercialanma.es\/\",\"name\":\"Comercial de Hosteleria Anma\",\"description\":\"\",\"publisher\":{\"@id\":\"https:\/\/www.comercialanma.es\/#organization\"},\"potentialAction\":[{\"@type\":\"SearchAction\",\"target\":\"https:\/\/www.comercialanma.es\/?s={search_term_string}\",\"query-input\":\"required name=search_term_string\"}],\"inLanguage\":\"es\"},{\"@type\":\"ImageObject\",\"@id\":\"https:\/\/www.comercialanma.es\/?product=vino-gris-ecologico-75cl#primaryimage\",\"inLanguage\":\"es\",\"url\":\"https:\/\/i0.wp.com\/www.comercialanma.es\/wp-content\/uploads\/2020\/11\/Gris-Rosado-emporda.jpg?fit=1080%2C1080&ssl=1\",\"width\":1080,\"height\":1080},{\"@type\":\"WebPage\",\"@id\":\"https:\/\/www.comercialanma.es\/?product=vino-gris-ecologico-75cl#webpage\",\"url\":\"https:\/\/www.comercialanma.es\/?product=vino-gris-ecologico-75cl\",\"name\":\"Vino Gris Ecol\\u00f3gico 75cl. - Comercial de Hosteleria Anma\",\"isPartOf\":{\"@id\":\"https:\/\/www.comercialanma.es\/#website\"},\"primaryImageOfPage\":{\"@id\":\"https:\/\/www.comercialanma.es\/?product=vino-gris-ecologico-75cl#primaryimage\"},\"datePublished\":\"2020-11-17T09:06:42+00:00\",\"dateModified\":\"2020-12-23T14:15:25+00:00\",\"description\":\"Vino Gris Ecol\\u00f3gico del Alt Empord\\u00e0. Vins de Taller es la culminaci\\u00f3n de un sue\\u00f1o perseguido por un experto en plantas, jardines y paisaje.\",\"breadcrumb\":{\"@id\":\"https:\/\/www.comercialanma.es\/?product=vino-gris-ecologico-75cl#breadcrumb\"},\"inLanguage\":\"es\",\"potentialAction\":[{\"@type\":\"ReadAction\",\"target\":[\"https:\/\/www.comercialanma.es\/?product=vino-gris-ecologico-75cl\"]}]},{\"@type\":\"BreadcrumbList\",\"@id\":\"https:\/\/www.comercialanma.es\/?product=vino-gris-ecologico-75cl#breadcrumb\",\"itemListElement\":[{\"@type\":\"ListItem\",\"position\":1,\"item\":{\"@type\":\"WebPage\",\"@id\":\"https:\/\/www.comercialanma.es\/\",\"url\":\"https:\/\/www.comercialanma.es\/\",\"name\":\"Portada\"}},{\"@type\":\"ListItem\",\"position\":2,\"item\":{\"@type\":\"WebPage\",\"@id\":\"https:\/\/www.comercialanma.es\/?page_id=3963\",\"url\":\"https:\/\/www.comercialanma.es\/?page_id=3963\",\"name\":\"Cat\\u00e1logo de Productos\"}},{\"@type\":\"ListItem\",\"position\":3,\"item\":{\"@type\":\"WebPage\",\"@id\":\"https:\/\/www.comercialanma.es\/?product=vino-gris-ecologico-75cl\",\"url\":\"https:\/\/www.comercialanma.es\/?product=vino-gris-ecologico-75cl\",\"name\":\"Vino Gris Ecol\\u00f3gico 75cl.\"}}]}]}<\/script>\n<!-- \/ Yoast SEO plugin. -->","_links":{"self":[{"href":"https:\/\/www.comercialanma.es\/index.php?rest_route=\/wp\/v2\/product\/14208"}],"collection":[{"href":"https:\/\/www.comercialanma.es\/index.php?rest_route=\/wp\/v2\/product"}],"about":[{"href":"https:\/\/www.comercialanma.es\/index.php?rest_route=\/wp\/v2\/types\/product"}],"version-history":[{"count":2,"href":"https:\/\/www.comercialanma.es\/index.php?rest_route=\/wp\/v2\/product\/14208\/revisions"}],"predecessor-version":[{"id":14212,"href":"https:\/\/www.comercialanma.es\/index.php?rest_route=\/wp\/v2\/product\/14208\/revisions\/14212"}],"wp:featuredmedia":[{"embeddable":true,"href":"https:\/\/www.comercialanma.es\/index.php?rest_route=\/wp\/v2\/media\/14209"}],"wp:attachment":[{"href":"https:\/\/www.comercialanma.es\/index.php?rest_route=%2Fwp%2Fv2%2Fmedia&parent=14208"}],"curies":[{"name":"wp","href":"https:\/\/api.w.org\/{rel}","templated":true}]}}