
{"id":14317,"date":"2020-12-10T17:27:26","date_gmt":"2020-12-10T16:27:26","guid":{"rendered":"https:\/\/www.comercialanma.es\/?post_type=product&#038;p=14317"},"modified":"2021-09-03T15:09:19","modified_gmt":"2021-09-03T13:09:19","slug":"nata-president-spray","status":"publish","type":"product","link":"https:\/\/www.comercialanma.es\/?product=nata-president-spray","title":{"rendered":"Nata spray Pr\u00e9sident 500gr."},"content":{"rendered":"<div class=\"tab-content\">\n<section id=\"tab3\" class=\"tab-pane page-product-box active\">\n<div class=\"suggestion-container\">\n<h2 class=\"info_text ingredients\"><span class=\"info_title\">Ingredientes:<\/span><\/h2>\n<ul>\n<li class=\"info_text ingredients\"><span class=\"info_title\">Nata ligera (91%), az\u00facar (8,5%), emulsionante: E472b, estabilizantes: E407, aroma, vainilla, gas propulsor E942.<\/span><\/li>\n<\/ul>\n<\/div>\n<\/section>\n<\/div>\n","protected":false},"excerpt":{"rendered":"<div>\n<div>La nata esterilizada UHT bajo presi\u00f3n Pr\u00e9sident Firme y Cremosa est\u00e1 elaborada a partir de leche entera.<\/div>\n<div>\n<div lang=\"es-ES\" data-md=\"61\">Enriquece tus postres con la nata montada Pr\u00e9sident, la combinaci\u00f3n de una textura \u00fanica con el sabor delicioso de una nata, ligeramente avainillada.<br \/>\nPara unos postres a\u00fan m\u00e1s golosos, a\u00f1ade un poco de coco, unas chispas de chocolate o unas virutas.<\/div>\n<div class=\"g\">\n<div class=\"rc\" data-hveid=\"CA4QAA\" data-ved=\"2ahUKEwiiqpy42MPtAhV-URUIHVgiCbMQFSgAMAF6BAgOEAA\">\n<div class=\"yuRUbf\"><\/div>\n<\/div>\n<\/div>\n<\/div>\n<div><\/div>\n<\/div>\n","protected":false},"featured_media":0,"template":"","meta":{"spay_email":""},"yoast_head":"<!-- This site is optimized with the Yoast SEO plugin v15.9 - https:\/\/yoast.com\/wordpress\/plugins\/seo\/ -->\n<title>Nata spray Pr\u00e9sident 500gr. - Comercial de Hosteleria Anma<\/title>\n<meta name=\"description\" content=\"Nata spray 500gr. La nata esterilizada UHT bajo presi\u00f3n Pr\u00e9sident Firme y Cremosa est\u00e1 elaborada a partir de leche entera.\" \/>\n<meta name=\"robots\" content=\"index, follow, max-snippet:-1, max-image-preview:large, max-video-preview:-1\" \/>\n<link rel=\"canonical\" href=\"https:\/\/www.comercialanma.es\/?product=nata-president-spray\" \/>\n<meta property=\"og:locale\" content=\"es_ES\" \/>\n<meta property=\"og:type\" content=\"article\" \/>\n<meta property=\"og:title\" content=\"Nata spray Pr\u00e9sident 500gr. - Comercial de Hosteleria Anma\" \/>\n<meta property=\"og:description\" content=\"Nata spray 500gr. La nata esterilizada UHT bajo presi\u00f3n Pr\u00e9sident Firme y Cremosa est\u00e1 elaborada a partir de leche entera.\" \/>\n<meta property=\"og:url\" content=\"https:\/\/www.comercialanma.es\/?product=nata-president-spray\" \/>\n<meta property=\"og:site_name\" content=\"Comercial de Hosteleria Anma\" \/>\n<meta property=\"article:publisher\" content=\"https:\/\/www.facebook.com\/AnmaHosteleria\" \/>\n<meta property=\"article:modified_time\" content=\"2021-09-03T13:09:19+00:00\" \/>\n<meta name=\"twitter:card\" content=\"summary_large_image\" \/>\n<script type=\"application\/ld+json\" class=\"yoast-schema-graph\">{\"@context\":\"https:\/\/schema.org\",\"@graph\":[{\"@type\":\"Organization\",\"@id\":\"https:\/\/www.comercialanma.es\/#organization\",\"name\":\"Comercial Anma\",\"url\":\"https:\/\/www.comercialanma.es\/\",\"sameAs\":[\"https:\/\/www.facebook.com\/AnmaHosteleria\",\"https:\/\/www.instagram.com\/anmahosteleria\/?hl=es\",\"https:\/\/www.youtube.com\/channel\/UCT2nmn08Ntks0hmpZPnDgCA\"],\"logo\":{\"@type\":\"ImageObject\",\"@id\":\"https:\/\/www.comercialanma.es\/#logo\",\"inLanguage\":\"es\",\"url\":\"https:\/\/i2.wp.com\/www.comercialanma.es\/wp-content\/uploads\/2019\/06\/logo-anma-color.png?fit=247%2C101&ssl=1\",\"width\":247,\"height\":101,\"caption\":\"Comercial Anma\"},\"image\":{\"@id\":\"https:\/\/www.comercialanma.es\/#logo\"}},{\"@type\":\"WebSite\",\"@id\":\"https:\/\/www.comercialanma.es\/#website\",\"url\":\"https:\/\/www.comercialanma.es\/\",\"name\":\"Comercial de Hosteleria Anma\",\"description\":\"\",\"publisher\":{\"@id\":\"https:\/\/www.comercialanma.es\/#organization\"},\"potentialAction\":[{\"@type\":\"SearchAction\",\"target\":\"https:\/\/www.comercialanma.es\/?s={search_term_string}\",\"query-input\":\"required name=search_term_string\"}],\"inLanguage\":\"es\"},{\"@type\":\"WebPage\",\"@id\":\"https:\/\/www.comercialanma.es\/?product=nata-president-spray#webpage\",\"url\":\"https:\/\/www.comercialanma.es\/?product=nata-president-spray\",\"name\":\"Nata spray Pr\\u00e9sident 500gr. - Comercial de Hosteleria Anma\",\"isPartOf\":{\"@id\":\"https:\/\/www.comercialanma.es\/#website\"},\"datePublished\":\"2020-12-10T16:27:26+00:00\",\"dateModified\":\"2021-09-03T13:09:19+00:00\",\"description\":\"Nata spray 500gr. La nata esterilizada UHT bajo presi\\u00f3n Pr\\u00e9sident Firme y Cremosa est\\u00e1 elaborada a partir de leche entera.\",\"breadcrumb\":{\"@id\":\"https:\/\/www.comercialanma.es\/?product=nata-president-spray#breadcrumb\"},\"inLanguage\":\"es\",\"potentialAction\":[{\"@type\":\"ReadAction\",\"target\":[\"https:\/\/www.comercialanma.es\/?product=nata-president-spray\"]}]},{\"@type\":\"BreadcrumbList\",\"@id\":\"https:\/\/www.comercialanma.es\/?product=nata-president-spray#breadcrumb\",\"itemListElement\":[{\"@type\":\"ListItem\",\"position\":1,\"item\":{\"@type\":\"WebPage\",\"@id\":\"https:\/\/www.comercialanma.es\/\",\"url\":\"https:\/\/www.comercialanma.es\/\",\"name\":\"Portada\"}},{\"@type\":\"ListItem\",\"position\":2,\"item\":{\"@type\":\"WebPage\",\"@id\":\"https:\/\/www.comercialanma.es\/?page_id=3963\",\"url\":\"https:\/\/www.comercialanma.es\/?page_id=3963\",\"name\":\"Cat\\u00e1logo de Productos\"}},{\"@type\":\"ListItem\",\"position\":3,\"item\":{\"@type\":\"WebPage\",\"@id\":\"https:\/\/www.comercialanma.es\/?product=nata-president-spray\",\"url\":\"https:\/\/www.comercialanma.es\/?product=nata-president-spray\",\"name\":\"Nata spray Pr\\u00e9sident 500gr.\"}}]}]}<\/script>\n<!-- \/ Yoast SEO plugin. -->","_links":{"self":[{"href":"https:\/\/www.comercialanma.es\/index.php?rest_route=\/wp\/v2\/product\/14317"}],"collection":[{"href":"https:\/\/www.comercialanma.es\/index.php?rest_route=\/wp\/v2\/product"}],"about":[{"href":"https:\/\/www.comercialanma.es\/index.php?rest_route=\/wp\/v2\/types\/product"}],"version-history":[{"count":2,"href":"https:\/\/www.comercialanma.es\/index.php?rest_route=\/wp\/v2\/product\/14317\/revisions"}],"predecessor-version":[{"id":14320,"href":"https:\/\/www.comercialanma.es\/index.php?rest_route=\/wp\/v2\/product\/14317\/revisions\/14320"}],"wp:attachment":[{"href":"https:\/\/www.comercialanma.es\/index.php?rest_route=%2Fwp%2Fv2%2Fmedia&parent=14317"}],"curies":[{"name":"wp","href":"https:\/\/api.w.org\/{rel}","templated":true}]}}