
{"id":14330,"date":"2020-12-11T10:54:30","date_gmt":"2020-12-11T09:54:30","guid":{"rendered":"https:\/\/www.comercialanma.es\/?post_type=product&#038;p=14330"},"modified":"2020-12-11T11:08:16","modified_gmt":"2020-12-11T10:08:16","slug":"nata-montar-reny-35","status":"publish","type":"product","link":"https:\/\/www.comercialanma.es\/?product=nata-montar-reny-35","title":{"rendered":"Nata UHT Reny Picot 35,1% MG  montar 1L."},"content":{"rendered":"<div class=\"tab-content\">\n<section id=\"tab3\" class=\"tab-pane page-product-box active\">\n<div class=\"suggestion-container\">\n<h2 class=\"info_text ingredients\"><span class=\"info_title\">Descripci\u00f3n:<\/span><\/h2>\n<ul>\n<li>La cremosidad de la nata Reny Picot la convierte en ideal para montar.<\/li>\n<li>Tiene todas las cualidades para conseguir un montado firme y estable que acompa\u00f1e todo tipo de deliciosos postres.<\/li>\n<li>Para obtener un buen resultado, la nata debe estar a una temperatura inferior a 5\u00baC.<\/li>\n<li>Es ideal para restauraci\u00f3n y presentado en formato de 1Litro.<\/li>\n<\/ul>\n<\/div>\n<\/section>\n<\/div>\n","protected":false},"excerpt":{"rendered":"<div>\n<p>La nata es un producto l\u00e1cteo rico en materia grasa que se obtiene al separarla de la leche de origen animal. Seg\u00fan la legislaci\u00f3n alimentaria, se llamar\u00e1 nata a aquella que proceda exclusivamente de la leche de vaca como la que elaboramos en Reny Picot. Si procede de otro animal como cabra u oveja, se mencionar\u00e1 el t\u00e9rmino de nata y posteriormente hay que nombrar del animal que proceda.<\/p>\n<div><\/div>\n<\/div>\n","protected":false},"featured_media":14331,"template":"","meta":{"spay_email":""},"yoast_head":"<!-- This site is optimized with the Yoast SEO plugin v15.9 - https:\/\/yoast.com\/wordpress\/plugins\/seo\/ -->\n<title>Nata UHT Reny Picot 35,1% MG montar 1L. - Comercial de Hosteleria Anma<\/title>\n<meta name=\"description\" content=\"La cremosidad de la nata Reny Picot la convierte en ideal para montar.Tiene todas las cualidades para conseguir un montado firme.\" \/>\n<meta name=\"robots\" content=\"index, follow, max-snippet:-1, max-image-preview:large, max-video-preview:-1\" \/>\n<link rel=\"canonical\" href=\"https:\/\/www.comercialanma.es\/?product=nata-montar-reny-35\" \/>\n<meta property=\"og:locale\" content=\"es_ES\" \/>\n<meta property=\"og:type\" content=\"article\" \/>\n<meta property=\"og:title\" content=\"Nata UHT Reny Picot 35,1% MG montar 1L. - Comercial de Hosteleria Anma\" \/>\n<meta property=\"og:description\" content=\"La cremosidad de la nata Reny Picot la convierte en ideal para montar.Tiene todas las cualidades para conseguir un montado firme.\" \/>\n<meta property=\"og:url\" content=\"https:\/\/www.comercialanma.es\/?product=nata-montar-reny-35\" \/>\n<meta property=\"og:site_name\" content=\"Comercial de Hosteleria Anma\" \/>\n<meta property=\"article:publisher\" content=\"https:\/\/www.facebook.com\/AnmaHosteleria\" \/>\n<meta property=\"article:modified_time\" content=\"2020-12-11T10:08:16+00:00\" \/>\n<meta property=\"og:image\" content=\"https:\/\/i2.wp.com\/www.comercialanma.es\/wp-content\/uploads\/2020\/12\/Nata-reny-35-montar.jpg?fit=1080%2C1080&#038;ssl=1\" \/>\n\t<meta property=\"og:image:width\" content=\"1080\" \/>\n\t<meta property=\"og:image:height\" content=\"1080\" \/>\n<meta name=\"twitter:card\" content=\"summary_large_image\" \/>\n<script type=\"application\/ld+json\" class=\"yoast-schema-graph\">{\"@context\":\"https:\/\/schema.org\",\"@graph\":[{\"@type\":\"Organization\",\"@id\":\"https:\/\/www.comercialanma.es\/#organization\",\"name\":\"Comercial Anma\",\"url\":\"https:\/\/www.comercialanma.es\/\",\"sameAs\":[\"https:\/\/www.facebook.com\/AnmaHosteleria\",\"https:\/\/www.instagram.com\/anmahosteleria\/?hl=es\",\"https:\/\/www.youtube.com\/channel\/UCT2nmn08Ntks0hmpZPnDgCA\"],\"logo\":{\"@type\":\"ImageObject\",\"@id\":\"https:\/\/www.comercialanma.es\/#logo\",\"inLanguage\":\"es\",\"url\":\"https:\/\/i2.wp.com\/www.comercialanma.es\/wp-content\/uploads\/2019\/06\/logo-anma-color.png?fit=247%2C101&ssl=1\",\"width\":247,\"height\":101,\"caption\":\"Comercial Anma\"},\"image\":{\"@id\":\"https:\/\/www.comercialanma.es\/#logo\"}},{\"@type\":\"WebSite\",\"@id\":\"https:\/\/www.comercialanma.es\/#website\",\"url\":\"https:\/\/www.comercialanma.es\/\",\"name\":\"Comercial de Hosteleria Anma\",\"description\":\"\",\"publisher\":{\"@id\":\"https:\/\/www.comercialanma.es\/#organization\"},\"potentialAction\":[{\"@type\":\"SearchAction\",\"target\":\"https:\/\/www.comercialanma.es\/?s={search_term_string}\",\"query-input\":\"required name=search_term_string\"}],\"inLanguage\":\"es\"},{\"@type\":\"ImageObject\",\"@id\":\"https:\/\/www.comercialanma.es\/?product=nata-montar-reny-35#primaryimage\",\"inLanguage\":\"es\",\"url\":\"https:\/\/i2.wp.com\/www.comercialanma.es\/wp-content\/uploads\/2020\/12\/Nata-reny-35-montar.jpg?fit=1080%2C1080&ssl=1\",\"width\":1080,\"height\":1080},{\"@type\":\"WebPage\",\"@id\":\"https:\/\/www.comercialanma.es\/?product=nata-montar-reny-35#webpage\",\"url\":\"https:\/\/www.comercialanma.es\/?product=nata-montar-reny-35\",\"name\":\"Nata UHT Reny Picot 35,1% MG montar 1L. - Comercial de Hosteleria Anma\",\"isPartOf\":{\"@id\":\"https:\/\/www.comercialanma.es\/#website\"},\"primaryImageOfPage\":{\"@id\":\"https:\/\/www.comercialanma.es\/?product=nata-montar-reny-35#primaryimage\"},\"datePublished\":\"2020-12-11T09:54:30+00:00\",\"dateModified\":\"2020-12-11T10:08:16+00:00\",\"description\":\"La cremosidad de la nata Reny Picot la convierte en ideal para montar.Tiene todas las cualidades para conseguir un montado firme.\",\"breadcrumb\":{\"@id\":\"https:\/\/www.comercialanma.es\/?product=nata-montar-reny-35#breadcrumb\"},\"inLanguage\":\"es\",\"potentialAction\":[{\"@type\":\"ReadAction\",\"target\":[\"https:\/\/www.comercialanma.es\/?product=nata-montar-reny-35\"]}]},{\"@type\":\"BreadcrumbList\",\"@id\":\"https:\/\/www.comercialanma.es\/?product=nata-montar-reny-35#breadcrumb\",\"itemListElement\":[{\"@type\":\"ListItem\",\"position\":1,\"item\":{\"@type\":\"WebPage\",\"@id\":\"https:\/\/www.comercialanma.es\/\",\"url\":\"https:\/\/www.comercialanma.es\/\",\"name\":\"Portada\"}},{\"@type\":\"ListItem\",\"position\":2,\"item\":{\"@type\":\"WebPage\",\"@id\":\"https:\/\/www.comercialanma.es\/?page_id=3963\",\"url\":\"https:\/\/www.comercialanma.es\/?page_id=3963\",\"name\":\"Cat\\u00e1logo de Productos\"}},{\"@type\":\"ListItem\",\"position\":3,\"item\":{\"@type\":\"WebPage\",\"@id\":\"https:\/\/www.comercialanma.es\/?product=nata-montar-reny-35\",\"url\":\"https:\/\/www.comercialanma.es\/?product=nata-montar-reny-35\",\"name\":\"Nata UHT Reny Picot 35,1% MG montar 1L.\"}}]}]}<\/script>\n<!-- \/ Yoast SEO plugin. -->","_links":{"self":[{"href":"https:\/\/www.comercialanma.es\/index.php?rest_route=\/wp\/v2\/product\/14330"}],"collection":[{"href":"https:\/\/www.comercialanma.es\/index.php?rest_route=\/wp\/v2\/product"}],"about":[{"href":"https:\/\/www.comercialanma.es\/index.php?rest_route=\/wp\/v2\/types\/product"}],"version-history":[{"count":1,"href":"https:\/\/www.comercialanma.es\/index.php?rest_route=\/wp\/v2\/product\/14330\/revisions"}],"predecessor-version":[{"id":14333,"href":"https:\/\/www.comercialanma.es\/index.php?rest_route=\/wp\/v2\/product\/14330\/revisions\/14333"}],"wp:featuredmedia":[{"embeddable":true,"href":"https:\/\/www.comercialanma.es\/index.php?rest_route=\/wp\/v2\/media\/14331"}],"wp:attachment":[{"href":"https:\/\/www.comercialanma.es\/index.php?rest_route=%2Fwp%2Fv2%2Fmedia&parent=14330"}],"curies":[{"name":"wp","href":"https:\/\/api.w.org\/{rel}","templated":true}]}}