
{"id":14435,"date":"2020-12-14T11:18:50","date_gmt":"2020-12-14T10:18:50","guid":{"rendered":"https:\/\/www.comercialanma.es\/?post_type=product&#038;p=14435"},"modified":"2020-12-14T11:21:09","modified_gmt":"2020-12-14T10:21:09","slug":"rovellon-trozos-urdet-500gr","status":"publish","type":"product","link":"https:\/\/www.comercialanma.es\/?product=rovellon-trozos-urdet-500gr","title":{"rendered":"Rovell\u00f3n Cap d\u00b4 Urdet trozos 500gr."},"content":{"rendered":"<h3>Ingredientes:<\/h3>\n<p>Setas, agua, sal y c\u00edtrico.<\/p>\n<p>&nbsp;<\/p>\n","protected":false},"excerpt":{"rendered":"<p>Es la seta por excelencia en Catalu\u00f1a, incorporada a todo tipo de platos y con un vast\u00edsimo recetario por lo que es muy apreciada en gastronom\u00eda.<\/p>\n<p>El sombrero de forma redondeada y tonalidades. En su juventud el sombrero se encuentra enrollado por sus bordes y conforme envejece se aplana para evolucionar a forma embudada. Su pie es ahuecado y corto, m\u00e1s o menos cil\u00edndrico o estrechado un poco en la base. Es del color del sombrero pero m\u00e1s p\u00e1lido.<\/p>\n<p>Con un aroma singular pero escaso y de forma que carece de uniformidad. Su carne es densa y compacta, con olor suave y dulz\u00f3n. El sabor en crudo es algo amargoso al final.<\/p>\n<p>Crece en pinares y bosques mixtos, aflora en oto\u00f1o.<\/p>\n","protected":false},"featured_media":14436,"template":"","meta":{"spay_email":""},"yoast_head":"<!-- This site is optimized with the Yoast SEO plugin v15.9 - https:\/\/yoast.com\/wordpress\/plugins\/seo\/ -->\n<title>Rovell\u00f3n Cap d\u00b4 Urdet trozos 500gr. - Comercial de Hosteleria Anma<\/title>\n<meta name=\"description\" content=\"Es la seta por excelencia en Catalu\u00f1a, incorporada a todo tipo de platos y con un vast\u00edsimo recetario. Envase 500gr.\" \/>\n<meta name=\"robots\" content=\"index, follow, max-snippet:-1, max-image-preview:large, max-video-preview:-1\" \/>\n<link rel=\"canonical\" href=\"https:\/\/www.comercialanma.es\/?product=rovellon-trozos-urdet-500gr\" \/>\n<meta property=\"og:locale\" content=\"es_ES\" \/>\n<meta property=\"og:type\" content=\"article\" \/>\n<meta property=\"og:title\" content=\"Rovell\u00f3n Cap d\u00b4 Urdet trozos 500gr. - Comercial de Hosteleria Anma\" \/>\n<meta property=\"og:description\" content=\"Es la seta por excelencia en Catalu\u00f1a, incorporada a todo tipo de platos y con un vast\u00edsimo recetario. Envase 500gr.\" \/>\n<meta property=\"og:url\" content=\"https:\/\/www.comercialanma.es\/?product=rovellon-trozos-urdet-500gr\" \/>\n<meta property=\"og:site_name\" content=\"Comercial de Hosteleria Anma\" \/>\n<meta property=\"article:publisher\" content=\"https:\/\/www.facebook.com\/AnmaHosteleria\" \/>\n<meta property=\"article:modified_time\" content=\"2020-12-14T10:21:09+00:00\" \/>\n<meta property=\"og:image\" content=\"https:\/\/i0.wp.com\/www.comercialanma.es\/wp-content\/uploads\/2020\/12\/Rovellon-trozos-cap-urdet-500.jpg?fit=1080%2C1080&#038;ssl=1\" \/>\n\t<meta property=\"og:image:width\" content=\"1080\" \/>\n\t<meta property=\"og:image:height\" content=\"1080\" \/>\n<meta name=\"twitter:card\" content=\"summary_large_image\" \/>\n<script type=\"application\/ld+json\" class=\"yoast-schema-graph\">{\"@context\":\"https:\/\/schema.org\",\"@graph\":[{\"@type\":\"Organization\",\"@id\":\"https:\/\/www.comercialanma.es\/#organization\",\"name\":\"Comercial Anma\",\"url\":\"https:\/\/www.comercialanma.es\/\",\"sameAs\":[\"https:\/\/www.facebook.com\/AnmaHosteleria\",\"https:\/\/www.instagram.com\/anmahosteleria\/?hl=es\",\"https:\/\/www.youtube.com\/channel\/UCT2nmn08Ntks0hmpZPnDgCA\"],\"logo\":{\"@type\":\"ImageObject\",\"@id\":\"https:\/\/www.comercialanma.es\/#logo\",\"inLanguage\":\"es\",\"url\":\"https:\/\/i2.wp.com\/www.comercialanma.es\/wp-content\/uploads\/2019\/06\/logo-anma-color.png?fit=247%2C101&ssl=1\",\"width\":247,\"height\":101,\"caption\":\"Comercial Anma\"},\"image\":{\"@id\":\"https:\/\/www.comercialanma.es\/#logo\"}},{\"@type\":\"WebSite\",\"@id\":\"https:\/\/www.comercialanma.es\/#website\",\"url\":\"https:\/\/www.comercialanma.es\/\",\"name\":\"Comercial de Hosteleria Anma\",\"description\":\"\",\"publisher\":{\"@id\":\"https:\/\/www.comercialanma.es\/#organization\"},\"potentialAction\":[{\"@type\":\"SearchAction\",\"target\":\"https:\/\/www.comercialanma.es\/?s={search_term_string}\",\"query-input\":\"required name=search_term_string\"}],\"inLanguage\":\"es\"},{\"@type\":\"ImageObject\",\"@id\":\"https:\/\/www.comercialanma.es\/?product=rovellon-trozos-urdet-500gr#primaryimage\",\"inLanguage\":\"es\",\"url\":\"https:\/\/i0.wp.com\/www.comercialanma.es\/wp-content\/uploads\/2020\/12\/Rovellon-trozos-cap-urdet-500.jpg?fit=1080%2C1080&ssl=1\",\"width\":1080,\"height\":1080},{\"@type\":\"WebPage\",\"@id\":\"https:\/\/www.comercialanma.es\/?product=rovellon-trozos-urdet-500gr#webpage\",\"url\":\"https:\/\/www.comercialanma.es\/?product=rovellon-trozos-urdet-500gr\",\"name\":\"Rovell\\u00f3n Cap d\\u00b4 Urdet trozos 500gr. - Comercial de Hosteleria Anma\",\"isPartOf\":{\"@id\":\"https:\/\/www.comercialanma.es\/#website\"},\"primaryImageOfPage\":{\"@id\":\"https:\/\/www.comercialanma.es\/?product=rovellon-trozos-urdet-500gr#primaryimage\"},\"datePublished\":\"2020-12-14T10:18:50+00:00\",\"dateModified\":\"2020-12-14T10:21:09+00:00\",\"description\":\"Es la seta por excelencia en Catalu\\u00f1a, incorporada a todo tipo de platos y con un vast\\u00edsimo recetario. Envase 500gr.\",\"breadcrumb\":{\"@id\":\"https:\/\/www.comercialanma.es\/?product=rovellon-trozos-urdet-500gr#breadcrumb\"},\"inLanguage\":\"es\",\"potentialAction\":[{\"@type\":\"ReadAction\",\"target\":[\"https:\/\/www.comercialanma.es\/?product=rovellon-trozos-urdet-500gr\"]}]},{\"@type\":\"BreadcrumbList\",\"@id\":\"https:\/\/www.comercialanma.es\/?product=rovellon-trozos-urdet-500gr#breadcrumb\",\"itemListElement\":[{\"@type\":\"ListItem\",\"position\":1,\"item\":{\"@type\":\"WebPage\",\"@id\":\"https:\/\/www.comercialanma.es\/\",\"url\":\"https:\/\/www.comercialanma.es\/\",\"name\":\"Portada\"}},{\"@type\":\"ListItem\",\"position\":2,\"item\":{\"@type\":\"WebPage\",\"@id\":\"https:\/\/www.comercialanma.es\/?page_id=3963\",\"url\":\"https:\/\/www.comercialanma.es\/?page_id=3963\",\"name\":\"Cat\\u00e1logo de Productos\"}},{\"@type\":\"ListItem\",\"position\":3,\"item\":{\"@type\":\"WebPage\",\"@id\":\"https:\/\/www.comercialanma.es\/?product=rovellon-trozos-urdet-500gr\",\"url\":\"https:\/\/www.comercialanma.es\/?product=rovellon-trozos-urdet-500gr\",\"name\":\"Rovell\\u00f3n Cap d\\u00b4 Urdet trozos 500gr.\"}}]}]}<\/script>\n<!-- \/ Yoast SEO plugin. -->","_links":{"self":[{"href":"https:\/\/www.comercialanma.es\/index.php?rest_route=\/wp\/v2\/product\/14435"}],"collection":[{"href":"https:\/\/www.comercialanma.es\/index.php?rest_route=\/wp\/v2\/product"}],"about":[{"href":"https:\/\/www.comercialanma.es\/index.php?rest_route=\/wp\/v2\/types\/product"}],"version-history":[{"count":1,"href":"https:\/\/www.comercialanma.es\/index.php?rest_route=\/wp\/v2\/product\/14435\/revisions"}],"predecessor-version":[{"id":14437,"href":"https:\/\/www.comercialanma.es\/index.php?rest_route=\/wp\/v2\/product\/14435\/revisions\/14437"}],"wp:featuredmedia":[{"embeddable":true,"href":"https:\/\/www.comercialanma.es\/index.php?rest_route=\/wp\/v2\/media\/14436"}],"wp:attachment":[{"href":"https:\/\/www.comercialanma.es\/index.php?rest_route=%2Fwp%2Fv2%2Fmedia&parent=14435"}],"curies":[{"name":"wp","href":"https:\/\/api.w.org\/{rel}","templated":true}]}}