
{"id":14445,"date":"2020-12-14T11:39:07","date_gmt":"2020-12-14T10:39:07","guid":{"rendered":"https:\/\/www.comercialanma.es\/?post_type=product&#038;p=14445"},"modified":"2020-12-14T11:40:33","modified_gmt":"2020-12-14T10:40:33","slug":"combinado-de-setas-cap-durdet-3kg","status":"publish","type":"product","link":"https:\/\/www.comercialanma.es\/?product=combinado-de-setas-cap-durdet-3kg","title":{"rendered":"Combinado de setas Cap d\u00b4Urdet 3Kg."},"content":{"rendered":"<h3>Ingredientes:<\/h3>\n<p><span class=\"s1\">N\u00edscalo, g\u00edrgola, llenega rosa, stropharia, shiitake, agua, sal y c\u00edtricos.<\/span><\/p>\n<p>&nbsp;<\/p>\n","protected":false},"excerpt":{"rendered":"<p>Combinado de\u00a0de 5 setas: N\u00edscalo (<em>lactarius deliciosus<\/em>), g\u00edrgola (<em>pleurotus ostreatus<\/em>), llenega rossa (<em>pholiota nameko<\/em>), <em>stropharia<\/em>, y shiitake (<em>lentinus edodes<\/em>).<\/p>\n<p>Producto seleccionado a mano y procesado artesanalmente.<\/p>\n","protected":false},"featured_media":14446,"template":"","meta":{"spay_email":""},"yoast_head":"<!-- This site is optimized with the Yoast SEO plugin v15.9 - https:\/\/yoast.com\/wordpress\/plugins\/seo\/ -->\n<title>Combinado de setas Cap d\u00b4Urdet 3Kg. - Comercial de Hosteleria Anma<\/title>\n<meta name=\"description\" content=\"Combinado de setas Cap d\u00b4Urdet. Envase 3Kg. Lata. Combinado de de 5 setas: N\u00edscalo, g\u00edrgola, llenega rossa, stropharia, y shiitake.\" \/>\n<meta name=\"robots\" content=\"index, follow, max-snippet:-1, max-image-preview:large, max-video-preview:-1\" \/>\n<link rel=\"canonical\" href=\"https:\/\/www.comercialanma.es\/?product=combinado-de-setas-cap-durdet-3kg\" \/>\n<meta property=\"og:locale\" content=\"es_ES\" \/>\n<meta property=\"og:type\" content=\"article\" \/>\n<meta property=\"og:title\" content=\"Combinado de setas Cap d\u00b4Urdet 3Kg. - Comercial de Hosteleria Anma\" \/>\n<meta property=\"og:description\" content=\"Combinado de setas Cap d\u00b4Urdet. Envase 3Kg. Lata. Combinado de de 5 setas: N\u00edscalo, g\u00edrgola, llenega rossa, stropharia, y shiitake.\" \/>\n<meta property=\"og:url\" content=\"https:\/\/www.comercialanma.es\/?product=combinado-de-setas-cap-durdet-3kg\" \/>\n<meta property=\"og:site_name\" content=\"Comercial de Hosteleria Anma\" \/>\n<meta property=\"article:publisher\" content=\"https:\/\/www.facebook.com\/AnmaHosteleria\" \/>\n<meta property=\"article:modified_time\" content=\"2020-12-14T10:40:33+00:00\" \/>\n<meta property=\"og:image\" content=\"https:\/\/i2.wp.com\/www.comercialanma.es\/wp-content\/uploads\/2020\/12\/Bolet-barreja-urdet-3kg.jpg?fit=1080%2C1080&#038;ssl=1\" \/>\n\t<meta property=\"og:image:width\" content=\"1080\" \/>\n\t<meta property=\"og:image:height\" content=\"1080\" \/>\n<meta name=\"twitter:card\" content=\"summary_large_image\" \/>\n<script type=\"application\/ld+json\" class=\"yoast-schema-graph\">{\"@context\":\"https:\/\/schema.org\",\"@graph\":[{\"@type\":\"Organization\",\"@id\":\"https:\/\/www.comercialanma.es\/#organization\",\"name\":\"Comercial Anma\",\"url\":\"https:\/\/www.comercialanma.es\/\",\"sameAs\":[\"https:\/\/www.facebook.com\/AnmaHosteleria\",\"https:\/\/www.instagram.com\/anmahosteleria\/?hl=es\",\"https:\/\/www.youtube.com\/channel\/UCT2nmn08Ntks0hmpZPnDgCA\"],\"logo\":{\"@type\":\"ImageObject\",\"@id\":\"https:\/\/www.comercialanma.es\/#logo\",\"inLanguage\":\"es\",\"url\":\"https:\/\/i2.wp.com\/www.comercialanma.es\/wp-content\/uploads\/2019\/06\/logo-anma-color.png?fit=247%2C101&ssl=1\",\"width\":247,\"height\":101,\"caption\":\"Comercial Anma\"},\"image\":{\"@id\":\"https:\/\/www.comercialanma.es\/#logo\"}},{\"@type\":\"WebSite\",\"@id\":\"https:\/\/www.comercialanma.es\/#website\",\"url\":\"https:\/\/www.comercialanma.es\/\",\"name\":\"Comercial de Hosteleria Anma\",\"description\":\"\",\"publisher\":{\"@id\":\"https:\/\/www.comercialanma.es\/#organization\"},\"potentialAction\":[{\"@type\":\"SearchAction\",\"target\":\"https:\/\/www.comercialanma.es\/?s={search_term_string}\",\"query-input\":\"required name=search_term_string\"}],\"inLanguage\":\"es\"},{\"@type\":\"ImageObject\",\"@id\":\"https:\/\/www.comercialanma.es\/?product=combinado-de-setas-cap-durdet-3kg#primaryimage\",\"inLanguage\":\"es\",\"url\":\"https:\/\/i2.wp.com\/www.comercialanma.es\/wp-content\/uploads\/2020\/12\/Bolet-barreja-urdet-3kg.jpg?fit=1080%2C1080&ssl=1\",\"width\":1080,\"height\":1080},{\"@type\":\"WebPage\",\"@id\":\"https:\/\/www.comercialanma.es\/?product=combinado-de-setas-cap-durdet-3kg#webpage\",\"url\":\"https:\/\/www.comercialanma.es\/?product=combinado-de-setas-cap-durdet-3kg\",\"name\":\"Combinado de setas Cap d\\u00b4Urdet 3Kg. - Comercial de Hosteleria Anma\",\"isPartOf\":{\"@id\":\"https:\/\/www.comercialanma.es\/#website\"},\"primaryImageOfPage\":{\"@id\":\"https:\/\/www.comercialanma.es\/?product=combinado-de-setas-cap-durdet-3kg#primaryimage\"},\"datePublished\":\"2020-12-14T10:39:07+00:00\",\"dateModified\":\"2020-12-14T10:40:33+00:00\",\"description\":\"Combinado de setas Cap d\\u00b4Urdet. Envase 3Kg. Lata. Combinado de de 5 setas: N\\u00edscalo, g\\u00edrgola, llenega rossa, stropharia, y shiitake.\",\"breadcrumb\":{\"@id\":\"https:\/\/www.comercialanma.es\/?product=combinado-de-setas-cap-durdet-3kg#breadcrumb\"},\"inLanguage\":\"es\",\"potentialAction\":[{\"@type\":\"ReadAction\",\"target\":[\"https:\/\/www.comercialanma.es\/?product=combinado-de-setas-cap-durdet-3kg\"]}]},{\"@type\":\"BreadcrumbList\",\"@id\":\"https:\/\/www.comercialanma.es\/?product=combinado-de-setas-cap-durdet-3kg#breadcrumb\",\"itemListElement\":[{\"@type\":\"ListItem\",\"position\":1,\"item\":{\"@type\":\"WebPage\",\"@id\":\"https:\/\/www.comercialanma.es\/\",\"url\":\"https:\/\/www.comercialanma.es\/\",\"name\":\"Portada\"}},{\"@type\":\"ListItem\",\"position\":2,\"item\":{\"@type\":\"WebPage\",\"@id\":\"https:\/\/www.comercialanma.es\/?page_id=3963\",\"url\":\"https:\/\/www.comercialanma.es\/?page_id=3963\",\"name\":\"Cat\\u00e1logo de Productos\"}},{\"@type\":\"ListItem\",\"position\":3,\"item\":{\"@type\":\"WebPage\",\"@id\":\"https:\/\/www.comercialanma.es\/?product=combinado-de-setas-cap-durdet-3kg\",\"url\":\"https:\/\/www.comercialanma.es\/?product=combinado-de-setas-cap-durdet-3kg\",\"name\":\"Combinado de setas Cap d\\u00b4Urdet 3Kg.\"}}]}]}<\/script>\n<!-- \/ Yoast SEO plugin. -->","_links":{"self":[{"href":"https:\/\/www.comercialanma.es\/index.php?rest_route=\/wp\/v2\/product\/14445"}],"collection":[{"href":"https:\/\/www.comercialanma.es\/index.php?rest_route=\/wp\/v2\/product"}],"about":[{"href":"https:\/\/www.comercialanma.es\/index.php?rest_route=\/wp\/v2\/types\/product"}],"version-history":[{"count":1,"href":"https:\/\/www.comercialanma.es\/index.php?rest_route=\/wp\/v2\/product\/14445\/revisions"}],"predecessor-version":[{"id":14447,"href":"https:\/\/www.comercialanma.es\/index.php?rest_route=\/wp\/v2\/product\/14445\/revisions\/14447"}],"wp:featuredmedia":[{"embeddable":true,"href":"https:\/\/www.comercialanma.es\/index.php?rest_route=\/wp\/v2\/media\/14446"}],"wp:attachment":[{"href":"https:\/\/www.comercialanma.es\/index.php?rest_route=%2Fwp%2Fv2%2Fmedia&parent=14445"}],"curies":[{"name":"wp","href":"https:\/\/api.w.org\/{rel}","templated":true}]}}