
{"id":14475,"date":"2020-12-15T10:38:32","date_gmt":"2020-12-15T09:38:32","guid":{"rendered":"https:\/\/www.comercialanma.es\/?post_type=product&#038;p=14475"},"modified":"2023-09-28T17:47:43","modified_gmt":"2023-09-28T15:47:43","slug":"esparrafos-5-frutos-huerto-de-sabor","status":"publish","type":"product","link":"https:\/\/www.comercialanma.es\/?product=esparrafos-5-frutos-huerto-de-sabor","title":{"rendered":"Esp\u00e1rragos 5 Frutos Huerto de Sabor"},"content":{"rendered":"<h3>Ingredientes:<\/h3>\n<p><span class=\"s1\">Esparrago, agua, sal y \u00e1cido c\u00edtrico.<\/span><\/p>\n<p>&nbsp;<\/p>\n","protected":false},"excerpt":{"rendered":"<p>Cinco esp\u00e1rragos de tama\u00f1o muy grueso de Denominaci\u00f3n origen Navarra. Baigorri es una empresa familiar con cuatro generaciones dedicadas a los productos m\u00e1s emblem\u00e1ticos de Navarra, como los esp\u00e1rragos, los pimientos y las alcachofas.<\/p>\n","protected":false},"featured_media":22792,"template":"","meta":{"spay_email":""},"yoast_head":"<!-- This site is optimized with the Yoast SEO plugin v15.9 - https:\/\/yoast.com\/wordpress\/plugins\/seo\/ -->\n<title>Esp\u00e1rragos 5 Frutos Huerto de Sabor - Comercial de Hosteleria Anma<\/title>\n<meta name=\"description\" content=\"Esp\u00e1rragos 5 Frutos | Huerto de Sabor | Cinco esp\u00e1rragos de tama\u00f1o muy grueso de Denominaci\u00f3n origen Navarra.\" \/>\n<meta name=\"robots\" content=\"index, follow, max-snippet:-1, max-image-preview:large, max-video-preview:-1\" \/>\n<link rel=\"canonical\" href=\"https:\/\/www.comercialanma.es\/?product=esparrafos-5-frutos-huerto-de-sabor\" \/>\n<meta property=\"og:locale\" content=\"es_ES\" \/>\n<meta property=\"og:type\" content=\"article\" \/>\n<meta property=\"og:title\" content=\"Esp\u00e1rragos 5 Frutos Huerto de Sabor - Comercial de Hosteleria Anma\" \/>\n<meta property=\"og:description\" content=\"Esp\u00e1rragos 5 Frutos | Huerto de Sabor | Cinco esp\u00e1rragos de tama\u00f1o muy grueso de Denominaci\u00f3n origen Navarra.\" \/>\n<meta property=\"og:url\" content=\"https:\/\/www.comercialanma.es\/?product=esparrafos-5-frutos-huerto-de-sabor\" \/>\n<meta property=\"og:site_name\" content=\"Comercial de Hosteleria Anma\" \/>\n<meta property=\"article:publisher\" content=\"https:\/\/www.facebook.com\/AnmaHosteleria\" \/>\n<meta property=\"article:modified_time\" content=\"2023-09-28T15:47:43+00:00\" \/>\n<meta property=\"og:image\" content=\"https:\/\/i0.wp.com\/www.comercialanma.es\/wp-content\/uploads\/2020\/12\/Esparragos-huerto-de-sabor-5-frutos.jpg?fit=1080%2C1080&#038;ssl=1\" \/>\n\t<meta property=\"og:image:width\" content=\"1080\" \/>\n\t<meta property=\"og:image:height\" content=\"1080\" \/>\n<meta name=\"twitter:card\" content=\"summary_large_image\" \/>\n<script type=\"application\/ld+json\" class=\"yoast-schema-graph\">{\"@context\":\"https:\/\/schema.org\",\"@graph\":[{\"@type\":\"Organization\",\"@id\":\"https:\/\/www.comercialanma.es\/#organization\",\"name\":\"Comercial Anma\",\"url\":\"https:\/\/www.comercialanma.es\/\",\"sameAs\":[\"https:\/\/www.facebook.com\/AnmaHosteleria\",\"https:\/\/www.instagram.com\/anmahosteleria\/?hl=es\",\"https:\/\/www.youtube.com\/channel\/UCT2nmn08Ntks0hmpZPnDgCA\"],\"logo\":{\"@type\":\"ImageObject\",\"@id\":\"https:\/\/www.comercialanma.es\/#logo\",\"inLanguage\":\"es\",\"url\":\"https:\/\/i2.wp.com\/www.comercialanma.es\/wp-content\/uploads\/2019\/06\/logo-anma-color.png?fit=247%2C101&ssl=1\",\"width\":247,\"height\":101,\"caption\":\"Comercial Anma\"},\"image\":{\"@id\":\"https:\/\/www.comercialanma.es\/#logo\"}},{\"@type\":\"WebSite\",\"@id\":\"https:\/\/www.comercialanma.es\/#website\",\"url\":\"https:\/\/www.comercialanma.es\/\",\"name\":\"Comercial de Hosteleria Anma\",\"description\":\"\",\"publisher\":{\"@id\":\"https:\/\/www.comercialanma.es\/#organization\"},\"potentialAction\":[{\"@type\":\"SearchAction\",\"target\":\"https:\/\/www.comercialanma.es\/?s={search_term_string}\",\"query-input\":\"required name=search_term_string\"}],\"inLanguage\":\"es\"},{\"@type\":\"ImageObject\",\"@id\":\"https:\/\/www.comercialanma.es\/?product=esparrafos-5-frutos-huerto-de-sabor#primaryimage\",\"inLanguage\":\"es\",\"url\":\"https:\/\/i0.wp.com\/www.comercialanma.es\/wp-content\/uploads\/2020\/12\/Esparragos-huerto-de-sabor-5-frutos.jpg?fit=1080%2C1080&ssl=1\",\"width\":1080,\"height\":1080},{\"@type\":\"WebPage\",\"@id\":\"https:\/\/www.comercialanma.es\/?product=esparrafos-5-frutos-huerto-de-sabor#webpage\",\"url\":\"https:\/\/www.comercialanma.es\/?product=esparrafos-5-frutos-huerto-de-sabor\",\"name\":\"Esp\\u00e1rragos 5 Frutos Huerto de Sabor - Comercial de Hosteleria Anma\",\"isPartOf\":{\"@id\":\"https:\/\/www.comercialanma.es\/#website\"},\"primaryImageOfPage\":{\"@id\":\"https:\/\/www.comercialanma.es\/?product=esparrafos-5-frutos-huerto-de-sabor#primaryimage\"},\"datePublished\":\"2020-12-15T09:38:32+00:00\",\"dateModified\":\"2023-09-28T15:47:43+00:00\",\"description\":\"Esp\\u00e1rragos 5 Frutos | Huerto de Sabor | Cinco esp\\u00e1rragos de tama\\u00f1o muy grueso de Denominaci\\u00f3n origen Navarra.\",\"breadcrumb\":{\"@id\":\"https:\/\/www.comercialanma.es\/?product=esparrafos-5-frutos-huerto-de-sabor#breadcrumb\"},\"inLanguage\":\"es\",\"potentialAction\":[{\"@type\":\"ReadAction\",\"target\":[\"https:\/\/www.comercialanma.es\/?product=esparrafos-5-frutos-huerto-de-sabor\"]}]},{\"@type\":\"BreadcrumbList\",\"@id\":\"https:\/\/www.comercialanma.es\/?product=esparrafos-5-frutos-huerto-de-sabor#breadcrumb\",\"itemListElement\":[{\"@type\":\"ListItem\",\"position\":1,\"item\":{\"@type\":\"WebPage\",\"@id\":\"https:\/\/www.comercialanma.es\/\",\"url\":\"https:\/\/www.comercialanma.es\/\",\"name\":\"Portada\"}},{\"@type\":\"ListItem\",\"position\":2,\"item\":{\"@type\":\"WebPage\",\"@id\":\"https:\/\/www.comercialanma.es\/?page_id=3963\",\"url\":\"https:\/\/www.comercialanma.es\/?page_id=3963\",\"name\":\"Cat\\u00e1logo de Productos\"}},{\"@type\":\"ListItem\",\"position\":3,\"item\":{\"@type\":\"WebPage\",\"@id\":\"https:\/\/www.comercialanma.es\/?product=esparrafos-5-frutos-huerto-de-sabor\",\"url\":\"https:\/\/www.comercialanma.es\/?product=esparrafos-5-frutos-huerto-de-sabor\",\"name\":\"Esp\\u00e1rragos 5 Frutos Huerto de Sabor\"}}]}]}<\/script>\n<!-- \/ Yoast SEO plugin. -->","_links":{"self":[{"href":"https:\/\/www.comercialanma.es\/index.php?rest_route=\/wp\/v2\/product\/14475"}],"collection":[{"href":"https:\/\/www.comercialanma.es\/index.php?rest_route=\/wp\/v2\/product"}],"about":[{"href":"https:\/\/www.comercialanma.es\/index.php?rest_route=\/wp\/v2\/types\/product"}],"version-history":[{"count":2,"href":"https:\/\/www.comercialanma.es\/index.php?rest_route=\/wp\/v2\/product\/14475\/revisions"}],"predecessor-version":[{"id":22793,"href":"https:\/\/www.comercialanma.es\/index.php?rest_route=\/wp\/v2\/product\/14475\/revisions\/22793"}],"wp:featuredmedia":[{"embeddable":true,"href":"https:\/\/www.comercialanma.es\/index.php?rest_route=\/wp\/v2\/media\/22792"}],"wp:attachment":[{"href":"https:\/\/www.comercialanma.es\/index.php?rest_route=%2Fwp%2Fv2%2Fmedia&parent=14475"}],"curies":[{"name":"wp","href":"https:\/\/api.w.org\/{rel}","templated":true}]}}